{"id":145723,"date":"2024-12-09T13:08:43","date_gmt":"2024-12-09T12:08:43","guid":{"rendered":"https:\/\/secureus.se\/fargband-evolis-r5f208e100-ymcko-colour-ribbon-300-utskrifter\/"},"modified":"2026-04-27T12:55:11","modified_gmt":"2026-04-27T10:55:11","slug":"fargband-evolis-r5f208e100-ymcko-colour-ribbon-300-utskrifter","status":"publish","type":"product","link":"https:\/\/secureus.se\/pl\/fargband-evolis-r5f208e100-ymcko-colour-ribbon-300-utskrifter\/","title":{"rendered":"Ta\u015bma Evolis YMCKO R5F208E100 \u2013 300 wydruk\u00f3w"},"content":{"rendered":"<h1>Wst\u0105\u017cka<br \/>\n  Evolis YMCKO \u2013 300<\/h1>\n<p>Ta\u015bma Evolis YMCKO \u2013 300 to ta\u015bma barwi\u0105ca do drukowania<br \/>\n  Karty plastikowe o ostrych kolorach, wyra\u017anym tek\u015bcie i dobrym odwzorowaniu szczeg\u00f3\u0142\u00f3w. Typ ta\u015bmy<br \/>\n  YMCKO zapewnia odpowiedni\u0105 kombinacj\u0119 paneli kolorowych i nak\u0142adek ochronnych<br \/>\n  profesjonalny druk kart.<\/p>\n<p>Nadaje si\u0119 do dowod\u00f3w osobistych, kart dost\u0119pu, kart cz\u0142onkowskich i innych<br \/>\n  karty plastikowe, gdzie liczy si\u0119 wysoka jako\u015b\u0107 druku i niezawodno\u015b\u0107<br \/>\n  wa\u017cny.<\/p>\n<ul>\n<li>Pojemno\u015b\u0107: do 300 wydruk\u00f3w<\/li>\n<li>Typ wst\u0105\u017cki: YMCKO<\/li>\n<li>Numer artyku\u0142u: R5F208E100<\/li>\n<\/ul>\n<p><strong>Kompatybilny z drukark\u0105 kart Evolis Primacy 2<br \/>\n  tylko.<\/strong><\/p>\n<p><strong>Waga produktu:<\/strong> 0,20 kg<\/p>","protected":false},"excerpt":{"rendered":"<p>F\u00e4rgband Evolis YMCKO &#8211; 300 F\u00e4rgband Evolis YMCKO &#8211; 300 \u00e4r ett f\u00e4rgband f\u00f6r utskrift av plastkort med skarpa f\u00e4rger, tydlig text och bra detalj\u00e5tergivning. Bandtypen YMCKO ger r\u00e4tt kombination<\/p>","protected":false},"featured_media":145722,"template":"","meta":{"_acf_changed":false},"product_brand":[],"product_cat":[3213,4859],"product_tag":[],"class_list":{"0":"post-145723","1":"product","2":"type-product","3":"status-publish","4":"has-post-thumbnail","6":"product_cat-evolis-fargband-retransfer","7":"product_cat-primacy-2","8":"pa_brands-evolis","9":"tm-has-options","11":"first","12":"instock","13":"sale","14":"taxable","15":"shipping-taxable","16":"purchasable","17":"product-type-simple"},"acf":[],"_links":{"self":[{"href":"https:\/\/secureus.se\/pl\/wp-json\/wp\/v2\/product\/145723","targetHints":{"allow":["GET"]}}],"collection":[{"href":"https:\/\/secureus.se\/pl\/wp-json\/wp\/v2\/product"}],"about":[{"href":"https:\/\/secureus.se\/pl\/wp-json\/wp\/v2\/types\/product"}],"wp:featuredmedia":[{"embeddable":true,"href":"https:\/\/secureus.se\/pl\/wp-json\/wp\/v2\/media\/145722"}],"wp:attachment":[{"href":"https:\/\/secureus.se\/pl\/wp-json\/wp\/v2\/media?parent=145723"}],"wp:term":[{"taxonomy":"product_brand","embeddable":true,"href":"https:\/\/secureus.se\/pl\/wp-json\/wp\/v2\/product_brand?post=145723"},{"taxonomy":"product_cat","embeddable":true,"href":"https:\/\/secureus.se\/pl\/wp-json\/wp\/v2\/product_cat?post=145723"},{"taxonomy":"product_tag","embeddable":true,"href":"https:\/\/secureus.se\/pl\/wp-json\/wp\/v2\/product_tag?post=145723"}],"curies":[{"name":"wp","href":"https:\/\/api.w.org\/{rel}","templated":true}]}}