{"id":145765,"date":"2024-12-10T12:09:33","date_gmt":"2024-12-10T11:09:33","guid":{"rendered":"https:\/\/secureus.se\/?post_type=product&#038;p=145765"},"modified":"2026-03-23T14:51:16","modified_gmt":"2026-03-23T13:51:16","slug":"ajax-larmpaket-start-ethernet","status":"publish","type":"product","link":"https:\/\/secureus.se\/pl\/ajax-larmpaket-start-ethernet\/","title":{"rendered":"Pakiet alarmowy Ajax Uruchom Ethernet"},"content":{"rendered":"<p><strong>Pakiet alarmowy Ajax Start Ethernet \u2013 niezawodne zabezpieczenia dla domu i firmy<\/strong><\/p>\n<p>Zabezpiecz sw\u00f3j dom lub firm\u0119 z pakietem alarmowym Ajax Alarm Package Start Ethernet, bezprzewodowym systemem alarmowym zaprojektowanym, aby zapewni\u0107 Ci spok\u00f3j ducha i elastyczno\u015b\u0107. Zestaw ten, sk\u0142adaj\u0105cy si\u0119 z jednostki centralnej \u0142\u0105cz\u0105cej si\u0119 przez Ethernet i zaawansowanych detektor\u00f3w, kt\u00f3re mo\u017cna rozbudowywa\u0107 wed\u0142ug potrzeb, stanowi idealny punkt wyj\u015bcia do ka\u017cdego rozwi\u0105zania w zakresie bezpiecze\u0144stwa.<\/p>\n<hr \/>\n<h4><strong>Zawarto\u015b\u0107 opakowania:<\/strong><\/h4>\n<ol>\n<li><strong>Jednostka centralna Ajax Hub 2 (Ethernet + 2G)<\/strong>\n<ul>\n<li>Po\u0142\u0105cz si\u0119 przez Ethernet, aby uzyska\u0107 szybk\u0105 i stabiln\u0105 komunikacj\u0119.<\/li>\n<li>Zarz\u0105dzaj maksymalnie 100 urz\u0105dzeniami i 50 u\u017cytkownikami.<\/li>\n<li>Scenariusze automatyzacji, np. W przypadku alarmu w\u0142\u0105cz o\u015bwietlenie.<\/li>\n<\/ul>\n<\/li>\n<li><strong>1 szt. Czujnik ruchu z odporno\u015bci\u0105 na zwierz\u0119ta<\/strong>\n<ul>\n<li>Wykrywa ruch bez reagowania na zwierz\u0119ta o wadze do 20 kg.<\/li>\n<\/ul>\n<\/li>\n<li><strong>1 szt. Czujnik drzwi\/kontakt magnetyczny<\/strong>\n<ul>\n<li>Monitoruje drzwi i okna w celu wykrycia w\u0142ama\u0144.<\/li>\n<\/ul>\n<\/li>\n<li><strong>1 szt. Syrena wewn\u0119trzna<\/strong>\n<ul>\n<li>Odstrasza i pomaga utrzyma\u0107 si\u0119 na w\u0142a\u015bciwej drodze<\/li>\n<\/ul>\n<\/li>\n<li><strong>1 szt. Pilot zdalnego sterowania<\/strong>\n<ul>\n<li>P\u0142ynna kontrola alarmu, bezpo\u015brednio z Twojej r\u0119ki.<\/li>\n<\/ul>\n<\/li>\n<li><strong>3 szt. naklejek alarmowych<\/strong>\n<ul>\n<li>Naklejki samoprzylepne odstraszaj\u0105ce intruz\u00f3w.<\/li>\n<\/ul>\n<\/li>\n<\/ol>\n<hr \/>\n<h4><strong>Kluczowe funkcje:<\/strong><\/h4>\n<ul>\n<li><strong>Elastyczna kontrola:<\/strong> Zarz\u0105dzaj systemem poprzez aplikacj\u0119 Ajax na urz\u0105dzeniu mobilnym lub komputerze.<\/li>\n<li><strong>Rozwi\u0105zanie rozszerzalne:<\/strong> Dodaj wi\u0119cej urz\u0105dze\u0144, takich jak czujniki dymu, syreny, kamery lub alarmy wodne.<\/li>\n<li><strong>Stabilna komunikacja:<\/strong> \u0141\u0105cze Ethernet i kopia zapasowa poprzez sie\u0107 2G zapewniaj\u0105 ci\u0105g\u0142\u0105 prac\u0119.<\/li>\n<li><strong>Automatyzacja:<\/strong> Tw\u00f3rz scenariusze maj\u0105ce na celu optymalizacj\u0119 bezpiecze\u0144stwa i wygody.<\/li>\n<\/ul>\n<p><strong>Detektory i czujniki<\/strong><\/p>\n<ul>\n<li><strong>Czujnik ruchu:<\/strong> Odporny na zwierz\u0119ta do 20 kg<\/li>\n<li><strong>Czujnik drzwi:<\/strong> Monitoruje drzwi i okna<\/li>\n<li><strong>Naklejki alarmowe:<\/strong> Dla zwi\u0119kszenia bezpiecze\u0144stwa i odstraszania<\/li>\n<\/ul>\n<hr \/>\n<h4><strong>Zalety pakietu alarmowego Ajax Start Ethernet:<\/strong><\/h4>\n<ol>\n<li><strong>Przyjazny dla u\u017cytkownika:<\/strong> \u0141atwa instalacja i sterowanie za pomoc\u0105 aplikacji.<\/li>\n<li><strong>Elastyczno\u015b\u0107:<\/strong> W razie potrzeby mo\u017cna rozbudowa\u0107 system o wi\u0119cej jednostek Ajax.<\/li>\n<li><strong>Bezpieczna komunikacja:<\/strong> Priorytetowa komunikacja poprzez Ethernet i kopia zapasowa poprzez 2G.<\/li>\n<li><strong>Przyst\u0119pny:<\/strong> Kompleksowe rozwi\u0105zanie, kt\u00f3re mo\u017ce rozwija\u0107 si\u0119 wraz z Twoimi potrzebami.<\/li>\n<\/ol>\n<hr \/>\n<p><strong>Zabezpiecz sw\u00f3j dom lub firm\u0119 dzi\u0119ki pakietowi alarmowemu Ajax Start Ethernet \u2013 inteligentnemu i elastycznemu rozwi\u0105zaniu zabezpieczaj\u0105cemu!<\/strong><br \/>\nSkontaktuj si\u0119 z nami, aby uzyska\u0107 wi\u0119cej informacji i porad.<\/p>","protected":false},"excerpt":{"rendered":"<p>Pakiet alarmowy Ajax Start Ethernet to doskona\u0142y wyb\u00f3r dla os\u00f3b poszukuj\u0105cych niezawodnego i elastycznego rozwi\u0105zania zapewniaj\u0105cego bezpiecze\u0144stwo. W sk\u0142ad pakietu wchodzi Hub 2 ze z\u0142\u0105czem Ethernet, czujnik ruchu, czujnik drzwi, pilot zdalnego sterowania i naklejki alarmowe \u2013 wszystko, czego potrzebujesz, aby zacz\u0105\u0107. W razie potrzeby mo\u017cesz \u0142atwo rozbudowa\u0107 ofert\u0119 o kolejne jednostki z bogatej oferty Ajax.<\/p>","protected":false},"featured_media":152074,"template":"","meta":{"_acf_changed":false},"product_brand":[],"product_cat":[1319,3166],"product_tag":[],"class_list":{"0":"post-145765","1":"product","2":"type-product","3":"status-publish","4":"has-post-thumbnail","6":"product_cat-ajax-larm","7":"product_cat-larmpaket","8":"pa_brands-ajax-systems","9":"tm-no-options","11":"first","12":"instock","13":"sale","14":"taxable","15":"shipping-taxable","16":"purchasable","17":"product-type-woosb"},"acf":[],"_links":{"self":[{"href":"https:\/\/secureus.se\/pl\/wp-json\/wp\/v2\/product\/145765","targetHints":{"allow":["GET"]}}],"collection":[{"href":"https:\/\/secureus.se\/pl\/wp-json\/wp\/v2\/product"}],"about":[{"href":"https:\/\/secureus.se\/pl\/wp-json\/wp\/v2\/types\/product"}],"wp:featuredmedia":[{"embeddable":true,"href":"https:\/\/secureus.se\/pl\/wp-json\/wp\/v2\/media\/152074"}],"wp:attachment":[{"href":"https:\/\/secureus.se\/pl\/wp-json\/wp\/v2\/media?parent=145765"}],"wp:term":[{"taxonomy":"product_brand","embeddable":true,"href":"https:\/\/secureus.se\/pl\/wp-json\/wp\/v2\/product_brand?post=145765"},{"taxonomy":"product_cat","embeddable":true,"href":"https:\/\/secureus.se\/pl\/wp-json\/wp\/v2\/product_cat?post=145765"},{"taxonomy":"product_tag","embeddable":true,"href":"https:\/\/secureus.se\/pl\/wp-json\/wp\/v2\/product_tag?post=145765"}],"curies":[{"name":"wp","href":"https:\/\/api.w.org\/{rel}","templated":true}]}}