{"id":145766,"date":"2024-12-10T12:10:07","date_gmt":"2024-12-10T11:10:07","guid":{"rendered":"https:\/\/secureus.se\/?post_type=product&#038;p=145766"},"modified":"2026-03-23T14:51:02","modified_gmt":"2026-03-23T13:51:02","slug":"ajax-larmpaket-brand-large-med-4g","status":"publish","type":"product","link":"https:\/\/secureus.se\/pl\/ajax-larmpaket-brand-large-med-4g\/","title":{"rendered":"Pakiet alarmowy Ajax Fire \u201eLarge\u201d z 4G \u2013 pe\u0142ne bezpiecze\u0144stwo z 8 czujnikami dymu i jednostk\u0105 centraln\u0105"},"content":{"rendered":"<p><strong>Pakiet alarmowy Ajax Fire \u201eLarge\u201d z 4G \u2013 Twoje kompletne rozwi\u0105zanie alarmu przeciwpo\u017carowego<\/strong><\/p>\n<p>Zabezpiecz sw\u00f3j dom lub firm\u0119 z pakietem alarmowym Ajax Alarm Package Fire \u201eLarge\u201d, bezprzewodowym systemem alarmowym skoncentrowanym na bezpiecze\u0144stwie przeciwpo\u017carowym. Zestaw jest \u0142atwy w instalacji i dostosowaniu do Twoich potrzeb. Zawiera wszystko, czego potrzebujesz, aby stworzy\u0107 bezpieczny alarm przeciwpo\u017carowy.<\/p>\n<hr \/>\n<h4><strong>Zawarto\u015b\u0107 opakowania w skr\u00f3cie:<\/strong><\/h4>\n<ol>\n<li><strong>Jednostka centralna Ajax Hub 2 Plus (WiFi, IP + 4G)<\/strong>\n<ul>\n<li>Kontroluj do 200 urz\u0105dze\u0144 i 200 u\u017cytkownik\u00f3w.<\/li>\n<li>Stabilna komunikacja poprzez protoko\u0142y Jeweller i Wings.<\/li>\n<li>Du\u017cy zasi\u0119g do 2000 metr\u00f3w i 16 godzin pracy na baterii.<\/li>\n<\/ul>\n<\/li>\n<li><strong>8 szt. czujnik\u00f3w dymu Ajax FireProtect 2 RB (dym + temperatura)<\/strong>\n<ul>\n<li>Reaguje na dym, gwa\u0142towny wzrost temperatury i przegrzanie.<\/li>\n<li>Po\u0142\u0105czona funkcja: wszystkie czujniki dymu uruchamiaj\u0105 si\u0119 w przypadku alarmu.<\/li>\n<li>Do 7 lat \u017cywotno\u015bci baterii i \u0142atwe sterowanie poprzez aplikacj\u0119 Ajax.<\/li>\n<\/ul>\n<\/li>\n<\/ol>\n<hr \/>\n<h4><strong>Kluczowe funkcje:<\/strong><\/h4>\n<ul>\n<li><strong>Najnowocze\u015bniejsze zabezpieczenia przeciwpo\u017carowe<\/strong>:FireProtect 2 RB \u0142\u0105czy zaawansowan\u0105 technologi\u0119 komory dymowej z czujnikami o podw\u00f3jnym spektrum, co umo\u017cliwia szybkie i dok\u0142adne wykrywanie po\u017caru.<\/li>\n<li><strong>Elastyczna kontrola<\/strong>: Zarz\u0105dzaj alarmem za pomoc\u0105 aplikacji Ajax, tw\u00f3rz scenariusze automatyzacji lub rozszerzaj system o wi\u0119cej urz\u0105dze\u0144.<\/li>\n<li><strong>Niezawodna komunikacja<\/strong>:Hub 2 Plus obs\u0142uguje sieci LAN, WiFi i 4G i mo\u017cna go pod\u0142\u0105czy\u0107 do wzmacniaczy sygna\u0142u w celu zwi\u0119kszenia zasi\u0119gu.<\/li>\n<li><strong>Pe\u0142ne bezpiecze\u0144stwo<\/strong>:Dzi\u0119ki po\u0142\u0105czeniu wszystkich czujnik\u00f3w dymu zostaj\u0105 one aktywowane jednocze\u015bnie, zapewniaj\u0105c ostrze\u017cenie ca\u0142ego obiektu w przypadku po\u017caru.<\/li>\n<\/ul>\n<hr \/>\n<h4><strong>Dane techniczne:<\/strong><\/h4>\n<p><strong>Ajax Hub 2 Plus<\/strong><\/p>\n<ul>\n<li><strong>Komunikacja<\/strong>: LAN, Wi-Fi, 4G<\/li>\n<li><strong>Jednostki<\/strong>: Do 200<\/li>\n<li><strong>Transmisja strumieniowa z kamery<\/strong>:Do 100 kamer<\/li>\n<li><strong>Bateria zapasowa<\/strong>:Li-Ion 3 Ah, do 16 godzin<\/li>\n<li><strong>Zasi\u0119g bezprzewodowy<\/strong>: Do 2000 metr\u00f3w<\/li>\n<li><strong>Ocena IP<\/strong>: IP50<\/li>\n<\/ul>\n<p><strong>Ajax FireProtect 2RB<\/strong><\/p>\n<ul>\n<li><strong>Typ baterii<\/strong>: 2 x CR123A (\u017cywotno\u015b\u0107 do 7 lat)<\/li>\n<li><strong>Zakres<\/strong>: Do 1700 metr\u00f3w w otwartym terenie<\/li>\n<li><strong>G\u0142o\u015bno\u015b\u0107<\/strong>: 85 dB (w odleg\u0142o\u015bci 3 metr\u00f3w)<\/li>\n<li><strong>Pr\u00f3g alarmowy<\/strong>: +64\u00b0C lub szybki wzrost temperatury<\/li>\n<li><strong>Klasa IP<\/strong>: IP20<\/li>\n<\/ul>\n<hr \/>\n<h4><strong>Zalety pakietu alarmowego Ajax Alarm Package Fire \u201eLarge\u201d:<\/strong><\/h4>\n<ol>\n<li><strong>Kompleksowa ochrona<\/strong>:Idealny do domu i firmy.<\/li>\n<li><strong>Elastyczno\u015b\u0107<\/strong>:Rozszerz system o wi\u0119cej czujnik\u00f3w dymu, a dlaczego nie o czujniki ruchu, syreny i alarmy wodne?<\/li>\n<li><strong>Przyjazny dla u\u017cytkownika<\/strong>: P\u0142ynna kontrola poprzez aplikacj\u0119 mobiln\u0105\/komputer.<\/li>\n<li><strong>Przyst\u0119pny<\/strong>:Kompletny pakiet z wysokiej jako\u015bci komponentami.<\/li>\n<\/ol>\n<hr \/>\n<h4><strong>Opcje:<\/strong><\/h4>\n<ul>\n<li><strong>Ajax HomeSiren i StreetSiren<\/strong>: Aby zwi\u0119kszy\u0107 g\u0142o\u015bno\u015b\u0107 alarmu.<\/li>\n<li><strong>Ochrona przed wyciekami Ajaxu<\/strong>:Radzenie sobie z przeciekami wody.<\/li>\n<li><strong>Karta SIM do po\u0142\u0105czenia zapasowego<\/strong>.<\/li>\n<\/ul>\n<hr \/>\n<p>Wybierz pakiet alarmowy Ajax Alarm Package Fire \u201eLarge\u201d i zapewnij sobie bezpieczn\u0105 przysz\u0142o\u015b\u0107. Skontaktuj si\u0119 z nami, aby uzyska\u0107 porad\u0119 i wsparcie!<\/p>","protected":false},"excerpt":{"rendered":"<p>Pakiet alarmowy Ajax Alarm Package Fire \u201eLarge\u201d z 4G\/WiFI i IP to kompletne rozwi\u0105zanie zabezpieczaj\u0105ce, kt\u00f3re obejmuje Hub 2 Plus i 8 czujnik\u00f3w dymu FireProtect 2 Heat\/Smoke RB. Dzi\u0119ki najnowocze\u015bniejszej technologii i mo\u017cliwo\u015bci rozbudowy systemu, pakiet ten zapewnia kompleksow\u0105 ochron\u0119 przed po\u017carem i innymi zagro\u017ceniami. \u0141atwe sterowanie i dostosowywanie za pomoc\u0105 aplikacji Ajax.<\/p>","protected":false},"featured_media":152091,"template":"","meta":{"_acf_changed":false},"product_brand":[],"product_cat":[1319,3166],"product_tag":[],"class_list":{"0":"post-145766","1":"product","2":"type-product","3":"status-publish","4":"has-post-thumbnail","6":"product_cat-ajax-larm","7":"product_cat-larmpaket","8":"pa_brands-ajax-systems","9":"tm-no-options","11":"first","12":"instock","13":"sale","14":"taxable","15":"shipping-taxable","16":"purchasable","17":"product-type-woosb"},"acf":[],"_links":{"self":[{"href":"https:\/\/secureus.se\/pl\/wp-json\/wp\/v2\/product\/145766","targetHints":{"allow":["GET"]}}],"collection":[{"href":"https:\/\/secureus.se\/pl\/wp-json\/wp\/v2\/product"}],"about":[{"href":"https:\/\/secureus.se\/pl\/wp-json\/wp\/v2\/types\/product"}],"wp:featuredmedia":[{"embeddable":true,"href":"https:\/\/secureus.se\/pl\/wp-json\/wp\/v2\/media\/152091"}],"wp:attachment":[{"href":"https:\/\/secureus.se\/pl\/wp-json\/wp\/v2\/media?parent=145766"}],"wp:term":[{"taxonomy":"product_brand","embeddable":true,"href":"https:\/\/secureus.se\/pl\/wp-json\/wp\/v2\/product_brand?post=145766"},{"taxonomy":"product_cat","embeddable":true,"href":"https:\/\/secureus.se\/pl\/wp-json\/wp\/v2\/product_cat?post=145766"},{"taxonomy":"product_tag","embeddable":true,"href":"https:\/\/secureus.se\/pl\/wp-json\/wp\/v2\/product_tag?post=145766"}],"curies":[{"name":"wp","href":"https:\/\/api.w.org\/{rel}","templated":true}]}}