{"id":145767,"date":"2024-12-10T12:10:38","date_gmt":"2024-12-10T11:10:38","guid":{"rendered":"https:\/\/secureus.se\/?post_type=product&#038;p=145767"},"modified":"2026-03-23T14:51:27","modified_gmt":"2026-03-23T13:51:27","slug":"ajax-larmpaket-brand-small-med-4g","status":"publish","type":"product","link":"https:\/\/secureus.se\/pl\/ajax-larmpaket-brand-small-med-4g\/","title":{"rendered":"Pakiet alarmowy Ajax Marka \u201eMa\u0142y\u201d z 4G"},"content":{"rendered":"<p><strong>Pakiet alarmowy Ajax marki \u201eSmall\u201d z 4G \u2013 Kompaktowe bezpiecze\u0144stwo z du\u017cymi mo\u017cliwo\u015bciami<\/strong><\/p>\n<p>Zabezpiecz swoj\u0105 nieruchomo\u015b\u0107 z pakietem alarmowym Ajax Alarm Package Brand \u201eSmall\u201d, bezprzewodowym systemem alarmowym, kt\u00f3ry jest \u0142atwy w instalacji i w pe\u0142ni konfigurowalny. Zestaw ten, zawieraj\u0105cy trzy zaawansowane czujniki dymu FireProtect 2 RB i jednostk\u0119 centraln\u0105 Hub 2 Plus, zapewnia niezawodne bezpiecze\u0144stwo zar\u00f3wno w domach, jak i ma\u0142ych firmach.<\/p>\n<hr \/>\n<h4><strong>Zawarto\u015b\u0107 opakowania:<\/strong><\/h4>\n<ol>\n<li><strong>Jednostka centralna Ajax Hub 2 Plus (WiFi + 4G)<\/strong>\n<ul>\n<li>Kontroluj do 200 urz\u0105dze\u0144 i 200 u\u017cytkownik\u00f3w.<\/li>\n<li>Stabilna i bezpieczna komunikacja poprzez protoko\u0142y Jeweller i Wings.<\/li>\n<li>Du\u017cy zasi\u0119g do 2000 metr\u00f3w i 16 godzin pracy na baterii.<\/li>\n<\/ul>\n<\/li>\n<li><strong>3 szt. Ajax FireProtect 2 RB Czujnik dymu (dym + temperatura)<\/strong>\n<ul>\n<li>Reaguje na dym, gwa\u0142towny wzrost temperatury i przegrzanie.<\/li>\n<li>Po\u0142\u0105czona funkcja: wszystkie czujniki dymu uruchamiaj\u0105 si\u0119 w przypadku alarmu.<\/li>\n<li>Do 7 lat \u017cywotno\u015bci baterii i \u0142atwe sterowanie poprzez aplikacj\u0119 Ajax.<\/li>\n<\/ul>\n<\/li>\n<\/ol>\n<hr \/>\n<h4><strong>Kluczowe funkcje:<\/strong><\/h4>\n<ul>\n<li><strong>Skuteczne bezpiecze\u0144stwo przeciwpo\u017carowe<\/strong>:FireProtect 2 RB wykorzystuje zaawansowan\u0105 technologi\u0119 w celu szybkiej i dok\u0142adnej identyfikacji zagro\u017ce\u0144 po\u017carowych.<\/li>\n<li><strong>Elastyczna kontrola<\/strong>:Zarz\u0105dzaj alarmem za pomoc\u0105 aplikacji Ajax i dostosuj system za pomoc\u0105 scenariuszy automatyzacji.<\/li>\n<li><strong>Niezawodna komunikacja<\/strong>:Hub 2 Plus obs\u0142uguje sieci LAN, WiFi i 4G i mo\u017cna go pod\u0142\u0105czy\u0107 do wzmacniaczy sygna\u0142u w celu zwi\u0119kszenia zasi\u0119gu.<\/li>\n<li><strong>System rozszerzalny<\/strong>: W razie potrzeby mo\u017cna doda\u0107 wi\u0119cej urz\u0105dze\u0144, takich jak czujniki ruchu, syreny lub alarmy wodne.<\/li>\n<\/ul>\n<hr \/>\n<h4><strong>Dane techniczne:<\/strong><\/h4>\n<p><strong>Ajax Hub 2 Plus<\/strong><\/p>\n<ul>\n<li><strong>Komunikacja<\/strong>: LAN, Wi-Fi, 4G<\/li>\n<li><strong>Jednostki<\/strong>: Do 200<\/li>\n<li><strong>Transmisja strumieniowa z kamery<\/strong>:Do 100 kamer<\/li>\n<li><strong>Bateria zapasowa<\/strong>:Li-Ion 3 Ah, do 16 godzin<\/li>\n<li><strong>Zasi\u0119g bezprzewodowy<\/strong>: Do 2000 metr\u00f3w<\/li>\n<li><strong>Ocena IP<\/strong>: IP50<\/li>\n<\/ul>\n<p><strong>Ajax FireProtect 2RB<\/strong><\/p>\n<ul>\n<li><strong>Typ baterii<\/strong>: 2 x CR123A (\u017cywotno\u015b\u0107 do 7 lat)<\/li>\n<li><strong>Zakres<\/strong>: Do 1700 metr\u00f3w w otwartym terenie<\/li>\n<li><strong>G\u0142o\u015bno\u015b\u0107<\/strong>: 85 dB (w odleg\u0142o\u015bci 3 metr\u00f3w)<\/li>\n<li><strong>Pr\u00f3g alarmowy<\/strong>: +64\u00b0C lub szybki wzrost temperatury<\/li>\n<li><strong>Klasa IP<\/strong>: IP20<\/li>\n<\/ul>\n<hr \/>\n<h4><strong>Zalety pakietu alarmowego Ajax Alarm Package Fire \u201eSmall\u201d:<\/strong><\/h4>\n<ol>\n<li><strong>Kompleksowa ochrona<\/strong>:Idealny do mniejszych nieruchomo\u015bci, dom\u00f3w i biur.<\/li>\n<li><strong>\u0141atwo\u015b\u0107 u\u017cycia<\/strong>: P\u0142ynna kontrola za pomoc\u0105 aplikacji mobilnej lub komputera.<\/li>\n<li><strong>Elastyczno\u015b\u0107<\/strong>:System rozszerzalny o wi\u0119ksz\u0105 liczb\u0119 jednostek i funkcji.<\/li>\n<li><strong>Przyst\u0119pny<\/strong>:Ekonomiczny pakiet z wysokiej jako\u015bci komponentami.<\/li>\n<\/ol>\n<hr \/>\n<h4><strong>Wybrane opcje, ale wszystkie produkty Ajax wsp\u00f3\u0142pracuj\u0105 z Hub 2 Plus:<\/strong><\/h4>\n<ul>\n<li><strong>Ochrona przed wyciekami Ajaxu<\/strong>:Wykrywanie i usuwanie wyciek\u00f3w wody.<\/li>\n<li><strong>Karta SIM do po\u0142\u0105czenia zapasowego<\/strong>.<\/li>\n<\/ul>\n<hr \/>\n<p><strong>Chro\u0144 to, co najwa\u017cniejsze, dzi\u0119ki pakietowi alarmu przeciwpo\u017carowego Ajax \u201eSmall\u201d.<\/strong><br \/>\nSkontaktuj si\u0119 z nami, aby uzyska\u0107 porad\u0119 i wsparcie!<\/p>","protected":false},"excerpt":{"rendered":"<p>Pakiet alarmowy Ajax \u201eSmall\u201d z 4G to kompaktowe i wydajne rozwi\u0105zanie zabezpieczaj\u0105ce. W sk\u0142ad pakietu wchodzi Hub 2 Plus i trzy czujniki dymu FireProtect 2 RB, kt\u00f3re zapewni\u0105 niezawodn\u0105 ochron\u0119 przed po\u017carem. Mo\u017cesz \u0142atwo kontrolowa\u0107 i dostosowywa\u0107 system za pomoc\u0105 aplikacji Ajax, a tak\u017ce rozbudowywa\u0107 go w razie potrzeby.<\/p>","protected":false},"featured_media":152075,"template":"","meta":{"_acf_changed":false},"product_brand":[],"product_cat":[1319,3166],"product_tag":[],"class_list":{"0":"post-145767","1":"product","2":"type-product","3":"status-publish","4":"has-post-thumbnail","6":"product_cat-ajax-larm","7":"product_cat-larmpaket","8":"pa_brands-ajax-systems","9":"tm-no-options","11":"first","12":"instock","13":"sale","14":"taxable","15":"shipping-taxable","16":"purchasable","17":"product-type-woosb"},"acf":[],"_links":{"self":[{"href":"https:\/\/secureus.se\/pl\/wp-json\/wp\/v2\/product\/145767","targetHints":{"allow":["GET"]}}],"collection":[{"href":"https:\/\/secureus.se\/pl\/wp-json\/wp\/v2\/product"}],"about":[{"href":"https:\/\/secureus.se\/pl\/wp-json\/wp\/v2\/types\/product"}],"wp:featuredmedia":[{"embeddable":true,"href":"https:\/\/secureus.se\/pl\/wp-json\/wp\/v2\/media\/152075"}],"wp:attachment":[{"href":"https:\/\/secureus.se\/pl\/wp-json\/wp\/v2\/media?parent=145767"}],"wp:term":[{"taxonomy":"product_brand","embeddable":true,"href":"https:\/\/secureus.se\/pl\/wp-json\/wp\/v2\/product_brand?post=145767"},{"taxonomy":"product_cat","embeddable":true,"href":"https:\/\/secureus.se\/pl\/wp-json\/wp\/v2\/product_cat?post=145767"},{"taxonomy":"product_tag","embeddable":true,"href":"https:\/\/secureus.se\/pl\/wp-json\/wp\/v2\/product_tag?post=145767"}],"curies":[{"name":"wp","href":"https:\/\/api.w.org\/{rel}","templated":true}]}}