{"id":145768,"date":"2024-12-10T12:11:07","date_gmt":"2024-12-10T11:11:07","guid":{"rendered":"https:\/\/secureus.se\/?post_type=product&#038;p=145768"},"modified":"2026-04-19T15:16:51","modified_gmt":"2026-04-19T13:16:51","slug":"ajax-larmpaket-4g","status":"publish","type":"product","link":"https:\/\/secureus.se\/pl\/ajax-larmpaket-4g\/","title":{"rendered":"Pakiet alarmowy Ajax z 4G WiFi i Ethernet"},"content":{"rendered":"<h3><strong>Pakiet alarmowy Ajax z 4G, WiFi i Ethernetem - nowy standard bezpiecze\u0144stwa!<\/strong><\/h3>\n<p>Chro\u0144 swoj\u0105 w\u0142asno\u015b\u0107 za pomoc\u0105 pakietu alarmowego Ajax, prze\u0142omowego i \u0142atwego w instalacji rozwi\u0105zania bezpiecze\u0144stwa. Pakiet ten \u0142\u0105czy zaawansowane technologicznie funkcje z elastyczno\u015bci\u0105, aby zapewni\u0107 najlepsze mo\u017cliwe bezpiecze\u0144stwo. Idealny zar\u00f3wno dla dom\u00f3w, jak i firm, kt\u00f3re potrzebuj\u0105 systemu alarmowego, kt\u00f3ry mo\u017cna \u0142atwo rozbudowywa\u0107 i dostosowywa\u0107 w razie potrzeby.<\/p>\n<h3><strong>Co zawiera pakiet?<\/strong><\/h3>\n<p>Do wszystkich produkt\u00f3w Ajax do\u0142\u0105czone s\u0105 baterie i uchwyty monta\u017cowe.<\/p>\n<ul>\n<li><strong>1x Jednostka centralna Ajax Hub2 Plus z sieci\u0105 LAN, WiFi i 4G (38245.40.WH1)<\/strong><br \/>\nJednostka centralna obs\u0142uguje do 200 urz\u0105dze\u0144, 200 u\u017cytkownik\u00f3w oraz zapewnia stabiln\u0105 i szybk\u0105 komunikacj\u0119 za pomoc\u0105 WiFi, Ethernet i 4G.<\/li>\n<li><strong>1x Czujnik ruchu z odporno\u015bci\u0105 na zwierz\u0119ta (38193.09.WH1)<\/strong><br \/>\nZaawansowany czujnik ruchu ignoruj\u0105cy zwierz\u0119ta o wadze do 20 kg i zabezpieczaj\u0105cy pomieszczenia przed intruzami.<\/li>\n<li><strong>1x Detektor kamery MotionCam PhOD (36489.120.WH1)<\/strong><br \/>\nZapewnia szybk\u0105 weryfikacj\u0119 zdj\u0119\u0107 w przypadku alarmu i mo\u017ce wysy\u0142a\u0107 obrazy na \u017c\u0105danie, idealne do weryfikacji wizualnej.<\/li>\n<li><strong>1x czujnik drzwi\/styk magnetyczny (38101.13.WH1)<\/strong><br \/>\nDo monitorowania drzwi i okien.<\/li>\n<li><strong>1 syrena wewn\u0119trzna \u2013 HomeSiren<br \/>\n<\/strong>Odstrasza i pomaga utrzyma\u0107 si\u0119 na w\u0142a\u015bciwej drodze<\/li>\n<li><strong>1x Pilot zdalnego sterowania SpaceControl (38166.04.WH1)<\/strong><br \/>\nP\u0142ynna kontrola alarmu bezpo\u015brednio w d\u0142oni.<\/li>\n<li><strong>3x Naklejki alarmowe w aluminium<\/strong><br \/>\n(3x A8). Skuteczne naklejki odstraszaj\u0105ce zapewniaj\u0105ce dodatkowe bezpiecze\u0144stwo.<\/li>\n<\/ul>\n<h3><strong>Dlaczego warto wybra\u0107 pakiet alarmowy Ajax?<\/strong><\/h3>\n<ol>\n<li><strong>Niezawodne bezpiecze\u0144stwo<\/strong><br \/>\nDzi\u0119ki obs\u0142udze Ethernet, WiFi i 4G zawsze mo\u017cesz mie\u0107 pewno\u015b\u0107, \u017ce Tw\u00f3j system alarmowy dzia\u0142a, nawet w przypadku zak\u0142\u00f3ce\u0144 w stacjonarnych po\u0142\u0105czeniach internetowych.<\/li>\n<li><strong>Elastyczny i dopasowuj\u0105cy si\u0119<\/strong><br \/>\nDodaj syreny, alarmy przeciwpo\u017carowe, alarmy wodne i inteligentne urz\u0105dzenia, aby stworzy\u0107 kompletne rozwi\u0105zanie, kt\u00f3re ro\u015bnie wraz z Twoimi potrzebami. Wi\u0119cej produkt\u00f3w znajdziesz w ca\u0142ej kategorii Ajax.<\/li>\n<li><strong>Przyjazny dla u\u017cytkownika<\/strong><br \/>\nProsta instalacja i zarz\u0105dzanie za pomoc\u0105 aplikacji Ajax na telefonie kom\u00f3rkowym lub komputerze.<\/li>\n<li><strong>Najnowocze\u015bniejsza technologia<\/strong><br \/>\nDzi\u0119ki czujnikom ruchu, kamerom i kontaktom magnetycznym Ajax oferuje rozwi\u0105zanie bezpiecze\u0144stwa, kt\u00f3re jest nie tylko skuteczne, ale tak\u017ce estetyczne.<\/li>\n<\/ol>\n<h3><strong>Zalety pakietu alarmowego Ajax<\/strong><\/h3>\n<ul>\n<li><strong>Mo\u017cliwo\u015b\u0107 rozbudowy:<\/strong> Dzi\u0119ki modu\u0142owemu ekosystemowi Ajax mo\u017cesz \u0142atwo dodawa\u0107 nowe urz\u0105dzenia, gdy zajdzie taka potrzeba.<\/li>\n<li><strong>Komunikacja priorytetowa:<\/strong> Pierwszorz\u0119dny transfer danych przez 4G, Ethernet i Wi-Fi bezpo\u015brednio do Twojego telefonu kom\u00f3rkowego.<\/li>\n<li><strong>Konstrukcja odstraszaj\u0105ca:<\/strong> Zawiera aluminiowe naklejki alarmowe, kt\u00f3re skutecznie ostrzegaj\u0105 potencjalnych intruz\u00f3w.<\/li>\n<li><strong>Szybkie wsparcie:<\/strong> Pomo\u017cemy Ci dostosowa\u0107 system alarmowy do Twoich \u017cycze\u0144.<\/li>\n<\/ul>\n<hr \/>\n<p><strong>Pakiet alarmowy Ajax z 4G - bezpieczny wyb\u00f3r na przysz\u0142o\u015b\u0107.<\/strong><br \/>\nZam\u00f3w ju\u017c dzi\u015b i przejmij kontrol\u0119 nad swoim bezpiecze\u0144stwem dzi\u0119ki najbardziej innowacyjnemu systemowi alarmowemu na rynku<\/p>\n<h3><strong>Pytania, przemy\u015blenia? Nie wahaj si\u0119 skontaktowa\u0107 z nami bezpo\u015brednio w celu uzyskania porady!<\/strong><\/h3>","protected":false},"excerpt":{"rendered":"<p><strong>Kupuj\u0105c ten pakiet zaoszcz\u0119d\u017a 5%!<\/strong><br \/>\nPakiet alarmowy Ajax z 4G, LAN i WiFi oferuje idealne rozwi\u0105zanie bezpiecze\u0144stwa dla domu i firmy. Pakiet zawiera Hub2 Plus, czujnik ruchu, czujnik kamery, kontakt magnetyczny, pilota i naklejki alarmowe. W pe\u0142ni kompatybilny z ekosystemem Ajax, zapewniaj\u0105cy bezpiecze\u0144stwo i elastyczno\u015b\u0107.<\/p>","protected":false},"featured_media":152076,"template":"","meta":{"_acf_changed":false},"product_brand":[],"product_cat":[1319,3166],"product_tag":[],"class_list":{"0":"post-145768","1":"product","2":"type-product","3":"status-publish","4":"has-post-thumbnail","6":"product_cat-ajax-larm","7":"product_cat-larmpaket","8":"pa_brands-ajax-systems","9":"tm-no-options","11":"first","12":"instock","13":"sale","14":"taxable","15":"shipping-taxable","16":"purchasable","17":"product-type-woosb"},"acf":[],"_links":{"self":[{"href":"https:\/\/secureus.se\/pl\/wp-json\/wp\/v2\/product\/145768","targetHints":{"allow":["GET"]}}],"collection":[{"href":"https:\/\/secureus.se\/pl\/wp-json\/wp\/v2\/product"}],"about":[{"href":"https:\/\/secureus.se\/pl\/wp-json\/wp\/v2\/types\/product"}],"wp:featuredmedia":[{"embeddable":true,"href":"https:\/\/secureus.se\/pl\/wp-json\/wp\/v2\/media\/152076"}],"wp:attachment":[{"href":"https:\/\/secureus.se\/pl\/wp-json\/wp\/v2\/media?parent=145768"}],"wp:term":[{"taxonomy":"product_brand","embeddable":true,"href":"https:\/\/secureus.se\/pl\/wp-json\/wp\/v2\/product_brand?post=145768"},{"taxonomy":"product_cat","embeddable":true,"href":"https:\/\/secureus.se\/pl\/wp-json\/wp\/v2\/product_cat?post=145768"},{"taxonomy":"product_tag","embeddable":true,"href":"https:\/\/secureus.se\/pl\/wp-json\/wp\/v2\/product_tag?post=145768"}],"curies":[{"name":"wp","href":"https:\/\/api.w.org\/{rel}","templated":true}]}}