{"id":145777,"date":"2024-12-10T13:21:57","date_gmt":"2024-12-10T12:21:57","guid":{"rendered":"https:\/\/secureus.se\/?post_type=product&#038;p=145777"},"modified":"2025-11-09T16:13:31","modified_gmt":"2025-11-09T15:13:31","slug":"dsc-larmpaket-hs2016-engelsk-text-5-sprak","status":"publish","type":"product","link":"https:\/\/secureus.se\/pl\/dsc-larmpaket-hs2016-engelsk-text-5-sprak\/","title":{"rendered":"Pakiet alarmowy DSC HS2016 \u2013 tekst w j\u0119zyku angielskim + 5 j\u0119zyk\u00f3w"},"content":{"rendered":"<h1>Pakiet alarmowy DSC HS2016<\/h1>\n<h1>Zbuduj sw\u00f3j w\u0142asny pakiet alarmowy DSC HS2016<\/h1>\n<p><strong><span style=\"text-decoration: underline;\"><span class=\"ui-provider vi b c d e f g h i j k l m n o p q r s t u v w x y z ab ac ae af ag ah ai aj ak\" dir=\"ltr\">Pakiet alarmowy DSC Produkt posiada klawiatur\u0119 w nast\u0119puj\u0105cych j\u0119zykach: <\/span><\/span><\/strong><strong><span style=\"text-decoration: underline;\"><span class=\"ui-provider vi b c d e f g h i j k l m n o p q r s t u v w x y z ab ac ae af ag ah ai aj ak\" dir=\"ltr\">Angielski, francuski, w\u0142oski, niemiecki, holenderski i polski.<\/span><\/span><\/strong>Pakiet alarmowy DSC z PowerSeries Neo HS2016 umo\u017cliwiaj\u0105cy rozbudow\u0119 do 16 sekcji. System doskonale sprawdza si\u0119 zar\u00f3wno w firmach, jak i w ekskluzywnych domach, gdzie wysoki priorytet ma funkcjonalno\u015b\u0107, bezpiecze\u0144stwo i jako\u015b\u0107. Certyfikat SBSC klasy alarmowej 2. W zestawie przewodowa klawiatura HS2LCDRF z wbudowanym 2-kierunkowym nadajnikiem-odbiornikiem radiowym PowerG i inne akcesoria, przewodowe i\/lub bezprzewodowe, w zale\u017cno\u015bci od indywidualnej instalacji. Nie ma \u017cadnych ogranicze\u0144 dla sieci bezprzewodowej, tzn. do systemu mo\u017cna pod\u0142\u0105czy\u0107 bezpo\u015brednio 16 czujek bezprzewodowych bez konieczno\u015bci stosowania dodatkowych akcesori\u00f3w jednak pakiet alarmowy DSC w wersji podstawowej posiada 7 sekcji przewodowych (6 na p\u0142ycie g\u0142\u00f3wnej, 1 w manipulatorze), kt\u00f3re mo\u017cna \u0142\u0105czy\u0107 z urz\u0105dzeniami bezprzewodowymi o ile \u0142\u0105czna liczba nie przekracza 16. Piloty, klawiatury i sygnalizatory nie zajmuj\u0105 miejsca w systemie i nie s\u0105 wliczane do granicy sekcji. Aby m\u00f3c korzysta\u0107 z kilku sekcji przewodowych, wymagana jest karta sekcji HSM2108 (E6309320).<strong>Zawarto\u015b\u0107 pakietu alarmowego DSC:<\/strong><\/p>\n<ul>\n<li>P\u0142yta g\u0142\u00f3wna PowerSeries Neo HS2016<\/li>\n<li>Przewodowa klawiatura HS2LCDRF z wy\u015bwietlaczem tekstowym i wbudowanym 2-kierunkowym radiotelefonem PowerG<\/li>\n<li>Wbudowany nadajnik-odbiornik radiowy<\/li>\n<li>Obudowa blaszana DSC Small<\/li>\n<li>Wbudowany transformator<\/li>\n<li>Akumulator zapasowy 7Ah<\/li>\n<\/ul>\n<p>&nbsp;<\/p>\n<ul>\n<li>Powerseries Neo to profesjonalny i zatwierdzony alarm antyw\u0142amaniowy do instalacji przewodowej i bezprzewodowej. Produkt zosta\u0142 przetestowany przez SP zgodnie z SSF1014 (wydanie 5) i posiada certyfikaty SBSC zar\u00f3wno w klasie alarmowej R, jak i klasie alarmowej 2. Przetworniki alarmowe s\u0105 dost\u0119pne zar\u00f3wno dla klasy alarmowej 2, jak i klasy alarmowej 3-4.<\/li>\n<li><strong>Dlaczego PowerSeries jest wyj\u0105tkowy<\/strong>Mo\u017cliwo\u015b\u0107 bezprzewodowego i sprz\u0119towego monitorowania do 128 stref sprawia, \u017ce PowerSeries jest wyj\u0105tkowy w przypadku du\u017cych instalacji. Ponadto 8 partycji umo\u017cliwia dostosowanie rozwi\u0105za\u0144 bezpiecze\u0144stwa dla r\u00f3\u017cnych cz\u0119\u015bci firmy lub domu.<strong>PowerSeries Neo: Bezpiecze\u0144stwo na nowym poziomie<\/strong><strong>Wprowadzenie do pakiet\u00f3w alarmowych DSC i produkt\u00f3w DSC<\/strong><\/li>\n<li>PowerSeries Neo firmy DSC na nowo definiuje bezpiecze\u0144stwo przed w\u0142amaniami, \u0142\u0105cz\u0105c modu\u0142owo\u015b\u0107 i \u0142\u0105czno\u015b\u0107 przewodow\u0105 z prostot\u0105 szerokiej gamy urz\u0105dze\u0144 i akcesori\u00f3w bezprzewodowych. Rezultatem jest najbardziej wszechstronny system hybrydowy dost\u0119pny obecnie na rynku.<strong><span style=\"text-decoration: underline;\">Dlaczego PowerSeries to prze\u0142omowe rozwi\u0105zanie<\/span><\/strong>Ta ca\u0142kowicie nowa i wyj\u0105tkowo elastyczna platforma wykorzystuje doskona\u0142e mo\u017cliwo\u015bci PowerG \u2013 wiod\u0105cej w bran\u017cy bezprzewodowej technologii w\u0142ama\u0144. Innowacyjne rozwi\u0105zania w zakresie weryfikacji alarm\u00f3w wraz z kompleksowym pakietem oprogramowania do us\u0142ug zdalnych sprawiaj\u0105, \u017ce PowerSeries jest optymalnym rozwi\u0105zaniem klasy premium do zastosowa\u0144 mieszkaniowych i komercyjnych.<span style=\"text-decoration: underline;\"><strong>Elastyczno\u015b\u0107 w bezpiecze\u0144stwie<\/strong><\/span>PowerSeries Neo \u0142\u0105czy w sobie to, co najlepsze z obu \u015bwiat\u00f3w \u2013 stabilno\u015b\u0107 system\u00f3w przewodowych i elastyczno\u015b\u0107 urz\u0105dze\u0144 bezprzewodowych. Umo\u017cliwia to dostosowanie do unikalnych potrzeb i sprawia, \u017ce jest to najbardziej konfigurowalny system na rynku.<span style=\"text-decoration: underline;\"><strong>Innowacyjna technologia zapewniaj\u0105ca najwy\u017csze bezpiecze\u0144stwo<\/strong><\/span>Dzi\u0119ki zastosowaniu technologii PowerG seria PowerSeries przenosi bezpiecze\u0144stwo na nowy poziom. Zapewnia nie tylko niezawodn\u0105 ochron\u0119 przed w\u0142amaniami, ale tak\u017ce umo\u017cliwia p\u0142ynn\u0105 integracj\u0119 z r\u00f3\u017cnymi urz\u0105dzeniami bezprzewodowymi.<br \/>\n<h3><strong>Weryfikacja alarm\u00f3w i us\u0142ugi zdalne<\/strong><\/h3>\n<p>Seria PowerSeries jest wyposa\u017cona w innowacyjne rozwi\u0105zania do weryfikacji alarm\u00f3w, kt\u00f3re zapewniaj\u0105 prawid\u0142ow\u0105 reakcj\u0119 na ka\u017cdy alarm. Wszechstronne oprogramowanie do zdalnego serwisu umo\u017cliwia monitorowanie i kontrol\u0119 z dowolnego miejsca.<\/p>\n<h3><strong>Cz\u0119sto zadawane pytania dotycz\u0105ce PowerSeries<\/strong><\/h3>\n<p><strong>P: Dlaczego PowerSeries nazywa si\u0119 rozwi\u0105zaniem hybrydowym?<\/strong>Odp.: Seria PowerSeries jest hybryd\u0105, poniewa\u017c \u0142\u0105czy w sobie technologi\u0119 przewodow\u0105 i bezprzewodow\u0105, tworz\u0105c kompletne i konfigurowalne rozwi\u0105zanie bezpiecze\u0144stwa.<strong>P: W jaki spos\u00f3b technologia PowerG zapewnia doskona\u0142e bezpiecze\u0144stwo sieci bezprzewodowej?<\/strong>Odp.: Technologia PowerG zapewnia nie tylko niezawodn\u0105 \u0142\u0105czno\u015b\u0107, ale tak\u017ce szyfrowanie i odporno\u015b\u0107 na manipulacje, co zapewnia najwy\u017csze bezpiecze\u0144stwo.<strong>P: Jakie typy urz\u0105dze\u0144 bezprzewodowych mo\u017cna zintegrowa\u0107 z PowerSeries?<\/strong>Odp.: PowerSeries obs\u0142uguje szerok\u0105 gam\u0119 urz\u0105dze\u0144 bezprzewodowych, w tym detektory, kamery i akcesoria inteligentnego domu.<strong>P: Co to jest weryfikacja alarm\u00f3w i dlaczego jest wa\u017cna?<\/strong>Odp.: Weryfikacja alarm\u00f3w gwarantuje, \u017ce ka\u017cdy alarm jest autentyczny, co ogranicza liczb\u0119 fa\u0142szywych alarm\u00f3w i zapewnia szybsze i dok\u0142adniejsze reakcje systemu bezpiecze\u0144stwa.<strong>P: Czy mog\u0119 zdalnie monitorowa\u0107 i sterowa\u0107 PowerSeries?<\/strong>Odp.: Tak, kompleksowe oprogramowanie do zdalnego serwisu umo\u017cliwia monitorowanie i sterowanie za pomoc\u0105 aplikacji mobilnej lub komputera, gdziekolwiek jeste\u015b.<strong>P: Czy PowerSeries nadaje si\u0119 zar\u00f3wno do u\u017cytku domowego, jak i komercyjnego?<\/strong>Odp.: Tak, jego elastyczno\u015b\u0107 i dostosowane do indywidualnych potrzeb rozwi\u0105zania sprawiaj\u0105, \u017ce idealnie nadaje si\u0119 zar\u00f3wno do zastosowa\u0144 mieszkaniowych, jak i komercyjnych.<\/p>\n<h3><strong>Wniosek<\/strong><\/h3>\n<p>Dzi\u0119ki PowerSeries Neo otrzymujesz nie tylko rozwi\u0105zanie zabezpieczaj\u0105ce; otrzymujesz innowacj\u0119, elastyczno\u015b\u0107 i doskona\u0142\u0105 technologi\u0119.<\/li>\n<\/ul>\n<p><b>\u00a0<\/b><\/p>","protected":false},"excerpt":{"rendered":"<p>Alarm hybrydowy DSC NEO \u2014 \u0142\u0105cz po\u0142\u0105czenia bezprzewodowe i przewodowe, jak chcesz, dzi\u0119ki akcesoriom bezprzewodowym PowerG \u2014 Najni\u017csza cena!<\/p>","protected":false},"featured_media":141117,"template":"","meta":{"_acf_changed":false},"product_brand":[],"product_cat":[1322,3318],"product_tag":[],"class_list":{"0":"post-145777","1":"product","2":"type-product","3":"status-publish","4":"has-post-thumbnail","6":"product_cat-dsc-larm-neo-power-hybridlarm","7":"product_cat-larmpaket-dsc-larm-neo-power-hybridlarm","8":"pa_brands-dsc","9":"tm-no-options","11":"first","12":"instock","13":"sale","14":"taxable","15":"shipping-taxable","16":"purchasable","17":"product-type-woosb"},"acf":[],"_links":{"self":[{"href":"https:\/\/secureus.se\/pl\/wp-json\/wp\/v2\/product\/145777","targetHints":{"allow":["GET"]}}],"collection":[{"href":"https:\/\/secureus.se\/pl\/wp-json\/wp\/v2\/product"}],"about":[{"href":"https:\/\/secureus.se\/pl\/wp-json\/wp\/v2\/types\/product"}],"wp:featuredmedia":[{"embeddable":true,"href":"https:\/\/secureus.se\/pl\/wp-json\/wp\/v2\/media\/141117"}],"wp:attachment":[{"href":"https:\/\/secureus.se\/pl\/wp-json\/wp\/v2\/media?parent=145777"}],"wp:term":[{"taxonomy":"product_brand","embeddable":true,"href":"https:\/\/secureus.se\/pl\/wp-json\/wp\/v2\/product_brand?post=145777"},{"taxonomy":"product_cat","embeddable":true,"href":"https:\/\/secureus.se\/pl\/wp-json\/wp\/v2\/product_cat?post=145777"},{"taxonomy":"product_tag","embeddable":true,"href":"https:\/\/secureus.se\/pl\/wp-json\/wp\/v2\/product_tag?post=145777"}],"curies":[{"name":"wp","href":"https:\/\/api.w.org\/{rel}","templated":true}]}}