{"id":145779,"date":"2024-12-10T13:22:56","date_gmt":"2024-12-10T12:22:56","guid":{"rendered":"https:\/\/secureus.se\/?post_type=product&#038;p=145779"},"modified":"2025-10-21T11:53:47","modified_gmt":"2025-10-21T09:53:47","slug":"paket-halvsats-abloy-eltryckeslas-el480-29mm-kabel-ea220-2","status":"publish","type":"product","link":"https:\/\/secureus.se\/pl\/paket-halvsats-abloy-eltryckeslas-el480-29mm-kabel-ea220-2\/","title":{"rendered":"Pakiet - po\u0142owa zestawu: Zamek elektryczny Abloy EL480 29mm + kabel EA220"},"content":{"rendered":"<p>Kompletny zestaw sk\u0142adaj\u0105cy si\u0119 z 1 szt.: 1 szt. Zamek EL480 29 mm 1 szt. Kabel EA220 10 metr\u00f3w<\/p>","protected":false},"excerpt":{"rendered":"<p>Zamki od Assa Abloy w najni\u017cszej cenie.<\/p>","protected":false},"featured_media":140031,"template":"","meta":{"_acf_changed":false},"product_brand":[],"product_cat":[2429],"product_tag":[2290,4863],"class_list":{"0":"post-145779","1":"product","2":"type-product","3":"status-publish","4":"has-post-thumbnail","6":"product_cat-ellas","7":"product_tag-ellas-komplett-sats-kpl","8":"product_tag-pf","9":"tm-no-options","11":"first","12":"instock","13":"sale","14":"taxable","15":"shipping-taxable","16":"purchasable","17":"product-type-woosb"},"acf":[],"_links":{"self":[{"href":"https:\/\/secureus.se\/pl\/wp-json\/wp\/v2\/product\/145779","targetHints":{"allow":["GET"]}}],"collection":[{"href":"https:\/\/secureus.se\/pl\/wp-json\/wp\/v2\/product"}],"about":[{"href":"https:\/\/secureus.se\/pl\/wp-json\/wp\/v2\/types\/product"}],"wp:featuredmedia":[{"embeddable":true,"href":"https:\/\/secureus.se\/pl\/wp-json\/wp\/v2\/media\/140031"}],"wp:attachment":[{"href":"https:\/\/secureus.se\/pl\/wp-json\/wp\/v2\/media?parent=145779"}],"wp:term":[{"taxonomy":"product_brand","embeddable":true,"href":"https:\/\/secureus.se\/pl\/wp-json\/wp\/v2\/product_brand?post=145779"},{"taxonomy":"product_cat","embeddable":true,"href":"https:\/\/secureus.se\/pl\/wp-json\/wp\/v2\/product_cat?post=145779"},{"taxonomy":"product_tag","embeddable":true,"href":"https:\/\/secureus.se\/pl\/wp-json\/wp\/v2\/product_tag?post=145779"}],"curies":[{"name":"wp","href":"https:\/\/api.w.org\/{rel}","templated":true}]}}