{"id":146113,"date":"2024-12-28T12:23:33","date_gmt":"2024-12-28T11:23:33","guid":{"rendered":"https:\/\/secureus.se\/?post_type=product&#038;p=146113"},"modified":"2026-04-23T13:30:29","modified_gmt":"2026-04-23T11:30:29","slug":"system-sensor-eco1005-a-eco-konventionell-varmedetektor-stigningshastighet","status":"publish","type":"product","link":"https:\/\/secureus.se\/pl\/system-sensor-eco1005-a-eco-konventionell-varmedetektor-stigningshastighet\/","title":{"rendered":"Czujnik systemowy ECO1005 A ECO Konwencjonalny czujnik ciep\u0142a, szybko\u015b\u0107 wzrostu"},"content":{"rendered":"<div class=\"headernamehrnone\">Detektor ciep\u0142a ECO1005 A nale\u017cy do serii detektor\u00f3w ECO1000 firmy System Sensors. ECO1000 to seria konwencjonalnych detektor\u00f3w, kt\u00f3re zosta\u0142y wyprodukowane z wykorzystaniem najnowocze\u015bniejszej technologii.<br \/>\ni wyposa\u017cone w szereg zaawansowanych funkcji, dzi\u0119ki czemu s\u0105 \u201elepsze pod wzgl\u0119dem konstrukcji\u201d.<\/p>\n<p>Czujka termiczna ECO1005 A wykorzystuje najnowocze\u015bniejszy element termiczny w po\u0142\u0105czeniu z dedykowanym uk\u0142adem scalonym (ASIC) do szybkiego i dok\u0142adnego wykrywania po\u017caru. Czujka posiada zar\u00f3wno element narastaj\u0105cy, jak i statyczny i nadaje si\u0119 do stosowania we wszystkich obszarach, w kt\u00f3rych warunki otoczenia zazwyczaj nie charakteryzuj\u0105 si\u0119 gwa\u0142townymi zmianami temperatury.<\/p>\n<p>Do testowania alarm\u00f3w detektor\u00f3w ECO1000 mo\u017cna u\u017cywa\u0107 r\u0119cznego, laserowego urz\u0105dzenia testowego. Urz\u0105dzenie przesy\u0142a zakodowan\u0105 wiadomo\u015b\u0107, kt\u00f3ra zapobiega generowaniu fa\u0142szywych alarm\u00f3w przez inne urz\u0105dzenia laserowe. Dzi\u0119ki zasi\u0119gowi kilku metr\u00f3w, r\u0119czne urz\u0105dzenie testowe stanowi \u0142atwy spos\u00f3b zdalnego testowania alarm\u00f3w detektor\u00f3w ECO1000, bez konieczno\u015bci bezpo\u015bredniego dost\u0119pu do czujnika.<\/p>\n<p>Detektor ECO1005 A posiada r\u00f3wnie\u017c wbudowan\u0105 diod\u0119 LED, kt\u00f3ra \u015bwieci, generuj\u0105c lokalny sygna\u0142 alarmowy. Dioda ta blokuje si\u0119 i \u015bwieci do momentu zresetowania detektora w przypadku chwilowej awarii zasilania. Zdalny sygnalizator LED mo\u017ce s\u0142u\u017cy\u0107 do powtarzania sygna\u0142u alarmowego.<\/p>\n<p>Z czujk\u0105 ECO1005 A mo\u017cna stosowa\u0107 r\u00f3\u017cnorodne gniazda czujki, co zapewnia elastyczno\u015b\u0107 i kompatybilno\u015b\u0107 z szerok\u0105 gam\u0105 central sygnalizacji po\u017carowej. Wszystkie gniazda s\u0105 wyposa\u017cone w spr\u0119\u017cyn\u0119 zwarciow\u0105, umo\u017cliwiaj\u0105c\u0105 sprawdzenie obwodu przed monta\u017cem czujki, a tak\u017ce w zabezpieczenie antysabota\u017cowe, kt\u00f3re po aktywacji uniemo\u017cliwia demonta\u017c czujki bez u\u017cycia narz\u0119dzi.<\/p><\/div>\n<div class=\"row headername\">\n<div class=\"item-header rd-hyg-item-header\"><strong>G\u0142\u00f3wne cechy<\/strong><\/div>\n<div class=\"row\">\n<ul>\n<li>Konstrukcja o niskim profilu<\/li>\n<li>Niskie zu\u017cycie energii<\/li>\n<li>Temperatura pracy 58\u00b0C<\/li>\n<li>Dzia\u0142a z napi\u0119ciem 12 i 24 V DC<\/li>\n<li>Funkcja zdalnego testu alarmu<\/li>\n<li>\u0141atwa konserwacja<\/li>\n<li>Zatwierdzone zgodnie z norm\u0105 EN54-5:2000 Klasa A1R<\/li>\n<\/ul>\n<\/div>\n<\/div>","protected":false},"excerpt":{"rendered":"<p>Czujnik systemowy ECO1005 A ECO Konwencjonalny czujnik ciep\u0142a, szybko\u015b\u0107 wzrostu<\/p>\n<ul class=\"UnorderedListStyle--1koui9a ksyVRL mainfeatureslist\">\n<li class=\"ListItemStyle--1yqofwy kEFzCE\">Konstrukcja o niskim profilu<\/li>\n<li class=\"ListItemStyle--1yqofwy kEFzCE\">Niskie zu\u017cycie energii<\/li>\n<li class=\"ListItemStyle--1yqofwy kEFzCE\">Temperatura pracy 58\u00b0C<\/li>\n<\/ul>","protected":false},"featured_media":146112,"template":"","meta":{"_acf_changed":false},"product_brand":[],"product_cat":[4755,4157],"product_tag":[],"class_list":{"0":"post-146113","1":"product","2":"type-product","3":"status-publish","4":"has-post-thumbnail","6":"product_cat-eco-1000-serien","7":"product_cat-varmedetektor","8":"product_shipping_class-tunga-paket","9":"pa_brands-system-sensor","10":"tm-no-options","12":"first","13":"instock","14":"taxable","15":"shipping-taxable","16":"purchasable","17":"product-type-simple"},"acf":[],"_links":{"self":[{"href":"https:\/\/secureus.se\/pl\/wp-json\/wp\/v2\/product\/146113","targetHints":{"allow":["GET"]}}],"collection":[{"href":"https:\/\/secureus.se\/pl\/wp-json\/wp\/v2\/product"}],"about":[{"href":"https:\/\/secureus.se\/pl\/wp-json\/wp\/v2\/types\/product"}],"wp:featuredmedia":[{"embeddable":true,"href":"https:\/\/secureus.se\/pl\/wp-json\/wp\/v2\/media\/146112"}],"wp:attachment":[{"href":"https:\/\/secureus.se\/pl\/wp-json\/wp\/v2\/media?parent=146113"}],"wp:term":[{"taxonomy":"product_brand","embeddable":true,"href":"https:\/\/secureus.se\/pl\/wp-json\/wp\/v2\/product_brand?post=146113"},{"taxonomy":"product_cat","embeddable":true,"href":"https:\/\/secureus.se\/pl\/wp-json\/wp\/v2\/product_cat?post=146113"},{"taxonomy":"product_tag","embeddable":true,"href":"https:\/\/secureus.se\/pl\/wp-json\/wp\/v2\/product_tag?post=146113"}],"curies":[{"name":"wp","href":"https:\/\/api.w.org\/{rel}","templated":true}]}}