{"id":146115,"date":"2024-12-28T12:23:41","date_gmt":"2024-12-28T11:23:41","guid":{"rendered":"https:\/\/secureus.se\/system-sensor-eco1004t-a-konventionell-varmedetektor-fast-temperatur-78\/"},"modified":"2026-05-06T14:07:36","modified_gmt":"2026-05-06T12:07:36","slug":"system-sensor-eco1004t-a-konventionell-varmedetektor-fast-temperatur-78","status":"publish","type":"product","link":"https:\/\/secureus.se\/pl\/system-sensor-eco1004t-a-konventionell-varmedetektor-fast-temperatur-78\/","title":{"rendered":"Czujnik systemowy ECO1004T A Konwencjonalny czujnik ciep\u0142a, sta\u0142a temperatura, 78\u00b0"},"content":{"rendered":"<h1>Czujnik systemowy ECO1004T A Konwencjonalny czujnik ciep\u0142a<\/h1>\n<p class=\"\" data-start=\"506\" data-end=\"848\">Czujnik systemowy ECO1004T A to konwencjonalny termiczny detektor ciep\u0142a, kt\u00f3ry jest cz\u0119\u015bci\u0105 niezawodnej serii ECO1000.<\/p>\n<p class=\"\" data-start=\"506\" data-end=\"848\">Temperatura robocza 78\u00b0C sprawia, \u017ce urz\u0105dzenie jest szczeg\u00f3lnie przydatne w miejscach, w kt\u00f3rych wyst\u0119puj\u0105 szybkie zmiany temperatury, np. w kuchniach.<\/p>\n<p class=\"\" data-start=\"506\" data-end=\"848\">Wyposa\u017cono go w nowoczesny czujnik termiczny, kt\u00f3ry gwarantuje szybkie i dok\u0142adne wykrycie po\u017caru.<\/p>\n<p class=\"\" data-start=\"850\" data-end=\"1123\">Dzi\u0119ki niskiemu poborowi mocy i mo\u017cliwo\u015bci zdalnego testowania, ten detektor jest \u0142atwy w konserwacji i gwarantuje, \u017ce system zawsze b\u0119dzie w optymalnym stanie.<\/p>\n<p class=\"\" data-start=\"850\" data-end=\"1123\">Urz\u0105dzenie jest kompatybilne z systemami 12 V i 24 V DC i posiada zdalne wska\u017aniki LED, kt\u00f3re wyra\u017anie pokazuj\u0105 stan urz\u0105dzenia.<\/p>\n<p class=\"\" data-start=\"1125\" data-end=\"1395\">Urz\u0105dzenie ECO1004T posiada certyfikat zgodno\u015bci z norm\u0105 EN54-5:2000 (poprawka 1) klasa BS i zosta\u0142o zatwierdzone zgodnie z dyrektyw\u0105 MED 96\/98\/WE (poprawka 2009\/26\/WE), co czyni je niezawodnym wyborem w systemach bezpiecze\u0144stwa w \u015brodowiskach komercyjnych i przemys\u0142owych.<\/p>\n<p class=\"\" data-start=\"1125\" data-end=\"1395\">Jeszcze wi\u0119kszy spok\u00f3j ducha zapewnia rozszerzona, 3-letnia gwarancja.<\/p>","protected":false},"excerpt":{"rendered":"<p>ECO1004T A to termiczny detektor ciep\u0142a o sta\u0142ej temperaturze 78\u00b0C, idealny do stosowania w miejscach takich jak kuchnie.<\/p>\n<p>Dzi\u0119ki niskiemu poborowi energii i mo\u017cliwo\u015bci zdalnego testowania, ten detektor umo\u017cliwia szybkie i dok\u0142adne wykrywanie po\u017caru.<\/p>","protected":false},"featured_media":146114,"template":"","meta":{"_acf_changed":false},"product_brand":[],"product_cat":[4755,4157],"product_tag":[],"class_list":{"0":"post-146115","1":"product","2":"type-product","3":"status-publish","4":"has-post-thumbnail","6":"product_cat-eco-1000-serien","7":"product_cat-varmedetektor","8":"pa_brands-system-sensor","9":"tm-no-options","11":"first","12":"instock","13":"taxable","14":"shipping-taxable","15":"purchasable","16":"product-type-simple"},"acf":[],"_links":{"self":[{"href":"https:\/\/secureus.se\/pl\/wp-json\/wp\/v2\/product\/146115","targetHints":{"allow":["GET"]}}],"collection":[{"href":"https:\/\/secureus.se\/pl\/wp-json\/wp\/v2\/product"}],"about":[{"href":"https:\/\/secureus.se\/pl\/wp-json\/wp\/v2\/types\/product"}],"wp:featuredmedia":[{"embeddable":true,"href":"https:\/\/secureus.se\/pl\/wp-json\/wp\/v2\/media\/146114"}],"wp:attachment":[{"href":"https:\/\/secureus.se\/pl\/wp-json\/wp\/v2\/media?parent=146115"}],"wp:term":[{"taxonomy":"product_brand","embeddable":true,"href":"https:\/\/secureus.se\/pl\/wp-json\/wp\/v2\/product_brand?post=146115"},{"taxonomy":"product_cat","embeddable":true,"href":"https:\/\/secureus.se\/pl\/wp-json\/wp\/v2\/product_cat?post=146115"},{"taxonomy":"product_tag","embeddable":true,"href":"https:\/\/secureus.se\/pl\/wp-json\/wp\/v2\/product_tag?post=146115"}],"curies":[{"name":"wp","href":"https:\/\/api.w.org\/{rel}","templated":true}]}}