{"id":146151,"date":"2024-12-30T14:57:02","date_gmt":"2024-12-30T13:57:02","guid":{"rendered":"https:\/\/secureus.se\/?post_type=product&#038;p=146151"},"modified":"2026-04-23T13:30:30","modified_gmt":"2026-04-23T11:30:30","slug":"risco-lunar-dt-360-takmonterad-detektor-klass-3-rk150dtg3","status":"publish","type":"product","link":"https:\/\/secureus.se\/pl\/risco-lunar-dt-360-takmonterad-detektor-klass-3-rk150dtg3\/","title":{"rendered":"Detektor sufitowy RISCO LuNAR DT 360, klasa 3 RK150DTG3"},"content":{"rendered":"<h1>Detektor sufitowy RISCO LuNAR DT 360, klasa 3 RK150DTG3<\/h1>\n<p data-start=\"457\" data-end=\"890\">Czujka sufitowa RISCO LuNAR DT 360 (model RK150DTG3) zosta\u0142a zaprojektowana tak, aby zapewni\u0107 wysoki poziom bezpiecze\u0144stwa dzi\u0119ki zaawansowanej technologii wykrywania.<\/p>\n<p data-start=\"457\" data-end=\"890\">W tym detektorze zastosowano po\u0142\u0105czenie technologii PIR (pasywnego czujnika podczerwieni) i MW (mikrofal) na cz\u0119stotliwo\u015bci 10,525 GHz, co sprawia, \u017ce jest on niezwykle czu\u0142y i dok\u0142adny w przypadku sygna\u0142\u00f3w ruchu i temperatury.<\/p>\n<p data-start=\"457\" data-end=\"890\">Dzi\u0119ki polu widzenia 360\u00b0 i zasi\u0119gowi do 12 metr\u00f3w kamera doskonale nadaje si\u0119 do monitorowania du\u017cych powierzchni wewn\u0105trz budynk\u00f3w.<\/p>\n<p data-start=\"892\" data-end=\"1225\">Detektor wyposa\u017cony jest w unikaln\u0105 soczewk\u0119 sferyczn\u0105 110\u00b0, kt\u00f3ra zapewnia pe\u0142ne pokrycie 360\u00b0 bez martwych k\u0105t\u00f3w.<\/p>\n<p data-start=\"892\" data-end=\"1225\">Posiada tak\u017ce funkcj\u0119 antymaskingu, kt\u00f3ra pozwala mu na identyfikacj\u0119 przeszk\u00f3d, kt\u00f3re mog\u0105 blokowa\u0107 pole widzenia lub maskowa\u0107 wykrywanie ruchu.<\/p>\n<p data-start=\"892\" data-end=\"1225\">Dzi\u0119ki temu jest ono szczeg\u00f3lnie przydatne w miejscach, gdzie wymagany jest wysoki poziom bezpiecze\u0144stwa.<\/p>\n<p data-start=\"1227\" data-end=\"1516\">Dzi\u0119ki wysoko\u015bci monta\u017cu od 2,4 do 4 metr\u00f3w czujnik ten oferuje elastyczn\u0105 instalacj\u0119, kt\u00f3ra pasuje do r\u00f3\u017cnych typ\u00f3w budynk\u00f3w i przestrzeni.<\/p>\n<p data-start=\"1227\" data-end=\"1516\">Dzi\u0119ki niewielkim rozmiarom i kompaktowej budowie urz\u0105dzenie mo\u017cna \u0142atwo zintegrowa\u0107 z r\u00f3\u017cnymi instalacjami, zachowuj\u0105c przy tym dyskretny wygl\u0105d.<\/p>\n<p data-start=\"1518\" data-end=\"1843\">Aby zagwarantowa\u0107 niezawodn\u0105 prac\u0119 w ka\u017cdych warunkach, detektor wyposa\u017cono w kompensacj\u0119 temperatury, dzi\u0119ki czemu mo\u017ce on funkcjonowa\u0107 optymalnie niezale\u017cnie od zmian temperatury.<\/p>\n<p data-start=\"1518\" data-end=\"1843\">Detektor posiada r\u00f3wnie\u017c wbudowane rezystory w linii zielonej, kt\u00f3re redukuj\u0105 wp\u0142yw czynnik\u00f3w zewn\u0119trznych i zapewniaj\u0105 d\u0142ugotrwa\u0142\u0105 i stabiln\u0105 prac\u0119.<\/p>\n<p data-start=\"1845\" data-end=\"2123\">Ten detektor to idealne rozwi\u0105zanie, dzi\u0119ki kt\u00f3remu Tw\u00f3j system bezpiecze\u0144stwa b\u0119dzie dzia\u0142a\u0142 skutecznie i nie b\u0119dzie wywo\u0142ywa\u0142 fa\u0142szywych alarm\u00f3w.<\/p>\n<p data-start=\"1845\" data-end=\"2123\">Detektor posiada certyfikat klasy bezpiecze\u0144stwa 3, co oznacza, \u017ce spe\u0142nia wysokie wymagania dotycz\u0105ce stosowania w obszarach, w kt\u00f3rych bezpiecze\u0144stwo jest szczeg\u00f3lnie wa\u017cne.<\/p>\n<p data-start=\"2125\" data-end=\"2153\"><strong data-start=\"2125\" data-end=\"2153\">G\u0142\u00f3wne cechy:<\/strong><\/p>\n<ul data-start=\"2154\" data-end=\"2548\">\n<li data-start=\"2154\" data-end=\"2179\">\n<p data-start=\"2156\" data-end=\"2179\"><strong data-start=\"2156\" data-end=\"2170\">Technologia:<\/strong> PIR + MW<\/p>\n<\/li>\n<li data-start=\"2180\" data-end=\"2218\">\n<p data-start=\"2182\" data-end=\"2218\"><strong data-start=\"2182\" data-end=\"2203\">Zakres wykrywania:<\/strong> 12 metr\u00f3w, 360\u00b0<\/p>\n<\/li>\n<li data-start=\"2219\" data-end=\"2260\">\n<p data-start=\"2221\" data-end=\"2260\"><strong data-start=\"2221\" data-end=\"2240\">Wysoko\u015b\u0107 monta\u017cu:<\/strong> 2,4 metra \u2013 4 metry<\/p>\n<\/li>\n<li data-start=\"2261\" data-end=\"2291\">\n<p data-start=\"2263\" data-end=\"2291\"><strong data-start=\"2263\" data-end=\"2279\">Wymiary:<\/strong> 135x27mm<\/p>\n<\/li>\n<li data-start=\"2292\" data-end=\"2309\">\n<p data-start=\"2294\" data-end=\"2309\"><strong data-start=\"2294\" data-end=\"2303\">Waga:<\/strong> 200 gr<\/p>\n<\/li>\n<li data-start=\"2310\" data-end=\"2343\">\n<p data-start=\"2312\" data-end=\"2343\"><strong data-start=\"2312\" data-end=\"2333\">Zasilanie:<\/strong> 9 \u2013 16 V pr\u0105du sta\u0142ego<\/p>\n<\/li>\n<li data-start=\"2344\" data-end=\"2361\">\n<p data-start=\"2346\" data-end=\"2361\"><strong data-start=\"2346\" data-end=\"2356\">Aktualny:<\/strong> 16mA<\/p>\n<\/li>\n<li data-start=\"2362\" data-end=\"2431\">\n<p data-start=\"2364\" data-end=\"2431\"><strong data-start=\"2364\" data-end=\"2379\">W\u0142a\u015bciwo\u015bci:<\/strong> Funkcja zoom, ACT, antymasking, regulowana czu\u0142o\u015b\u0107<\/p>\n<\/li>\n<li data-start=\"2432\" data-end=\"2452\">\n<p data-start=\"2434\" data-end=\"2452\"><strong data-start=\"2434\" data-end=\"2445\">Zabarwienie:<\/strong> Srebrny<\/p>\n<\/li>\n<li data-start=\"2453\" data-end=\"2483\">\n<p data-start=\"2455\" data-end=\"2483\"><strong data-start=\"2455\" data-end=\"2471\">Aplikacja:<\/strong> Do u\u017cytku wewn\u0105trz pomieszcze\u0144<\/p>\n<\/li>\n<li data-start=\"2484\" data-end=\"2511\">\n<p data-start=\"2486\" data-end=\"2511\"><strong data-start=\"2486\" data-end=\"2498\">Montowanie:<\/strong> Monta\u017c sufitowy<\/p>\n<\/li>\n<li data-start=\"2512\" data-end=\"2548\">\n<p data-start=\"2514\" data-end=\"2548\"><strong data-start=\"2514\" data-end=\"2531\">Orzecznictwo:<\/strong> Klasa bezpiecze\u0144stwa 3<\/p>\n<\/li>\n<\/ul>\n<p data-start=\"2550\" data-end=\"2800\">Ten detektor jest doskona\u0142ym wyborem dla os\u00f3b poszukuj\u0105cych wydajnego rozwi\u0105zania w zakresie bezpiecze\u0144stwa wewn\u0105trz pomieszcze\u0144.<\/p>\n<p data-start=\"2550\" data-end=\"2800\">Dzi\u0119ki zaawansowanym funkcjom i \u0142atwej instalacji RISCO LuNAR DT 360 jest niezawodnym i skutecznym elementem profesjonalnego systemu bezpiecze\u0144stwa.<\/p>","protected":false},"excerpt":{"rendered":"<p>Czujka sufitowa RISCO LuNAR DT 360 to wysoce zabezpieczona czujka dualna PIR + MW z pokryciem 360\u00b0 i zasi\u0119giem do 12 metr\u00f3w.<\/p>\n<p>Wyposa\u017cony w funkcj\u0119 antymaskingu i regulowan\u0105 czu\u0142o\u015b\u0107, idealnie nadaje si\u0119 do stosowania w instalacjach wewn\u0119trznych do 4 metr\u00f3w wysoko\u015bci.<\/p>","protected":false},"featured_media":146150,"template":"","meta":{"_acf_changed":false},"product_brand":[],"product_cat":[3188],"product_tag":[],"class_list":{"0":"post-146151","1":"product","2":"type-product","3":"status-publish","4":"has-post-thumbnail","6":"product_cat-larmenheter-risco-larm","7":"pa_brands-4risco","8":"pa_farg-silver","9":"tm-no-options","11":"first","12":"instock","13":"taxable","14":"shipping-taxable","15":"purchasable","16":"product-type-simple"},"acf":[],"_links":{"self":[{"href":"https:\/\/secureus.se\/pl\/wp-json\/wp\/v2\/product\/146151","targetHints":{"allow":["GET"]}}],"collection":[{"href":"https:\/\/secureus.se\/pl\/wp-json\/wp\/v2\/product"}],"about":[{"href":"https:\/\/secureus.se\/pl\/wp-json\/wp\/v2\/types\/product"}],"wp:featuredmedia":[{"embeddable":true,"href":"https:\/\/secureus.se\/pl\/wp-json\/wp\/v2\/media\/146150"}],"wp:attachment":[{"href":"https:\/\/secureus.se\/pl\/wp-json\/wp\/v2\/media?parent=146151"}],"wp:term":[{"taxonomy":"product_brand","embeddable":true,"href":"https:\/\/secureus.se\/pl\/wp-json\/wp\/v2\/product_brand?post=146151"},{"taxonomy":"product_cat","embeddable":true,"href":"https:\/\/secureus.se\/pl\/wp-json\/wp\/v2\/product_cat?post=146151"},{"taxonomy":"product_tag","embeddable":true,"href":"https:\/\/secureus.se\/pl\/wp-json\/wp\/v2\/product_tag?post=146151"}],"curies":[{"name":"wp","href":"https:\/\/api.w.org\/{rel}","templated":true}]}}