{"id":146316,"date":"2025-01-08T17:08:18","date_gmt":"2025-01-08T16:08:18","guid":{"rendered":"https:\/\/secureus.se\/?post_type=product&#038;p=146316"},"modified":"2026-01-06T20:58:26","modified_gmt":"2026-01-06T19:58:26","slug":"risco-2mp-vupoint-p2p-ir-ip-kamera-28-mm-objektiv-rvcm52w1400a","status":"publish","type":"product","link":"https:\/\/secureus.se\/pl\/risco-2mp-vupoint-p2p-ir-ip-kamera-28-mm-objektiv-rvcm52w1400a\/","title":{"rendered":"Kamera IP RISCO 2MP VUpoint P2P IR, obiektyw 2,8 mm RVCM52W1400A"},"content":{"rendered":"<h1>Kamera IP RISCO 2MP VUpoint P2P IR, obiektyw 2,8 mm RVCM52W1400A<\/h1>\n<p data-start=\"459\" data-end=\"794\">Kamera IP RISCO 2MP VUpoint P2P IR (model RVCM52W1400A) to zaawansowane rozwi\u0105zanie bezpiecze\u0144stwa, kt\u00f3re umo\u017cliwia wyra\u017any i szczeg\u00f3\u0142owy monitoring wideo zar\u00f3wno w dzie\u0144, jak i w nocy.<\/p>\n<p data-start=\"459\" data-end=\"794\">Dzi\u0119ki rozdzielczo\u015bci 1920\u00d71080 (Full HD) u\u017cytkownicy otrzymuj\u0105 krystalicznie czysty obraz, co jest kluczowe dla zapewnienia wysokiego poziomu bezpiecze\u0144stwa i szybkiej identyfikacji obiekt\u00f3w lub os\u00f3b.<\/p>\n<p data-start=\"796\" data-end=\"1231\">Ta kamera IP wykorzystuje bezprzewodow\u0105 technologi\u0119 P2P (Peer-to-Peer), dzi\u0119ki czemu instalacja jest \u0142atwa i szybka.<\/p>\n<p data-start=\"796\" data-end=\"1231\">Kamera nie wymaga skomplikowanej konfiguracji sieciowej i \u0142\u0105czy si\u0119 z systemem bezpo\u015brednio za po\u015brednictwem aplikacji lub Internetu.<\/p>\n<p data-start=\"796\" data-end=\"1231\">Posiada sta\u0142y obiektyw o ogniskowej 2,8 mm, kt\u00f3ry zapewnia szeroki k\u0105t widzenia obejmuj\u0105cy du\u017cy obszar i pole widzenia wynosz\u0105ce a\u017c 114,6\u00b0.<\/p>\n<p data-start=\"796\" data-end=\"1231\">Dzi\u0119ki temu urz\u0105dzenie doskonale nadaje si\u0119 do monitorowania zar\u00f3wno obszar\u00f3w wewn\u0119trznych, jak i zewn\u0119trznych.<\/p>\n<p data-start=\"1233\" data-end=\"1561\">Jedn\u0105 z najbardziej imponuj\u0105cych funkcji tej kamery jest tryb nocny.<\/p>\n<p data-start=\"1233\" data-end=\"1561\">Wbudowane o\u015bwietlenie podczerwone pozwala kamerze na robienie wyra\u017anych zdj\u0119\u0107 z odleg\u0142o\u015bci nawet 30 metr\u00f3w, nawet w ciemno\u015bci.<\/p>\n<p data-start=\"1233\" data-end=\"1561\">Dzi\u0119ki temu kamera dzia\u0142a niezawodnie nawet w nocy, gwarantuj\u0105c ci\u0105g\u0142e bezpiecze\u0144stwo przez ca\u0142\u0105 dob\u0119.<\/p>\n<p data-start=\"1563\" data-end=\"1906\">Posiada r\u00f3wnie\u017c wbudowany mikrofon, kt\u00f3ry umo\u017cliwia s\u0142uchanie d\u017awi\u0119k\u00f3w otoczenia, co jest \u015bwietn\u0105 funkcj\u0105 przy monitorowaniu d\u017awi\u0119ku i obrazu.<\/p>\n<p data-start=\"1563\" data-end=\"1906\">Kolejn\u0105 przydatn\u0105 funkcj\u0105 jest opcja lokalnego przechowywania danych na karcie SD. Dzi\u0119ki temu u\u017cytkownicy mog\u0105 przechowywa\u0107 nagrane filmy bezpo\u015brednio w kamerze, co zapewnia wi\u0119ksze bezpiecze\u0144stwo i niezawodno\u015b\u0107.<\/p>\n<p data-start=\"1908\" data-end=\"2186\">Kamera ma klas\u0119 ochrony IP67, co oznacza, \u017ce jest w pe\u0142ni zabezpieczona przed kurzem i wytrzymuje deszcz oraz inne warunki atmosferyczne, dzi\u0119ki czemu doskonale nadaje si\u0119 do u\u017cytku zar\u00f3wno wewn\u0105trz, jak i na zewn\u0105trz.<\/p>\n<p data-start=\"1908\" data-end=\"2186\">Dzi\u0119ki temu mo\u017cna go stosowa\u0107 w ka\u017cdych warunkach pogodowych i zapewni\u0107 bezpieczny monitoring wideo wtedy, gdy jest to najbardziej potrzebne.<\/p>\n<p data-start=\"2188\" data-end=\"2492\">Kamera ta jest idealnym rozwi\u0105zaniem dla u\u017cytkownik\u00f3w poszukuj\u0105cych niezawodnej, \u0142atwej w obs\u0142udze kamery bezpiecze\u0144stwa o wysokiej rozdzielczo\u015bci.<\/p>\n<p data-start=\"2188\" data-end=\"2492\">Niezale\u017cnie od tego, czy chcesz mie\u0107 oko na sw\u00f3j dom, biuro czy inn\u0105 nieruchomo\u015b\u0107, ta kamera oferuje wszystkie funkcje i elastyczno\u015b\u0107 niezb\u0119dne do utrzymania bezpiecze\u0144stwa.<\/p>","protected":false},"excerpt":{"rendered":"<p>Kamera IP RISCO 2MP VUpoint P2P IR to kamera bezpiecze\u0144stwa o wysokiej rozdzielczo\u015bci przeznaczona do u\u017cytku wewn\u0105trz i na zewn\u0105trz pomieszcze\u0144.<\/p>\n<p>Posiada rozdzielczo\u015b\u0107 1920\u00d71080 i jest wyposa\u017cony w kolorowy system widzenia nocnego o zasi\u0119gu do 30 metr\u00f3w.<\/p>\n<p>Kamer\u0119 \u0142atwo si\u0119 instaluje i \u0142\u0105czy si\u0119 bezprzewodowo za pomoc\u0105 technologii P2P.<\/p>","protected":false},"featured_media":146315,"template":"","meta":{"_acf_changed":false},"product_brand":[],"product_cat":[3192],"product_tag":[],"class_list":{"0":"post-146316","1":"product","2":"type-product","3":"status-publish","4":"has-post-thumbnail","6":"product_cat-risco-ip-kamera","7":"pa_brands-4risco","8":"tm-no-options","10":"first","11":"onbackorder","12":"taxable","13":"shipping-taxable","14":"purchasable","15":"product-type-simple"},"acf":[],"_links":{"self":[{"href":"https:\/\/secureus.se\/pl\/wp-json\/wp\/v2\/product\/146316","targetHints":{"allow":["GET"]}}],"collection":[{"href":"https:\/\/secureus.se\/pl\/wp-json\/wp\/v2\/product"}],"about":[{"href":"https:\/\/secureus.se\/pl\/wp-json\/wp\/v2\/types\/product"}],"wp:featuredmedia":[{"embeddable":true,"href":"https:\/\/secureus.se\/pl\/wp-json\/wp\/v2\/media\/146315"}],"wp:attachment":[{"href":"https:\/\/secureus.se\/pl\/wp-json\/wp\/v2\/media?parent=146316"}],"wp:term":[{"taxonomy":"product_brand","embeddable":true,"href":"https:\/\/secureus.se\/pl\/wp-json\/wp\/v2\/product_brand?post=146316"},{"taxonomy":"product_cat","embeddable":true,"href":"https:\/\/secureus.se\/pl\/wp-json\/wp\/v2\/product_cat?post=146316"},{"taxonomy":"product_tag","embeddable":true,"href":"https:\/\/secureus.se\/pl\/wp-json\/wp\/v2\/product_tag?post=146316"}],"curies":[{"name":"wp","href":"https:\/\/api.w.org\/{rel}","templated":true}]}}