{"id":146326,"date":"2025-01-09T10:49:42","date_gmt":"2025-01-09T09:49:42","guid":{"rendered":"https:\/\/secureus.se\/risco-rvcm32w1600b-vupoint-2mp-inomhus-utomhus-p2p-ir-dome-kamera-28-mm-fast-objektiv\/"},"modified":"2026-04-23T13:30:07","modified_gmt":"2026-04-23T11:30:07","slug":"risco-vupoint-2mp-inomhus-utomhus-p2p-ir-dome-kamera-28-mm-fast-objektiv-rvcm32w1600b","status":"publish","type":"product","link":"https:\/\/secureus.se\/pl\/risco-vupoint-2mp-inomhus-utomhus-p2p-ir-dome-kamera-28-mm-fast-objektiv-rvcm32w1600b\/","title":{"rendered":"Kamera kopu\u0142kowa RISCO VUPoint 2MP do wewn\u0105trz\/na zewn\u0105trz P2P IR, obiektyw sta\u0142y 2,8 mm RVCM32W1600B"},"content":{"rendered":"<div class=\"row headername\">\n<div class=\"row\">\n<h1>Kamera kopu\u0142kowa RISCO VUPoint 2MP do wewn\u0105trz\/na zewn\u0105trz P2P IR, obiektyw sta\u0142y 2,8 mm RVCM32W1600B<\/h1>\n<p data-start=\"486\" data-end=\"898\">Kamera kopu\u0142kowa RISCO VUPoint 2MP IR do zastosowa\u0144 wewn\u0119trznych i zewn\u0119trznych P2P (model RVCM32W1600B) to zaawansowane rozwi\u0105zanie zabezpieczaj\u0105ce \u0142\u0105cz\u0105ce w sobie nagrywanie obrazu wideo w wysokiej rozdzielczo\u015bci, niezawodn\u0105 funkcjonalno\u015b\u0107 oraz \u0142atwo\u015b\u0107 instalacji, co umo\u017cliwia u\u017cytkowanie zar\u00f3wno wewn\u0105trz, jak i na zewn\u0105trz budynk\u00f3w.<\/p>\n<p data-start=\"486\" data-end=\"898\">Dzi\u0119ki rozdzielczo\u015bci 2 MP kamera zapewnia krystalicznie czysty obraz, kt\u00f3ry pozwala u\u017cytkownikom na dok\u0142adne monitorowanie swoich nieruchomo\u015bci, niezale\u017cnie od tego, czy znajduj\u0105 si\u0119 na miejscu, czy zdalnie.<\/p>\n<p data-start=\"900\" data-end=\"1312\">Zintegrowana technologia P2P (Peer-to-Peer) sprawia, \u017ce instalacja jest szybka i \u0142atwa, bez konieczno\u015bci zaawansowanej konfiguracji sieci.<\/p>\n<p data-start=\"900\" data-end=\"1312\">Mo\u017cesz \u0142atwo pod\u0142\u0105czy\u0107 kamer\u0119 do swojego systemu i rozpocz\u0105\u0107 strumieniowe przesy\u0142anie obrazu wideo bezpo\u015brednio za pomoc\u0105 smartfona lub komputera.<\/p>\n<p data-start=\"900\" data-end=\"1312\">Po pod\u0142\u0105czeniu kamery do chmury RISCO u\u017cytkownicy uzyskuj\u0105 dost\u0119p do zaawansowanych funkcji zarz\u0105dzania wideo, takich jak weryfikacja alarm\u00f3w w czasie rzeczywistym, podgl\u0105d na \u017cywo i nagrywanie.<\/p>\n<p data-start=\"1314\" data-end=\"1797\">Kamera ta doskonale sprawdzi si\u0119 w systemach bezpiecze\u0144stwa wymagaj\u0105cych zar\u00f3wno elastyczno\u015bci, jak i niezawodno\u015bci. Dzi\u0119ki sta\u0142emu obiektywowi 2,8 mm kamera oferuje szerokie pole widzenia wynosz\u0105ce 114,6\u00b0, co pozwala na obj\u0119cie szerokok\u0105tnego widoku wi\u0119kszych obszar\u00f3w.<\/p>\n<p data-start=\"1314\" data-end=\"1797\">Kamera jest tak\u017ce wyposa\u017cona w diody LED na podczerwie\u0144 (IR), kt\u00f3re zapewniaj\u0105 wyra\u017any obraz nawet przy s\u0142abym o\u015bwietleniu, a zasi\u0119g widzenia w nocy wynosi do 20 metr\u00f3w. Dzi\u0119ki temu kamer\u0119 mo\u017cna efektywnie wykorzystywa\u0107 zar\u00f3wno w dzie\u0144, jak i w nocy, zapewniaj\u0105c ci\u0105g\u0142y nadz\u00f3r.<\/p>\n<p data-start=\"1799\" data-end=\"2198\">Kamera jest przeznaczona do u\u017cytku zar\u00f3wno wewn\u0105trz, jak i na zewn\u0105trz, dzi\u0119ki czemu jest bardzo uniwersalna. Stopie\u0144 ochrony IP67 gwarantuje ochron\u0119 przed kurzem i wod\u0105, dzi\u0119ki czemu urz\u0105dzenie jest wystarczaj\u0105co wytrzyma\u0142e, aby poradzi\u0107 sobie z warunkami pogodowymi, takimi jak deszcz i \u015bnieg.<\/p>\n<p data-start=\"1799\" data-end=\"2198\">Dodatkowo kamera zosta\u0142a zaprojektowana tak, aby wytrzyma\u0107 ekstremalne temperatury \u2013 zakres temperatur pracy wynosi od -20\u00b0C do +60\u00b0C, dzi\u0119ki czemu doskonale nadaje si\u0119 do stosowania w r\u00f3\u017cnych klimatach.<\/p>\n<p data-start=\"2200\" data-end=\"2511\">Kolejn\u0105 wa\u017cn\u0105 cech\u0105 jest wbudowany mechaniczny filtr ICR (Infrared Cut Filter) do pracy w trybie dzie\u0144\/noc, kt\u00f3ry gwarantuje, \u017ce kamera dostarcza dok\u0142adne obrazy zar\u00f3wno w dzie\u0144, jak i w nocy.<\/p>\n<p data-start=\"2200\" data-end=\"2511\">Kamera obs\u0142uguje tak\u017ce lokalne przechowywanie danych na karcie SD, co zapewnia bezpieczny i niezawodny spos\u00f3b przechowywania nagra\u0144 wideo.<\/p>\n<p data-start=\"2513\" data-end=\"2820\">U\u017cytkownikom poszukuj\u0105cym profesjonalnego systemu wideo firma RISCO VUPoint oferuje kompleksowe rozwi\u0105zanie obs\u0142uguj\u0105ce wiele kamer, systemy NVR oraz wydajn\u0105 aplikacj\u0119 komputerow\u0105 do podgl\u0105du na \u017cywo i odtwarzania wideo w wielu lokalizacjach.<\/p>\n<p data-start=\"2513\" data-end=\"2820\">Dzi\u0119ki temu jest to doskona\u0142y wyb\u00f3r zar\u00f3wno dla ma\u0142ych, jak i du\u017cych system\u00f3w bezpiecze\u0144stwa.<\/p>\n<p data-start=\"2822\" data-end=\"2852\"><strong data-start=\"2822\" data-end=\"2850\">G\u0142\u00f3wne cechy:<\/strong><\/p>\n<ul data-start=\"2853\" data-end=\"3444\">\n<li data-start=\"2853\" data-end=\"2896\">\n<p data-start=\"2855\" data-end=\"2896\">Rozdzielczo\u015b\u0107 2MP zapewniaj\u0105ca wyra\u017an\u0105 jako\u015b\u0107 obrazu<\/p>\n<\/li>\n<li data-start=\"2897\" data-end=\"2950\">\n<p data-start=\"2899\" data-end=\"2950\">Obiektyw sta\u0142y 2,8 mm zapewniaj\u0105cy szeroki k\u0105t widzenia (pole widzenia 114,6\u00b0)<\/p>\n<\/li>\n<li data-start=\"2951\" data-end=\"3006\">\n<p data-start=\"2953\" data-end=\"3006\">Technologia P2P zapewniaj\u0105ca \u0142atw\u0105 instalacj\u0119 i po\u0142\u0105czenie<\/p>\n<\/li>\n<li data-start=\"3007\" data-end=\"3058\">\n<p data-start=\"3009\" data-end=\"3058\">Wizja nocna w podczerwieni z widoczno\u015bci\u0105 do 20 m<\/p>\n<\/li>\n<li data-start=\"3059\" data-end=\"3111\">\n<p data-start=\"3061\" data-end=\"3111\">Nagrywanie w jako\u015bci Full HD i lokalne przechowywanie na karcie SD<\/p>\n<\/li>\n<li data-start=\"3112\" data-end=\"3163\">\n<p data-start=\"3114\" data-end=\"3163\">Stopie\u0144 ochrony IP67 do u\u017cytku wewn\u0105trz i na zewn\u0105trz<\/p>\n<\/li>\n<li data-start=\"3164\" data-end=\"3210\">\n<p data-start=\"3166\" data-end=\"3210\">Wbudowany mechaniczny ICR do funkcji dzie\u0144\/noc<\/p>\n<\/li>\n<li data-start=\"3211\" data-end=\"3264\">\n<p data-start=\"3213\" data-end=\"3264\">Zgodno\u015b\u0107 z rozwi\u0105zaniami RISCO Cloud i rozwi\u0105zaniami zabezpieczaj\u0105cymi<\/p>\n<\/li>\n<li data-start=\"3265\" data-end=\"3328\">\n<p data-start=\"3267\" data-end=\"3328\">\u0141atwa integracja z profesjonalnymi systemami bezpiecze\u0144stwa RISCO<\/p>\n<\/li>\n<li data-start=\"3329\" data-end=\"3388\">\n<p data-start=\"3331\" data-end=\"3388\">Pe\u0142na kompatybilno\u015b\u0107 z rozwi\u0105zaniami RISCO VMS i NVR<\/p>\n<\/li>\n<li data-start=\"3389\" data-end=\"3444\">\n<p data-start=\"3391\" data-end=\"3444\">Certyfikowane do stosowania w r\u00f3\u017cnych \u015brodowiskach i klimatach<\/p>\n<\/li>\n<\/ul>\n<p data-start=\"3446\" data-end=\"3477\"><strong data-start=\"3446\" data-end=\"3475\">Dane techniczne:<\/strong><\/p>\n<ul data-start=\"3478\" data-end=\"3833\">\n<li data-start=\"3478\" data-end=\"3501\">\n<p data-start=\"3480\" data-end=\"3501\"><strong data-start=\"3480\" data-end=\"3495\">Rezolucja:<\/strong> 2MP<\/p>\n<\/li>\n<li data-start=\"3502\" data-end=\"3528\">\n<p data-start=\"3504\" data-end=\"3528\"><strong data-start=\"3504\" data-end=\"3519\">D\u0142ugo\u015b\u0107 ogniskowej:<\/strong> 2,8 mm<\/p>\n<\/li>\n<li data-start=\"3529\" data-end=\"3581\">\n<p data-start=\"3531\" data-end=\"3581\"><strong data-start=\"3531\" data-end=\"3559\">Maksymalna rozdzielczo\u015b\u0107 wideo:<\/strong> 1920\u00d71080 (Pe\u0142na rozdzielczo\u015b\u0107 HD)<\/p>\n<\/li>\n<li data-start=\"3582\" data-end=\"3620\">\n<p data-start=\"3584\" data-end=\"3620\"><strong data-start=\"3584\" data-end=\"3596\">Sk\u0142adowanie:<\/strong> Pami\u0119\u0107 lokalna karty SD<\/p>\n<\/li>\n<li data-start=\"3621\" data-end=\"3644\">\n<p data-start=\"3623\" data-end=\"3644\"><strong data-start=\"3623\" data-end=\"3635\">Pole widzenia:<\/strong> 114,6\u00b0<\/p>\n<\/li>\n<li data-start=\"3645\" data-end=\"3686\">\n<p data-start=\"3647\" data-end=\"3686\"><strong data-start=\"3647\" data-end=\"3662\">Widzenie nocne:<\/strong> Tak, do 20 metr\u00f3w<\/p>\n<\/li>\n<li data-start=\"3687\" data-end=\"3745\">\n<p data-start=\"3689\" data-end=\"3745\"><strong data-start=\"3689\" data-end=\"3708\">Klasyfikacja:<\/strong> IP67 (wodoodporno\u015b\u0107 i py\u0142oszczelno\u015b\u0107)<\/p>\n<\/li>\n<li data-start=\"3746\" data-end=\"3790\">\n<p data-start=\"3748\" data-end=\"3790\"><strong data-start=\"3748\" data-end=\"3772\">Zakres temperatur:<\/strong> -20\u00b0C do 60\u00b0C<\/p>\n<\/li>\n<li data-start=\"3791\" data-end=\"3815\">\n<p data-start=\"3793\" data-end=\"3815\"><strong data-start=\"3793\" data-end=\"3806\">Wolta\u017c:<\/strong> 12 V pr\u0105du sta\u0142ego<\/p>\n<\/li>\n<li data-start=\"3816\" data-end=\"3833\">\n<p data-start=\"3818\" data-end=\"3833\"><strong data-start=\"3818\" data-end=\"3827\">Waga:<\/strong> 180 gr<\/p>\n<\/li>\n<\/ul>\n<\/div>\n<\/div>","protected":false},"excerpt":{"rendered":"<p>Kamera kopu\u0142kowa RISCO VUPoint 2MP do zastosowa\u0144 wewn\u0119trznych i zewn\u0119trznych P2P IR to wysokiej jako\u015bci kamera bezpiecze\u0144stwa o rozdzielczo\u015bci 2MP, idealna do u\u017cytku wewn\u0105trz i na zewn\u0105trz.<\/p>\n<p>Wyposa\u017cona w sta\u0142y obiektyw 2,8 mm i funkcj\u0119 widzenia w nocy w podczerwieni kamera oferuje wyra\u017an\u0105 jako\u015b\u0107 obrazu i \u0142atw\u0105 instalacj\u0119 dzi\u0119ki technologii P2P.<\/p>","protected":false},"featured_media":146325,"template":"","meta":{"_acf_changed":false},"product_brand":[],"product_cat":[3192],"product_tag":[],"class_list":{"0":"post-146326","1":"product","2":"type-product","3":"status-publish","4":"has-post-thumbnail","6":"product_cat-risco-ip-kamera","7":"pa_brands-4risco","8":"tm-no-options","10":"first","11":"onbackorder","12":"sale","13":"taxable","14":"shipping-taxable","15":"purchasable","16":"product-type-simple"},"acf":[],"_links":{"self":[{"href":"https:\/\/secureus.se\/pl\/wp-json\/wp\/v2\/product\/146326","targetHints":{"allow":["GET"]}}],"collection":[{"href":"https:\/\/secureus.se\/pl\/wp-json\/wp\/v2\/product"}],"about":[{"href":"https:\/\/secureus.se\/pl\/wp-json\/wp\/v2\/types\/product"}],"wp:featuredmedia":[{"embeddable":true,"href":"https:\/\/secureus.se\/pl\/wp-json\/wp\/v2\/media\/146325"}],"wp:attachment":[{"href":"https:\/\/secureus.se\/pl\/wp-json\/wp\/v2\/media?parent=146326"}],"wp:term":[{"taxonomy":"product_brand","embeddable":true,"href":"https:\/\/secureus.se\/pl\/wp-json\/wp\/v2\/product_brand?post=146326"},{"taxonomy":"product_cat","embeddable":true,"href":"https:\/\/secureus.se\/pl\/wp-json\/wp\/v2\/product_cat?post=146326"},{"taxonomy":"product_tag","embeddable":true,"href":"https:\/\/secureus.se\/pl\/wp-json\/wp\/v2\/product_tag?post=146326"}],"curies":[{"name":"wp","href":"https:\/\/api.w.org\/{rel}","templated":true}]}}