{"id":146351,"date":"2025-01-09T18:18:16","date_gmt":"2025-01-09T17:18:16","guid":{"rendered":"https:\/\/secureus.se\/plastkort-premium-kombi-em4200mifare1k-med-magnet-hico\/"},"modified":"2025-12-31T21:39:44","modified_gmt":"2025-12-31T20:39:44","slug":"plastkort-premium-kombi-em4200mifare1k-med-magnet-hico","status":"publish","type":"product","link":"https:\/\/secureus.se\/pl\/plastkort-premium-kombi-em4200mifare1k-med-magnet-hico\/","title":{"rendered":"Karta plastikowa Premium Combi EM4200+Mifare1k z magnesem HiCo"},"content":{"rendered":"<p>Karta najwy\u017cszej jako\u015bci, wyprodukowana w Szwecji, o matowym, stylowym wyko\u0144czeniu, kt\u00f3ra doskonale sprawdzi si\u0119, je\u015bli chcesz umie\u015bci\u0107 na karcie nadruki i obrazy swojej firmy.<\/p>\n<p>Karta ta jest r\u00f3wnie\u017c przeznaczona dla tych, kt\u00f3rzy oczekuj\u0105 nieco wi\u0119cej wygl\u0105du i wyj\u0105tkowo dobrej jako\u015bci w por\u00f3wnaniu do standardowych kart plastikowych PVC.<\/p>\n<p>Karta kombinowana RFID z chipem EM4200 i Mifare1k \u2013 pasek magnetyczny HiCo.<\/p>\n<p>Numer PMM + RCO dla EM.<\/p>\n<p>Na pasku magnetycznym zakodowany jest kod RCO, taki sam jak na karcie.<\/p>\n<p>Nowa wersja z nowym tematem wizyt\u00f3wki, wizyt\u00f3wki wysokiej jako\u015bci<\/p>","protected":false},"excerpt":{"rendered":"<p>Karta ta jest r\u00f3wnie\u017c przeznaczona dla tych, kt\u00f3rzy oczekuj\u0105 nieco wi\u0119cej wygl\u0105du i wyj\u0105tkowo dobrej jako\u015bci w por\u00f3wnaniu do standardowych kart plastikowych PVC.<\/p>","protected":false},"featured_media":146349,"template":"","meta":{"_acf_changed":false},"product_brand":[],"product_cat":[1324,4224],"product_tag":[],"class_list":{"0":"post-146351","1":"product","2":"type-product","3":"status-publish","4":"has-post-thumbnail","6":"product_cat-outlet","7":"product_cat-rfid-kort-mifare1k-em4200-kombinerade","8":"pa_brands-stonehouse-security","9":"tm-has-options","11":"first","12":"instock","13":"sale","14":"taxable","15":"shipping-taxable","16":"purchasable","17":"product-type-simple"},"acf":[],"_links":{"self":[{"href":"https:\/\/secureus.se\/pl\/wp-json\/wp\/v2\/product\/146351","targetHints":{"allow":["GET"]}}],"collection":[{"href":"https:\/\/secureus.se\/pl\/wp-json\/wp\/v2\/product"}],"about":[{"href":"https:\/\/secureus.se\/pl\/wp-json\/wp\/v2\/types\/product"}],"wp:featuredmedia":[{"embeddable":true,"href":"https:\/\/secureus.se\/pl\/wp-json\/wp\/v2\/media\/146349"}],"wp:attachment":[{"href":"https:\/\/secureus.se\/pl\/wp-json\/wp\/v2\/media?parent=146351"}],"wp:term":[{"taxonomy":"product_brand","embeddable":true,"href":"https:\/\/secureus.se\/pl\/wp-json\/wp\/v2\/product_brand?post=146351"},{"taxonomy":"product_cat","embeddable":true,"href":"https:\/\/secureus.se\/pl\/wp-json\/wp\/v2\/product_cat?post=146351"},{"taxonomy":"product_tag","embeddable":true,"href":"https:\/\/secureus.se\/pl\/wp-json\/wp\/v2\/product_tag?post=146351"}],"curies":[{"name":"wp","href":"https:\/\/api.w.org\/{rel}","templated":true}]}}