{"id":146354,"date":"2025-01-09T18:37:25","date_gmt":"2025-01-09T17:37:25","guid":{"rendered":"https:\/\/secureus.se\/plastkort-em4200-mifare1k-classic-kombi-med-magnet-hico-6-siffror\/"},"modified":"2025-12-31T21:45:38","modified_gmt":"2025-12-31T20:45:38","slug":"plastkort-em4200-mifare1k-classic-kombi-med-magnet-hico-6-siffror","status":"publish","type":"product","link":"https:\/\/secureus.se\/pl\/plastkort-em4200-mifare1k-classic-kombi-med-magnet-hico-6-siffror\/","title":{"rendered":"Karta plastikowa EM4200 + MIFARE1k Classic\u00ae Combi z magnesem HiCo \u2013 6 cyfr"},"content":{"rendered":"<p>Karta RFID z chipem EM4200 + MIFARE1k Classic\u00ae w jednym, z wygrawerowanym magnesem HiCo i 6 cyframi. (Nie musisz u\u017cywa\u0107 liczb)<\/p>\n<p><span data-teams=\"true\">Ten produkt posiada certyfikowany chip firmy NXP\u00ae, kt\u00f3ra jest globaln\u0105 firm\u0105 technologiczn\u0105 z siedzib\u0105 w Holandii. NXP\u00ae specjalizuje si\u0119 w RFID i NFC i oferuje szerok\u0105 gam\u0119 produkt\u00f3w z zakresu bezpiecze\u0144stwa, \u0142\u0105czno\u015bci i rozwi\u0105za\u0144 wbudowanych<\/span><\/p>","protected":false},"excerpt":{"rendered":"<p>Karta RFID z chipem EM4200 + MIFARE1k Classic\u00ae w jednym, z wygrawerowanym magnesem HiCo i 6 cyframi. (Nie musisz u\u017cywa\u0107 liczb)<\/p>","protected":false},"featured_media":146355,"template":"","meta":{"_acf_changed":false},"product_brand":[],"product_cat":[1324,4234,4224],"product_tag":[],"class_list":{"0":"post-146354","1":"product","2":"type-product","3":"status-publish","4":"has-post-thumbnail","6":"product_cat-outlet","7":"product_cat-rfid-kort-magnet","8":"product_cat-rfid-kort-mifare1k-em4200-kombinerade","9":"pa_brands-stonehouse-security","10":"tm-has-options","12":"first","13":"instock","14":"sale","15":"taxable","16":"shipping-taxable","17":"purchasable","18":"product-type-simple"},"acf":[],"_links":{"self":[{"href":"https:\/\/secureus.se\/pl\/wp-json\/wp\/v2\/product\/146354","targetHints":{"allow":["GET"]}}],"collection":[{"href":"https:\/\/secureus.se\/pl\/wp-json\/wp\/v2\/product"}],"about":[{"href":"https:\/\/secureus.se\/pl\/wp-json\/wp\/v2\/types\/product"}],"wp:featuredmedia":[{"embeddable":true,"href":"https:\/\/secureus.se\/pl\/wp-json\/wp\/v2\/media\/146355"}],"wp:attachment":[{"href":"https:\/\/secureus.se\/pl\/wp-json\/wp\/v2\/media?parent=146354"}],"wp:term":[{"taxonomy":"product_brand","embeddable":true,"href":"https:\/\/secureus.se\/pl\/wp-json\/wp\/v2\/product_brand?post=146354"},{"taxonomy":"product_cat","embeddable":true,"href":"https:\/\/secureus.se\/pl\/wp-json\/wp\/v2\/product_cat?post=146354"},{"taxonomy":"product_tag","embeddable":true,"href":"https:\/\/secureus.se\/pl\/wp-json\/wp\/v2\/product_tag?post=146354"}],"curies":[{"name":"wp","href":"https:\/\/api.w.org\/{rel}","templated":true}]}}