{"id":146359,"date":"2025-01-09T18:46:27","date_gmt":"2025-01-09T17:46:27","guid":{"rendered":"https:\/\/secureus.se\/passerkort-rfid-kort-kombi-em4200-mifare1k-aptus-print\/"},"modified":"2025-10-12T15:10:53","modified_gmt":"2025-10-12T13:10:53","slug":"passerkort-rfid-kort-kombi-em4200-mifare1k-aptus-print","status":"publish","type":"product","link":"https:\/\/secureus.se\/pl\/passerkort-rfid-kort-kombi-em4200-mifare1k-aptus-print\/","title":{"rendered":"Karta dost\u0119pu \u2013 Karta RFID \u2013 Combi EM4200 \/ MIFARE1k \u2013 Aptus Print"},"content":{"rendered":"<p>Na karcie wygrawerowany jest numer dru\u017cyny Aptus na Mistrzostwa Europy. Nie musisz u\u017cywa\u0107 liczb.<\/p>\n<p><strong>Uk\u0142ad EM4200\/Mifare1k po\u0142\u0105czony w jednej karcie!<\/strong><\/p>\n<p><span data-teams=\"true\">Ten produkt posiada certyfikowany chip firmy NXP\u00ae, kt\u00f3ra jest globaln\u0105 firm\u0105 technologiczn\u0105 z siedzib\u0105 w Holandii. NXP\u00ae specjalizuje si\u0119 w RFID i NFC i oferuje szerok\u0105 gam\u0119 produkt\u00f3w z zakresu bezpiecze\u0144stwa, \u0142\u0105czno\u015bci i rozwi\u0105za\u0144 wbudowanych<\/span><\/p>","protected":false},"excerpt":{"rendered":"<p>Uk\u0142ad EM4200\/Mifare1k po\u0142\u0105czony w jednej karcie!<\/p>","protected":false},"featured_media":146358,"template":"","meta":{"_acf_changed":false},"product_brand":[],"product_cat":[1324,3841,4224],"product_tag":[],"class_list":{"0":"post-146359","1":"product","2":"type-product","3":"status-publish","4":"has-post-thumbnail","6":"product_cat-outlet","7":"product_cat-aptus-taggar","8":"product_cat-rfid-kort-mifare1k-em4200-kombinerade","9":"pa_brands-stonehouse-security","10":"tm-has-options","12":"first","13":"instock","14":"sale","15":"taxable","16":"shipping-taxable","17":"purchasable","18":"product-type-simple"},"acf":[],"_links":{"self":[{"href":"https:\/\/secureus.se\/pl\/wp-json\/wp\/v2\/product\/146359","targetHints":{"allow":["GET"]}}],"collection":[{"href":"https:\/\/secureus.se\/pl\/wp-json\/wp\/v2\/product"}],"about":[{"href":"https:\/\/secureus.se\/pl\/wp-json\/wp\/v2\/types\/product"}],"wp:featuredmedia":[{"embeddable":true,"href":"https:\/\/secureus.se\/pl\/wp-json\/wp\/v2\/media\/146358"}],"wp:attachment":[{"href":"https:\/\/secureus.se\/pl\/wp-json\/wp\/v2\/media?parent=146359"}],"wp:term":[{"taxonomy":"product_brand","embeddable":true,"href":"https:\/\/secureus.se\/pl\/wp-json\/wp\/v2\/product_brand?post=146359"},{"taxonomy":"product_cat","embeddable":true,"href":"https:\/\/secureus.se\/pl\/wp-json\/wp\/v2\/product_cat?post=146359"},{"taxonomy":"product_tag","embeddable":true,"href":"https:\/\/secureus.se\/pl\/wp-json\/wp\/v2\/product_tag?post=146359"}],"curies":[{"name":"wp","href":"https:\/\/api.w.org\/{rel}","templated":true}]}}