{"id":146387,"date":"2025-01-10T14:30:53","date_gmt":"2025-01-10T13:30:53","guid":{"rendered":"https:\/\/secureus.se\/?post_type=product&#038;p=146387"},"modified":"2026-04-15T17:36:53","modified_gmt":"2026-04-15T15:36:53","slug":"ajax-waterstop-1-2-valve-vattenavstangningsventil-1-2-tum-tradlos-vit","status":"publish","type":"product","link":"https:\/\/secureus.se\/pl\/ajax-waterstop-1-2-valve-vattenavstangningsventil-1-2-tum-tradlos-vit\/","title":{"rendered":"Zaw\u00f3r odcinaj\u0105cy wod\u0119 Ajax WaterStop (1\/2 cala) \u2013 bezprzewodowy bia\u0142y"},"content":{"rendered":"<h3><strong>Zaw\u00f3r odcinaj\u0105cy wod\u0119 Ajax WaterStop 1\/2\u2033<\/strong><\/h3>\n<p>Ajax WaterStop to innowacyjny i niezawodny zaw\u00f3r odcinaj\u0105cy dop\u0142yw wody, kt\u00f3ry mo\u017cna pod\u0142\u0105czy\u0107 do systemu bezpiecze\u0144stwa Ajax. Dzi\u0119ki obs\u0142udze komunikacji bezprzewodowej, scenariuszy automatyzacji i sterowania r\u0119cznego zaw\u00f3r ten oferuje kompletne rozwi\u0105zanie chroni\u0105ce Twoj\u0105 nieruchomo\u015b\u0107 przed szkodami wyrz\u0105dzonymi przez wod\u0119.<\/p>\n<hr \/>\n<h3><strong>G\u0142\u00f3wne funkcje<\/strong><\/h3>\n<ol>\n<li><strong>Szybkie wy\u0142\u0105czanie<\/strong><br \/>\nZamyka wod\u0119 w ci\u0105gu zaledwie 7 sekund po uruchomieniu alarmu przez Ajax LeaksProtect lub inny kompatybilny czujnik zalania.<\/li>\n<li><strong>Wiele opcji sterowania<\/strong>\n<ul>\n<li>Automatyczne scenariusze na podstawie alarmu lub zaplanowanego czasu.<\/li>\n<li>Za pomoc\u0105 aplikacji Ajax lub prze\u0142\u0105cznika \u015bciennego.<\/li>\n<li>Fizyczny przycisk i r\u0119czna d\u017awignia zapewniaj\u0105 \u0142atw\u0105 kontrol\u0119.<\/li>\n<\/ul>\n<\/li>\n<li><strong>Zgodno\u015b\u0107<\/strong><br \/>\nObs\u0142uguje wszystkie koncentratory Ajax i urz\u0105dzenia ReX (Hub Plus, Hub 2, Hub 2 Plus, Hub Hybrid, ReX i ReX 2).<\/li>\n<li><strong>Trwa\u0142a konstrukcja<\/strong><br \/>\nWykonane z mosi\u0105dzu, zgodne z norm\u0105 ISO 5211, moment dokr\u0119cania 10 Nm. Wytrzymuje ci\u015bnienie wody do 40 bar\u00f3w i temperatury od +5\u00b0C do +120\u00b0C.<\/li>\n<li><strong>Praca na baterii i kopia zapasowa<\/strong><br \/>\nZasilany czterema bateriami CR123A o \u017cywotno\u015bci do 3 lat. Mo\u017cliwo\u015b\u0107 zewn\u0119trznego zasilania w celu zapewnienia pracy ci\u0105g\u0142ej.<\/li>\n<\/ol>\n<hr \/>\n<h3><strong>Dane techniczne<\/strong><\/h3>\n<ul>\n<li><strong>Rozmiar zaworu:<\/strong> 1\/2 cala (DN15)<\/li>\n<li><strong>Zakres:<\/strong> Do 1100 metr\u00f3w (teren wolny)<\/li>\n<li><strong>Bateria:<\/strong> 4 x CR123A, 3 V (w zestawie)<\/li>\n<li><strong>\u017bycie:<\/strong> Do 3 lat (przy zasilaniu bateryjnym)<\/li>\n<li><strong>Tworzywo:<\/strong> Mosi\u0105dz<\/li>\n<li><strong>Maksymalne ci\u015bnienie wody:<\/strong> 40 bar<\/li>\n<li><strong>Ocena IP:<\/strong> IP56<\/li>\n<li><strong>Zakres temperatur:<\/strong> 0\u00b0C do +60\u00b0C<\/li>\n<li><strong>Mierzy\u0107:<\/strong> Kompaktowa konstrukcja u\u0142atwiaj\u0105ca instalacj\u0119<\/li>\n<\/ul>\n<hr \/>\n<h3><strong>Zalety Ajax WaterStop<\/strong><\/h3>\n<ul>\n<li><strong>Elastyczno\u015b\u0107:<\/strong> Mo\u017cna stosowa\u0107 do wody ciep\u0142ej i zimnej.<\/li>\n<li><strong>Dostosowanie:<\/strong> Automatyczne scenariusze wy\u0142\u0105czania wody, gdy nikogo nie ma w domu lub o okre\u015blonych godzinach.<\/li>\n<li><strong>Bezpiecze\u0144stwo:<\/strong> Alarm antysabota\u017cowy i zabezpieczenie przed przegrzaniem i nieautoryzowanym usuni\u0119ciem.<\/li>\n<li><strong>\u0141atwo\u015b\u0107 u\u017cycia:<\/strong> Sterowanie i monitorowanie w czasie rzeczywistym za pomoc\u0105 aplikacji Ajax.<\/li>\n<\/ul>\n<hr \/>\n<h3><strong>Obszary zastosowa\u0144<\/strong><\/h3>\n<ul>\n<li><strong>Domy i apartamenty:<\/strong> Aby zapobiec szkodom wyrz\u0105dzonym przez wod\u0119.<\/li>\n<li><strong>Biura i przestrzenie publiczne:<\/strong> Wyeliminuj kosztowne powodzie.<\/li>\n<li><strong>Obiekty przemys\u0142owe:<\/strong> Kontrola przep\u0142ywu wody w du\u017cych obiektach.<\/li>\n<\/ul>\n<hr \/>\n<h3><strong>Zakres dostawy<\/strong><\/h3>\n<ul>\n<li>Zaw\u00f3r Ajax WaterStop 1\/2\u2033 (DN15)<\/li>\n<li>4 baterie CR123A (w zestawie)<\/li>\n<li>Skr\u00f3cona instrukcja obs\u0142ugi<\/li>\n<\/ul>\n<hr \/>\n<p>Wybiera\u0107 <strong>Ajax WaterStop<\/strong> dla bezpiecznego i p\u0142ynnego rozwi\u0105zania w zakresie gospodarki wodnej \u2013 Twoja nieruchomo\u015b\u0107 zas\u0142uguje na najlepsz\u0105 ochron\u0119!<\/p>","protected":false},"excerpt":{"rendered":"<p>Ajax WaterStop 1\/2\u2033 to bezprzewodowy zaw\u00f3r odcinaj\u0105cy wod\u0119, kt\u00f3ry zapewnia pe\u0142n\u0105 kontrol\u0119 nad przep\u0142ywem wody za po\u015brednictwem aplikacji Ajax. Doskonale nadaje si\u0119 do zapobiegania szkodom spowodowanym przez wod\u0119, dzi\u0119ki szybkiemu wy\u0142\u0105czeniu po wykryciu alarmu, w okre\u015blonym czasie lub w zautomatyzowanych scenariuszach. <strong>Wymagana jest jednostka centralna Ajax Hub.<\/strong><\/p>","protected":false},"featured_media":155624,"template":"","meta":{"_acf_changed":false},"product_brand":[],"product_cat":[3169,3158],"product_tag":[4863],"class_list":{"0":"post-146387","1":"product","2":"type-product","3":"status-publish","4":"has-post-thumbnail","6":"product_cat-automation","7":"product_cat-vattenlarm-och-fuktlarm","8":"product_tag-pf","9":"product_shipping_class-tunga-paket","10":"pa_brands-ajax-systems","11":"pa_farg-vit","12":"tm-no-options","14":"first","15":"instock","16":"sale","17":"taxable","18":"shipping-taxable","19":"purchasable","20":"product-type-simple"},"acf":[],"_links":{"self":[{"href":"https:\/\/secureus.se\/pl\/wp-json\/wp\/v2\/product\/146387","targetHints":{"allow":["GET"]}}],"collection":[{"href":"https:\/\/secureus.se\/pl\/wp-json\/wp\/v2\/product"}],"about":[{"href":"https:\/\/secureus.se\/pl\/wp-json\/wp\/v2\/types\/product"}],"wp:featuredmedia":[{"embeddable":true,"href":"https:\/\/secureus.se\/pl\/wp-json\/wp\/v2\/media\/155624"}],"wp:attachment":[{"href":"https:\/\/secureus.se\/pl\/wp-json\/wp\/v2\/media?parent=146387"}],"wp:term":[{"taxonomy":"product_brand","embeddable":true,"href":"https:\/\/secureus.se\/pl\/wp-json\/wp\/v2\/product_brand?post=146387"},{"taxonomy":"product_cat","embeddable":true,"href":"https:\/\/secureus.se\/pl\/wp-json\/wp\/v2\/product_cat?post=146387"},{"taxonomy":"product_tag","embeddable":true,"href":"https:\/\/secureus.se\/pl\/wp-json\/wp\/v2\/product_tag?post=146387"}],"curies":[{"name":"wp","href":"https:\/\/api.w.org\/{rel}","templated":true}]}}