{"id":146388,"date":"2025-01-10T14:30:52","date_gmt":"2025-01-10T13:30:52","guid":{"rendered":"https:\/\/secureus.se\/?post_type=product&#038;p=146388"},"modified":"2026-04-15T17:40:02","modified_gmt":"2026-04-15T15:40:02","slug":"ajax-waterstop-3-4-valve-vattenavstangningsventil-tradlos-vit","status":"publish","type":"product","link":"https:\/\/secureus.se\/pl\/ajax-waterstop-3-4-valve-vattenavstangningsventil-tradlos-vit\/","title":{"rendered":"Zaw\u00f3r odcinaj\u0105cy wod\u0119 Ajax WaterStop (3\/4 cala) \u2013 bezprzewodowy bia\u0142y"},"content":{"rendered":"<h3><strong>Zaw\u00f3r odcinaj\u0105cy wod\u0119 Ajax WaterStop 3\/4\u2033<\/strong><\/h3>\n<p>Ajax WaterStop to niezawodny zaw\u00f3r odcinaj\u0105cy dop\u0142yw wody, wykonany w oparciu o najnowocze\u015bniejsz\u0105 technologi\u0119, kt\u00f3ry integruje si\u0119 z systemem bezpiecze\u0144stwa Ajax. Dzi\u0119ki szybkiemu zamkni\u0119ciu, elastycznym opcjom sterowania i solidnej konstrukcji zaw\u00f3r ten jest idealnym rozwi\u0105zaniem zapobiegaj\u0105cym szkodom wyrz\u0105dzonym przez wod\u0119 zar\u00f3wno w domach, jak i firmach.<\/p>\n<hr \/>\n<h3><strong>G\u0142\u00f3wne funkcje<\/strong><\/h3>\n<ol>\n<li><strong>Optymalny dla dop\u0142ywaj\u0105cych przep\u0142yw\u00f3w wody<\/strong><br \/>\n3\/4\u2033 R20 to standardowy rozmiar dla wody dop\u0142ywaj\u0105cej, dzi\u0119ki czemu zaw\u00f3r ten idealnie nadaje si\u0119 do ochrony nieruchomo\u015bci przed szkodami spowodowanymi przez wod\u0119.<\/li>\n<li><strong>Wiele opcji sterowania<\/strong>\n<ul>\n<li><strong>Scenariusze automatyczne:<\/strong> W przypadku alarm\u00f3w z Ajax LeaksProtect lub innych czujnik\u00f3w.<\/li>\n<li><strong>Planowane wy\u0142\u0105czenia:<\/strong> \u0141atwy do skonfigurowania w aplikacji Ajax.<\/li>\n<li><strong>Sterowanie r\u0119czne:<\/strong> Za pomoc\u0105 fizycznego przycisku lub d\u017awigni na zaworze.<\/li>\n<\/ul>\n<\/li>\n<li><strong>Zaawansowana technologia dla bezpiecze\u0144stwa i wydajno\u015bci<\/strong>\n<ul>\n<li><strong>Gimnastyka:<\/strong> Zaw\u00f3r automatycznie si\u0119 uruchamia, aby zapobiec zakleszczeniu.<\/li>\n<li><strong>Zabezpieczenie przed manipulacj\u0105:<\/strong> Dodatkowy uchwyt zabezpiecza skrzynk\u0119 sterownicz\u0105 przed nieautoryzowanym demonta\u017cem.<\/li>\n<li><strong>Zasilanie awaryjne:<\/strong> Zewn\u0119trzne \u017ar\u00f3d\u0142o zasilania zapewniaj\u0105ce ci\u0105g\u0142\u0105 prac\u0119 nawet przy wymianie baterii.<\/li>\n<\/ul>\n<\/li>\n<li><strong>Solidna i trwa\u0142a konstrukcja<\/strong><br \/>\nWykonane z mosi\u0105dzu zgodnie z norm\u0105 ISO 5211, moment dokr\u0119cania 10 Nm. Wytrzymuje wysokie ci\u015bnienia i wahania temperatur, w tym gor\u0105c\u0105 wod\u0119 do +120\u00b0C.<\/li>\n<\/ol>\n<hr \/>\n<h3><strong>Dane techniczne<\/strong><\/h3>\n<ul>\n<li><strong>Rozmiar zaworu:<\/strong> 3\/4\u2033 (R20)<\/li>\n<li><strong>Zakres:<\/strong> Do 1100 metr\u00f3w (teren wolny)<\/li>\n<li><strong>Bateria:<\/strong> 4 x CR123A, 3 V (w zestawie)<\/li>\n<li><strong>\u017bywotno\u015b\u0107 baterii:<\/strong> Do 3 lat<\/li>\n<li><strong>Tworzywo:<\/strong> Mosi\u0105dz<\/li>\n<li><strong>Maksymalne ci\u015bnienie wody:<\/strong> 40 bar<\/li>\n<li><strong>Ocena IP:<\/strong> IP56<\/li>\n<li><strong>Zakres temperatur:<\/strong> 0\u00b0C do +60\u00b0C<\/li>\n<li><strong>Temperatura wody:<\/strong> +5\u00b0C do +120\u00b0C<\/li>\n<\/ul>\n<hr \/>\n<h3><strong>Zalety Ajax WaterStop 3\/4\u2033<\/strong><\/h3>\n<ul>\n<li><strong>Elastyczno\u015b\u0107:<\/strong> Idealny do dop\u0142yw\u00f3w wody i nadaje si\u0119 zar\u00f3wno do rur z zimn\u0105, jak i ciep\u0142\u0105 wod\u0105.<\/li>\n<li><strong>\u0141atwo\u015b\u0107 u\u017cycia:<\/strong> \u0141atwa instalacja i sterowanie poprzez aplikacj\u0119 Ajax.<\/li>\n<li><strong>Bezpiecze\u0144stwo:<\/strong> Alarm antysabota\u017cowy, zabezpieczenie przed przegrzaniem i powiadomienia o konieczno\u015bci konserwacji.<\/li>\n<li><strong>Zintegrowana automatyzacja:<\/strong> Utw\u00f3rz scenariusze wy\u0142\u0105czania wody o okre\u015blonych porach lub w przypadku aktywacji trybu bezpiecze\u0144stwa.<\/li>\n<\/ul>\n<hr \/>\n<h3><strong>Obszary zastosowa\u0144<\/strong><\/h3>\n<ul>\n<li><strong>Dom i mieszkanie:<\/strong> Zabezpiecz si\u0119 przed szkodami wyrz\u0105dzonymi przez wod\u0119 pochodz\u0105c\u0105 z nap\u0142ywaj\u0105cego strumienia.<\/li>\n<li><strong>Biura i firmy:<\/strong> Zminimalizuj szkody i koszty podczas powodzi.<\/li>\n<li><strong>\u015arodowiska przemys\u0142owe:<\/strong> Sprawd\u017a przep\u0142yw wody w wi\u0119kszych systemach.<\/li>\n<\/ul>\n<hr \/>\n<h3><strong>Zakres dostawy<\/strong><\/h3>\n<ul>\n<li>Zabezpieczenie przed wod\u0105 Ajax WaterStop 3\/4\u2033 (R20)<\/li>\n<li>4 baterie CR123A (w zestawie)<\/li>\n<li>Skr\u00f3cona instrukcja obs\u0142ugi<\/li>\n<\/ul>","protected":false},"excerpt":{"rendered":"<p>Ajax WaterStop 3\/4\u2033 to bezprzewodowy zaw\u00f3r odcinaj\u0105cy dop\u0142yw wody, idealny do odcinania dop\u0142ywu wody. Integruje si\u0119 z systemami bezpiecze\u0144stwa Ajax i oferuje zdalne, automatyczne i r\u0119czne sterowanie. <strong>Wymagana jest jednostka centralna Ajax Hub. <\/strong>Kompatybilny zar\u00f3wno z zimn\u0105, jak i ciep\u0142\u0105 wod\u0105 i wyposa\u017cony w zaawansowane funkcje bezpiecze\u0144stwa.<\/p>","protected":false},"featured_media":155624,"template":"","meta":{"_acf_changed":false},"product_brand":[],"product_cat":[3169,3158],"product_tag":[4863],"class_list":{"0":"post-146388","1":"product","2":"type-product","3":"status-publish","4":"has-post-thumbnail","6":"product_cat-automation","7":"product_cat-vattenlarm-och-fuktlarm","8":"product_tag-pf","9":"product_shipping_class-tunga-paket","10":"pa_brands-ajax-systems","11":"pa_farg-vit","12":"tm-no-options","14":"first","15":"onbackorder","16":"sale","17":"taxable","18":"shipping-taxable","19":"purchasable","20":"product-type-simple"},"acf":[],"_links":{"self":[{"href":"https:\/\/secureus.se\/pl\/wp-json\/wp\/v2\/product\/146388","targetHints":{"allow":["GET"]}}],"collection":[{"href":"https:\/\/secureus.se\/pl\/wp-json\/wp\/v2\/product"}],"about":[{"href":"https:\/\/secureus.se\/pl\/wp-json\/wp\/v2\/types\/product"}],"wp:featuredmedia":[{"embeddable":true,"href":"https:\/\/secureus.se\/pl\/wp-json\/wp\/v2\/media\/155624"}],"wp:attachment":[{"href":"https:\/\/secureus.se\/pl\/wp-json\/wp\/v2\/media?parent=146388"}],"wp:term":[{"taxonomy":"product_brand","embeddable":true,"href":"https:\/\/secureus.se\/pl\/wp-json\/wp\/v2\/product_brand?post=146388"},{"taxonomy":"product_cat","embeddable":true,"href":"https:\/\/secureus.se\/pl\/wp-json\/wp\/v2\/product_cat?post=146388"},{"taxonomy":"product_tag","embeddable":true,"href":"https:\/\/secureus.se\/pl\/wp-json\/wp\/v2\/product_tag?post=146388"}],"curies":[{"name":"wp","href":"https:\/\/api.w.org\/{rel}","templated":true}]}}