{"id":146559,"date":"2025-01-22T17:22:41","date_gmt":"2025-01-22T16:22:41","guid":{"rendered":"https:\/\/secureus.se\/cranford-controls-510-058-vtg-12v-32t-grund-bas-rod\/"},"modified":"2026-04-17T11:12:48","modified_gmt":"2026-04-17T09:12:48","slug":"cranford-controls-510-058-vtg-12v-32t","status":"publish","type":"product","link":"https:\/\/secureus.se\/pl\/cranford-controls-510-058-vtg-12v-32t\/","title":{"rendered":"Cranford Controls 510-058 VTG 12V 32T p\u0142ytka podstawa, czerwona"},"content":{"rendered":"<h1>Sterowanie Cranford 510-058 VTG 12V 32T<\/h1>\n<p>Cranford Controls 510-058 VTG to niezawodny i elastyczny sygnalizator przeznaczony do system\u00f3w bezpiecze\u0144stwa.<\/p>\n<p>Dzi\u0119ki 32 tonom i mo\u017cliwo\u015bci wyboru tonu przesterowanego, ten sygnalizator d\u017awi\u0119kowy daje u\u017cytkownikowi mo\u017cliwo\u015b\u0107 dostosowania go do w\u0142asnych potrzeb.<\/p>\n<p>Dost\u0119pna jest w dw\u00f3ch wersjach, odpowiednich do r\u00f3\u017cnych \u015brodowisk: jedna z p\u0142ytk\u0105 podstaw\u0105 (IP43), a druga z g\u0142\u0119bok\u0105 podstaw\u0105 (IP65), co zapewnia wszechstronno\u015b\u0107 zastosowa\u0144 zar\u00f3wno wewn\u0105trz, jak i na zewn\u0105trz.<\/p>\n<p>Mo\u017cliwo\u015b\u0107 prze\u0142\u0105czania funkcji pozwala na u\u017cywanie produktu wy\u0142\u0105cznie jako sygnalizatora, co sprawia, \u017ce jest on niezwykle wszechstronny.<\/p>\n<p>Aby zapewni\u0107 \u0142atw\u0105 instalacj\u0119, zastosowano unikalny system mocowania bagnetowego, kt\u00f3ry jest zar\u00f3wno wydajny, jak i szybki, a zdejmowana pokrywa na g\u0142\u0119bokiej podstawie umo\u017cliwia monta\u017c okablowania natynkowego.<\/p>\n<p>Dost\u0119pna jest r\u00f3wnie\u017c wersja z wbudowan\u0105 funkcj\u0105 antysabota\u017cow\u0105, kt\u00f3ra automatycznie powiadamia panel sterowania o nieautoryzowanym usuni\u0119ciu, co zwi\u0119ksza bezpiecze\u0144stwo.<\/p>","protected":false},"excerpt":{"rendered":"<p>Cranford Controls 510-058 VTG to montowany na \u015bcianie brz\u0119czyk o napi\u0119ciu 12 V, kt\u00f3ry oferuje 32 tony oraz dodatkowo wybieralny ton przesterowany.<\/p>\n<p>Produkt ten jest szczeg\u00f3lnie polecany do stosowania w systemach bezpiecze\u0144stwa i jest dost\u0119pny w wersji z p\u0142ytk\u0105 podstaw\u0105 (IP43) i g\u0142\u0119bok\u0105 podstaw\u0105 (IP65).<\/p>\n<p>Produkt posiada unikalny system mocowania bagnetowego, kt\u00f3ry u\u0142atwia instalacj\u0119, oraz zdejmowan\u0105 pokryw\u0119 na g\u0142\u0119bokiej podstawie, umo\u017cliwiaj\u0105c\u0105 monta\u017c okablowania natynkowego.<\/p>\n<p>Dost\u0119pna jest r\u00f3wnie\u017c wersja odporna na manipulacje, zapewniaj\u0105ca dodatkowe bezpiecze\u0144stwo.<\/p>","protected":false},"featured_media":146558,"template":"","meta":{"_acf_changed":false},"product_brand":[],"product_cat":[1562,1825,5098],"product_tag":[],"class_list":{"0":"post-146559","1":"product","2":"type-product","3":"status-publish","4":"has-post-thumbnail","6":"product_cat-larmdon-blixtljus","7":"product_cat-sirener-brand","8":"product_cat-siren-brand","9":"product_shipping_class-tunga-paket","10":"tm-no-options","12":"first","13":"instock","14":"taxable","15":"shipping-taxable","16":"purchasable","17":"product-type-simple"},"acf":[],"_links":{"self":[{"href":"https:\/\/secureus.se\/pl\/wp-json\/wp\/v2\/product\/146559","targetHints":{"allow":["GET"]}}],"collection":[{"href":"https:\/\/secureus.se\/pl\/wp-json\/wp\/v2\/product"}],"about":[{"href":"https:\/\/secureus.se\/pl\/wp-json\/wp\/v2\/types\/product"}],"wp:featuredmedia":[{"embeddable":true,"href":"https:\/\/secureus.se\/pl\/wp-json\/wp\/v2\/media\/146558"}],"wp:attachment":[{"href":"https:\/\/secureus.se\/pl\/wp-json\/wp\/v2\/media?parent=146559"}],"wp:term":[{"taxonomy":"product_brand","embeddable":true,"href":"https:\/\/secureus.se\/pl\/wp-json\/wp\/v2\/product_brand?post=146559"},{"taxonomy":"product_cat","embeddable":true,"href":"https:\/\/secureus.se\/pl\/wp-json\/wp\/v2\/product_cat?post=146559"},{"taxonomy":"product_tag","embeddable":true,"href":"https:\/\/secureus.se\/pl\/wp-json\/wp\/v2\/product_tag?post=146559"}],"curies":[{"name":"wp","href":"https:\/\/api.w.org\/{rel}","templated":true}]}}