{"id":146561,"date":"2025-01-22T17:22:41","date_gmt":"2025-01-22T16:22:41","guid":{"rendered":"https:\/\/secureus.se\/cranford-controls-511-099l-vtb-sounder-beacon-grunt-bas-rod-kropp-gul-lins\/"},"modified":"2026-04-23T13:29:20","modified_gmt":"2026-04-23T11:29:20","slug":"cranford-controls-511-099l-vtb-sounder-beacon-grunt-bas-rod-kropp-gul-lins","status":"publish","type":"product","link":"https:\/\/secureus.se\/pl\/cranford-controls-511-099l-vtb-sounder-beacon-grunt-bas-rod-kropp-gul-lins\/","title":{"rendered":"Cranford Controls 511-099L VTB Sounder\/Beacon, p\u0142ytki bas, czerwona obudowa, \u017c\u00f3\u0142ta soczewka"},"content":{"rendered":"<h1>Cranford Controls 511-099L VTB Sounder<\/h1>\n<div class=\"item-header rd-hyg-item-header\">Sygnalizator akustyczny\/ostrzegawczy VTB firmy Cranford Controls 511-099L jest przeznaczony do zapewniania zar\u00f3wno d\u017awi\u0119kowego, jak i wizualnego ostrzegania w \u015brodowiskach przemys\u0142owych i komercyjnych.<\/div>\n<div><\/div>\n<div class=\"item-header rd-hyg-item-header\">Posiada 32 brzmienia, w tym wybieralny przester, co pozwala na dostosowanie brzmienia do r\u00f3\u017cnych potrzeb.<\/div>\n<div><\/div>\n<div class=\"item-header rd-hyg-item-header\">Produkt dost\u0119pny jest w dw\u00f3ch wersjach: z p\u0142ytk\u0105 podstaw\u0105 (IP43) i g\u0142\u0119bok\u0105 podstaw\u0105 (IP65), dzi\u0119ki czemu nadaje si\u0119 do stosowania zar\u00f3wno wewn\u0105trz, jak i na zewn\u0105trz.<\/div>\n<div><\/div>\n<div class=\"item-header rd-hyg-item-header\">Mo\u017cliwo\u015b\u0107 prze\u0142\u0105czania funkcji sprawia, \u017ce urz\u0105dzenie mo\u017cna u\u017cywa\u0107 wy\u0142\u0105cznie jako sygnalizatora \u015bwietlnego, gdy zajdzie taka potrzeba.<\/div>\n<div><\/div>\n<div class=\"item-header rd-hyg-item-header\">Unikalny system mocowania bagnetowego sprawia, \u017ce instalacja jest szybka i \u0142atwa, a zdejmowana pokrywa na g\u0142\u0119bokiej podstawie pozwala na poprowadzenie kabli na zewn\u0105trz urz\u0105dzenia.<\/div>\n<div><\/div>\n<div class=\"item-header rd-hyg-item-header\">Aby zapewni\u0107 dodatkowe bezpiecze\u0144stwo, standardowo montowany jest system blokowania podstawy, gwarantuj\u0105cy bezpieczn\u0105 i stabiln\u0105 instalacj\u0119.<\/div>","protected":false},"excerpt":{"rendered":"<p>Sygnalizator akustyczny\/\u015bwietlny VTB firmy Cranford Controls 511-099L to niezawodne i skuteczne rozwi\u0105zanie zapewniaj\u0105ce ostrzegawczy sygna\u0142 d\u017awi\u0119kowy i \u015bwietlny w r\u00f3\u017cnych \u015brodowiskach.<\/p>\n<p>Dost\u0119pne s\u0105 wersje z p\u0142ytkim basem (IP43) i g\u0142\u0119bokim basem (IP65), oferuj\u0105ce 32 tony i mo\u017cliwo\u015b\u0107 wyboru przesterowanego brzmienia, co zapewnia elastyczno\u015b\u0107 instalacji.<\/p>\n<p>Unikalny system mocowania bagnetowego pozwala na \u0142atw\u0105 instalacj\u0119, a zdejmowana pokrywa na g\u0142\u0119bokiej podstawie umo\u017cliwia monta\u017c okablowania natynkowego.<\/p>","protected":false},"featured_media":146560,"template":"","meta":{"_acf_changed":false},"product_brand":[],"product_cat":[5097,1562,1825],"product_tag":[],"class_list":{"0":"post-146561","1":"product","2":"type-product","3":"status-publish","4":"has-post-thumbnail","6":"product_cat-kombisiren-blixt-brand","7":"product_cat-larmdon-blixtljus","8":"product_cat-sirener-brand","9":"product_shipping_class-tunga-paket","10":"tm-no-options","12":"first","13":"onbackorder","14":"sale","15":"taxable","16":"shipping-taxable","17":"purchasable","18":"product-type-simple"},"acf":[],"_links":{"self":[{"href":"https:\/\/secureus.se\/pl\/wp-json\/wp\/v2\/product\/146561","targetHints":{"allow":["GET"]}}],"collection":[{"href":"https:\/\/secureus.se\/pl\/wp-json\/wp\/v2\/product"}],"about":[{"href":"https:\/\/secureus.se\/pl\/wp-json\/wp\/v2\/types\/product"}],"wp:featuredmedia":[{"embeddable":true,"href":"https:\/\/secureus.se\/pl\/wp-json\/wp\/v2\/media\/146560"}],"wp:attachment":[{"href":"https:\/\/secureus.se\/pl\/wp-json\/wp\/v2\/media?parent=146561"}],"wp:term":[{"taxonomy":"product_brand","embeddable":true,"href":"https:\/\/secureus.se\/pl\/wp-json\/wp\/v2\/product_brand?post=146561"},{"taxonomy":"product_cat","embeddable":true,"href":"https:\/\/secureus.se\/pl\/wp-json\/wp\/v2\/product_cat?post=146561"},{"taxonomy":"product_tag","embeddable":true,"href":"https:\/\/secureus.se\/pl\/wp-json\/wp\/v2\/product_tag?post=146561"}],"curies":[{"name":"wp","href":"https:\/\/api.w.org\/{rel}","templated":true}]}}