{"id":147100,"date":"2025-01-29T09:09:26","date_gmt":"2025-01-29T08:09:26","guid":{"rendered":"https:\/\/secureus.se\/plastkort-076mm-cr80-blanka-100-pack\/"},"modified":"2026-04-28T13:55:10","modified_gmt":"2026-04-28T11:55:10","slug":"plastkort-076mm-cr80-blanka-100-pack","status":"publish","type":"product","link":"https:\/\/secureus.se\/pl\/plastkort-076mm-cr80-blanka-100-pack\/","title":{"rendered":"Karty plastikowe 0,76 mm CR80 Blank (opakowanie 100 szt.)"},"content":{"rendered":"<p>Najwy\u017cszej jako\u015bci bia\u0142e karty plastikowe, idealne rozwi\u0105zanie do druku wyj\u0105tkowych, spersonalizowanych kart identyfikacyjnych. Wysokiej jako\u015bci materia\u0142 PVC gwarantuje, \u017ce Twoi klienci i pracownicy otrzymaj\u0105 \u017cywe i stylowe nadruki. Maj\u0105 taki sam rozmiar jak zwyk\u0142e karty kredytowe i grubo\u015b\u0107 760 mikron\u00f3w.<\/p>\n<ul>\n<li>Sprzedawane w opakowaniach po 100 sztuk<\/li>\n<li>Standardowy rozmiar karty CR80 (85,60 x 53,98 mm)<\/li>\n<li>760 mikron\u00f3w\/30 mil<\/li>\n<li>Nadaje si\u0119 do stosowania ze wszystkimi drukarkami kart plastikowych<\/li>\n<li>Zapakowane w foli\u0119 termokurczliw\u0105 i bezpy\u0142owe<\/li>\n<\/ul>\n<p>Waga produktu:<br \/>\n0,50 kg<\/p>","protected":false},"excerpt":{"rendered":"<p>Najwy\u017cszej jako\u015bci bia\u0142e karty plastikowe, idealne rozwi\u0105zanie do druku wyj\u0105tkowych, spersonalizowanych kart identyfikacyjnych. Wysokiej jako\u015bci materia\u0142 PVC gwarantuje, \u017ce Twoi klienci i pracownicy otrzymaj\u0105 \u017cywe i stylowe nadruki. S\u0105 tej samej wielko\u015bci co<\/p>","protected":false},"featured_media":147099,"template":"","meta":{"_acf_changed":false},"product_brand":[],"product_cat":[1653,4235],"product_tag":[],"class_list":{"0":"post-147100","1":"product","2":"type-product","3":"status-publish","4":"has-post-thumbnail","6":"product_cat-gor-dina-egna-foretagskort","7":"product_cat-plastkort-utan-chip","8":"tm-no-options","10":"first","11":"onbackorder","12":"taxable","13":"shipping-taxable","14":"purchasable","15":"product-type-simple"},"acf":[],"_links":{"self":[{"href":"https:\/\/secureus.se\/pl\/wp-json\/wp\/v2\/product\/147100","targetHints":{"allow":["GET"]}}],"collection":[{"href":"https:\/\/secureus.se\/pl\/wp-json\/wp\/v2\/product"}],"about":[{"href":"https:\/\/secureus.se\/pl\/wp-json\/wp\/v2\/types\/product"}],"wp:featuredmedia":[{"embeddable":true,"href":"https:\/\/secureus.se\/pl\/wp-json\/wp\/v2\/media\/147099"}],"wp:attachment":[{"href":"https:\/\/secureus.se\/pl\/wp-json\/wp\/v2\/media?parent=147100"}],"wp:term":[{"taxonomy":"product_brand","embeddable":true,"href":"https:\/\/secureus.se\/pl\/wp-json\/wp\/v2\/product_brand?post=147100"},{"taxonomy":"product_cat","embeddable":true,"href":"https:\/\/secureus.se\/pl\/wp-json\/wp\/v2\/product_cat?post=147100"},{"taxonomy":"product_tag","embeddable":true,"href":"https:\/\/secureus.se\/pl\/wp-json\/wp\/v2\/product_tag?post=147100"}],"curies":[{"name":"wp","href":"https:\/\/api.w.org\/{rel}","templated":true}]}}