{"id":147345,"date":"2023-09-26T13:10:29","date_gmt":"2023-09-26T11:10:29","guid":{"rendered":"https:\/\/secureus.se\/elslutbleck-step-40-omstallbar-24v\/"},"modified":"2026-04-08T16:06:49","modified_gmt":"2026-04-08T14:06:49","slug":"elslutbleck-step-40-omstallbar-24v","status":"publish","type":"product","link":"https:\/\/secureus.se\/pl\/elslutbleck-step-40-omstallbar-24v\/","title":{"rendered":"Elektryczny zamek STEP 40 Regulowany 24V"},"content":{"rendered":"<h1>Elektryczny zamek STEP 40 Regulowany 24V<\/h1>\n<p>STEP 40 to zamek elektryczny z regulowan\u0105 funkcj\u0105, idealny do blokowania na dzie\u0144 i zastosowa\u0144 wymagaj\u0105cych wysokiego poziomu bezpiecze\u0144stwa. Wyposa\u017cony w technologi\u0119 HPR\u00ae i o wytrzyma\u0142o\u015bci na zerwanie 1200 kg.<\/p>\n<p>Elektrozaczep STEP 40 Preload HPR to wysokiej jako\u015bci elektrozaczep \u0142\u0105cz\u0105cy w sobie niezawodno\u015b\u0107 i elastyczno\u015b\u0107.<\/p>\n<p>Dzi\u0119ki kompaktowym wymiarom i opatentowanej technologii docisku listwowego drzwi otwieraj\u0105 si\u0119 nawet przy nacisku do 250 kg.<\/p>\n<p>STEP 40 nale\u017cy do serii Preload firmy STEP, co oznacza, \u017ce produkt zosta\u0142 przetestowany pod k\u0105tem wysokiej cz\u0119stotliwo\u015bci otwierania i b\u0119dzie dzia\u0142a\u0142 niezawodnie przez d\u0142ugi czas.<\/p>\n<p class=\"\" data-start=\"750\" data-end=\"1174\">Funkcja odwracalno\u015bci pozwala na ustawienie urz\u0105dzenia STEP 40 zar\u00f3wno przodem, jak i ty\u0142em do kierunku jazdy (zablokowane lub odblokowane w pozycji od\u0142\u0105czonej od zasilania), co zapewnia elastyczno\u015b\u0107 instalacji.<\/p>\n<p class=\"\" data-start=\"750\" data-end=\"1174\">Dzi\u0119ki wytrzyma\u0142o\u015bci na zerwanie wynosz\u0105cej 1200 kg (ok. 12 kN) i fabrycznie przetestowanej \u017cywotno\u015bci wynosz\u0105cej 1 500 000 cykli, STEP 40 jest trwa\u0142ym rozwi\u0105zaniem zar\u00f3wno do zamk\u00f3w jedno-, jak i dwuskrzyd\u0142owych.<\/p>\n<p class=\"\" data-start=\"750\" data-end=\"1174\">P\u0142ytka zaczepu elektrycznego jest r\u00f3wnie\u017c zabezpieczona przed manipulacj\u0105 i posiada otwory na \u015bruby pod k\u0105tem, co u\u0142atwia monta\u017c.<\/p>\n<p class=\"\" data-start=\"1176\" data-end=\"1191\"><strong data-start=\"1176\" data-end=\"1191\">W\u0142a\u015bciwo\u015bci:<\/strong><\/p>\n<ul data-start=\"1192\" data-end=\"1621\">\n<li class=\"\" data-start=\"1192\" data-end=\"1271\">\n<p class=\"\" data-start=\"1194\" data-end=\"1271\">Mo\u017cliwo\u015b\u0107 prze\u0142\u0105czania funkcji do przodu lub do ty\u0142u (blokada lub odblokowanie w trybie bez zasilania)<\/p>\n<\/li>\n<li class=\"\" data-start=\"1272\" data-end=\"1320\">\n<p class=\"\" data-start=\"1274\" data-end=\"1320\">Wbudowana dioda zabezpieczaj\u0105ca zapewniaj\u0105ca wi\u0119ksze bezpiecze\u0144stwo elektryczne<\/p>\n<\/li>\n<li class=\"\" data-start=\"1321\" data-end=\"1395\">\n<p class=\"\" data-start=\"1323\" data-end=\"1395\">Technologia HPR\u00ae gwarantuj\u0105ca otwarcie pomimo nacisku ta\u015bmy wynosz\u0105cego 250 kg (ok. 2,5 kN)<\/p>\n<\/li>\n<li class=\"\" data-start=\"1396\" data-end=\"1436\">\n<p class=\"\" data-start=\"1398\" data-end=\"1436\">Wytrzyma\u0142o\u015b\u0107 na zerwanie 1200 kg (ok. 12 kN)<\/p>\n<\/li>\n<li class=\"\" data-start=\"1437\" data-end=\"1474\">\n<p class=\"\" data-start=\"1439\" data-end=\"1474\">Testowany fabrycznie do 1 500 000 cykli<\/p>\n<\/li>\n<li class=\"\" data-start=\"1475\" data-end=\"1534\">\n<p class=\"\" data-start=\"1477\" data-end=\"1534\">Odporne na uderzenia i odwracalne, do drzwi prawych i lewych<\/p>\n<\/li>\n<li class=\"\" data-start=\"1535\" data-end=\"1579\">\n<p class=\"\" data-start=\"1537\" data-end=\"1579\">Otwory na \u015bruby sko\u015bne w tylnej kraw\u0119dzi<\/p>\n<\/li>\n<li class=\"\" data-start=\"1580\" data-end=\"1621\">\n<p class=\"\" data-start=\"1582\" data-end=\"1621\">Nadaje si\u0119 do zamk\u00f3w jedno- i dwuskrzyd\u0142owych<\/p>\n<\/li>\n<\/ul>\n<p class=\"\" data-start=\"1623\" data-end=\"1652\"><strong data-start=\"1623\" data-end=\"1652\">Dane techniczne:<\/strong><\/p>\n<ul data-start=\"1653\" data-end=\"2170\">\n<li class=\"\" data-start=\"1653\" data-end=\"1760\">\n<p class=\"\" data-start=\"1655\" data-end=\"1760\">Zasilanie: 12 V DC (+15% -10%) 220 mAh \/ maks. 600 mA lub 24 V DC (+15% -10%) 110 mAh \/ maks. 300 mA<\/p>\n<\/li>\n<li class=\"\" data-start=\"1761\" data-end=\"1801\">\n<p class=\"\" data-start=\"1763\" data-end=\"1801\">Trwa\u0142o\u015b\u0107: Klasa X zgodnie z norm\u0105 SS-EN 14846<\/p>\n<\/li>\n<li class=\"\" data-start=\"1802\" data-end=\"1841\">\n<p class=\"\" data-start=\"1804\" data-end=\"1841\">Korozja: Stopie\u0144 M zgodnie z norm\u0105 SS-EN 14846<\/p>\n<\/li>\n<li class=\"\" data-start=\"1842\" data-end=\"1880\">\n<p class=\"\" data-start=\"1844\" data-end=\"1880\">Bezpiecze\u0144stwo: Stopie\u0144 3 zgodnie z norm\u0105 SS-EN 14846<\/p>\n<\/li>\n<li class=\"\" data-start=\"1881\" data-end=\"1943\">\n<p class=\"\" data-start=\"1883\" data-end=\"1943\">Bezpiecze\u0144stwo manipulacji elektrycznych: Stopie\u0144 1 zgodnie z norm\u0105 SS-EN 14846<\/p>\n<\/li>\n<li class=\"\" data-start=\"1944\" data-end=\"1970\">\n<p class=\"\" data-start=\"1946\" data-end=\"1970\">Wytrzyma\u0142o\u015b\u0107 na zerwanie: 1200 kg<\/p>\n<\/li>\n<li class=\"\" data-start=\"1971\" data-end=\"2001\">\n<p class=\"\" data-start=\"1973\" data-end=\"2001\">Zawiasy drzwi: Prawe, Lewe<\/p>\n<\/li>\n<li class=\"\" data-start=\"2002\" data-end=\"2020\">\n<p class=\"\" data-start=\"2004\" data-end=\"2020\">Kabel w zestawie: Nie<\/p>\n<\/li>\n<li class=\"\" data-start=\"2021\" data-end=\"2040\">\n<p class=\"\" data-start=\"2023\" data-end=\"2040\">Nacisk ta\u015bmy: 250 kg<\/p>\n<\/li>\n<li class=\"\" data-start=\"2041\" data-end=\"2076\">\n<p class=\"\" data-start=\"2043\" data-end=\"2076\">Typ zamka: Zamek z pojedynczym zatrzaskiem, Zamek z podw\u00f3jnym zatrzaskiem<\/p>\n<\/li>\n<li class=\"\" data-start=\"2077\" data-end=\"2130\">\n<p class=\"\" data-start=\"2079\" data-end=\"2130\">Wymiary produktu: Szeroko\u015b\u0107: 25 mm, G\u0142\u0119boko\u015b\u0107: 28 mm, Wysoko\u015b\u0107: 90 mm<\/p>\n<\/li>\n<li class=\"\" data-start=\"2131\" data-end=\"2149\">\n<p class=\"\" data-start=\"2133\" data-end=\"2149\">Styk t\u0142oka: Nie<\/p>\n<\/li>\n<li class=\"\" data-start=\"2150\" data-end=\"2170\">\n<p class=\"\" data-start=\"2152\" data-end=\"2170\">Napi\u0119cie AC\/DC: DC<\/p>\n<\/li>\n<\/ul>","protected":false},"excerpt":{"rendered":"<p>Tutaj mo\u017cesz zobaczy\u0107, kt\u00f3re s\u0142upki i modele pasuj\u0105 do siebie z asortymentu elektrycznych ogranicznik\u00f3w drzwi STEP.<\/p>\n<h5><strong><a href=\"https:\/\/steplock.com\/sv\/stolpguide\/#!?lang=sv&amp;blog_id=1&amp;paged=1&amp;number=50\" target=\"_blank\" rel=\"noopener\">Przewodnik po STEP Post\u00a0<\/a><\/strong><\/h5>\n<h5><strong><a href=\"https:\/\/steplock.com\/sv\/projekteringsguide\/#!?lang=sv&amp;blog_id=1&amp;paged=1&amp;number=999\" target=\"_blank\" rel=\"noopener\">Przewodnik projektowy STEP<\/a><\/strong><\/h5>","protected":false},"featured_media":147342,"template":"","meta":{"_acf_changed":false},"product_brand":[],"product_cat":[3355],"product_tag":[4197,4202],"class_list":{"0":"post-147345","1":"product","2":"type-product","3":"status-publish","4":"has-post-thumbnail","6":"product_cat-elslutbleck","7":"product_tag-24v","8":"product_tag-omstallbar-rattvand-omvand","9":"product_shipping_class-tunga-paket","10":"pa_brands-step","11":"tm-no-options","13":"first","14":"instock","15":"sale","16":"taxable","17":"shipping-taxable","18":"purchasable","19":"product-type-simple"},"acf":[],"_links":{"self":[{"href":"https:\/\/secureus.se\/pl\/wp-json\/wp\/v2\/product\/147345","targetHints":{"allow":["GET"]}}],"collection":[{"href":"https:\/\/secureus.se\/pl\/wp-json\/wp\/v2\/product"}],"about":[{"href":"https:\/\/secureus.se\/pl\/wp-json\/wp\/v2\/types\/product"}],"wp:featuredmedia":[{"embeddable":true,"href":"https:\/\/secureus.se\/pl\/wp-json\/wp\/v2\/media\/147342"}],"wp:attachment":[{"href":"https:\/\/secureus.se\/pl\/wp-json\/wp\/v2\/media?parent=147345"}],"wp:term":[{"taxonomy":"product_brand","embeddable":true,"href":"https:\/\/secureus.se\/pl\/wp-json\/wp\/v2\/product_brand?post=147345"},{"taxonomy":"product_cat","embeddable":true,"href":"https:\/\/secureus.se\/pl\/wp-json\/wp\/v2\/product_cat?post=147345"},{"taxonomy":"product_tag","embeddable":true,"href":"https:\/\/secureus.se\/pl\/wp-json\/wp\/v2\/product_tag?post=147345"}],"curies":[{"name":"wp","href":"https:\/\/api.w.org\/{rel}","templated":true}]}}