{"id":147349,"date":"2023-09-26T13:10:28","date_gmt":"2023-09-26T11:10:28","guid":{"rendered":"https:\/\/secureus.se\/elslutbleck-step-40-omvand-24v\/"},"modified":"2026-03-26T09:44:18","modified_gmt":"2026-03-26T08:44:18","slug":"elslutbleck-step-40-omvand-24v","status":"publish","type":"product","link":"https:\/\/secureus.se\/pl\/elslutbleck-step-40-omvand-24v\/","title":{"rendered":"Elektryczny zamek STEP 40 wsteczny 24V"},"content":{"rendered":"<div><\/div>\n<div>\n<h1>Elektryczny zamek STEP 40 wsteczny 24V<\/h1>\n<p>STEP 40 to elektrozaczep z funkcj\u0105 rewersyjn\u0105, przeznaczony do bezpiecznego blokowania w ci\u0105gu dnia. Wyposa\u017cony w technologi\u0119 HPR\u00ae i charakteryzuj\u0105cy si\u0119 wytrzyma\u0142o\u015bci\u0105 na zerwanie 1200 kg, wytrzymuje du\u017ce ci\u015bnienie formowania i jest fabrycznie testowany pod k\u0105tem d\u0142ugiej trwa\u0142o\u015bci.<\/p>\n<p class=\"\" data-start=\"348\" data-end=\"712\">Elektrozaczep STEP 40 Preload HPR to wysokiej jako\u015bci elektrozaczep zapewniaj\u0105cy niezawodne bezpiecze\u0144stwo i d\u0142ug\u0105 \u017cywotno\u015b\u0107. Funkcja odwrotna oznacza, \u017ce zamek elektryczny jest odblokowany w pozycji bezpr\u0105dowej, co zapewnia bezpieczne i elastyczne rozwi\u0105zanie blokowania dziennego. STEP 40 nale\u017cy do serii Preload firmy STEP i \u0142\u0105czy w sobie minimalne wymiary z wysok\u0105 jako\u015bci\u0105 i elastyczno\u015bci\u0105.<\/p>\n<p class=\"\" data-start=\"714\" data-end=\"1105\">Opatentowana technologia HPR\u00ae gwarantuje, \u017ce drzwi otwieraj\u0105 si\u0119 nawet przy nacisku do 250 kg. \u017bywotno\u015b\u0107 elektrycznej p\u0142ytki zaczepowej potwierdzona jest fabrycznie testami na poziomie 1 500 000 cykli, co czyni j\u0105 niezawodnym i trwa\u0142ym rozwi\u0105zaniem zar\u00f3wno dla zamk\u00f3w z pojedynczym, jak i podw\u00f3jnym zatrzaskiem. Jest zabezpieczony przed manipulacj\u0105 i mo\u017cna go odwraca\u0107, pasuje zar\u00f3wno do drzwi prawych, jak i lewych. Posiada otwory na \u015bruby przykr\u0119cane uko\u015bnie, co u\u0142atwia monta\u017c.<\/p>\n<p class=\"\" data-start=\"1107\" data-end=\"1122\"><strong data-start=\"1107\" data-end=\"1122\">W\u0142a\u015bciwo\u015bci:<\/strong><\/p>\n<ul data-start=\"1123\" data-end=\"1512\">\n<li class=\"\" data-start=\"1123\" data-end=\"1165\">\n<p class=\"\" data-start=\"1125\" data-end=\"1165\">Funkcja rewersu (odblokowana w trybie beznapi\u0119ciowym)<\/p>\n<\/li>\n<li class=\"\" data-start=\"1166\" data-end=\"1215\">\n<p class=\"\" data-start=\"1168\" data-end=\"1215\">Wbudowana dioda zabezpieczaj\u0105ca zapewniaj\u0105ca dodatkowe bezpiecze\u0144stwo elektryczne<\/p>\n<\/li>\n<li class=\"\" data-start=\"1216\" data-end=\"1286\">\n<p class=\"\" data-start=\"1218\" data-end=\"1286\">Technologia HPR\u00ae gwarantuje otwarcie pomimo nacisku ta\u015bmy wynosz\u0105cego 250 kg (ok. 2,5 kN)<\/p>\n<\/li>\n<li class=\"\" data-start=\"1287\" data-end=\"1327\">\n<p class=\"\" data-start=\"1289\" data-end=\"1327\">Wytrzyma\u0142o\u015b\u0107 na zerwanie 1200 kg (ok. 12 kN)<\/p>\n<\/li>\n<li class=\"\" data-start=\"1328\" data-end=\"1365\">\n<p class=\"\" data-start=\"1330\" data-end=\"1365\">Testowany fabrycznie do 1 500 000 cykli<\/p>\n<\/li>\n<li class=\"\" data-start=\"1366\" data-end=\"1425\">\n<p class=\"\" data-start=\"1368\" data-end=\"1425\">Odporne na uderzenia i odwracalne, do drzwi prawych i lewych<\/p>\n<\/li>\n<li class=\"\" data-start=\"1426\" data-end=\"1470\">\n<p class=\"\" data-start=\"1428\" data-end=\"1470\">Otwory na \u015bruby sko\u015bne w tylnej kraw\u0119dzi<\/p>\n<\/li>\n<li class=\"\" data-start=\"1471\" data-end=\"1512\">\n<p class=\"\" data-start=\"1473\" data-end=\"1512\">Nadaje si\u0119 do zamk\u00f3w jedno- i dwuskrzyd\u0142owych<\/p>\n<\/li>\n<\/ul>\n<p class=\"\" data-start=\"1514\" data-end=\"1543\"><strong data-start=\"1514\" data-end=\"1543\">Dane techniczne:<\/strong><\/p>\n<ul data-start=\"1544\" data-end=\"2061\">\n<li class=\"\" data-start=\"1544\" data-end=\"1651\">\n<p class=\"\" data-start=\"1546\" data-end=\"1651\">Zasilanie: 12 V DC (+15% -10%) 220 mAh \/ maks. 600 mA lub 24 V DC (+15% -10%) 110 mAh \/ maks. 300 mA<\/p>\n<\/li>\n<li class=\"\" data-start=\"1652\" data-end=\"1692\">\n<p class=\"\" data-start=\"1654\" data-end=\"1692\">Trwa\u0142o\u015b\u0107: Klasa X zgodnie z norm\u0105 SS-EN 14846<\/p>\n<\/li>\n<li class=\"\" data-start=\"1693\" data-end=\"1732\">\n<p class=\"\" data-start=\"1695\" data-end=\"1732\">Korozja: Stopie\u0144 M zgodnie z norm\u0105 SS-EN 14846<\/p>\n<\/li>\n<li class=\"\" data-start=\"1733\" data-end=\"1771\">\n<p class=\"\" data-start=\"1735\" data-end=\"1771\">Bezpiecze\u0144stwo: Stopie\u0144 3 zgodnie z norm\u0105 SS-EN 14846<\/p>\n<\/li>\n<li class=\"\" data-start=\"1772\" data-end=\"1834\">\n<p class=\"\" data-start=\"1774\" data-end=\"1834\">Bezpiecze\u0144stwo manipulacji elektrycznych: Stopie\u0144 1 zgodnie z norm\u0105 SS-EN 14846<\/p>\n<\/li>\n<li class=\"\" data-start=\"1835\" data-end=\"1861\">\n<p class=\"\" data-start=\"1837\" data-end=\"1861\">Wytrzyma\u0142o\u015b\u0107 na zerwanie: 1200 kg<\/p>\n<\/li>\n<li class=\"\" data-start=\"1862\" data-end=\"1892\">\n<p class=\"\" data-start=\"1864\" data-end=\"1892\">Zawiasy drzwi: Prawe, Lewe<\/p>\n<\/li>\n<li class=\"\" data-start=\"1893\" data-end=\"1911\">\n<p class=\"\" data-start=\"1895\" data-end=\"1911\">Kabel w zestawie: Nie<\/p>\n<\/li>\n<li class=\"\" data-start=\"1912\" data-end=\"1931\">\n<p class=\"\" data-start=\"1914\" data-end=\"1931\">Nacisk ta\u015bmy: 250 kg<\/p>\n<\/li>\n<li class=\"\" data-start=\"1932\" data-end=\"1967\">\n<p class=\"\" data-start=\"1934\" data-end=\"1967\">Typ zamka: Zamek z pojedynczym zatrzaskiem, Zamek z podw\u00f3jnym zatrzaskiem<\/p>\n<\/li>\n<li class=\"\" data-start=\"1968\" data-end=\"2021\">\n<p class=\"\" data-start=\"1970\" data-end=\"2021\">Wymiary produktu: Szeroko\u015b\u0107: 25 mm, G\u0142\u0119boko\u015b\u0107: 28 mm, Wysoko\u015b\u0107: 90 mm<\/p>\n<\/li>\n<li class=\"\" data-start=\"2022\" data-end=\"2040\">\n<p class=\"\" data-start=\"2024\" data-end=\"2040\">Styk t\u0142oka: Nie<\/p>\n<\/li>\n<li class=\"\" data-start=\"2041\" data-end=\"2061\">\n<p class=\"\" data-start=\"2043\" data-end=\"2061\">Napi\u0119cie AC\/DC: DC<\/p>\n<\/li>\n<\/ul>\n<\/div>\n<div>\n<\/div>","protected":false},"excerpt":{"rendered":"<p>Tutaj mo\u017cesz zobaczy\u0107, kt\u00f3re s\u0142upki i modele pasuj\u0105 do siebie z asortymentu elektrycznych ogranicznik\u00f3w drzwi STEP.<\/p>\n<h5><strong><a href=\"https:\/\/steplock.com\/sv\/stolpguide\/#!?lang=sv&amp;blog_id=1&amp;paged=1&amp;number=50\" target=\"_blank\" rel=\"noopener\">Przewodnik po STEP Post\u00a0<\/a><\/strong><\/h5>\n<h5><strong><a href=\"https:\/\/steplock.com\/sv\/projekteringsguide\/#!?lang=sv&amp;blog_id=1&amp;paged=1&amp;number=999\" target=\"_blank\" rel=\"noopener\">Przewodnik projektowy STEP<\/a><\/strong><\/h5>","protected":false},"featured_media":147346,"template":"","meta":{"_acf_changed":false},"product_brand":[],"product_cat":[3355],"product_tag":[4197,4201],"class_list":{"0":"post-147349","1":"product","2":"type-product","3":"status-publish","4":"has-post-thumbnail","6":"product_cat-elslutbleck","7":"product_tag-24v","8":"product_tag-omvand","9":"product_shipping_class-tunga-paket","10":"pa_brands-step","11":"tm-no-options","13":"first","14":"instock","15":"sale","16":"taxable","17":"shipping-taxable","18":"purchasable","19":"product-type-simple"},"acf":[],"_links":{"self":[{"href":"https:\/\/secureus.se\/pl\/wp-json\/wp\/v2\/product\/147349","targetHints":{"allow":["GET"]}}],"collection":[{"href":"https:\/\/secureus.se\/pl\/wp-json\/wp\/v2\/product"}],"about":[{"href":"https:\/\/secureus.se\/pl\/wp-json\/wp\/v2\/types\/product"}],"wp:featuredmedia":[{"embeddable":true,"href":"https:\/\/secureus.se\/pl\/wp-json\/wp\/v2\/media\/147346"}],"wp:attachment":[{"href":"https:\/\/secureus.se\/pl\/wp-json\/wp\/v2\/media?parent=147349"}],"wp:term":[{"taxonomy":"product_brand","embeddable":true,"href":"https:\/\/secureus.se\/pl\/wp-json\/wp\/v2\/product_brand?post=147349"},{"taxonomy":"product_cat","embeddable":true,"href":"https:\/\/secureus.se\/pl\/wp-json\/wp\/v2\/product_cat?post=147349"},{"taxonomy":"product_tag","embeddable":true,"href":"https:\/\/secureus.se\/pl\/wp-json\/wp\/v2\/product_tag?post=147349"}],"curies":[{"name":"wp","href":"https:\/\/api.w.org\/{rel}","templated":true}]}}