{"id":147353,"date":"2023-09-26T13:10:26","date_gmt":"2023-09-26T11:10:26","guid":{"rendered":"https:\/\/secureus.se\/elslutbleck-step-40-omstallbar-24v-kolvkontakt\/"},"modified":"2026-04-08T16:03:07","modified_gmt":"2026-04-08T14:03:07","slug":"elslutbleck-step-40-omstallbar-24v-kolvkontakt","status":"publish","type":"product","link":"https:\/\/secureus.se\/pl\/elslutbleck-step-40-omstallbar-24v-kolvkontakt\/","title":{"rendered":"Elektryczny zamek STEP 40 Regulowany 24V Styk t\u0142okowy"},"content":{"rendered":"<h1>Elektryczny zamek STEP 40 Regulowany 24V Styk t\u0142okowy<\/h1>\n<p>STEP 40 to elektrozaczep z regulowan\u0105 funkcj\u0105 i stykiem t\u0142okowym, przeznaczony do bezpiecznego i niezawodnego blokowania w ci\u0105gu dnia. Wyposa\u017cony w technologi\u0119 HPR\u00ae, wytrzymuje wysokie ci\u015bnienie formowania i jest fabrycznie testowany pod k\u0105tem d\u0142ugiej trwa\u0142o\u015bci.<\/p>\n<p>Elektrozaczep STEP 40 Preload HPR to wysokiej jako\u015bci elektrozaczep z regulacj\u0105 funkcji i stykiem t\u0142okowym, kt\u00f3ry idealnie nadaje si\u0119 do zamykania na dzie\u0144 w \u015brodowiskach obj\u0119tych nadzorem.<\/p>\n<p>Produkt ten zosta\u0142 zaprojektowany tak, aby zapewni\u0107 wysok\u0105 niezawodno\u015b\u0107 dzia\u0142ania i d\u0142ug\u0105 \u017cywotno\u015b\u0107. Jest cz\u0119\u015bci\u0105 serii Preload firmy STEP, kt\u00f3ra \u0142\u0105czy w sobie minimalne wymiary z wysok\u0105 jako\u015bci\u0105 i elastyczno\u015bci\u0105.<\/p>\n<p class=\"\" data-start=\"719\" data-end=\"1175\">Funkcja prze\u0142\u0105czania pozwala na ustawienie urz\u0105dzenia STEP 40 przodem lub ty\u0142em do kierunku jazdy (zablokowane lub odblokowane w pozycji od\u0142\u0105czonej od zasilania), co zapewnia elastyczne rozwi\u0105zanie dostosowane do r\u00f3\u017cnych potrzeb instalacyjnych.<\/p>\n<p class=\"\" data-start=\"719\" data-end=\"1175\">Dzi\u0119ki opatentowanej technologii HPR\u00ae drzwi mo\u017cna otworzy\u0107 nawet przy nacisku do 250 kg, co gwarantuje niezawodn\u0105 prac\u0119 nawet w trudnych warunkach.<\/p>\n<p class=\"\" data-start=\"719\" data-end=\"1175\">Prze\u0142\u0105cznik t\u0142okowy informuje r\u00f3wnie\u017c o stanie zamkni\u0119tym\/otwartym drzwi, co zwi\u0119ksza ich funkcjonalno\u015b\u0107.<\/p>\n<p class=\"\" data-start=\"1177\" data-end=\"1419\">Rozwi\u0105zanie STEP 40, testowane fabrycznie do 1 500 000 cykli, to trwa\u0142e rozwi\u0105zanie do zamk\u00f3w z pojedynczym i podw\u00f3jnym zatrzaskiem. Jest on tak\u017ce zabezpieczony przed manipulacj\u0105 i mo\u017cna go odwraca\u0107 zar\u00f3wno do drzwi prawych, jak i lewych, dzi\u0119ki czemu mo\u017cna go \u0142atwo zamontowa\u0107 w r\u00f3\u017cnych systemach drzwiowych.<\/p>\n<p class=\"\" data-start=\"1421\" data-end=\"1436\"><strong data-start=\"1421\" data-end=\"1436\">W\u0142a\u015bciwo\u015bci:<\/strong><\/p>\n<ul data-start=\"1437\" data-end=\"1890\">\n<li class=\"\" data-start=\"1437\" data-end=\"1494\">\n<p class=\"\" data-start=\"1439\" data-end=\"1494\">Funkcja prze\u0142\u0105czalna (blokada lub odblokowanie w trybie bez zasilania)<\/p>\n<\/li>\n<li class=\"\" data-start=\"1495\" data-end=\"1553\">\n<p class=\"\" data-start=\"1497\" data-end=\"1553\">Styk t\u0142okowy ze wskazaniem stanu drzwi (zamkni\u0119te\/otwarte)<\/p>\n<\/li>\n<li class=\"\" data-start=\"1554\" data-end=\"1593\">\n<p class=\"\" data-start=\"1556\" data-end=\"1593\">Wbudowana dioda zabezpieczaj\u0105ca dla dodatkowego bezpiecze\u0144stwa<\/p>\n<\/li>\n<li class=\"\" data-start=\"1594\" data-end=\"1664\">\n<p class=\"\" data-start=\"1596\" data-end=\"1664\">Technologia HPR\u00ae gwarantuje otwarcie pomimo nacisku ta\u015bmy wynosz\u0105cego 250 kg (ok. 2,5 kN)<\/p>\n<\/li>\n<li class=\"\" data-start=\"1665\" data-end=\"1705\">\n<p class=\"\" data-start=\"1667\" data-end=\"1705\">Wytrzyma\u0142o\u015b\u0107 na zerwanie 1200 kg (ok. 12 kN)<\/p>\n<\/li>\n<li class=\"\" data-start=\"1706\" data-end=\"1743\">\n<p class=\"\" data-start=\"1708\" data-end=\"1743\">Testowany fabrycznie do 1 500 000 cykli<\/p>\n<\/li>\n<li class=\"\" data-start=\"1744\" data-end=\"1803\">\n<p class=\"\" data-start=\"1746\" data-end=\"1803\">Odporne na uderzenia i odwracalne, do drzwi prawych i lewych<\/p>\n<\/li>\n<li class=\"\" data-start=\"1804\" data-end=\"1848\">\n<p class=\"\" data-start=\"1806\" data-end=\"1848\">Otwory na \u015bruby sko\u015bne w tylnej kraw\u0119dzi<\/p>\n<\/li>\n<li class=\"\" data-start=\"1849\" data-end=\"1890\">\n<p class=\"\" data-start=\"1851\" data-end=\"1890\">Nadaje si\u0119 do zamk\u00f3w jedno- i dwuskrzyd\u0142owych<\/p>\n<\/li>\n<\/ul>\n<p class=\"\" data-start=\"1892\" data-end=\"1921\"><strong data-start=\"1892\" data-end=\"1921\">Dane techniczne:<\/strong><\/p>\n<ul data-start=\"1922\" data-end=\"2502\">\n<li class=\"\" data-start=\"1922\" data-end=\"2029\">\n<p class=\"\" data-start=\"1924\" data-end=\"2029\">Zasilanie: 12 V DC (+15% -10%) 220 mAh \/ maks. 600 mA lub 24 V DC (+15% -10%) 110 mAh \/ maks. 300 mA<\/p>\n<\/li>\n<li class=\"\" data-start=\"2030\" data-end=\"2093\">\n<p class=\"\" data-start=\"2032\" data-end=\"2093\">Styk t\u0142okowy: Mikroprze\u0142\u0105cznik jednobiegunowy prze\u0142\u0105czaj\u0105cy, maks. 30V pr\u0105du sta\u0142ego, 1A<\/p>\n<\/li>\n<li class=\"\" data-start=\"2094\" data-end=\"2134\">\n<p class=\"\" data-start=\"2096\" data-end=\"2134\">Trwa\u0142o\u015b\u0107: Klasa X zgodnie z norm\u0105 SS-EN 14846<\/p>\n<\/li>\n<li class=\"\" data-start=\"2135\" data-end=\"2174\">\n<p class=\"\" data-start=\"2137\" data-end=\"2174\">Korozja: Stopie\u0144 M zgodnie z norm\u0105 SS-EN 14846<\/p>\n<\/li>\n<li class=\"\" data-start=\"2175\" data-end=\"2213\">\n<p class=\"\" data-start=\"2177\" data-end=\"2213\">Bezpiecze\u0144stwo: Stopie\u0144 3 zgodnie z norm\u0105 SS-EN 14846<\/p>\n<\/li>\n<li class=\"\" data-start=\"2214\" data-end=\"2276\">\n<p class=\"\" data-start=\"2216\" data-end=\"2276\">Bezpiecze\u0144stwo manipulacji elektrycznych: Stopie\u0144 1 zgodnie z norm\u0105 SS-EN 14846<\/p>\n<\/li>\n<li class=\"\" data-start=\"2277\" data-end=\"2303\">\n<p class=\"\" data-start=\"2279\" data-end=\"2303\">Wytrzyma\u0142o\u015b\u0107 na zerwanie: 1200 kg<\/p>\n<\/li>\n<li class=\"\" data-start=\"2304\" data-end=\"2334\">\n<p class=\"\" data-start=\"2306\" data-end=\"2334\">Zawiasy drzwi: Prawe, Lewe<\/p>\n<\/li>\n<li class=\"\" data-start=\"2335\" data-end=\"2353\">\n<p class=\"\" data-start=\"2337\" data-end=\"2353\">Kabel w zestawie: Nie<\/p>\n<\/li>\n<li class=\"\" data-start=\"2354\" data-end=\"2373\">\n<p class=\"\" data-start=\"2356\" data-end=\"2373\">Nacisk ta\u015bmy: 250 kg<\/p>\n<\/li>\n<li class=\"\" data-start=\"2374\" data-end=\"2409\">\n<p class=\"\" data-start=\"2376\" data-end=\"2409\">Typ zamka: Zamek z pojedynczym zatrzaskiem, Zamek z podw\u00f3jnym zatrzaskiem<\/p>\n<\/li>\n<li class=\"\" data-start=\"2410\" data-end=\"2463\">\n<p class=\"\" data-start=\"2412\" data-end=\"2463\">Wymiary produktu: Szeroko\u015b\u0107: 25 mm, G\u0142\u0119boko\u015b\u0107: 28 mm, Wysoko\u015b\u0107: 90 mm<\/p>\n<\/li>\n<li class=\"\" data-start=\"2464\" data-end=\"2481\">\n<p class=\"\" data-start=\"2466\" data-end=\"2481\">Kontakt t\u0142okowy: Tak<\/p>\n<\/li>\n<li class=\"\" data-start=\"2482\" data-end=\"2502\">\n<p class=\"\" data-start=\"2484\" data-end=\"2502\">Napi\u0119cie AC\/DC: DC<\/p>\n<\/li>\n<\/ul>","protected":false},"excerpt":{"rendered":"<p>Tutaj mo\u017cesz zobaczy\u0107, kt\u00f3re s\u0142upki i modele pasuj\u0105 do siebie z asortymentu elektrycznych ogranicznik\u00f3w drzwi STEP.<\/p>\n<h5><strong><a href=\"https:\/\/steplock.com\/sv\/stolpguide\/#!?lang=sv&amp;blog_id=1&amp;paged=1&amp;number=50\" target=\"_blank\" rel=\"noopener\">Przewodnik po STEP Post\u00a0<\/a><\/strong><\/h5>\n<h5><strong><a href=\"https:\/\/steplock.com\/sv\/projekteringsguide\/#!?lang=sv&amp;blog_id=1&amp;paged=1&amp;number=999\" target=\"_blank\" rel=\"noopener\">Przewodnik projektowy STEP<\/a><\/strong><\/h5>","protected":false},"featured_media":147350,"template":"","meta":{"_acf_changed":false},"product_brand":[],"product_cat":[3355],"product_tag":[4197,4202],"class_list":{"0":"post-147353","1":"product","2":"type-product","3":"status-publish","4":"has-post-thumbnail","6":"product_cat-elslutbleck","7":"product_tag-24v","8":"product_tag-omstallbar-rattvand-omvand","9":"product_shipping_class-tunga-paket","10":"pa_brands-step","11":"tm-no-options","13":"first","14":"instock","15":"sale","16":"taxable","17":"shipping-taxable","18":"purchasable","19":"product-type-simple"},"acf":[],"_links":{"self":[{"href":"https:\/\/secureus.se\/pl\/wp-json\/wp\/v2\/product\/147353","targetHints":{"allow":["GET"]}}],"collection":[{"href":"https:\/\/secureus.se\/pl\/wp-json\/wp\/v2\/product"}],"about":[{"href":"https:\/\/secureus.se\/pl\/wp-json\/wp\/v2\/types\/product"}],"wp:featuredmedia":[{"embeddable":true,"href":"https:\/\/secureus.se\/pl\/wp-json\/wp\/v2\/media\/147350"}],"wp:attachment":[{"href":"https:\/\/secureus.se\/pl\/wp-json\/wp\/v2\/media?parent=147353"}],"wp:term":[{"taxonomy":"product_brand","embeddable":true,"href":"https:\/\/secureus.se\/pl\/wp-json\/wp\/v2\/product_brand?post=147353"},{"taxonomy":"product_cat","embeddable":true,"href":"https:\/\/secureus.se\/pl\/wp-json\/wp\/v2\/product_cat?post=147353"},{"taxonomy":"product_tag","embeddable":true,"href":"https:\/\/secureus.se\/pl\/wp-json\/wp\/v2\/product_tag?post=147353"}],"curies":[{"name":"wp","href":"https:\/\/api.w.org\/{rel}","templated":true}]}}