{"id":147361,"date":"2023-09-26T13:10:24","date_gmt":"2023-09-26T11:10:24","guid":{"rendered":"https:\/\/secureus.se\/elslutbleck-step-90-omstallbar-24v\/"},"modified":"2026-03-26T09:43:09","modified_gmt":"2026-03-26T08:43:09","slug":"elslutbleck-step-90-omstallbar-24v","status":"publish","type":"product","link":"https:\/\/secureus.se\/pl\/elslutbleck-step-90-omstallbar-24v\/","title":{"rendered":"Elektryczny zamek STEP 90 Regulowany 24V"},"content":{"rendered":"<h1>Elektryczny zamek STEP 90 Regulowany 24V<\/h1>\n<p>STEP 90 to elektrozaczep z atestem przeciwpo\u017carowym, regulowanymi funkcjami i wysokim poziomem bezpiecze\u0144stwa. Wyposa\u017cone w technologi\u0119 HPR\u00ae i o wytrzyma\u0142o\u015bci na rozerwanie 1200 kg, zaprojektowane tak, aby wytrzyma\u0107 du\u017c\u0105 cz\u0119stotliwo\u015b\u0107 otwierania i ognioodporno\u015b\u0107 do E\/EI120.<\/p>\n<p>Elektryczna p\u0142yta ko\u0144cowa<\/p>\n<p class=\"\" data-start=\"368\" data-end=\"786\">STEP 90 Preload HPR to wysokiej jako\u015bci p\u0142yta zaczepu elektrycznego \u0142\u0105cz\u0105ca w sobie minimalne wymiary z wysokim poziomem bezpiecze\u0144stwa i d\u0142ug\u0105 \u017cywotno\u015bci\u0105.<\/p>\n<p class=\"\" data-start=\"368\" data-end=\"786\">Produkt posiada atest ognioodporno\u015bci do E\/EI120 zgodnie z norm\u0105 SS-EN 14846:2008 i zosta\u0142 poddany rygorystycznym testom w celu zapewnienia ognioodporno\u015bci i niezawodnego dzia\u0142ania.<\/p>\n<p class=\"\" data-start=\"368\" data-end=\"786\">Opatentowana technologia HPR\u00ae umo\u017cliwia otwarcie drzwi nawet przy du\u017cym nacisku ta\u015bmy wynosz\u0105cym do 250 kg.<\/p>\n<p class=\"\" data-start=\"788\" data-end=\"1116\">Funkcja rewersyjna pozwala na ustawienie STEP 90 zar\u00f3wno przodem, jak i ty\u0142em do kierunku jazdy (zablokowanie lub odblokowanie w pozycji od\u0142\u0105czonej od zasilania), co sprawia, \u017ce mo\u017cna go elastycznie zamontowa\u0107 w r\u00f3\u017cnych systemach drzwiowych.<\/p>\n<p class=\"\" data-start=\"788\" data-end=\"1116\">Dzi\u0119ki wytrzyma\u0142o\u015bci na zerwanie wynosz\u0105cej 1200 kg (ok. 12 kN) i fabrycznemu testowi do 1 500 000 cykli, STEP 90 oferuje d\u0142ugotrwa\u0142e i niezawodne dzia\u0142anie.<\/p>\n<p class=\"\" data-start=\"1118\" data-end=\"1133\"><strong data-start=\"1118\" data-end=\"1133\">W\u0142a\u015bciwo\u015bci:<\/strong><\/p>\n<ul data-start=\"1134\" data-end=\"1634\">\n<li class=\"\" data-start=\"1134\" data-end=\"1213\">\n<p class=\"\" data-start=\"1136\" data-end=\"1213\">Mo\u017cliwo\u015b\u0107 prze\u0142\u0105czania funkcji do przodu lub do ty\u0142u (blokada lub odblokowanie w trybie bez zasilania)<\/p>\n<\/li>\n<li class=\"\" data-start=\"1214\" data-end=\"1287\">\n<p class=\"\" data-start=\"1216\" data-end=\"1287\">Certyfikowany pod k\u0105tem odporno\u015bci ogniowej do E\/EI 120 zgodnie z norm\u0105 SS-EN 14846:2008<\/p>\n<\/li>\n<li class=\"\" data-start=\"1288\" data-end=\"1336\">\n<p class=\"\" data-start=\"1290\" data-end=\"1336\">Wbudowana dioda zabezpieczaj\u0105ca zapewniaj\u0105ca wi\u0119ksze bezpiecze\u0144stwo elektryczne<\/p>\n<\/li>\n<li class=\"\" data-start=\"1337\" data-end=\"1407\">\n<p class=\"\" data-start=\"1339\" data-end=\"1407\">Technologia HPR\u00ae gwarantuje otwarcie pomimo nacisku ta\u015bmy wynosz\u0105cego 250 kg (ok. 2,5 kN)<\/p>\n<\/li>\n<li class=\"\" data-start=\"1408\" data-end=\"1448\">\n<p class=\"\" data-start=\"1410\" data-end=\"1448\">Wytrzyma\u0142o\u015b\u0107 na zerwanie 1200 kg (ok. 12 kN)<\/p>\n<\/li>\n<li class=\"\" data-start=\"1449\" data-end=\"1508\">\n<p class=\"\" data-start=\"1451\" data-end=\"1508\">Odporne na uderzenia i odwracalne, do drzwi prawych i lewych<\/p>\n<\/li>\n<li class=\"\" data-start=\"1509\" data-end=\"1553\">\n<p class=\"\" data-start=\"1511\" data-end=\"1553\">Otwory na \u015bruby sko\u015bne w tylnej kraw\u0119dzi<\/p>\n<\/li>\n<li class=\"\" data-start=\"1554\" data-end=\"1634\">\n<p class=\"\" data-start=\"1556\" data-end=\"1634\">Nadaje si\u0119 do zamk\u00f3w z pojedynczym i podw\u00f3jnym zatrzaskiem z serii Connect, Modul i Narrow Profile<\/p>\n<\/li>\n<\/ul>\n<p class=\"\" data-start=\"1636\" data-end=\"1665\"><strong data-start=\"1636\" data-end=\"1665\">Dane techniczne:<\/strong><\/p>\n<ul data-start=\"1666\" data-end=\"2206\">\n<li class=\"\" data-start=\"1666\" data-end=\"1773\">\n<p class=\"\" data-start=\"1668\" data-end=\"1773\">Zasilanie: 12 V DC (+15% -10%) 220 mAh \/ maks. 600 mA lub 24 V DC (+15% -10%) 110 mAh \/ maks. 300 mA<\/p>\n<\/li>\n<li class=\"\" data-start=\"1774\" data-end=\"1814\">\n<p class=\"\" data-start=\"1776\" data-end=\"1814\">Trwa\u0142o\u015b\u0107: Klasa X zgodnie z norm\u0105 SS-EN 14846<\/p>\n<\/li>\n<li class=\"\" data-start=\"1815\" data-end=\"1854\">\n<p class=\"\" data-start=\"1817\" data-end=\"1854\">Korozja: Stopie\u0144 M zgodnie z norm\u0105 SS-EN 14846<\/p>\n<\/li>\n<li class=\"\" data-start=\"1855\" data-end=\"1893\">\n<p class=\"\" data-start=\"1857\" data-end=\"1893\">Bezpiecze\u0144stwo: Stopie\u0144 3 zgodnie z norm\u0105 SS-EN 14846<\/p>\n<\/li>\n<li class=\"\" data-start=\"1894\" data-end=\"1956\">\n<p class=\"\" data-start=\"1896\" data-end=\"1956\">Bezpiecze\u0144stwo manipulacji elektrycznych: Stopie\u0144 1 zgodnie z norm\u0105 SS-EN 14846<\/p>\n<\/li>\n<li class=\"\" data-start=\"1957\" data-end=\"1979\">\n<p class=\"\" data-start=\"1959\" data-end=\"1979\">Test ogniowy: 120 min<\/p>\n<\/li>\n<li class=\"\" data-start=\"1980\" data-end=\"2006\">\n<p class=\"\" data-start=\"1982\" data-end=\"2006\">Wytrzyma\u0142o\u015b\u0107 na zerwanie: 1200 kg<\/p>\n<\/li>\n<li class=\"\" data-start=\"2007\" data-end=\"2037\">\n<p class=\"\" data-start=\"2009\" data-end=\"2037\">Zawiasy drzwi: Prawe, Lewe<\/p>\n<\/li>\n<li class=\"\" data-start=\"2038\" data-end=\"2056\">\n<p class=\"\" data-start=\"2040\" data-end=\"2056\">Kabel w zestawie: Nie<\/p>\n<\/li>\n<li class=\"\" data-start=\"2057\" data-end=\"2076\">\n<p class=\"\" data-start=\"2059\" data-end=\"2076\">Nacisk ta\u015bmy: 250 kg<\/p>\n<\/li>\n<li class=\"\" data-start=\"2077\" data-end=\"2112\">\n<p class=\"\" data-start=\"2079\" data-end=\"2112\">Typ zamka: Zamek z pojedynczym zatrzaskiem, Zamek z podw\u00f3jnym zatrzaskiem<\/p>\n<\/li>\n<li class=\"\" data-start=\"2113\" data-end=\"2166\">\n<p class=\"\" data-start=\"2115\" data-end=\"2166\">Wymiary produktu: Szeroko\u015b\u0107: 25 mm, G\u0142\u0119boko\u015b\u0107: 28 mm, Wysoko\u015b\u0107: 90 mm<\/p>\n<\/li>\n<li class=\"\" data-start=\"2167\" data-end=\"2185\">\n<p class=\"\" data-start=\"2169\" data-end=\"2185\">Styk t\u0142oka: Nie<\/p>\n<\/li>\n<li class=\"\" data-start=\"2186\" data-end=\"2206\">\n<p class=\"\" data-start=\"2188\" data-end=\"2206\">Napi\u0119cie AC\/DC: DC<\/p>\n<\/li>\n<\/ul>","protected":false},"excerpt":{"rendered":"<p>Tutaj mo\u017cesz zobaczy\u0107, kt\u00f3re s\u0142upki i modele pasuj\u0105 do siebie z asortymentu elektrycznych ogranicznik\u00f3w drzwi STEP.<\/p>\n<h5><strong><a href=\"https:\/\/steplock.com\/sv\/stolpguide\/#!?lang=sv&amp;blog_id=1&amp;paged=1&amp;number=50\" target=\"_blank\" rel=\"noopener\">Przewodnik po STEP Post\u00a0<\/a><\/strong><\/h5>\n<h5><strong><a href=\"https:\/\/steplock.com\/sv\/projekteringsguide\/#!?lang=sv&amp;blog_id=1&amp;paged=1&amp;number=999\" target=\"_blank\" rel=\"noopener\">Przewodnik projektowy STEP<\/a><\/strong><\/h5>","protected":false},"featured_media":147358,"template":"","meta":{"_acf_changed":false},"product_brand":[],"product_cat":[3355],"product_tag":[4197,4202],"class_list":{"0":"post-147361","1":"product","2":"type-product","3":"status-publish","4":"has-post-thumbnail","6":"product_cat-elslutbleck","7":"product_tag-24v","8":"product_tag-omstallbar-rattvand-omvand","9":"product_shipping_class-tunga-paket","10":"pa_brands-step","11":"tm-no-options","13":"first","14":"instock","15":"sale","16":"taxable","17":"shipping-taxable","18":"purchasable","19":"product-type-simple"},"acf":[],"_links":{"self":[{"href":"https:\/\/secureus.se\/pl\/wp-json\/wp\/v2\/product\/147361","targetHints":{"allow":["GET"]}}],"collection":[{"href":"https:\/\/secureus.se\/pl\/wp-json\/wp\/v2\/product"}],"about":[{"href":"https:\/\/secureus.se\/pl\/wp-json\/wp\/v2\/types\/product"}],"wp:featuredmedia":[{"embeddable":true,"href":"https:\/\/secureus.se\/pl\/wp-json\/wp\/v2\/media\/147358"}],"wp:attachment":[{"href":"https:\/\/secureus.se\/pl\/wp-json\/wp\/v2\/media?parent=147361"}],"wp:term":[{"taxonomy":"product_brand","embeddable":true,"href":"https:\/\/secureus.se\/pl\/wp-json\/wp\/v2\/product_brand?post=147361"},{"taxonomy":"product_cat","embeddable":true,"href":"https:\/\/secureus.se\/pl\/wp-json\/wp\/v2\/product_cat?post=147361"},{"taxonomy":"product_tag","embeddable":true,"href":"https:\/\/secureus.se\/pl\/wp-json\/wp\/v2\/product_tag?post=147361"}],"curies":[{"name":"wp","href":"https:\/\/api.w.org\/{rel}","templated":true}]}}