{"id":147364,"date":"2023-09-26T13:10:22","date_gmt":"2023-09-26T11:10:22","guid":{"rendered":"https:\/\/secureus.se\/elslutbleck-step-18-vanster-rattvand-24v-for-assa-511\/"},"modified":"2026-04-23T12:27:57","modified_gmt":"2026-04-23T10:27:57","slug":"elslutbleck-step-18-vanster-rattvand-24v-for-assa-511","status":"publish","type":"product","link":"https:\/\/secureus.se\/pl\/elslutbleck-step-18-vanster-rattvand-24v-for-assa-511\/","title":{"rendered":"Elektryczna p\u0142ytka zaczepowa STEP 18 Lewa Prawa 24V do Assa 511"},"content":{"rendered":"<h1>Elektryczna p\u0142ytka zaczepowa STEP 18 Lewa Prawa 24V do Assa 511<\/h1>\n<p>STEP 18 Secure to elektrozaczep o wysokim poziomie bezpiecze\u0144stwa przeznaczony do zamk\u00f3w hakowych Assa 511, przeznaczony do drzwi lewoskr\u0119tnych. Klasa ognioodporno\u015bci do E\/EI 60 i wytrzyma\u0142o\u015b\u0107 na zerwanie 1500 kg sprawiaj\u0105, \u017ce produkt doskonale nadaje si\u0119 do pomieszcze\u0144 o podwy\u017cszonym poziomie bezpiecze\u0144stwa.<\/p>\n<p>Elektryczna p\u0142yta ko\u0144cowa<\/p>\n<p class=\"\" data-start=\"380\" data-end=\"770\">STEP 18 Secure to wysokiej jako\u015bci elektrozaczep zapewniaj\u0105cy najwy\u017cszy poziom bezpiecze\u0144stwa w drzwiach o du\u017cym nat\u0119\u017ceniu ruchu.<\/p>\n<p class=\"\" data-start=\"380\" data-end=\"770\">Zosta\u0142 on specjalnie zaprojektowany do zamka hakowego Assa 511 z t\u0142okiem 10 mm i nadaje si\u0119 do drzwi lewoskr\u0119tnych.<\/p>\n<p class=\"\" data-start=\"380\" data-end=\"770\">Dzi\u0119ki trwa\u0142emu i szybkiemu blokowaniu i odblokowywaniu idealnie nadaje si\u0119 do drzwi zabezpieczaj\u0105cych, kt\u00f3re s\u0105 cz\u0119sto otwierane i zamykane.<\/p>\n<p class=\"\" data-start=\"772\" data-end=\"1171\">Drzwi STEP 18 Secure posiadaj\u0105 klas\u0119 bezpiecze\u0144stwa RC4 i odporno\u015b\u0107 ogniow\u0105 do E\/EI 60, co czyni je niezawodnym rozwi\u0105zaniem dla drzwi antyw\u0142amaniowych w miejscach o wysokich wymaganiach, takich jak wi\u0119zienia, banki i inne plac\u00f3wki ochrony.<\/p>\n<p class=\"\" data-start=\"772\" data-end=\"1171\">Wbudowany prze\u0142\u0105cznik t\u0142okowy informuje o stanie drzwi (zamkni\u0119te\/otwarte) i stanie zamka (zablokowane\/odblokowane), co u\u0142atwia integracj\u0119 z systemami kontroli dost\u0119pu i systemami alarmowymi.<\/p>\n<p class=\"\" data-start=\"1173\" data-end=\"1457\">Dzi\u0119ki wytrzyma\u0142o\u015bci na rozerwanie wynosz\u0105cej 15 kN (ok. 1500 kg) i mo\u017cliwo\u015bci otwierania si\u0119 pomimo nacisku ta\u015bmy wynosz\u0105cego 5 kN (ok. 500 kg) zar\u00f3wno podczas ruchu do przodu, jak i do ty\u0142u, STEP 18 Secure oferuje wyj\u0105tkowe bezpiecze\u0144stwo i niezawodno\u015b\u0107.<\/p>\n<p class=\"\" data-start=\"1173\" data-end=\"1457\">W zestawie znajduje si\u0119 r\u00f3wnie\u017c 5-metrowy kabel po\u0142\u0105czeniowy bezhalogenowy umo\u017cliwiaj\u0105cy \u0142atw\u0105 instalacj\u0119.<\/p>\n<p class=\"\" data-start=\"1459\" data-end=\"1474\"><strong data-start=\"1459\" data-end=\"1474\">W\u0142a\u015bciwo\u015bci:<\/strong><\/p>\n<ul data-start=\"1475\" data-end=\"1947\">\n<li class=\"\" data-start=\"1475\" data-end=\"1516\">\n<p class=\"\" data-start=\"1477\" data-end=\"1516\">Do zamka hakowego Assa 511 z t\u0142okiem 10 mm<\/p>\n<\/li>\n<li class=\"\" data-start=\"1517\" data-end=\"1560\">\n<p class=\"\" data-start=\"1519\" data-end=\"1560\">Funkcja skierowana w prawo (zablokowana w trybie bez zasilania)<\/p>\n<\/li>\n<li class=\"\" data-start=\"1561\" data-end=\"1587\">\n<p class=\"\" data-start=\"1563\" data-end=\"1587\">Do drzwi lewych<\/p>\n<\/li>\n<li class=\"\" data-start=\"1588\" data-end=\"1619\">\n<p class=\"\" data-start=\"1590\" data-end=\"1619\">Zatwierdzone ognioodpornie do E\/EI 60<\/p>\n<\/li>\n<li class=\"\" data-start=\"1620\" data-end=\"1722\">\n<p class=\"\" data-start=\"1622\" data-end=\"1722\">Wskazanie stanu drzwi (zamkni\u0119te\/otwarte) i stanu zamka (zablokowane\/odblokowane) za pomoc\u0105 styku t\u0142oka i styku zapadki<\/p>\n<\/li>\n<li class=\"\" data-start=\"1723\" data-end=\"1761\">\n<p class=\"\" data-start=\"1725\" data-end=\"1761\">Wbudowana dioda zabezpieczaj\u0105ca dla wi\u0119kszego bezpiecze\u0144stwa<\/p>\n<\/li>\n<li class=\"\" data-start=\"1762\" data-end=\"1801\">\n<p class=\"\" data-start=\"1764\" data-end=\"1801\">Wytrzyma\u0142o\u015b\u0107 na zerwanie 15 kN (ok. 1500 kg)<\/p>\n<\/li>\n<li class=\"\" data-start=\"1802\" data-end=\"1882\">\n<p class=\"\" data-start=\"1804\" data-end=\"1882\">Otwiera si\u0119 pomimo nacisku ta\u015bmy wynosz\u0105cego 5 kN (ok. 500 kg) zar\u00f3wno w ruchu do przodu, jak i do ty\u0142u<\/p>\n<\/li>\n<li class=\"\" data-start=\"1883\" data-end=\"1947\">\n<p class=\"\" data-start=\"1885\" data-end=\"1947\">Odporny na uderzenia i zawiera 5 metr\u00f3w kabla po\u0142\u0105czeniowego bezhalogenowego<\/p>\n<\/li>\n<\/ul>\n<p class=\"\" data-start=\"1949\" data-end=\"1978\"><strong data-start=\"1949\" data-end=\"1978\">Dane techniczne:<\/strong><\/p>\n<ul data-start=\"1979\" data-end=\"2619\">\n<li class=\"\" data-start=\"1979\" data-end=\"2070\">\n<p class=\"\" data-start=\"1981\" data-end=\"2070\">Zasilanie: 12 V DC (+15% -10%) 639 mA odblokowane lub 24 V DC (+15% -10%) 313 mA odblokowane<\/p>\n<\/li>\n<li class=\"\" data-start=\"2071\" data-end=\"2134\">\n<p class=\"\" data-start=\"2073\" data-end=\"2134\">Styk t\u0142okowy: Mikroprze\u0142\u0105cznik jednobiegunowy prze\u0142\u0105czaj\u0105cy, maks. 30V pr\u0105du sta\u0142ego, 1A<\/p>\n<\/li>\n<li class=\"\" data-start=\"2135\" data-end=\"2175\">\n<p class=\"\" data-start=\"2137\" data-end=\"2175\">Trwa\u0142o\u015b\u0107: Klasa Y zgodnie z norm\u0105 SS-EN 14846<\/p>\n<\/li>\n<li class=\"\" data-start=\"2176\" data-end=\"2215\">\n<p class=\"\" data-start=\"2178\" data-end=\"2215\">Korozja: Stopie\u0144 M zgodnie z norm\u0105 SS-EN 14846<\/p>\n<\/li>\n<li class=\"\" data-start=\"2216\" data-end=\"2254\">\n<p class=\"\" data-start=\"2218\" data-end=\"2254\">Bezpiecze\u0144stwo: Klasa 7 zgodnie z norm\u0105 SS-EN 14846<\/p>\n<\/li>\n<li class=\"\" data-start=\"2255\" data-end=\"2345\">\n<p class=\"\" data-start=\"2257\" data-end=\"2345\">Bezpiecze\u0144stwo manipulacji elektrycznych: Stopie\u0144 3 (skierowany do przodu) Stopie\u0144 1 (skierowany do ty\u0142u) zgodnie z norm\u0105 SS-EN 14846<\/p>\n<\/li>\n<li class=\"\" data-start=\"2346\" data-end=\"2367\">\n<p class=\"\" data-start=\"2348\" data-end=\"2367\">Test ogniowy: 60 min<\/p>\n<\/li>\n<li class=\"\" data-start=\"2368\" data-end=\"2394\">\n<p class=\"\" data-start=\"2370\" data-end=\"2394\">Wytrzyma\u0142o\u015b\u0107 na zerwanie: 1500 kg<\/p>\n<\/li>\n<li class=\"\" data-start=\"2395\" data-end=\"2418\">\n<p class=\"\" data-start=\"2397\" data-end=\"2418\">Zawias drzwi: Lewy<\/p>\n<\/li>\n<li class=\"\" data-start=\"2419\" data-end=\"2473\">\n<p class=\"\" data-start=\"2421\" data-end=\"2473\">Kabel w zestawie: Tak, 5-metrowy kabel po\u0142\u0105czeniowy bezhalogenowy<\/p>\n<\/li>\n<li class=\"\" data-start=\"2474\" data-end=\"2493\">\n<p class=\"\" data-start=\"2476\" data-end=\"2493\">Nacisk listwy: 500 kg<\/p>\n<\/li>\n<li class=\"\" data-start=\"2494\" data-end=\"2525\">\n<p class=\"\" data-start=\"2496\" data-end=\"2525\">Typ zamka: Zamek zatrzaskowy, Zamek zatrzaskowy<\/p>\n<\/li>\n<li class=\"\" data-start=\"2526\" data-end=\"2580\">\n<p class=\"\" data-start=\"2528\" data-end=\"2580\">Wymiary produktu: Szeroko\u015b\u0107: 35 mm, G\u0142\u0119boko\u015b\u0107: 40 mm, Wysoko\u015b\u0107: 230 mm<\/p>\n<\/li>\n<li class=\"\" data-start=\"2581\" data-end=\"2598\">\n<p class=\"\" data-start=\"2583\" data-end=\"2598\">Kontakt t\u0142okowy: Tak<\/p>\n<\/li>\n<li class=\"\" data-start=\"2599\" data-end=\"2619\">\n<p class=\"\" data-start=\"2601\" data-end=\"2619\">Napi\u0119cie AC\/DC: DC<\/p>\n<\/li>\n<\/ul>","protected":false},"excerpt":{"rendered":"<p>Tutaj mo\u017cesz zobaczy\u0107, kt\u00f3re s\u0142upki i modele pasuj\u0105 do siebie z asortymentu elektrycznych ogranicznik\u00f3w drzwi STEP.<\/p>\n<h5><strong><a href=\"https:\/\/steplock.com\/sv\/stolpguide\/#!?lang=sv&amp;blog_id=1&amp;paged=1&amp;number=50\" target=\"_blank\" rel=\"noopener\">Przewodnik po STEP Post\u00a0<\/a><\/strong><\/h5>\n<h5><strong><a href=\"https:\/\/steplock.com\/sv\/projekteringsguide\/#!?lang=sv&amp;blog_id=1&amp;paged=1&amp;number=999\" target=\"_blank\" rel=\"noopener\">Przewodnik projektowy STEP<\/a><\/strong><\/h5>","protected":false},"featured_media":147362,"template":"","meta":{"_acf_changed":false},"product_brand":[],"product_cat":[3355],"product_tag":[4197,4200],"class_list":{"0":"post-147364","1":"product","2":"type-product","3":"status-publish","4":"has-post-thumbnail","6":"product_cat-elslutbleck","7":"product_tag-24v","8":"product_tag-rattvand","9":"product_shipping_class-tunga-paket","10":"pa_brands-step","11":"tm-no-options","13":"first","14":"instock","15":"sale","16":"taxable","17":"shipping-taxable","18":"purchasable","19":"product-type-simple"},"acf":[],"_links":{"self":[{"href":"https:\/\/secureus.se\/pl\/wp-json\/wp\/v2\/product\/147364","targetHints":{"allow":["GET"]}}],"collection":[{"href":"https:\/\/secureus.se\/pl\/wp-json\/wp\/v2\/product"}],"about":[{"href":"https:\/\/secureus.se\/pl\/wp-json\/wp\/v2\/types\/product"}],"wp:featuredmedia":[{"embeddable":true,"href":"https:\/\/secureus.se\/pl\/wp-json\/wp\/v2\/media\/147362"}],"wp:attachment":[{"href":"https:\/\/secureus.se\/pl\/wp-json\/wp\/v2\/media?parent=147364"}],"wp:term":[{"taxonomy":"product_brand","embeddable":true,"href":"https:\/\/secureus.se\/pl\/wp-json\/wp\/v2\/product_brand?post=147364"},{"taxonomy":"product_cat","embeddable":true,"href":"https:\/\/secureus.se\/pl\/wp-json\/wp\/v2\/product_cat?post=147364"},{"taxonomy":"product_tag","embeddable":true,"href":"https:\/\/secureus.se\/pl\/wp-json\/wp\/v2\/product_tag?post=147364"}],"curies":[{"name":"wp","href":"https:\/\/api.w.org\/{rel}","templated":true}]}}