{"id":147370,"date":"2023-09-26T13:10:18","date_gmt":"2023-09-26T11:10:18","guid":{"rendered":"https:\/\/secureus.se\/elslutbleck-step-18-hoger-rattvand-24v-for-assa-511\/"},"modified":"2026-04-08T16:03:33","modified_gmt":"2026-04-08T14:03:33","slug":"elslutbleck-step-18-hoger-rattvand-24v-for-assa-511","status":"publish","type":"product","link":"https:\/\/secureus.se\/pl\/elslutbleck-step-18-hoger-rattvand-24v-for-assa-511\/","title":{"rendered":"Elektryczna p\u0142ytka zaczepowa KROK 18 Prawa Prawa 24V do Assa 511"},"content":{"rendered":"<h1>Elektryczna p\u0142ytka zaczepowa KROK 18 Prawa Prawa 24V do Assa 511<\/h1>\n<p class=\"\" data-start=\"401\" data-end=\"779\">Elektrozaczep STEP 18 Secure nale\u017cy do serii Secure firmy STEP przeznaczonej do drzwi o ekstremalnych wymaganiach bezpiecze\u0144stwa.<\/p>\n<p class=\"\" data-start=\"401\" data-end=\"779\">Model ten zosta\u0142 specjalnie opracowany do drzwi prawych z zamkami hakowymi typu Assa 511 i t\u0142okiem 10 mm. Zapewnia szybkie i bezpieczne blokowanie i odblokowywanie.<\/p>\n<p class=\"\" data-start=\"781\" data-end=\"1051\">Dzi\u0119ki funkcji skierowanej w prawo \u2013 blokowanej w pozycji bez zasilania \u2013 i wytrzyma\u0142o\u015bci na zerwanie wynosz\u0105cej 15 kN (ok. 1500 kg), STEP 18 Secure mo\u017ce wytrzyma\u0107 trudne warunki, w kt\u00f3rych wymagane jest zar\u00f3wno cz\u0119ste u\u017cytkowanie, jak i wysoki poziom bezpiecze\u0144stwa.<\/p>\n<p class=\"\" data-start=\"781\" data-end=\"1051\">Produkt jest dopuszczony do stosowania w drzwiach antyw\u0142amaniowych do klasy RC4 i przetestowany pod k\u0105tem odporno\u015bci ogniowej do klasy E\/EI60.<\/p>\n<p class=\"\" data-start=\"1053\" data-end=\"1352\">Wbudowany prze\u0142\u0105cznik popychacza i prze\u0142\u0105cznik zatrzasku umo\u017cliwiaj\u0105 monitorowanie stanu zablokowanych i otwartych drzwi, dzi\u0119ki czemu produkt doskonale nadaje si\u0119 do integracji z systemami kontroli dost\u0119pu i alarmami.<\/p>\n<p class=\"\" data-start=\"1053\" data-end=\"1352\">Zaczep elektryczny jest r\u00f3wnie\u017c zabezpieczony przed manipulacj\u0105, ma wbudowan\u0105 diod\u0119 zabezpieczaj\u0105c\u0105 i jest dostarczany z 5-metrowym kablem bezhalogenowym, co u\u0142atwia pod\u0142\u0105czenie.<\/p>\n<p class=\"\" data-start=\"1354\" data-end=\"1380\"><strong data-start=\"1354\" data-end=\"1380\">Cechy i korzy\u015bci:<\/strong><\/p>\n<ul data-start=\"1381\" data-end=\"1704\">\n<li class=\"\" data-start=\"1381\" data-end=\"1429\">\n<p class=\"\" data-start=\"1383\" data-end=\"1429\">Dostosowany do zamka hakowego Assa 511 (t\u0142ok 10 mm)<\/p>\n<\/li>\n<li class=\"\" data-start=\"1430\" data-end=\"1467\">\n<p class=\"\" data-start=\"1432\" data-end=\"1467\">Prawid\u0142owa funkcja \u2013 zablokowana bez zasilania<\/p>\n<\/li>\n<li class=\"\" data-start=\"1468\" data-end=\"1492\">\n<p class=\"\" data-start=\"1470\" data-end=\"1492\">Do drzwi prawych<\/p>\n<\/li>\n<li class=\"\" data-start=\"1493\" data-end=\"1543\">\n<p class=\"\" data-start=\"1495\" data-end=\"1543\">Wbudowane styki stanu: styk t\u0142okowy i zatrzaskowy<\/p>\n<\/li>\n<li class=\"\" data-start=\"1544\" data-end=\"1572\">\n<p class=\"\" data-start=\"1546\" data-end=\"1572\">Wysoka wytrzyma\u0142o\u015b\u0107 na zerwanie: 15 kN<\/p>\n<\/li>\n<li class=\"\" data-start=\"1573\" data-end=\"1613\">\n<p class=\"\" data-start=\"1575\" data-end=\"1613\">Otwiera si\u0119 pomimo nacisku do 500 kg<\/p>\n<\/li>\n<li class=\"\" data-start=\"1614\" data-end=\"1633\">\n<p class=\"\" data-start=\"1616\" data-end=\"1633\">Klasa ogniowa E\/EI60<\/p>\n<\/li>\n<li class=\"\" data-start=\"1634\" data-end=\"1674\">\n<p class=\"\" data-start=\"1636\" data-end=\"1674\">Dostarczany z 5-metrowym kablem bezhalogenowym<\/p>\n<\/li>\n<li class=\"\" data-start=\"1675\" data-end=\"1704\">\n<p class=\"\" data-start=\"1677\" data-end=\"1704\">Dioda ochronna i zabezpieczenie przeciwprzepi\u0119ciowe<\/p>\n<\/li>\n<\/ul>\n<p class=\"\" data-start=\"1706\" data-end=\"1863\"><strong data-start=\"1706\" data-end=\"1729\">Obszary zastosowania:<\/strong><br data-start=\"1729\" data-end=\"1732\" \/>Idealne rozwi\u0105zanie dla obiekt\u00f3w o klauzulach bezpiecze\u0144stwa, takich jak banki, wi\u0119zienia, agencje rz\u0105dowe i inne obiekty, w kt\u00f3rych wymagane s\u0105 niezawodne zamkni\u0119cia.<\/p>\n<p class=\"\" data-start=\"1865\" data-end=\"1894\"><strong data-start=\"1865\" data-end=\"1894\">Dane techniczne:<\/strong><\/p>\n<ul data-start=\"1895\" data-end=\"2191\">\n<li class=\"\" data-start=\"1895\" data-end=\"1933\">\n<p class=\"\" data-start=\"1897\" data-end=\"1933\">Napi\u0119cie robocze: 24 V DC (21,6-27,6 V)<\/p>\n<\/li>\n<li class=\"\" data-start=\"1934\" data-end=\"1966\">\n<p class=\"\" data-start=\"1936\" data-end=\"1966\">Pob\u00f3r pr\u0105du: 313 mA odblokowany<\/p>\n<\/li>\n<li class=\"\" data-start=\"1967\" data-end=\"1988\">\n<p class=\"\" data-start=\"1969\" data-end=\"1988\">Zawias drzwi: prawy<\/p>\n<\/li>\n<li class=\"\" data-start=\"1989\" data-end=\"2010\">\n<p class=\"\" data-start=\"1991\" data-end=\"2010\">D\u0142ugo\u015b\u0107 kabla: 5 metr\u00f3w<\/p>\n<\/li>\n<li class=\"\" data-start=\"2011\" data-end=\"2030\">\n<p class=\"\" data-start=\"2013\" data-end=\"2030\">Nacisk listwy: 500 kg<\/p>\n<\/li>\n<li class=\"\" data-start=\"2031\" data-end=\"2057\">\n<p class=\"\" data-start=\"2033\" data-end=\"2057\">Wytrzyma\u0142o\u015b\u0107 na zerwanie: 1500 kg<\/p>\n<\/li>\n<li class=\"\" data-start=\"2058\" data-end=\"2090\">\n<p class=\"\" data-start=\"2060\" data-end=\"2090\">Wymiary (szer. x g\u0142. x wys.): 35 x 40 x 230 mm<\/p>\n<\/li>\n<li class=\"\" data-start=\"2091\" data-end=\"2119\">\n<p class=\"\" data-start=\"2093\" data-end=\"2119\">Kolor\/Wyko\u0144czenie: Stal nierdzewna<\/p>\n<\/li>\n<li class=\"\" data-start=\"2120\" data-end=\"2151\">\n<p class=\"\" data-start=\"2122\" data-end=\"2151\">Typ zamka: Zamek zatrzaskowy, Zamek zatrzaskowy<\/p>\n<\/li>\n<li class=\"\" data-start=\"2152\" data-end=\"2191\">\n<p class=\"\" data-start=\"2154\" data-end=\"2191\">Oceny: SundaHus, Ocena materia\u0142\u00f3w budowlanych<\/p>\n<\/li>\n<\/ul>","protected":false},"excerpt":{"rendered":"<p>Tutaj mo\u017cesz zobaczy\u0107, kt\u00f3re s\u0142upki i modele pasuj\u0105 do siebie z asortymentu elektrycznych ogranicznik\u00f3w drzwi STEP.<\/p>\n<h5><strong><a href=\"https:\/\/steplock.com\/sv\/stolpguide\/#!?lang=sv&amp;blog_id=1&amp;paged=1&amp;number=50\" target=\"_blank\" rel=\"noopener\">Przewodnik po STEP Post\u00a0<\/a><\/strong><\/h5>\n<h5><strong><a href=\"https:\/\/steplock.com\/sv\/projekteringsguide\/#!?lang=sv&amp;blog_id=1&amp;paged=1&amp;number=999\" target=\"_blank\" rel=\"noopener\">Przewodnik projektowy STEP<\/a><\/strong><\/h5>","protected":false},"featured_media":147368,"template":"","meta":{"_acf_changed":false},"product_brand":[],"product_cat":[3355],"product_tag":[4197,4200],"class_list":{"0":"post-147370","1":"product","2":"type-product","3":"status-publish","4":"has-post-thumbnail","6":"product_cat-elslutbleck","7":"product_tag-24v","8":"product_tag-rattvand","9":"product_shipping_class-tunga-paket","10":"pa_brands-step","11":"tm-no-options","13":"first","14":"outofstock","15":"sale","16":"taxable","17":"shipping-taxable","18":"purchasable","19":"product-type-simple"},"acf":[],"_links":{"self":[{"href":"https:\/\/secureus.se\/pl\/wp-json\/wp\/v2\/product\/147370","targetHints":{"allow":["GET"]}}],"collection":[{"href":"https:\/\/secureus.se\/pl\/wp-json\/wp\/v2\/product"}],"about":[{"href":"https:\/\/secureus.se\/pl\/wp-json\/wp\/v2\/types\/product"}],"wp:featuredmedia":[{"embeddable":true,"href":"https:\/\/secureus.se\/pl\/wp-json\/wp\/v2\/media\/147368"}],"wp:attachment":[{"href":"https:\/\/secureus.se\/pl\/wp-json\/wp\/v2\/media?parent=147370"}],"wp:term":[{"taxonomy":"product_brand","embeddable":true,"href":"https:\/\/secureus.se\/pl\/wp-json\/wp\/v2\/product_brand?post=147370"},{"taxonomy":"product_cat","embeddable":true,"href":"https:\/\/secureus.se\/pl\/wp-json\/wp\/v2\/product_cat?post=147370"},{"taxonomy":"product_tag","embeddable":true,"href":"https:\/\/secureus.se\/pl\/wp-json\/wp\/v2\/product_tag?post=147370"}],"curies":[{"name":"wp","href":"https:\/\/api.w.org\/{rel}","templated":true}]}}