{"id":147375,"date":"2023-09-26T13:10:14","date_gmt":"2023-09-26T11:10:14","guid":{"rendered":"https:\/\/secureus.se\/elslutbleck-step-60-omvand-24v-kolvkontakt-5m-kabel\/"},"modified":"2026-04-08T16:02:32","modified_gmt":"2026-04-08T14:02:32","slug":"elslutbleck-step-60-omvand-24v-kolvkontakt-5m-kabel","status":"publish","type":"product","link":"https:\/\/secureus.se\/pl\/elslutbleck-step-60-omvand-24v-kolvkontakt-5m-kabel\/","title":{"rendered":"Elektryczny zamek STEP 60 Reverse 24V Styk t\u0142okowy 5m Kabel"},"content":{"rendered":"<h1>Elektryczny zamek STEP 60 Reverse 24V Styk t\u0142okowy 5m Kabel<\/h1>\n<p>STEP 60 Silent z funkcj\u0105 rewersyjn\u0105 zapewnia cich\u0105 i niezawodn\u0105 prac\u0119 drzwi o du\u017cym nat\u0119\u017ceniu ruchu. Dzi\u0119ki z\u0142\u0105czu t\u0142okowemu, 5-metrowemu kablowi i klasie ogniowej E\/EI120 idealnie nadaje si\u0119 do miejsc, w kt\u00f3rych poziom ha\u0142asu i bezpiecze\u0144stwo maj\u0105 kluczowe znaczenie.<\/p>\n<p>Elektrozaczep STEP 60 Silent to najwy\u017cszej jako\u015bci elektrozaczep z serii Silent marki STEP, przeznaczony do drzwi o wysokich wymaganiach dotycz\u0105cych bezpiecze\u0144stwa i izolacji akustycznej.<\/p>\n<p>Model ten ma funkcj\u0119 rewersyjn\u0105, co oznacza, \u017ce drzwi s\u0105 odblokowane w pozycji bez zasilania \u2013 jest to wa\u017cna cecha w \u015brodowiskach, w kt\u00f3rych wymagana jest bezpieczna ewakuacja.<\/p>\n<p class=\"\" data-start=\"852\" data-end=\"1197\">Dzi\u0119ki opatentowanej technologii Silent urz\u0105dzenie STEP 60 pracuje niemal bezg\u0142o\u015bnie, co czyni je szczeg\u00f3lnie przydatnym w miejscach publicznych, biurach, szko\u0142ach i szpitalach, gdzie wymagany jest niski poziom ha\u0142asu.<\/p>\n<p class=\"\" data-start=\"852\" data-end=\"1197\">Solidna konstrukcja zapewnia wytrzyma\u0142o\u015b\u0107 na rozerwanie wynosz\u0105c\u0105 16 kN (ok. 1600 kg) i gwarantuje otwarcie nawet przy nacisku ta\u015bmy do 100 kg.<\/p>\n<p class=\"\" data-start=\"1199\" data-end=\"1536\">Zintegrowany zestaw mikroprze\u0142\u0105cznik\u00f3w ze stykiem t\u0142okowym i stykiem blokuj\u0105cym umo\u017cliwia jednoznaczn\u0105 sygnalizacj\u0119 stanu drzwi i u\u0142atwia integracj\u0119 z systemami kontroli dost\u0119pu i systemami alarmowymi.<\/p>\n<p class=\"\" data-start=\"1199\" data-end=\"1536\">Produkt posiada tak\u017ce klas\u0119 ognioodporno\u015bci E\/EI120, jest zabezpieczony przed manipulacj\u0105 i wyposa\u017cony we wbudowan\u0105 diod\u0119 zabezpieczaj\u0105c\u0105. W komplecie 5-metrowy kabel bezhalogenowy.<\/p>\n<p class=\"\" data-start=\"1538\" data-end=\"1564\">Cechy i korzy\u015bci:<\/p>\n<ul data-start=\"1565\" data-end=\"1845\">\n<li class=\"\" data-start=\"1565\" data-end=\"1601\">\n<p class=\"\" data-start=\"1567\" data-end=\"1601\">Funkcja cofania (odblokowana bez zasilania)<\/p>\n<\/li>\n<li class=\"\" data-start=\"1602\" data-end=\"1649\">\n<p class=\"\" data-start=\"1604\" data-end=\"1649\">Opatentowana technologia Silent \u2013 cicha i p\u0142ynna praca<\/p>\n<\/li>\n<li class=\"\" data-start=\"1650\" data-end=\"1672\">\n<p class=\"\" data-start=\"1652\" data-end=\"1672\">Klasa ognioodporno\u015bci E\/EI120<\/p>\n<\/li>\n<li class=\"\" data-start=\"1673\" data-end=\"1719\">\n<p class=\"\" data-start=\"1675\" data-end=\"1719\">Styk t\u0142oka i zatrzasku do monitorowania stanu<\/p>\n<\/li>\n<li class=\"\" data-start=\"1720\" data-end=\"1743\">\n<p class=\"\" data-start=\"1722\" data-end=\"1743\">Wytrzyma\u0142o\u015b\u0107 na zerwanie 16 kN<\/p>\n<\/li>\n<li class=\"\" data-start=\"1744\" data-end=\"1769\">\n<p class=\"\" data-start=\"1746\" data-end=\"1769\">Wytrzymuje nacisk ta\u015bmy 100 kg<\/p>\n<\/li>\n<li class=\"\" data-start=\"1770\" data-end=\"1804\">\n<p class=\"\" data-start=\"1772\" data-end=\"1804\">W zestawie dioda antystukowa i ochronna<\/p>\n<\/li>\n<li class=\"\" data-start=\"1805\" data-end=\"1845\">\n<p class=\"\" data-start=\"1807\" data-end=\"1845\">Dostarczany z 5-metrowym kablem bezhalogenowym<\/p>\n<\/li>\n<\/ul>\n<p class=\"\" data-start=\"1847\" data-end=\"2006\">Obszary zastosowania:<br data-start=\"1870\" data-end=\"1873\" \/>Idealne do drzwi o du\u017cym nat\u0119\u017ceniu ruchu w szko\u0142ach, biurach, plac\u00f3wkach s\u0142u\u017cby zdrowia i miejscach publicznych, gdzie istotnymi czynnikami s\u0105 poziom ha\u0142asu i bezpiecze\u0144stwo.<\/p>\n<p class=\"\" data-start=\"2008\" data-end=\"2037\">Dane techniczne:<\/p>\n<ul data-start=\"2038\" data-end=\"2401\">\n<li class=\"\" data-start=\"2038\" data-end=\"2076\">\n<p class=\"\" data-start=\"2040\" data-end=\"2076\">Napi\u0119cie robocze: 24 V DC (21,6-27,6 V)<\/p>\n<\/li>\n<li class=\"\" data-start=\"2077\" data-end=\"2121\">\n<p class=\"\" data-start=\"2079\" data-end=\"2121\">Pob\u00f3r pr\u0105du: 121 mA odblokowany, maks. 250 mA<\/p>\n<\/li>\n<li class=\"\" data-start=\"2122\" data-end=\"2151\">\n<p class=\"\" data-start=\"2124\" data-end=\"2151\">Zawiasy drzwi: Prawe\/Lewe<\/p>\n<\/li>\n<li class=\"\" data-start=\"2152\" data-end=\"2173\">\n<p class=\"\" data-start=\"2154\" data-end=\"2173\">D\u0142ugo\u015b\u0107 kabla: 5 metr\u00f3w<\/p>\n<\/li>\n<li class=\"\" data-start=\"2174\" data-end=\"2193\">\n<p class=\"\" data-start=\"2176\" data-end=\"2193\">Nacisk ta\u015bmy: 100 kg<\/p>\n<\/li>\n<li class=\"\" data-start=\"2194\" data-end=\"2220\">\n<p class=\"\" data-start=\"2196\" data-end=\"2220\">Wytrzyma\u0142o\u015b\u0107 na zerwanie: 1600 kg<\/p>\n<\/li>\n<li class=\"\" data-start=\"2221\" data-end=\"2255\">\n<p class=\"\" data-start=\"2223\" data-end=\"2255\">Wymiary (szer. x g\u0142. x wys.): 28 x 34 x 149,5 mm<\/p>\n<\/li>\n<li class=\"\" data-start=\"2256\" data-end=\"2289\">\n<p class=\"\" data-start=\"2258\" data-end=\"2289\">Typ zamka: Zamek jedno- i dwuryglowy<\/p>\n<\/li>\n<li class=\"\" data-start=\"2290\" data-end=\"2332\">\n<p class=\"\" data-start=\"2292\" data-end=\"2332\">Styk t\u0142okowy: Mikroprze\u0142\u0105cznik, 30 V DC \/ 1 A<\/p>\n<\/li>\n<li class=\"\" data-start=\"2333\" data-end=\"2361\">\n<p class=\"\" data-start=\"2335\" data-end=\"2361\">Kolor\/Wyko\u0144czenie: Stal nierdzewna<\/p>\n<\/li>\n<li class=\"\" data-start=\"2362\" data-end=\"2401\">\n<p class=\"\" data-start=\"2364\" data-end=\"2401\">Oceny: SundaHus, Ocena materia\u0142\u00f3w budowlanych<\/p>\n<\/li>\n<\/ul>","protected":false},"excerpt":{"rendered":"<p>Tutaj mo\u017cesz zobaczy\u0107, kt\u00f3re s\u0142upki i modele pasuj\u0105 do siebie z asortymentu elektrycznych ogranicznik\u00f3w drzwi STEP.<\/p>\n<h5><strong><a href=\"https:\/\/steplock.com\/sv\/stolpguide\/#!?lang=sv&amp;blog_id=1&amp;paged=1&amp;number=50\" target=\"_blank\" rel=\"noopener\">Przewodnik po STEP Post\u00a0<\/a><\/strong><\/h5>\n<h5><strong><a href=\"https:\/\/steplock.com\/sv\/projekteringsguide\/#!?lang=sv&amp;blog_id=1&amp;paged=1&amp;number=999\" target=\"_blank\" rel=\"noopener\">Przewodnik projektowy STEP<\/a><\/strong><\/h5>","protected":false},"featured_media":147372,"template":"","meta":{"_acf_changed":false},"product_brand":[],"product_cat":[3355],"product_tag":[4197,4201],"class_list":{"0":"post-147375","1":"product","2":"type-product","3":"status-publish","4":"has-post-thumbnail","6":"product_cat-elslutbleck","7":"product_tag-24v","8":"product_tag-omvand","9":"product_shipping_class-tunga-paket","10":"pa_brands-step","11":"tm-no-options","13":"first","14":"instock","15":"sale","16":"taxable","17":"shipping-taxable","18":"purchasable","19":"product-type-simple"},"acf":[],"_links":{"self":[{"href":"https:\/\/secureus.se\/pl\/wp-json\/wp\/v2\/product\/147375","targetHints":{"allow":["GET"]}}],"collection":[{"href":"https:\/\/secureus.se\/pl\/wp-json\/wp\/v2\/product"}],"about":[{"href":"https:\/\/secureus.se\/pl\/wp-json\/wp\/v2\/types\/product"}],"wp:featuredmedia":[{"embeddable":true,"href":"https:\/\/secureus.se\/pl\/wp-json\/wp\/v2\/media\/147372"}],"wp:attachment":[{"href":"https:\/\/secureus.se\/pl\/wp-json\/wp\/v2\/media?parent=147375"}],"wp:term":[{"taxonomy":"product_brand","embeddable":true,"href":"https:\/\/secureus.se\/pl\/wp-json\/wp\/v2\/product_brand?post=147375"},{"taxonomy":"product_cat","embeddable":true,"href":"https:\/\/secureus.se\/pl\/wp-json\/wp\/v2\/product_cat?post=147375"},{"taxonomy":"product_tag","embeddable":true,"href":"https:\/\/secureus.se\/pl\/wp-json\/wp\/v2\/product_tag?post=147375"}],"curies":[{"name":"wp","href":"https:\/\/api.w.org\/{rel}","templated":true}]}}