{"id":147383,"date":"2023-09-26T13:10:11","date_gmt":"2023-09-26T11:10:11","guid":{"rendered":"https:\/\/secureus.se\/elslutbleck-step-18-hoger-rattvand-24v-9mm-regel-connect\/"},"modified":"2026-04-08T16:02:41","modified_gmt":"2026-04-08T14:02:41","slug":"elslutbleck-step-18-hoger-rattvand-24v-9mm-regel-connect","status":"publish","type":"product","link":"https:\/\/secureus.se\/pl\/elslutbleck-step-18-hoger-rattvand-24v-9mm-regel-connect\/","title":{"rendered":"Elektryczna p\u0142ytka zaczepowa KROK 18 Prawa prosta 24V 9mm Rule Connect"},"content":{"rendered":"<h1>Elektryczna p\u0142ytka zaczepowa KROK 18 Prawa prosta 24V 9mm Rule Connect<\/h1>\n<p>STEP 18 Secure to mocny elektrozaczep z funkcj\u0105 otwierania po prawej stronie, przeznaczony do drzwi prawoskrzyd\u0142owych. Dostosowany do zamk\u00f3w ryglowych 9 mm z serii Connect. Ognioodporne, o du\u017cej wytrzyma\u0142o\u015bci na zerwanie, z kablem o d\u0142ugo\u015bci 5 m w zestawie.<\/p>\n<p>Elektrozaczep STEP 18 Secure to niezawodne i wytrzyma\u0142e rozwi\u0105zanie dla \u015brodowisk, w kt\u00f3rych obowi\u0105zuj\u0105 wysokie wymagania bezpiecze\u0144stwa.<\/p>\n<p>Model ten zosta\u0142 zaprojektowany specjalnie do zamk\u00f3w zasuwkowych z t\u0142okiem 9 mm z serii Connect i jest dostosowany do drzwi prawoskrzyd\u0142owych.<\/p>\n<p>Dzi\u0119ki ustawieniu w prawo, blokada zostaje zablokowana w pozycji bez zasilania, co zwi\u0119ksza bezpiecze\u0144stwo w przypadku zaniku zasilania.<\/p>\n<p class=\"\" data-start=\"836\" data-end=\"1110\">Nale\u017cy do serii Secure firmy STEP i szczeg\u00f3lnie nadaje si\u0119 do monta\u017cu na przyk\u0142ad w drzwiach antyw\u0142amaniowych, wi\u0119zieniach, bankach lub innych miejscach, w kt\u00f3rych wymagana jest zar\u00f3wno du\u017ca cz\u0119stotliwo\u015b\u0107 otwierania, jak i ochrona przed w\u0142amaniem.<\/p>\n<p class=\"\" data-start=\"836\" data-end=\"1110\">P\u0142ytka elektrozaczepu posiada atest ognioodporno\u015bci E\/EI60 i poziom ochrony do RC4.<\/p>\n<p class=\"\" data-start=\"1112\" data-end=\"1451\">Dzi\u0119ki wytrzyma\u0142o\u015bci na zerwanie wynosz\u0105cej a\u017c 15 kN (ok. 1500 kg) i mo\u017cliwo\u015bci otwierania si\u0119 pomimo nacisku ta\u015bmy wynosz\u0105cego 5 kN (ok. 500 kg) STEP 18 jest jednocze\u015bnie wytrzyma\u0142y i niezawodny.<\/p>\n<p class=\"\" data-start=\"1112\" data-end=\"1451\">Wbudowane styki popychacza i zatrzasku umo\u017cliwiaj\u0105 integracj\u0119 z systemami kontroli dost\u0119pu i alarmami, zapewniaj\u0105c pe\u0142n\u0105 kontrol\u0119 nad stanem drzwi. W zestawie znajduje si\u0119 dioda zabezpieczaj\u0105ca, bezpiecznik antystukowy i 5-metrowy kabel bezhalogenowy.<\/p>\n<p class=\"\" data-start=\"1453\" data-end=\"1479\"><strong data-start=\"1453\" data-end=\"1479\">Cechy i korzy\u015bci:<\/strong><\/p>\n<ul data-start=\"1480\" data-end=\"1809\">\n<li class=\"\" data-start=\"1480\" data-end=\"1532\">\n<p class=\"\" data-start=\"1482\" data-end=\"1532\">Przystosowany do zamk\u00f3w ryglowych (t\u0142ok 9 mm) serii Connect<\/p>\n<\/li>\n<li class=\"\" data-start=\"1533\" data-end=\"1570\">\n<p class=\"\" data-start=\"1535\" data-end=\"1570\">Prawid\u0142owa funkcja (zablokowana bez zasilania)<\/p>\n<\/li>\n<li class=\"\" data-start=\"1571\" data-end=\"1595\">\n<p class=\"\" data-start=\"1573\" data-end=\"1595\">Do drzwi prawych<\/p>\n<\/li>\n<li class=\"\" data-start=\"1596\" data-end=\"1641\">\n<p class=\"\" data-start=\"1598\" data-end=\"1641\">Kontakt t\u0142okowy i kontakt zatrzaskowy do wskazywania<\/p>\n<\/li>\n<li class=\"\" data-start=\"1642\" data-end=\"1665\">\n<p class=\"\" data-start=\"1644\" data-end=\"1665\">Wytrzyma\u0142o\u015b\u0107 na zerwanie 15 kN<\/p>\n<\/li>\n<li class=\"\" data-start=\"1666\" data-end=\"1700\">\n<p class=\"\" data-start=\"1668\" data-end=\"1700\">Wytrzymuje nacisk formowania do 500 kg<\/p>\n<\/li>\n<li class=\"\" data-start=\"1701\" data-end=\"1739\">\n<p class=\"\" data-start=\"1703\" data-end=\"1739\">Klasa ognioodporno\u015bci E\/EI60, zatwierdzona dla RC4<\/p>\n<\/li>\n<li class=\"\" data-start=\"1740\" data-end=\"1768\">\n<p class=\"\" data-start=\"1742\" data-end=\"1768\">Dioda ochronna i zabezpieczenie przeciwwstrz\u0105sowe<\/p>\n<\/li>\n<li class=\"\" data-start=\"1769\" data-end=\"1809\">\n<p class=\"\" data-start=\"1771\" data-end=\"1809\">Dostarczany z 5-metrowym kablem bezhalogenowym<\/p>\n<\/li>\n<\/ul>\n<p class=\"\" data-start=\"1811\" data-end=\"1972\"><strong data-start=\"1811\" data-end=\"1834\">Obszary zastosowania:<\/strong><br data-start=\"1834\" data-end=\"1837\" \/>Nadaje si\u0119 do drzwi antyw\u0142amaniowych w wi\u0119zieniach, bankach, agencjach rz\u0105dowych i innych miejscach, w kt\u00f3rych wymagane jest cz\u0119ste przechodzenie i maksymalne bezpiecze\u0144stwo.<\/p>\n<p class=\"\" data-start=\"1974\" data-end=\"2003\"><strong data-start=\"1974\" data-end=\"2003\">Dane techniczne:<\/strong><\/p>\n<ul data-start=\"2004\" data-end=\"2345\">\n<li class=\"\" data-start=\"2004\" data-end=\"2042\">\n<p class=\"\" data-start=\"2006\" data-end=\"2042\">Napi\u0119cie robocze: 24 V DC (21,6-27,6 V)<\/p>\n<\/li>\n<li class=\"\" data-start=\"2043\" data-end=\"2075\">\n<p class=\"\" data-start=\"2045\" data-end=\"2075\">Pob\u00f3r pr\u0105du: 313 mA odblokowany<\/p>\n<\/li>\n<li class=\"\" data-start=\"2076\" data-end=\"2097\">\n<p class=\"\" data-start=\"2078\" data-end=\"2097\">Zawias drzwi: prawy<\/p>\n<\/li>\n<li class=\"\" data-start=\"2098\" data-end=\"2119\">\n<p class=\"\" data-start=\"2100\" data-end=\"2119\">D\u0142ugo\u015b\u0107 kabla: 5 metr\u00f3w<\/p>\n<\/li>\n<li class=\"\" data-start=\"2120\" data-end=\"2139\">\n<p class=\"\" data-start=\"2122\" data-end=\"2139\">Nacisk listwy: 500 kg<\/p>\n<\/li>\n<li class=\"\" data-start=\"2140\" data-end=\"2166\">\n<p class=\"\" data-start=\"2142\" data-end=\"2166\">Wytrzyma\u0142o\u015b\u0107 na zerwanie: 1500 kg<\/p>\n<\/li>\n<li class=\"\" data-start=\"2167\" data-end=\"2199\">\n<p class=\"\" data-start=\"2169\" data-end=\"2199\">Wymiary (szer. x g\u0142. x wys.): 35 x 40 x 230 mm<\/p>\n<\/li>\n<li class=\"\" data-start=\"2200\" data-end=\"2228\">\n<p class=\"\" data-start=\"2202\" data-end=\"2228\">Typ zamka: Zapadka hakowa, Zamek ryglowy<\/p>\n<\/li>\n<li class=\"\" data-start=\"2229\" data-end=\"2276\">\n<p class=\"\" data-start=\"2231\" data-end=\"2276\">Styk t\u0142oka: Mikrowy\u0142\u0105cznik, maks. 30V pr\u0105du sta\u0142ego \/ 1A<\/p>\n<\/li>\n<li class=\"\" data-start=\"2277\" data-end=\"2305\">\n<p class=\"\" data-start=\"2279\" data-end=\"2305\">Kolor\/Wyko\u0144czenie: Stal nierdzewna<\/p>\n<\/li>\n<li class=\"\" data-start=\"2306\" data-end=\"2345\">\n<p class=\"\" data-start=\"2308\" data-end=\"2345\">Oceny: SundaHus, Ocena materia\u0142\u00f3w budowlanych<\/p>\n<\/li>\n<\/ul>","protected":false},"excerpt":{"rendered":"<p>Tutaj mo\u017cesz zobaczy\u0107, kt\u00f3re s\u0142upki i modele pasuj\u0105 do siebie z asortymentu elektrycznych ogranicznik\u00f3w drzwi STEP.<\/p>\n<h5><strong><a href=\"https:\/\/steplock.com\/sv\/stolpguide\/#!?lang=sv&amp;blog_id=1&amp;paged=1&amp;number=50\" target=\"_blank\" rel=\"noopener\">Przewodnik po STEP Post\u00a0<\/a><\/strong><\/h5>\n<h5><strong><a href=\"https:\/\/steplock.com\/sv\/projekteringsguide\/#!?lang=sv&amp;blog_id=1&amp;paged=1&amp;number=999\" target=\"_blank\" rel=\"noopener\">Przewodnik projektowy STEP<\/a><\/strong><\/h5>","protected":false},"featured_media":147379,"template":"","meta":{"_acf_changed":false},"product_brand":[],"product_cat":[3355],"product_tag":[4197,4200],"class_list":{"0":"post-147383","1":"product","2":"type-product","3":"status-publish","4":"has-post-thumbnail","6":"product_cat-elslutbleck","7":"product_tag-24v","8":"product_tag-rattvand","9":"product_shipping_class-tunga-paket","10":"pa_brands-step","11":"tm-no-options","13":"first","14":"instock","15":"sale","16":"taxable","17":"shipping-taxable","18":"purchasable","19":"product-type-simple"},"acf":[],"_links":{"self":[{"href":"https:\/\/secureus.se\/pl\/wp-json\/wp\/v2\/product\/147383","targetHints":{"allow":["GET"]}}],"collection":[{"href":"https:\/\/secureus.se\/pl\/wp-json\/wp\/v2\/product"}],"about":[{"href":"https:\/\/secureus.se\/pl\/wp-json\/wp\/v2\/types\/product"}],"wp:featuredmedia":[{"embeddable":true,"href":"https:\/\/secureus.se\/pl\/wp-json\/wp\/v2\/media\/147379"}],"wp:attachment":[{"href":"https:\/\/secureus.se\/pl\/wp-json\/wp\/v2\/media?parent=147383"}],"wp:term":[{"taxonomy":"product_brand","embeddable":true,"href":"https:\/\/secureus.se\/pl\/wp-json\/wp\/v2\/product_brand?post=147383"},{"taxonomy":"product_cat","embeddable":true,"href":"https:\/\/secureus.se\/pl\/wp-json\/wp\/v2\/product_cat?post=147383"},{"taxonomy":"product_tag","embeddable":true,"href":"https:\/\/secureus.se\/pl\/wp-json\/wp\/v2\/product_tag?post=147383"}],"curies":[{"name":"wp","href":"https:\/\/api.w.org\/{rel}","templated":true}]}}