{"id":147387,"date":"2023-09-26T13:10:15","date_gmt":"2023-09-26T11:10:15","guid":{"rendered":"https:\/\/secureus.se\/elslutbleck-step-40-omvand-24v-kolvkontakt\/"},"modified":"2026-04-08T16:03:45","modified_gmt":"2026-04-08T14:03:45","slug":"elslutbleck-step-40-omvand-24v-kolvkontakt","status":"publish","type":"product","link":"https:\/\/secureus.se\/pl\/elslutbleck-step-40-omvand-24v-kolvkontakt\/","title":{"rendered":"Elektryczny zamek b\u0142yskawiczny STEP 40 Odwrotny 24V Styk t\u0142okowy"},"content":{"rendered":"<h1>Elektryczny zamek b\u0142yskawiczny STEP 40 Odwrotny 24V Styk t\u0142okowy<\/h1>\n<p>STEP 40 Preload to kompaktowy i niezawodny zamek elektryczny z funkcj\u0105 rewersyjn\u0105, stykiem t\u0142okowym i technologi\u0105 HPR. Wytrzymuje nacisk do 250 kg i pasuje zar\u00f3wno do zamk\u00f3w jedno-, jak i dwuskrzyd\u0142owych.<\/p>\n<p>Elektrozaczep STEP 40 Preload wyznacza nowy standard w dziedzinie zamykania dziennego dzi\u0119ki kompaktowej konstrukcji i wysokiej niezawodno\u015bci dzia\u0142ania.<\/p>\n<p>Nale\u017cy do serii Preload firmy STEP, kt\u00f3ra charakteryzuje si\u0119 po\u0142\u0105czeniem ma\u0142ych wymiar\u00f3w, wysokiej jako\u015bci i elastyczno\u015bci.<\/p>\n<p>Idealne do drzwi, kt\u00f3re s\u0105 cz\u0119sto otwierane, ale gdzie wymagana jest niezawodno\u015b\u0107 dzia\u0142ania.<\/p>\n<p class=\"\" data-start=\"809\" data-end=\"1135\">Ten model jest odwr\u00f3cony, co oznacza, \u017ce jest odblokowany w pozycji od\u0142\u0105czonej od zasilania \u2013 jest to powszechny wym\u00f3g w \u015brodowiskach, w kt\u00f3rych priorytetem jest bezpieczna ewakuacja lub bezb\u0142\u0119dne przej\u015bcie.<\/p>\n<p class=\"\" data-start=\"809\" data-end=\"1135\">Dzi\u0119ki opatentowanej technologii HPR\u00ae odblokowanie jest gwarantowane nawet przy nacisku ta\u015bmy do 250 kg, co sprawia, \u017ce STEP 40 jest niezawodnym wyborem w wymagaj\u0105cych instalacjach.<\/p>\n<p class=\"\" data-start=\"1137\" data-end=\"1479\">STEP 40 o wytrzyma\u0142o\u015bci na zerwanie wynosz\u0105cej 1200 kg i przetestowany w 1,5 mln cykli jest przeznaczony do d\u0142ugotrwa\u0142ej eksploatacji. Jest on odwracalny i mo\u017cna go zamontowa\u0107 zar\u00f3wno w drzwiach prawo-, jak i lewoskr\u0119tnych.<\/p>\n<p class=\"\" data-start=\"1137\" data-end=\"1479\">Styk t\u0142okowy informuje, czy drzwi s\u0105 zamkni\u0119te czy otwarte, co umo\u017cliwia integracj\u0119 z systemami kontroli dost\u0119pu. Posiada r\u00f3wnie\u017c zabezpieczenie antysabota\u017cowe i diod\u0119 zabezpieczaj\u0105c\u0105.<\/p>\n<p class=\"\" data-start=\"1481\" data-end=\"1507\"><strong data-start=\"1481\" data-end=\"1507\">Cechy i korzy\u015bci:<\/strong><\/p>\n<ul data-start=\"1508\" data-end=\"1821\">\n<li class=\"\" data-start=\"1508\" data-end=\"1544\">\n<p class=\"\" data-start=\"1510\" data-end=\"1544\">Funkcja cofania (odblokowana bez zasilania)<\/p>\n<\/li>\n<li class=\"\" data-start=\"1545\" data-end=\"1590\">\n<p class=\"\" data-start=\"1547\" data-end=\"1590\">Technologia HPR\u00ae \u2013 otwiera si\u0119 pomimo nacisku ta\u015bmy wynosz\u0105cego 250 kg<\/p>\n<\/li>\n<li class=\"\" data-start=\"1591\" data-end=\"1619\">\n<p class=\"\" data-start=\"1593\" data-end=\"1619\">Prze\u0142\u0105cznik t\u0142okowy stanu drzwi<\/p>\n<\/li>\n<li class=\"\" data-start=\"1620\" data-end=\"1654\">\n<p class=\"\" data-start=\"1622\" data-end=\"1654\">Kompaktowa konstrukcja: wysoko\u015b\u0107 zaledwie 90 mm<\/p>\n<\/li>\n<li class=\"\" data-start=\"1655\" data-end=\"1681\">\n<p class=\"\" data-start=\"1657\" data-end=\"1681\">Wytrzyma\u0142o\u015b\u0107 na zerwanie 1200 kg<\/p>\n<\/li>\n<li class=\"\" data-start=\"1682\" data-end=\"1719\">\n<p class=\"\" data-start=\"1684\" data-end=\"1719\">Przetestowano na 1 500 000 cykli otwierania<\/p>\n<\/li>\n<li class=\"\" data-start=\"1720\" data-end=\"1752\">\n<p class=\"\" data-start=\"1722\" data-end=\"1752\">Odporne na uderzenia i z diod\u0105 zabezpieczaj\u0105c\u0105<\/p>\n<\/li>\n<li class=\"\" data-start=\"1753\" data-end=\"1791\">\n<p class=\"\" data-start=\"1755\" data-end=\"1791\">Pasuje do drzwi prawych i lewych<\/p>\n<\/li>\n<li class=\"\" data-start=\"1792\" data-end=\"1821\">\n<p class=\"\" data-start=\"1794\" data-end=\"1821\">Do zamk\u00f3w jedno- i dwuskrzyd\u0142owych<\/p>\n<\/li>\n<\/ul>\n<p class=\"\" data-start=\"1823\" data-end=\"1979\"><strong data-start=\"1823\" data-end=\"1846\">Obszary zastosowania:<\/strong><br data-start=\"1846\" data-end=\"1849\" \/>Nadaje si\u0119 do pomieszcze\u0144 publicznych, biur, drzwi wewn\u0119trznych lub dr\u00f3g ewakuacyjnych, gdzie wymagana jest wysoka niezawodno\u015b\u0107 dzia\u0142ania i niski poziom ha\u0142asu.<\/p>\n<p class=\"\" data-start=\"1981\" data-end=\"2010\"><strong data-start=\"1981\" data-end=\"2010\">Dane techniczne:<\/strong><\/p>\n<ul data-start=\"2011\" data-end=\"2386\">\n<li class=\"\" data-start=\"2011\" data-end=\"2049\">\n<p class=\"\" data-start=\"2013\" data-end=\"2049\">Napi\u0119cie robocze: 24 V DC (21,6-27,6 V)<\/p>\n<\/li>\n<li class=\"\" data-start=\"2050\" data-end=\"2096\">\n<p class=\"\" data-start=\"2052\" data-end=\"2096\">Pob\u00f3r pr\u0105du: 110 mA (odblokowany), maks. 300 mA<\/p>\n<\/li>\n<li class=\"\" data-start=\"2097\" data-end=\"2144\">\n<p class=\"\" data-start=\"2099\" data-end=\"2144\">Styk t\u0142oka: Mikrowy\u0142\u0105cznik, maks. 30V pr\u0105du sta\u0142ego \/ 1A<\/p>\n<\/li>\n<li class=\"\" data-start=\"2145\" data-end=\"2184\">\n<p class=\"\" data-start=\"2147\" data-end=\"2184\">Zawiasy drzwi: Prawe\/Lewe (odwracalne)<\/p>\n<\/li>\n<li class=\"\" data-start=\"2185\" data-end=\"2216\">\n<p class=\"\" data-start=\"2187\" data-end=\"2216\">Wymiary (szer. x g\u0142. x wys.): 25 x 28 x 90 mm<\/p>\n<\/li>\n<li class=\"\" data-start=\"2217\" data-end=\"2243\">\n<p class=\"\" data-start=\"2219\" data-end=\"2243\">Wytrzyma\u0142o\u015b\u0107 na zerwanie: 1200 kg<\/p>\n<\/li>\n<li class=\"\" data-start=\"2244\" data-end=\"2263\">\n<p class=\"\" data-start=\"2246\" data-end=\"2263\">Nacisk ta\u015bmy: 250 kg<\/p>\n<\/li>\n<li class=\"\" data-start=\"2264\" data-end=\"2299\">\n<p class=\"\" data-start=\"2266\" data-end=\"2299\">Typ zamka: Zamek jednoskrzyd\u0142owy lub dwuskrzyd\u0142owy<\/p>\n<\/li>\n<li class=\"\" data-start=\"2300\" data-end=\"2328\">\n<p class=\"\" data-start=\"2302\" data-end=\"2328\">Kolor\/Wyko\u0144czenie: Stal nierdzewna<\/p>\n<\/li>\n<li class=\"\" data-start=\"2329\" data-end=\"2346\">\n<p class=\"\" data-start=\"2331\" data-end=\"2346\">Kabel: Nie do\u0142\u0105czony<\/p>\n<\/li>\n<li class=\"\" data-start=\"2347\" data-end=\"2386\">\n<p class=\"\" data-start=\"2349\" data-end=\"2386\">Oceny: SundaHus, Ocena materia\u0142\u00f3w budowlanych<\/p>\n<\/li>\n<\/ul>","protected":false},"excerpt":{"rendered":"<p>Tutaj mo\u017cesz zobaczy\u0107, kt\u00f3re s\u0142upki i modele pasuj\u0105 do siebie z asortymentu elektrycznych ogranicznik\u00f3w drzwi STEP.<\/p>\n<h5><strong><a href=\"https:\/\/steplock.com\/sv\/stolpguide\/#!?lang=sv&amp;blog_id=1&amp;paged=1&amp;number=50\" target=\"_blank\" rel=\"noopener\">Przewodnik po STEP Post\u00a0<\/a><\/strong><\/h5>\n<h5><strong><a href=\"https:\/\/steplock.com\/sv\/projekteringsguide\/#!?lang=sv&amp;blog_id=1&amp;paged=1&amp;number=999\" target=\"_blank\" rel=\"noopener\">Przewodnik projektowy STEP<\/a><\/strong><\/h5>","protected":false},"featured_media":147384,"template":"","meta":{"_acf_changed":false},"product_brand":[],"product_cat":[3355],"product_tag":[4197,4201],"class_list":{"0":"post-147387","1":"product","2":"type-product","3":"status-publish","4":"has-post-thumbnail","6":"product_cat-elslutbleck","7":"product_tag-24v","8":"product_tag-omvand","9":"product_shipping_class-tunga-paket","10":"pa_brands-step","11":"tm-no-options","13":"first","14":"instock","15":"sale","16":"taxable","17":"shipping-taxable","18":"purchasable","19":"product-type-simple"},"acf":[],"_links":{"self":[{"href":"https:\/\/secureus.se\/pl\/wp-json\/wp\/v2\/product\/147387","targetHints":{"allow":["GET"]}}],"collection":[{"href":"https:\/\/secureus.se\/pl\/wp-json\/wp\/v2\/product"}],"about":[{"href":"https:\/\/secureus.se\/pl\/wp-json\/wp\/v2\/types\/product"}],"wp:featuredmedia":[{"embeddable":true,"href":"https:\/\/secureus.se\/pl\/wp-json\/wp\/v2\/media\/147384"}],"wp:attachment":[{"href":"https:\/\/secureus.se\/pl\/wp-json\/wp\/v2\/media?parent=147387"}],"wp:term":[{"taxonomy":"product_brand","embeddable":true,"href":"https:\/\/secureus.se\/pl\/wp-json\/wp\/v2\/product_brand?post=147387"},{"taxonomy":"product_cat","embeddable":true,"href":"https:\/\/secureus.se\/pl\/wp-json\/wp\/v2\/product_cat?post=147387"},{"taxonomy":"product_tag","embeddable":true,"href":"https:\/\/secureus.se\/pl\/wp-json\/wp\/v2\/product_tag?post=147387"}],"curies":[{"name":"wp","href":"https:\/\/api.w.org\/{rel}","templated":true}]}}