{"id":147392,"date":"2023-09-26T13:10:08","date_gmt":"2023-09-26T11:10:08","guid":{"rendered":"https:\/\/secureus.se\/elslutbleck-step-28e-vanster-rattvand-24v-9mm-regel\/"},"modified":"2026-03-26T09:45:31","modified_gmt":"2026-03-26T08:45:31","slug":"elslutbleck-step-28e-vanster-rattvand-24v-9mm-regel","status":"publish","type":"product","link":"https:\/\/secureus.se\/pl\/elslutbleck-step-28e-vanster-rattvand-24v-9mm-regel\/","title":{"rendered":"Elektryczny zamek STEP 28E Lewy Prawy 24V Linia 9mm"},"content":{"rendered":"<h1>Elektryczny zamek STEP 28E Lewy Prawy 24V Linia 9mm<\/h1>\n<p>STEP 28E Secure to ognioodporny elektrozaczep z funkcj\u0105 otwierania po prawej stronie przeznaczony do drzwi lewoskr\u0119tnych. Dostosowany do zamk\u00f3w ryglowych 9 mm z serii Connect, o du\u017cej wytrzyma\u0142o\u015bci na zerwanie i styku z t\u0142okiem. W zestawie kabel o d\u0142ugo\u015bci 5 m.<\/p>\n<p>Elektrozaczep STEP 28E Secure to elektrozaczep \u0142\u0105cz\u0105cy w sobie funkcje bezpiecze\u0144stwa, ewakuacji i klasyfikacji ogniowej ze wsparciem automatyki drzwiowej.<\/p>\n<p>Model ten jest przeznaczony do stosowania z zamkami ryglowymi serii Connect z t\u0142okiem 9 mm i jest cz\u0119sto instalowany w \u015brodowiskach, w kt\u00f3rych wymagania przeciwpo\u017carowe zgodnie z klas\u0105 E\/EI60 musz\u0105 by\u0107 po\u0142\u0105czone z szybkim przej\u015bciem, np. poprzez zamki ewakuacyjne zgodne z norm\u0105 SS-EN 179.<\/p>\n<p class=\"\" data-start=\"911\" data-end=\"1279\">W przypadku funkcji dla prawor\u0119cznych, elektrozaczep jest blokowany w pozycji bezpr\u0105dowej i jest szczeg\u00f3lnie przydatny w przypadku drzwi, kt\u00f3re musz\u0105 pozosta\u0107 zamkni\u0119te w przypadku zaniku zasilania.<\/p>\n<p class=\"\" data-start=\"911\" data-end=\"1279\">Styk t\u0142okowy i styk zapadki umo\u017cliwiaj\u0105 monitorowanie stanu drzwi w celu integracji z systemami kontroli dost\u0119pu i systemami alarmowymi. Materia\u0142 ten charakteryzuje si\u0119 r\u00f3wnie\u017c du\u017c\u0105 wytrzyma\u0142o\u015bci\u0105 na zerwanie, przekraczaj\u0105c\u0105 15 kN (1500 kg) i wytrzymuje nacisk ta\u015bmy o warto\u015bci do 500 kg.<\/p>\n<p class=\"\" data-start=\"1281\" data-end=\"1507\">STEP 28E Secure jest zabezpieczony przed manipulacj\u0105, ma wbudowan\u0105 diod\u0119 zabezpieczaj\u0105c\u0105 i jest dostarczany w komplecie z 5-metrowym kablem po\u0142\u0105czeniowym bezhalogenowym.<\/p>\n<p class=\"\" data-start=\"1281\" data-end=\"1507\">Pasuje do drzwi lewoskr\u0119tnych i stanowi solidne rozwi\u0105zanie dla drzwi wymagaj\u0105cych wysokiego poziomu bezpiecze\u0144stwa.<\/p>\n<p class=\"\" data-start=\"1509\" data-end=\"1535\"><strong data-start=\"1509\" data-end=\"1535\">Cechy i korzy\u015bci:<\/strong><\/p>\n<ul data-start=\"1536\" data-end=\"1856\">\n<li class=\"\" data-start=\"1536\" data-end=\"1588\">\n<p class=\"\" data-start=\"1538\" data-end=\"1588\">Przystosowany do zamk\u00f3w ryglowych (t\u0142ok 9 mm) serii Connect<\/p>\n<\/li>\n<li class=\"\" data-start=\"1589\" data-end=\"1632\">\n<p class=\"\" data-start=\"1591\" data-end=\"1632\">Prawid\u0142owa funkcja \u2013 zablokowana w pozycji od\u0142\u0105czonej od zasilania<\/p>\n<\/li>\n<li class=\"\" data-start=\"1633\" data-end=\"1659\">\n<p class=\"\" data-start=\"1635\" data-end=\"1659\">Do drzwi lewych<\/p>\n<\/li>\n<li class=\"\" data-start=\"1660\" data-end=\"1706\">\n<p class=\"\" data-start=\"1662\" data-end=\"1706\">Styk t\u0142oka i zatrzasku do monitorowania stanu<\/p>\n<\/li>\n<li class=\"\" data-start=\"1707\" data-end=\"1726\">\n<p class=\"\" data-start=\"1709\" data-end=\"1726\">Klasa ogniowa E\/EI60<\/p>\n<\/li>\n<li class=\"\" data-start=\"1727\" data-end=\"1755\">\n<p class=\"\" data-start=\"1729\" data-end=\"1755\">Wytrzyma\u0142o\u015b\u0107 na zerwanie powy\u017cej 15 kN<\/p>\n<\/li>\n<li class=\"\" data-start=\"1756\" data-end=\"1790\">\n<p class=\"\" data-start=\"1758\" data-end=\"1790\">Wytrzymuje nacisk formowania do 500 kg<\/p>\n<\/li>\n<li class=\"\" data-start=\"1791\" data-end=\"1823\">\n<p class=\"\" data-start=\"1793\" data-end=\"1823\">Odporne na uderzenia i z diod\u0105 zabezpieczaj\u0105c\u0105<\/p>\n<\/li>\n<li class=\"\" data-start=\"1824\" data-end=\"1856\">\n<p class=\"\" data-start=\"1826\" data-end=\"1856\">W zestawie 5-metrowy kabel bezhalogenowy<\/p>\n<\/li>\n<\/ul>\n<p class=\"\" data-start=\"1858\" data-end=\"2044\"><strong data-start=\"1858\" data-end=\"1881\">Obszary zastosowania:<\/strong><br data-start=\"1881\" data-end=\"1884\" \/>Idealne do \u015brodowisk, w kt\u00f3rych odporno\u015b\u0107 ogniowa, ewakuacja i bezpiecze\u0144stwo musz\u0105 by\u0107 po\u0142\u0105czone z automatyzacj\u0105 drzwi \u2013 np. w budynkach u\u017cyteczno\u015bci publicznej, szpitalach, szko\u0142ach i urz\u0119dach.<\/p>\n<p class=\"\" data-start=\"2046\" data-end=\"2075\"><strong data-start=\"2046\" data-end=\"2075\">Dane techniczne:<\/strong><\/p>\n<ul data-start=\"2076\" data-end=\"2422\">\n<li class=\"\" data-start=\"2076\" data-end=\"2114\">\n<p class=\"\" data-start=\"2078\" data-end=\"2114\">Napi\u0119cie robocze: 24 V DC (21,6-27,6 V)<\/p>\n<\/li>\n<li class=\"\" data-start=\"2115\" data-end=\"2147\">\n<p class=\"\" data-start=\"2117\" data-end=\"2147\">Pob\u00f3r pr\u0105du: 500 mA odblokowany<\/p>\n<\/li>\n<li class=\"\" data-start=\"2148\" data-end=\"2171\">\n<p class=\"\" data-start=\"2150\" data-end=\"2171\">Zawias drzwi: Lewy<\/p>\n<\/li>\n<li class=\"\" data-start=\"2172\" data-end=\"2193\">\n<p class=\"\" data-start=\"2174\" data-end=\"2193\">D\u0142ugo\u015b\u0107 kabla: 5 metr\u00f3w<\/p>\n<\/li>\n<li class=\"\" data-start=\"2194\" data-end=\"2220\">\n<p class=\"\" data-start=\"2196\" data-end=\"2220\">Wytrzyma\u0142o\u015b\u0107 na zerwanie: 1500 kg<\/p>\n<\/li>\n<li class=\"\" data-start=\"2221\" data-end=\"2240\">\n<p class=\"\" data-start=\"2223\" data-end=\"2240\">Nacisk listwy: 500 kg<\/p>\n<\/li>\n<li class=\"\" data-start=\"2241\" data-end=\"2273\">\n<p class=\"\" data-start=\"2243\" data-end=\"2273\">Wymiary (szer. x g\u0142. x wys.): 35 x 40 x 230 mm<\/p>\n<\/li>\n<li class=\"\" data-start=\"2274\" data-end=\"2305\">\n<p class=\"\" data-start=\"2276\" data-end=\"2305\">Typ zamka: Zamek zatrzaskowy, Zamek zatrzaskowy<\/p>\n<\/li>\n<li class=\"\" data-start=\"2306\" data-end=\"2353\">\n<p class=\"\" data-start=\"2308\" data-end=\"2353\">Styk t\u0142oka: Mikrowy\u0142\u0105cznik, maks. 30V pr\u0105du sta\u0142ego \/ 1A<\/p>\n<\/li>\n<li class=\"\" data-start=\"2354\" data-end=\"2382\">\n<p class=\"\" data-start=\"2356\" data-end=\"2382\">Kolor\/Wyko\u0144czenie: Stal nierdzewna<\/p>\n<\/li>\n<li class=\"\" data-start=\"2383\" data-end=\"2422\">\n<p class=\"\" data-start=\"2385\" data-end=\"2422\">Oceny: SundaHus, Ocena materia\u0142\u00f3w budowlanych<\/p>\n<\/li>\n<\/ul>","protected":false},"excerpt":{"rendered":"<p>Tutaj mo\u017cesz zobaczy\u0107, kt\u00f3re s\u0142upki i modele pasuj\u0105 do siebie z asortymentu elektrycznych ogranicznik\u00f3w drzwi STEP.<\/p>\n<h5><strong><a href=\"https:\/\/steplock.com\/sv\/stolpguide\/#!?lang=sv&amp;blog_id=1&amp;paged=1&amp;number=50\" target=\"_blank\" rel=\"noopener\">Przewodnik po STEP Post\u00a0<\/a><\/strong><\/h5>\n<h5><strong><a href=\"https:\/\/steplock.com\/sv\/projekteringsguide\/#!?lang=sv&amp;blog_id=1&amp;paged=1&amp;number=999\" target=\"_blank\" rel=\"noopener\">Przewodnik projektowy STEP<\/a><\/strong><\/h5>","protected":false},"featured_media":147388,"template":"","meta":{"_acf_changed":false},"product_brand":[],"product_cat":[3355],"product_tag":[4197,4200],"class_list":{"0":"post-147392","1":"product","2":"type-product","3":"status-publish","4":"has-post-thumbnail","6":"product_cat-elslutbleck","7":"product_tag-24v","8":"product_tag-rattvand","9":"product_shipping_class-tunga-paket","10":"pa_brands-step","11":"tm-no-options","13":"first","14":"instock","15":"sale","16":"taxable","17":"shipping-taxable","18":"purchasable","19":"product-type-simple"},"acf":[],"_links":{"self":[{"href":"https:\/\/secureus.se\/pl\/wp-json\/wp\/v2\/product\/147392","targetHints":{"allow":["GET"]}}],"collection":[{"href":"https:\/\/secureus.se\/pl\/wp-json\/wp\/v2\/product"}],"about":[{"href":"https:\/\/secureus.se\/pl\/wp-json\/wp\/v2\/types\/product"}],"wp:featuredmedia":[{"embeddable":true,"href":"https:\/\/secureus.se\/pl\/wp-json\/wp\/v2\/media\/147388"}],"wp:attachment":[{"href":"https:\/\/secureus.se\/pl\/wp-json\/wp\/v2\/media?parent=147392"}],"wp:term":[{"taxonomy":"product_brand","embeddable":true,"href":"https:\/\/secureus.se\/pl\/wp-json\/wp\/v2\/product_brand?post=147392"},{"taxonomy":"product_cat","embeddable":true,"href":"https:\/\/secureus.se\/pl\/wp-json\/wp\/v2\/product_cat?post=147392"},{"taxonomy":"product_tag","embeddable":true,"href":"https:\/\/secureus.se\/pl\/wp-json\/wp\/v2\/product_tag?post=147392"}],"curies":[{"name":"wp","href":"https:\/\/api.w.org\/{rel}","templated":true}]}}