{"id":147397,"date":"2023-09-26T13:10:06","date_gmt":"2023-09-26T11:10:06","guid":{"rendered":"https:\/\/secureus.se\/elslutbleck-step-28e-hoger-rattvand-24v-9mm-regel\/"},"modified":"2026-03-26T09:43:49","modified_gmt":"2026-03-26T08:43:49","slug":"elslutbleck-step-28e-hoger-rattvand-24v-9mm-regel","status":"publish","type":"product","link":"https:\/\/secureus.se\/pl\/elslutbleck-step-28e-hoger-rattvand-24v-9mm-regel\/","title":{"rendered":"Elektryczny zamek STEP 28E Prawy Prosty 24V Linia 9mm"},"content":{"rendered":"<h1>Elektryczny zamek STEP 28E Prawy Prosty 24V Linia 9mm<\/h1>\n<p>STEP 28E Secure to ognioodporny zamek elektryczny z funkcj\u0105 prawego zamka, stykiem t\u0142okowym i kablem o d\u0142ugo\u015bci 5 m. Przystosowany do drzwi prawoskrzyd\u0142owych z zamkami ryglowymi 9 mm z serii Connect, spe\u0142nia wysokie wymagania bezpiecze\u0144stwa i ewakuacji.<\/p>\n<p>Elektrozaczep STEP 28E Secure to solidny elektrozaczep, kt\u00f3ry umo\u017cliwia po\u0142\u0105czenie bezpiecznego zamykania, wymaga\u0144 przeciwpo\u017carowych i ewakuacyjnych z automatyzacj\u0105 drzwi.<\/p>\n<p class=\"\" data-start=\"425\" data-end=\"914\">Model ten przeznaczony jest do drzwi prawoskr\u0119tnych i stosuje si\u0119 go z zamkiem zasuwkowym lub zamkiem zasuwkowym z ryglem 9 mm z serii Connect, kt\u00f3ry zapewnia wysoki poziom bezpiecze\u0144stwa przed w\u0142amaniem bez ograniczania mo\u017cliwo\u015bci ucieczki.<\/p>\n<p class=\"\" data-start=\"916\" data-end=\"1248\">Dzi\u0119ki funkcji skierowanej do przodu \u2013 co oznacza, \u017ce zamek elektryczny jest zablokowany w pozycji od\u0142\u0105czonej \u2013 STEP 28E spe\u0142nia wymagania bezpiecze\u0144stwa w \u015brodowiskach o krytycznym znaczeniu.<\/p>\n<p class=\"\" data-start=\"916\" data-end=\"1248\">Posiada klas\u0119 odporno\u015bci ogniowej E\/EI60 i jest powszechnie stosowany w \u015brodowiskach, w kt\u00f3rych stosuje si\u0119 zamki ewakuacyjne zgodne z norm\u0105 SS-EN 179, na przyk\u0142ad w szko\u0142ach, plac\u00f3wkach s\u0142u\u017cby zdrowia i budynkach u\u017cyteczno\u015bci publicznej.<\/p>\n<p class=\"\" data-start=\"1250\" data-end=\"1624\">Zamek elektryczny posiada wbudowany styk t\u0142okowy i styk blokuj\u0105cy, co umo\u017cliwia czytelne monitorowanie stanu i integracj\u0119 z systemami kontroli dost\u0119pu lub alarmami.<\/p>\n<p class=\"\" data-start=\"1250\" data-end=\"1624\">Dzi\u0119ki wytrzyma\u0142o\u015bci na zerwanie przekraczaj\u0105cej 15 kN i mo\u017cliwo\u015bci otwierania si\u0119 pomimo nacisku ta\u015bmy do 500 kg, STEP 28E jest rozwi\u0105zaniem wytrzyma\u0142ym i niezawodnym. Produkt jest zabezpieczony przed manipulacj\u0105, posiada diod\u0119 zabezpieczaj\u0105c\u0105 i jest dostarczany z 5-metrowym kablem bezhalogenowym.<\/p>\n<p class=\"\" data-start=\"1626\" data-end=\"1652\"><strong data-start=\"1626\" data-end=\"1652\">Cechy i korzy\u015bci:<\/strong><\/p>\n<ul data-start=\"1653\" data-end=\"1956\">\n<li class=\"\" data-start=\"1653\" data-end=\"1690\">\n<p class=\"\" data-start=\"1655\" data-end=\"1690\">Prawid\u0142owa funkcja \u2013 zablokowana bez zasilania<\/p>\n<\/li>\n<li class=\"\" data-start=\"1691\" data-end=\"1733\">\n<p class=\"\" data-start=\"1693\" data-end=\"1733\">Do drzwi prawych z zamkiem ryglowym 9 mm<\/p>\n<\/li>\n<li class=\"\" data-start=\"1734\" data-end=\"1779\">\n<p class=\"\" data-start=\"1736\" data-end=\"1779\">Klasa ognioodporno\u015bci E\/EI60 zgodnie z norm\u0105 SS-EN 14846:2008<\/p>\n<\/li>\n<li class=\"\" data-start=\"1780\" data-end=\"1826\">\n<p class=\"\" data-start=\"1782\" data-end=\"1826\">Styk t\u0142oka i zatrzasku do monitorowania stanu<\/p>\n<\/li>\n<li class=\"\" data-start=\"1827\" data-end=\"1883\">\n<p class=\"\" data-start=\"1829\" data-end=\"1883\">Wytrzymuje nacisk ta\u015bmy 500 kg i wytrzyma\u0142o\u015b\u0107 na zerwanie ponad 15 kN<\/p>\n<\/li>\n<li class=\"\" data-start=\"1884\" data-end=\"1915\">\n<p class=\"\" data-start=\"1886\" data-end=\"1915\">Odporny na uderzenia, z diod\u0105 zabezpieczaj\u0105c\u0105<\/p>\n<\/li>\n<li class=\"\" data-start=\"1916\" data-end=\"1956\">\n<p class=\"\" data-start=\"1918\" data-end=\"1956\">Dostarczany z 5-metrowym kablem bezhalogenowym<\/p>\n<\/li>\n<\/ul>\n<p class=\"\" data-start=\"1958\" data-end=\"2148\"><strong data-start=\"1958\" data-end=\"1981\">Obszary zastosowania:<\/strong><br data-start=\"1981\" data-end=\"1984\" \/>Idealne do drzwi wewn\u0119trznych o podwy\u017cszonej odporno\u015bci na ogie\u0144 w miejscach, w kt\u00f3rych wyst\u0119puj\u0105 wymagania dotycz\u0105ce ewakuacji, odporno\u015bci ogniowej i kontroli dost\u0119pu \u2013 np. szko\u0142y, biura i budynki publiczne.<\/p>\n<p class=\"\" data-start=\"2150\" data-end=\"2179\"><strong data-start=\"2150\" data-end=\"2179\">Dane techniczne:<\/strong><\/p>\n<ul data-start=\"2180\" data-end=\"2524\">\n<li class=\"\" data-start=\"2180\" data-end=\"2218\">\n<p class=\"\" data-start=\"2182\" data-end=\"2218\">Napi\u0119cie robocze: 24 V DC (21,6-27,6 V)<\/p>\n<\/li>\n<li class=\"\" data-start=\"2219\" data-end=\"2251\">\n<p class=\"\" data-start=\"2221\" data-end=\"2251\">Pob\u00f3r pr\u0105du: 500 mA odblokowany<\/p>\n<\/li>\n<li class=\"\" data-start=\"2252\" data-end=\"2273\">\n<p class=\"\" data-start=\"2254\" data-end=\"2273\">Zawias drzwi: prawy<\/p>\n<\/li>\n<li class=\"\" data-start=\"2274\" data-end=\"2295\">\n<p class=\"\" data-start=\"2276\" data-end=\"2295\">D\u0142ugo\u015b\u0107 kabla: 5 metr\u00f3w<\/p>\n<\/li>\n<li class=\"\" data-start=\"2296\" data-end=\"2322\">\n<p class=\"\" data-start=\"2298\" data-end=\"2322\">Wytrzyma\u0142o\u015b\u0107 na zerwanie: 1500 kg<\/p>\n<\/li>\n<li class=\"\" data-start=\"2323\" data-end=\"2342\">\n<p class=\"\" data-start=\"2325\" data-end=\"2342\">Nacisk listwy: 500 kg<\/p>\n<\/li>\n<li class=\"\" data-start=\"2343\" data-end=\"2375\">\n<p class=\"\" data-start=\"2345\" data-end=\"2375\">Wymiary (szer. x g\u0142. x wys.): 35 x 40 x 230 mm<\/p>\n<\/li>\n<li class=\"\" data-start=\"2376\" data-end=\"2407\">\n<p class=\"\" data-start=\"2378\" data-end=\"2407\">Typ zamka: Zamek zatrzaskowy, Zamek zatrzaskowy<\/p>\n<\/li>\n<li class=\"\" data-start=\"2408\" data-end=\"2455\">\n<p class=\"\" data-start=\"2410\" data-end=\"2455\">Styk t\u0142oka: Mikrowy\u0142\u0105cznik, maks. 30V pr\u0105du sta\u0142ego \/ 1A<\/p>\n<\/li>\n<li class=\"\" data-start=\"2456\" data-end=\"2484\">\n<p class=\"\" data-start=\"2458\" data-end=\"2484\">Kolor\/Wyko\u0144czenie: Stal nierdzewna<\/p>\n<\/li>\n<li class=\"\" data-start=\"2485\" data-end=\"2524\">\n<p class=\"\" data-start=\"2487\" data-end=\"2524\">Oceny: SundaHus, Ocena materia\u0142\u00f3w budowlanych<\/p>\n<\/li>\n<\/ul>","protected":false},"excerpt":{"rendered":"<p>Tutaj mo\u017cesz zobaczy\u0107, kt\u00f3re s\u0142upki i modele pasuj\u0105 do siebie z asortymentu elektrycznych ogranicznik\u00f3w drzwi STEP.<\/p>\n<h5><strong><a href=\"https:\/\/steplock.com\/sv\/stolpguide\/#!?lang=sv&amp;blog_id=1&amp;paged=1&amp;number=50\" target=\"_blank\" rel=\"noopener\">Przewodnik po STEP Post\u00a0<\/a><\/strong><\/h5>\n<h5><strong><a href=\"https:\/\/steplock.com\/sv\/projekteringsguide\/#!?lang=sv&amp;blog_id=1&amp;paged=1&amp;number=999\" target=\"_blank\" rel=\"noopener\">Przewodnik projektowy STEP<\/a><\/strong><\/h5>","protected":false},"featured_media":147393,"template":"","meta":{"_acf_changed":false},"product_brand":[],"product_cat":[3355],"product_tag":[4197,4200],"class_list":{"0":"post-147397","1":"product","2":"type-product","3":"status-publish","4":"has-post-thumbnail","6":"product_cat-elslutbleck","7":"product_tag-24v","8":"product_tag-rattvand","9":"product_shipping_class-tunga-paket","10":"pa_brands-step","11":"tm-no-options","13":"first","14":"instock","15":"sale","16":"taxable","17":"shipping-taxable","18":"purchasable","19":"product-type-simple"},"acf":[],"_links":{"self":[{"href":"https:\/\/secureus.se\/pl\/wp-json\/wp\/v2\/product\/147397","targetHints":{"allow":["GET"]}}],"collection":[{"href":"https:\/\/secureus.se\/pl\/wp-json\/wp\/v2\/product"}],"about":[{"href":"https:\/\/secureus.se\/pl\/wp-json\/wp\/v2\/types\/product"}],"wp:featuredmedia":[{"embeddable":true,"href":"https:\/\/secureus.se\/pl\/wp-json\/wp\/v2\/media\/147393"}],"wp:attachment":[{"href":"https:\/\/secureus.se\/pl\/wp-json\/wp\/v2\/media?parent=147397"}],"wp:term":[{"taxonomy":"product_brand","embeddable":true,"href":"https:\/\/secureus.se\/pl\/wp-json\/wp\/v2\/product_brand?post=147397"},{"taxonomy":"product_cat","embeddable":true,"href":"https:\/\/secureus.se\/pl\/wp-json\/wp\/v2\/product_cat?post=147397"},{"taxonomy":"product_tag","embeddable":true,"href":"https:\/\/secureus.se\/pl\/wp-json\/wp\/v2\/product_tag?post=147397"}],"curies":[{"name":"wp","href":"https:\/\/api.w.org\/{rel}","templated":true}]}}