{"id":147400,"date":"2023-09-26T13:10:12","date_gmt":"2023-09-26T11:10:12","guid":{"rendered":"https:\/\/secureus.se\/elslutbleck-step-48-rattvand-24v\/"},"modified":"2026-04-23T12:32:51","modified_gmt":"2026-04-23T10:32:51","slug":"elslutbleck-step-48-rattvand-24v","status":"publish","type":"product","link":"https:\/\/secureus.se\/pl\/elslutbleck-step-48-rattvand-24v\/","title":{"rendered":"Elektryczna p\u0142ytka zaczepowa STEP 48 prawa 24V"},"content":{"rendered":"<h1>Elektryczna p\u0142ytka zaczepowa STEP 48 prawa 24V<\/h1>\n<p>STEP 48 Preload to kompaktowy i bezpieczny elektrozaczep z funkcj\u0105 dla os\u00f3b prawor\u0119cznych, wyposa\u017cony w technologi\u0119 docisku listwy STEP. Wytrzymuje nacisk formy do 40 kg i mo\u017cna go odwraca\u0107, aby pasowa\u0142 do drzwi prawych\/lewych.<\/p>\n<p>Elektrozaczep STEP 48 Preload to niezawodny i p\u0142ynnie dzia\u0142aj\u0105cy elektrozaczep z funkcj\u0105 otwierania do przodu, przeznaczony do miejsc, w kt\u00f3rych drzwi maj\u0105 by\u0107 zamykane na klucz lub ga\u0142k\u0119.<\/p>\n<p>Nale\u017cy do serii Preload firmy STEP i charakteryzuje si\u0119 kompaktow\u0105 konstrukcj\u0105 po\u0142\u0105czon\u0105 z zaawansowan\u0105 technologi\u0105, co gwarantuje niezawodn\u0105 prac\u0119 \u2013 nawet przy doci\u015bni\u0119ciu do drzwi.<\/p>\n<p class=\"\" data-start=\"812\" data-end=\"1088\">Dzi\u0119ki opatentowanej technologii docisku paska STEP, drzwi mo\u017cna odblokowa\u0107 nawet przy dzia\u0142aniu nacisku paska o sile do 40 kg.<\/p>\n<p class=\"\" data-start=\"812\" data-end=\"1088\">Dzi\u0119ki temu produkt ten sprawdza si\u0119 szczeg\u00f3lnie w miejscach, w kt\u00f3rych wymagane jest p\u0142ynne otwieranie drzwi nawet pod du\u017cym obci\u0105\u017ceniem, np. w pomieszczeniach biurowych, budynkach mieszkalnych lub obiektach u\u017cyteczno\u015bci publicznej.<\/p>\n<p class=\"\" data-start=\"1090\" data-end=\"1454\">Elektrozaczep mo\u017cna zamontowa\u0107 zar\u00f3wno do drzwi prawo-, jak i lewoskr\u0119tnych. Jest zabezpieczony przed ingerencj\u0105 i wyposa\u017cony we wbudowan\u0105 diod\u0119 zabezpieczaj\u0105c\u0105.<\/p>\n<p class=\"\" data-start=\"1090\" data-end=\"1454\">Posiada wytrzyma\u0142o\u015b\u0107 na zerwanie 9 kN (ok. 900 kg) i mo\u017ce by\u0107 stosowany zar\u00f3wno z zamkami pojedynczymi, jak i podw\u00f3jnymi.<\/p>\n<p class=\"\" data-start=\"1090\" data-end=\"1454\">Mo\u017cna r\u00f3wnie\u017c wyposa\u017cy\u0107 go w wska\u017anik zamkni\u0119cia (ST4880) blokuj\u0105cy system dost\u0119pu w przypadku zablokowania mechanicznego, co zwi\u0119ksza bezpiecze\u0144stwo.<\/p>\n<p class=\"\" data-start=\"1456\" data-end=\"1482\"><strong data-start=\"1456\" data-end=\"1482\">Cechy i korzy\u015bci:<\/strong><\/p>\n<ul data-start=\"1483\" data-end=\"1754\">\n<li class=\"\" data-start=\"1483\" data-end=\"1520\">\n<p class=\"\" data-start=\"1485\" data-end=\"1520\">Prawid\u0142owa funkcja (zablokowana bez zasilania)<\/p>\n<\/li>\n<li class=\"\" data-start=\"1521\" data-end=\"1560\">\n<p class=\"\" data-start=\"1523\" data-end=\"1560\">Kompatybilny z belkami hakowymi i prostymi<\/p>\n<\/li>\n<li class=\"\" data-start=\"1561\" data-end=\"1592\">\n<p class=\"\" data-start=\"1563\" data-end=\"1592\">Wytrzyma\u0142o\u015b\u0107 na zerwanie 9 kN (900 kg)<\/p>\n<\/li>\n<li class=\"\" data-start=\"1593\" data-end=\"1626\">\n<p class=\"\" data-start=\"1595\" data-end=\"1626\">Wytrzymuje nacisk do 40 kg<\/p>\n<\/li>\n<li class=\"\" data-start=\"1627\" data-end=\"1675\">\n<p class=\"\" data-start=\"1629\" data-end=\"1675\">Rewersyjny \u2013 pasuje zar\u00f3wno do drzwi prawych, jak i lewych<\/p>\n<\/li>\n<li class=\"\" data-start=\"1676\" data-end=\"1708\">\n<p class=\"\" data-start=\"1678\" data-end=\"1708\">Odporne na uderzenia i z diod\u0105 zabezpieczaj\u0105c\u0105<\/p>\n<\/li>\n<li class=\"\" data-start=\"1709\" data-end=\"1754\">\n<p class=\"\" data-start=\"1711\" data-end=\"1754\">Mo\u017cna uzupe\u0142ni\u0107 o oznaczenie regu\u0142y ST4880<\/p>\n<\/li>\n<\/ul>\n<p class=\"\" data-start=\"1756\" data-end=\"1910\"><strong data-start=\"1756\" data-end=\"1779\">Obszary zastosowania:<\/strong><br data-start=\"1779\" data-end=\"1782\" \/>Nadaje si\u0119 do budynk\u00f3w mieszkalnych, biur, drzwi przej\u015bciowych i innych pomieszcze\u0144 wewn\u0119trznych, gdzie wymagane jest bezpieczne, elastyczne i kompaktowe rozwi\u0105zanie.<\/p>\n<p class=\"\" data-start=\"1912\" data-end=\"1941\"><strong data-start=\"1912\" data-end=\"1941\">Dane techniczne:<\/strong><\/p>\n<ul data-start=\"1942\" data-end=\"2284\">\n<li class=\"\" data-start=\"1942\" data-end=\"1980\">\n<p class=\"\" data-start=\"1944\" data-end=\"1980\">Napi\u0119cie robocze: 24 V DC (21,6-27,6 V)<\/p>\n<\/li>\n<li class=\"\" data-start=\"1981\" data-end=\"2027\">\n<p class=\"\" data-start=\"1983\" data-end=\"2027\">Pob\u00f3r pr\u0105du: 110 mA (odblokowany), maks. 300 mA<\/p>\n<\/li>\n<li class=\"\" data-start=\"2028\" data-end=\"2067\">\n<p class=\"\" data-start=\"2030\" data-end=\"2067\">Zawiasy drzwi: Prawe\/Lewe (odwracalne)<\/p>\n<\/li>\n<li class=\"\" data-start=\"2068\" data-end=\"2099\">\n<p class=\"\" data-start=\"2070\" data-end=\"2099\">Wymiary (szer. x g\u0142. x wys.): 25 x 35 x 90 mm<\/p>\n<\/li>\n<li class=\"\" data-start=\"2100\" data-end=\"2125\">\n<p class=\"\" data-start=\"2102\" data-end=\"2125\">Si\u0142a zrywaj\u0105ca: 900 kg<\/p>\n<\/li>\n<li class=\"\" data-start=\"2126\" data-end=\"2144\">\n<p class=\"\" data-start=\"2128\" data-end=\"2144\">Nacisk ta\u015bmy: 40 kg<\/p>\n<\/li>\n<li class=\"\" data-start=\"2145\" data-end=\"2178\">\n<p class=\"\" data-start=\"2147\" data-end=\"2178\">Typ zamka: Zamek jedno- i dwuryglowy<\/p>\n<\/li>\n<li class=\"\" data-start=\"2179\" data-end=\"2197\">\n<p class=\"\" data-start=\"2181\" data-end=\"2197\">Styk t\u0142oka: Nie<\/p>\n<\/li>\n<li class=\"\" data-start=\"2198\" data-end=\"2226\">\n<p class=\"\" data-start=\"2200\" data-end=\"2226\">Kolor\/Wyko\u0144czenie: Stal nierdzewna<\/p>\n<\/li>\n<li class=\"\" data-start=\"2227\" data-end=\"2244\">\n<p class=\"\" data-start=\"2229\" data-end=\"2244\">Kabel: Nie do\u0142\u0105czony<\/p>\n<\/li>\n<li class=\"\" data-start=\"2245\" data-end=\"2284\">\n<p class=\"\" data-start=\"2247\" data-end=\"2284\">Oceny: SundaHus, Ocena materia\u0142\u00f3w budowlanych<\/p>\n<\/li>\n<\/ul>","protected":false},"excerpt":{"rendered":"<p>Tutaj mo\u017cesz zobaczy\u0107, kt\u00f3re s\u0142upki i modele pasuj\u0105 do siebie z asortymentu elektrycznych ogranicznik\u00f3w drzwi STEP.<\/p>\n<h5><strong><a href=\"https:\/\/steplock.com\/sv\/stolpguide\/#!?lang=sv&amp;blog_id=1&amp;paged=1&amp;number=50\" target=\"_blank\" rel=\"noopener\">Przewodnik po STEP Post\u00a0<\/a><\/strong><\/h5>\n<h5><strong><a href=\"https:\/\/steplock.com\/sv\/projekteringsguide\/#!?lang=sv&amp;blog_id=1&amp;paged=1&amp;number=999\" target=\"_blank\" rel=\"noopener\">Przewodnik projektowy STEP<\/a><\/strong><\/h5>","protected":false},"featured_media":147398,"template":"","meta":{"_acf_changed":false},"product_brand":[],"product_cat":[3355],"product_tag":[4197,4200],"class_list":{"0":"post-147400","1":"product","2":"type-product","3":"status-publish","4":"has-post-thumbnail","6":"product_cat-elslutbleck","7":"product_tag-24v","8":"product_tag-rattvand","9":"product_shipping_class-tunga-paket","10":"pa_brands-step","11":"tm-no-options","13":"first","14":"instock","15":"sale","16":"taxable","17":"shipping-taxable","18":"purchasable","19":"product-type-simple"},"acf":[],"_links":{"self":[{"href":"https:\/\/secureus.se\/pl\/wp-json\/wp\/v2\/product\/147400","targetHints":{"allow":["GET"]}}],"collection":[{"href":"https:\/\/secureus.se\/pl\/wp-json\/wp\/v2\/product"}],"about":[{"href":"https:\/\/secureus.se\/pl\/wp-json\/wp\/v2\/types\/product"}],"wp:featuredmedia":[{"embeddable":true,"href":"https:\/\/secureus.se\/pl\/wp-json\/wp\/v2\/media\/147398"}],"wp:attachment":[{"href":"https:\/\/secureus.se\/pl\/wp-json\/wp\/v2\/media?parent=147400"}],"wp:term":[{"taxonomy":"product_brand","embeddable":true,"href":"https:\/\/secureus.se\/pl\/wp-json\/wp\/v2\/product_brand?post=147400"},{"taxonomy":"product_cat","embeddable":true,"href":"https:\/\/secureus.se\/pl\/wp-json\/wp\/v2\/product_cat?post=147400"},{"taxonomy":"product_tag","embeddable":true,"href":"https:\/\/secureus.se\/pl\/wp-json\/wp\/v2\/product_tag?post=147400"}],"curies":[{"name":"wp","href":"https:\/\/api.w.org\/{rel}","templated":true}]}}