{"id":147404,"date":"2023-09-26T13:10:01","date_gmt":"2023-09-26T11:10:01","guid":{"rendered":"https:\/\/secureus.se\/elslutbleck-step-40-rattvand-12v\/"},"modified":"2026-04-23T12:33:50","modified_gmt":"2026-04-23T10:33:50","slug":"elslutbleck-step-40-rattvand-12v","status":"publish","type":"product","link":"https:\/\/secureus.se\/pl\/elslutbleck-step-40-rattvand-12v\/","title":{"rendered":"Elektryczna p\u0142ytka zaczepowa STEP 40 prawa 12V"},"content":{"rendered":"<h1>Elektryczna p\u0142ytka zaczepowa STEP 40 prawa 12V<\/h1>\n<p>STEP 40 Preload to kompaktowy elektrozaczep z funkcj\u0105 skierowan\u0105 do przodu i napi\u0119ciem roboczym 12 V. Dzi\u0119ki technologii HPR i du\u017cej wytrzyma\u0142o\u015bci na zerwanie jest to niezawodny wyb\u00f3r do codziennego zamykania cz\u0119sto u\u017cywanych drzwi.<\/p>\n<p>Elektrozaczep STEP 40 Preload nale\u017cy do serii Preload firmy STEP, \u0142\u0105cz\u0105cej w sobie kompaktowy format z wysok\u0105 niezawodno\u015bci\u0105 dzia\u0142ania i jako\u015bci\u0105.<\/p>\n<p>Dzi\u0119ki funkcji prawej strony (blokada na wypadek zaniku zasilania) STEP 40 nadaje si\u0119 do drzwi wymagaj\u0105cych bezpiecznego zamykania na czas dnia.<\/p>\n<p class=\"\" data-start=\"763\" data-end=\"1143\">Ten elektrozaczep jest wyposa\u017cony w opatentowan\u0105 technologi\u0119 HPR\u00ae, kt\u00f3ra umo\u017cliwia odblokowanie nawet wtedy, gdy drzwi zostan\u0105 poddane naciskowi listwy o sile do 250 kg, zapewniaj\u0105c niezawodne dzia\u0142anie nawet w \u015brodowiskach pod ci\u015bnieniem.<\/p>\n<p class=\"\" data-start=\"763\" data-end=\"1143\">Dzi\u0119ki wytrzyma\u0142o\u015bci na zerwanie wynosz\u0105cej 1200 kg i \u017cywotno\u015bci 1,5 miliona cykli STEP 40 zosta\u0142 zaprojektowany tak, aby wytrzyma\u0107 bardzo cz\u0119ste u\u017cytkowanie przez d\u0142ugi okres czasu.<\/p>\n<p class=\"\" data-start=\"1145\" data-end=\"1466\">Zamek STEP 40 mo\u017cna zamontowa\u0107 zar\u00f3wno do drzwi prawych, jak i lewych. Pasuje do obud\u00f3w zamk\u00f3w z pojedynczym i podw\u00f3jnym zatrzaskiem. Posiada kompaktow\u0105 konstrukcj\u0119 o wysoko\u015bci zaledwie 90 mm i otwory na \u015bruby na tylnej kraw\u0119dzi, umo\u017cliwiaj\u0105ce monta\u017c pod k\u0105tem.<\/p>\n<p class=\"\" data-start=\"1145\" data-end=\"1466\">Ponadto jest zabezpieczony przed manipulacj\u0105 i ma wbudowan\u0105 diod\u0119 zabezpieczaj\u0105c\u0105, kt\u00f3ra zapewnia bezpiecze\u0144stwo fizyczne i elektroniczne.<\/p>\n<p class=\"\" data-start=\"1468\" data-end=\"1494\"><strong data-start=\"1468\" data-end=\"1494\">Cechy i korzy\u015bci:<\/strong><\/p>\n<ul data-start=\"1495\" data-end=\"1768\">\n<li class=\"\" data-start=\"1495\" data-end=\"1532\">\n<p class=\"\" data-start=\"1497\" data-end=\"1532\">Prawid\u0142owa funkcja \u2013 zablokowana bez zasilania<\/p>\n<\/li>\n<li class=\"\" data-start=\"1533\" data-end=\"1556\">\n<p class=\"\" data-start=\"1535\" data-end=\"1556\">Napi\u0119cie robocze: 12V DC<\/p>\n<\/li>\n<li class=\"\" data-start=\"1557\" data-end=\"1605\">\n<p class=\"\" data-start=\"1559\" data-end=\"1605\">Technologia HPR\u00ae \u2013 wytrzymuje nacisk formowania do 250 kg<\/p>\n<\/li>\n<li class=\"\" data-start=\"1606\" data-end=\"1632\">\n<p class=\"\" data-start=\"1608\" data-end=\"1632\">Wytrzyma\u0142o\u015b\u0107 na zerwanie: 1200 kg<\/p>\n<\/li>\n<li class=\"\" data-start=\"1633\" data-end=\"1662\">\n<p class=\"\" data-start=\"1635\" data-end=\"1662\">Przetestowano przez 1 500 000 cykli<\/p>\n<\/li>\n<li class=\"\" data-start=\"1663\" data-end=\"1691\">\n<p class=\"\" data-start=\"1665\" data-end=\"1691\">Odporny na uderzenia z diod\u0105 zabezpieczaj\u0105c\u0105<\/p>\n<\/li>\n<li class=\"\" data-start=\"1692\" data-end=\"1735\">\n<p class=\"\" data-start=\"1694\" data-end=\"1735\">Rewersyjny \u2013 pasuje do drzwi prawych i lewych<\/p>\n<\/li>\n<li class=\"\" data-start=\"1736\" data-end=\"1768\">\n<p class=\"\" data-start=\"1738\" data-end=\"1768\">Pasuje do zamk\u00f3w jedno- i dwuskrzyd\u0142owych<\/p>\n<\/li>\n<\/ul>\n<p class=\"\" data-start=\"1770\" data-end=\"1938\"><strong data-start=\"1770\" data-end=\"1793\">Obszary zastosowania:<\/strong><br data-start=\"1793\" data-end=\"1796\" \/>Nadaje si\u0119 do biur, drzwi przej\u015bciowych, wej\u015b\u0107 do mieszka\u0144 i innych pomieszcze\u0144, w kt\u00f3rych wymagane jest niezawodne i bezpieczne zamkni\u0119cie dzienne w kompaktowym formacie.<\/p>\n<p class=\"\" data-start=\"1940\" data-end=\"1969\"><strong data-start=\"1940\" data-end=\"1969\">Dane techniczne:<\/strong><\/p>\n<ul data-start=\"1970\" data-end=\"2314\">\n<li class=\"\" data-start=\"1970\" data-end=\"2008\">\n<p class=\"\" data-start=\"1972\" data-end=\"2008\">Napi\u0119cie robocze: 12 V DC (10,8-13,8 V)<\/p>\n<\/li>\n<li class=\"\" data-start=\"2009\" data-end=\"2055\">\n<p class=\"\" data-start=\"2011\" data-end=\"2055\">Pob\u00f3r pr\u0105du: 220 mA (odblokowany), maks. 600 mA<\/p>\n<\/li>\n<li class=\"\" data-start=\"2056\" data-end=\"2095\">\n<p class=\"\" data-start=\"2058\" data-end=\"2095\">Zawiasy drzwi: Prawe\/Lewe (odwracalne)<\/p>\n<\/li>\n<li class=\"\" data-start=\"2096\" data-end=\"2127\">\n<p class=\"\" data-start=\"2098\" data-end=\"2127\">Wymiary (szer. x g\u0142. x wys.): 25 x 28 x 90 mm<\/p>\n<\/li>\n<li class=\"\" data-start=\"2128\" data-end=\"2154\">\n<p class=\"\" data-start=\"2130\" data-end=\"2154\">Wytrzyma\u0142o\u015b\u0107 na zerwanie: 1200 kg<\/p>\n<\/li>\n<li class=\"\" data-start=\"2155\" data-end=\"2174\">\n<p class=\"\" data-start=\"2157\" data-end=\"2174\">Nacisk ta\u015bmy: 250 kg<\/p>\n<\/li>\n<li class=\"\" data-start=\"2175\" data-end=\"2193\">\n<p class=\"\" data-start=\"2177\" data-end=\"2193\">Styk t\u0142oka: Nie<\/p>\n<\/li>\n<li class=\"\" data-start=\"2194\" data-end=\"2211\">\n<p class=\"\" data-start=\"2196\" data-end=\"2211\">Kabel: Nie do\u0142\u0105czony<\/p>\n<\/li>\n<li class=\"\" data-start=\"2212\" data-end=\"2245\">\n<p class=\"\" data-start=\"2214\" data-end=\"2245\">Typ zamka: Zamek jedno- i dwuryglowy<\/p>\n<\/li>\n<li class=\"\" data-start=\"2246\" data-end=\"2274\">\n<p class=\"\" data-start=\"2248\" data-end=\"2274\">Kolor\/Wyko\u0144czenie: Stal nierdzewna<\/p>\n<\/li>\n<li class=\"\" data-start=\"2275\" data-end=\"2314\">\n<p class=\"\" data-start=\"2277\" data-end=\"2314\">Oceny: SundaHus, Ocena materia\u0142\u00f3w budowlanych<\/p>\n<\/li>\n<\/ul>","protected":false},"excerpt":{"rendered":"<p>Tutaj mo\u017cesz zobaczy\u0107, kt\u00f3re s\u0142upki i modele pasuj\u0105 do siebie z asortymentu elektrycznych ogranicznik\u00f3w drzwi STEP.<\/p>\n<h5><strong><a href=\"https:\/\/steplock.com\/sv\/stolpguide\/#!?lang=sv&amp;blog_id=1&amp;paged=1&amp;number=50\" target=\"_blank\" rel=\"noopener\">Przewodnik po STEP Post\u00a0<\/a><\/strong><\/h5>\n<h5><strong><a href=\"https:\/\/steplock.com\/sv\/projekteringsguide\/#!?lang=sv&amp;blog_id=1&amp;paged=1&amp;number=999\" target=\"_blank\" rel=\"noopener\">Przewodnik projektowy STEP<\/a><\/strong><\/h5>","protected":false},"featured_media":147401,"template":"","meta":{"_acf_changed":false},"product_brand":[],"product_cat":[3355],"product_tag":[4198,4200],"class_list":{"0":"post-147404","1":"product","2":"type-product","3":"status-publish","4":"has-post-thumbnail","6":"product_cat-elslutbleck","7":"product_tag-12v","8":"product_tag-rattvand","9":"product_shipping_class-tunga-paket","10":"pa_brands-step","11":"tm-no-options","13":"first","14":"instock","15":"sale","16":"taxable","17":"shipping-taxable","18":"purchasable","19":"product-type-simple"},"acf":[],"_links":{"self":[{"href":"https:\/\/secureus.se\/pl\/wp-json\/wp\/v2\/product\/147404","targetHints":{"allow":["GET"]}}],"collection":[{"href":"https:\/\/secureus.se\/pl\/wp-json\/wp\/v2\/product"}],"about":[{"href":"https:\/\/secureus.se\/pl\/wp-json\/wp\/v2\/types\/product"}],"wp:featuredmedia":[{"embeddable":true,"href":"https:\/\/secureus.se\/pl\/wp-json\/wp\/v2\/media\/147401"}],"wp:attachment":[{"href":"https:\/\/secureus.se\/pl\/wp-json\/wp\/v2\/media?parent=147404"}],"wp:term":[{"taxonomy":"product_brand","embeddable":true,"href":"https:\/\/secureus.se\/pl\/wp-json\/wp\/v2\/product_brand?post=147404"},{"taxonomy":"product_cat","embeddable":true,"href":"https:\/\/secureus.se\/pl\/wp-json\/wp\/v2\/product_cat?post=147404"},{"taxonomy":"product_tag","embeddable":true,"href":"https:\/\/secureus.se\/pl\/wp-json\/wp\/v2\/product_tag?post=147404"}],"curies":[{"name":"wp","href":"https:\/\/api.w.org\/{rel}","templated":true}]}}