{"id":147408,"date":"2023-09-26T13:08:37","date_gmt":"2023-09-26T11:08:37","guid":{"rendered":"https:\/\/secureus.se\/elslutbleck-step-40-rattvand-12v-kolvkontakt\/"},"modified":"2026-04-23T12:34:10","modified_gmt":"2026-04-23T10:34:10","slug":"elslutbleck-step-40-rattvand-12v-kolvkontakt","status":"publish","type":"product","link":"https:\/\/secureus.se\/pl\/elslutbleck-step-40-rattvand-12v-kolvkontakt\/","title":{"rendered":"Elektryczna p\u0142ytka zaczepowa STEP 40 Styk t\u0142okowy 12V skierowany w prawo"},"content":{"rendered":"<h1>Elektryczna p\u0142ytka zaczepowa STEP 40 Styk t\u0142okowy 12V skierowany w prawo<\/h1>\n<p>STEP 40 Preload to kompaktowy elektrozaczep z funkcj\u0105 jazdy do przodu, stykiem t\u0142okowym i zasilaniem 12 V. Dzi\u0119ki technologii HPR, wysokiej wytrzyma\u0142o\u015bci na zerwanie i 1,5 miliona cykli jest to niezawodny wyb\u00f3r w przypadku blokady dziennej.<\/p>\n<p>Elektrozaczep STEP 40 Preload to elektrozaczep z serii Preload firmy STEP \u0142\u0105cz\u0105cy w sobie kompaktow\u0105 konstrukcj\u0119 z wyj\u0105tkow\u0105 niezawodno\u015bci\u0105 dzia\u0142ania i d\u0142ug\u0105 \u017cywotno\u015bci\u0105.<\/p>\n<p>Dzi\u0119ki funkcji obs\u0142ugi po prawej stronie (blokada w pozycji od\u0142\u0105czonej od zasilania) STEP 40 nadaje si\u0119 do miejsc, w kt\u00f3rych wa\u017cne jest bezpieczne zamykanie w ci\u0105gu dnia, na przyk\u0142ad do drzwi biurowych, wej\u015bciowych i przej\u015bciowych.<\/p>\n<p class=\"\" data-start=\"835\" data-end=\"1162\">Dzi\u0119ki opatentowanej technologii HPR\u00ae firmy STEP otwarcie drzwi jest zagwarantowane nawet wtedy, gdy drzwi zostan\u0105 poddane naciskowi ta\u015bmy wynosz\u0105cemu do 250 kg, co zapewnia wyj\u0105tkow\u0105 funkcjonalno\u015b\u0107 w codziennym u\u017cytkowaniu.<\/p>\n<p class=\"\" data-start=\"835\" data-end=\"1162\">Wysoka wytrzyma\u0142o\u015b\u0107 na zerwanie wynosz\u0105ca 1200 kg i test do 1 500 000 cykli gwarantuj\u0105, \u017ce STEP 40 wytrzymuje du\u017c\u0105 cz\u0119stotliwo\u015b\u0107 otwierania przez d\u0142ugi czas.<\/p>\n<p class=\"\" data-start=\"1164\" data-end=\"1459\">Wbudowany styk t\u0142okowy wyra\u017anie wskazuje, czy drzwi s\u0105 otwarte czy zamkni\u0119te \u2013 idealne rozwi\u0105zanie do integracji z systemami kontroli dost\u0119pu.<\/p>\n<p class=\"\" data-start=\"1164\" data-end=\"1459\">Elektrozaczep jest r\u00f3wnie\u017c zabezpieczony przed manipulacj\u0105, ma wbudowan\u0105 diod\u0119 zabezpieczaj\u0105c\u0105 i mo\u017cna go odwraca\u0107, aby pasowa\u0142 zar\u00f3wno do drzwi prawo-, jak i lewoskr\u0119tnych. Nadaje si\u0119 do zamk\u00f3w jedno- i dwuskrzyd\u0142owych.<\/p>\n<p class=\"\" data-start=\"1461\" data-end=\"1487\"><strong data-start=\"1461\" data-end=\"1487\">Cechy i korzy\u015bci:<\/strong><\/p>\n<ul data-start=\"1488\" data-end=\"1786\">\n<li class=\"\" data-start=\"1488\" data-end=\"1525\">\n<p class=\"\" data-start=\"1490\" data-end=\"1525\">Prawid\u0142owa funkcja \u2013 zablokowana bez zasilania<\/p>\n<\/li>\n<li class=\"\" data-start=\"1526\" data-end=\"1549\">\n<p class=\"\" data-start=\"1528\" data-end=\"1549\">Napi\u0119cie robocze: 12V DC<\/p>\n<\/li>\n<li class=\"\" data-start=\"1550\" data-end=\"1584\">\n<p class=\"\" data-start=\"1552\" data-end=\"1584\">Kontakt t\u0142okowy do wskazania stanu<\/p>\n<\/li>\n<li class=\"\" data-start=\"1585\" data-end=\"1630\">\n<p class=\"\" data-start=\"1587\" data-end=\"1630\">Technologia HPR\u00ae \u2013 otwiera si\u0119 pomimo nacisku ta\u015bmy wynosz\u0105cego 250 kg<\/p>\n<\/li>\n<li class=\"\" data-start=\"1631\" data-end=\"1658\">\n<p class=\"\" data-start=\"1633\" data-end=\"1658\">Wytrzyma\u0142o\u015b\u0107 na zerwanie: 1200 kg<\/p>\n<\/li>\n<li class=\"\" data-start=\"1659\" data-end=\"1688\">\n<p class=\"\" data-start=\"1661\" data-end=\"1688\">Przetestowano przez 1 500 000 cykli<\/p>\n<\/li>\n<li class=\"\" data-start=\"1689\" data-end=\"1723\">\n<p class=\"\" data-start=\"1691\" data-end=\"1723\">Mo\u017cliwo\u015b\u0107 zmiany stron drzwi na prawe i lewe<\/p>\n<\/li>\n<li class=\"\" data-start=\"1724\" data-end=\"1753\">\n<p class=\"\" data-start=\"1726\" data-end=\"1753\">Dioda ochronna i zabezpieczenie przeciwprzepi\u0119ciowe<\/p>\n<\/li>\n<li class=\"\" data-start=\"1754\" data-end=\"1786\">\n<p class=\"\" data-start=\"1756\" data-end=\"1786\">Pasuje do zamk\u00f3w jedno- i dwuskrzyd\u0142owych<\/p>\n<\/li>\n<\/ul>\n<p class=\"\" data-start=\"1788\" data-end=\"1935\"><strong data-start=\"1788\" data-end=\"1811\">Obszary zastosowania:<\/strong><br data-start=\"1811\" data-end=\"1814\" \/>Idealny do drzwi wymagaj\u0105cych cichego i niezawodnego ryglowania dziennego, np. w biurach, lokalach u\u017cyteczno\u015bci publicznej i wej\u015bciach do mieszka\u0144.<\/p>\n<p class=\"\" data-start=\"1937\" data-end=\"1966\"><strong data-start=\"1937\" data-end=\"1966\">Dane techniczne:<\/strong><\/p>\n<ul data-start=\"1967\" data-end=\"2339\">\n<li class=\"\" data-start=\"1967\" data-end=\"2005\">\n<p class=\"\" data-start=\"1969\" data-end=\"2005\">Napi\u0119cie robocze: 12 V DC (10,8-13,8 V)<\/p>\n<\/li>\n<li class=\"\" data-start=\"2006\" data-end=\"2050\">\n<p class=\"\" data-start=\"2008\" data-end=\"2050\">Pob\u00f3r pr\u0105du: 220 mA odblokowany, maks. 600 mA<\/p>\n<\/li>\n<li class=\"\" data-start=\"2051\" data-end=\"2098\">\n<p class=\"\" data-start=\"2053\" data-end=\"2098\">Styk t\u0142oka: Mikrowy\u0142\u0105cznik, maks. 30V pr\u0105du sta\u0142ego \/ 1A<\/p>\n<\/li>\n<li class=\"\" data-start=\"2099\" data-end=\"2138\">\n<p class=\"\" data-start=\"2101\" data-end=\"2138\">Zawiasy drzwi: Prawe\/Lewe (odwracalne)<\/p>\n<\/li>\n<li class=\"\" data-start=\"2139\" data-end=\"2170\">\n<p class=\"\" data-start=\"2141\" data-end=\"2170\">Wymiary (szer. x g\u0142. x wys.): 25 x 28 x 90 mm<\/p>\n<\/li>\n<li class=\"\" data-start=\"2171\" data-end=\"2198\">\n<p class=\"\" data-start=\"2173\" data-end=\"2198\">Wytrzyma\u0142o\u015b\u0107 na zerwanie: 1200 kg<\/p>\n<\/li>\n<li class=\"\" data-start=\"2199\" data-end=\"2218\">\n<p class=\"\" data-start=\"2201\" data-end=\"2218\">Nacisk ta\u015bmy: 250 kg<\/p>\n<\/li>\n<li class=\"\" data-start=\"2219\" data-end=\"2236\">\n<p class=\"\" data-start=\"2221\" data-end=\"2236\">Kabel: Nie do\u0142\u0105czony<\/p>\n<\/li>\n<li class=\"\" data-start=\"2237\" data-end=\"2270\">\n<p class=\"\" data-start=\"2239\" data-end=\"2270\">Typ zamka: Zamek jedno- i dwuryglowy<\/p>\n<\/li>\n<li class=\"\" data-start=\"2271\" data-end=\"2299\">\n<p class=\"\" data-start=\"2273\" data-end=\"2299\">Kolor\/Wyko\u0144czenie: Stal nierdzewna<\/p>\n<\/li>\n<li class=\"\" data-start=\"2300\" data-end=\"2339\">\n<p class=\"\" data-start=\"2302\" data-end=\"2339\">Oceny: SundaHus, Ocena materia\u0142\u00f3w budowlanych<\/p>\n<\/li>\n<\/ul>","protected":false},"excerpt":{"rendered":"<p>Tutaj mo\u017cesz zobaczy\u0107, kt\u00f3re s\u0142upki i modele pasuj\u0105 do siebie z asortymentu elektrycznych ogranicznik\u00f3w drzwi STEP.<\/p>\n<h5><strong><a href=\"https:\/\/steplock.com\/sv\/stolpguide\/#!?lang=sv&amp;blog_id=1&amp;paged=1&amp;number=50\" target=\"_blank\" rel=\"noopener\">Przewodnik po STEP Post\u00a0<\/a><\/strong><\/h5>\n<h5><strong><a href=\"https:\/\/steplock.com\/sv\/projekteringsguide\/#!?lang=sv&amp;blog_id=1&amp;paged=1&amp;number=999\" target=\"_blank\" rel=\"noopener\">Przewodnik projektowy STEP<\/a><\/strong><\/h5>","protected":false},"featured_media":147405,"template":"","meta":{"_acf_changed":false},"product_brand":[],"product_cat":[3355],"product_tag":[4198,4200],"class_list":{"0":"post-147408","1":"product","2":"type-product","3":"status-publish","4":"has-post-thumbnail","6":"product_cat-elslutbleck","7":"product_tag-12v","8":"product_tag-rattvand","9":"product_shipping_class-tunga-paket","10":"pa_brands-step","11":"tm-no-options","13":"first","14":"onbackorder","15":"sale","16":"taxable","17":"shipping-taxable","18":"purchasable","19":"product-type-simple"},"acf":[],"_links":{"self":[{"href":"https:\/\/secureus.se\/pl\/wp-json\/wp\/v2\/product\/147408","targetHints":{"allow":["GET"]}}],"collection":[{"href":"https:\/\/secureus.se\/pl\/wp-json\/wp\/v2\/product"}],"about":[{"href":"https:\/\/secureus.se\/pl\/wp-json\/wp\/v2\/types\/product"}],"wp:featuredmedia":[{"embeddable":true,"href":"https:\/\/secureus.se\/pl\/wp-json\/wp\/v2\/media\/147405"}],"wp:attachment":[{"href":"https:\/\/secureus.se\/pl\/wp-json\/wp\/v2\/media?parent=147408"}],"wp:term":[{"taxonomy":"product_brand","embeddable":true,"href":"https:\/\/secureus.se\/pl\/wp-json\/wp\/v2\/product_brand?post=147408"},{"taxonomy":"product_cat","embeddable":true,"href":"https:\/\/secureus.se\/pl\/wp-json\/wp\/v2\/product_cat?post=147408"},{"taxonomy":"product_tag","embeddable":true,"href":"https:\/\/secureus.se\/pl\/wp-json\/wp\/v2\/product_tag?post=147408"}],"curies":[{"name":"wp","href":"https:\/\/api.w.org\/{rel}","templated":true}]}}