{"id":147415,"date":"2023-09-26T13:10:10","date_gmt":"2023-09-26T11:10:10","guid":{"rendered":"https:\/\/secureus.se\/elslutbleck-step-90-omvand-24v-kolvkontakt\/"},"modified":"2026-04-23T12:33:08","modified_gmt":"2026-04-23T10:33:08","slug":"elslutbleck-step-90-omvand-24v-kolvkontakt","status":"publish","type":"product","link":"https:\/\/secureus.se\/pl\/elslutbleck-step-90-omvand-24v-kolvkontakt\/","title":{"rendered":"Elektryczny zamek b\u0142yskawiczny STEP 90 Odwrotny 24V Styk t\u0142okowy"},"content":{"rendered":"<h1>Elektryczny zamek b\u0142yskawiczny STEP 90 Odwrotny 24V Styk t\u0142okowy<\/h1>\n<p>STEP 90 Preload to kompaktowy elektrozaczep z funkcj\u0105 rewersyjn\u0105, stykiem t\u0142okowym i klas\u0105 ogniow\u0105 E\/EI120. Dzi\u0119ki technologii HPR wytrzymuje nacisk ta\u015bmy do 250 kg i nadaje si\u0119 do wielu typ\u00f3w zamk\u00f3w.<\/p>\n<p>Elektrozaczep STEP 90 Preload to p\u0142ynnie dzia\u0142aj\u0105cy i mocny elektrozaczep z serii Preload firmy STEP, opracowany tak, aby zapewni\u0107 wysok\u0105 niezawodno\u015b\u0107 dzia\u0142ania w kompaktowych warunkach.<\/p>\n<p>Dzi\u0119ki funkcji rewersyjnej \u2013 oznaczaj\u0105cej, \u017ce zamek jest odblokowany w pozycji od\u0142\u0105czonej od zasilania \u2013 STEP 90 szczeg\u00f3lnie dobrze sprawdza si\u0119 na drogach ewakuacyjnych i w innych miejscach, w kt\u00f3rych wa\u017cna jest bezpieczna ewakuacja.<\/p>\n<p class=\"\" data-start=\"851\" data-end=\"1253\">Dzi\u0119ki opatentowanej technologii HPR\u00ae firmy STEP, elektrozaczep mo\u017ce si\u0119 otworzy\u0107 pomimo nacisku listwy si\u0119gaj\u0105cego 250 kg.<\/p>\n<p class=\"\" data-start=\"851\" data-end=\"1253\">W po\u0142\u0105czeniu z wytrzyma\u0142o\u015bci\u0105 na zerwanie wynosz\u0105c\u0105 1200 kg i konstrukcj\u0105 certyfikowan\u0105 pod k\u0105tem odporno\u015bci ogniowej do E\/EI120, zgodnie z norm\u0105 SS-EN 14846:2008.<\/p>\n<p class=\"\" data-start=\"851\" data-end=\"1253\">Styk t\u0142okowy umo\u017cliwia wskazanie stanu (drzwi otwarte\/zamkni\u0119te), co umo\u017cliwia integracj\u0119 z systemami alarmowymi lub kontrol\u0105 dost\u0119pu, a wbudowana dioda zabezpieczaj\u0105ca chroni elektronik\u0119.<\/p>\n<p class=\"\" data-start=\"1255\" data-end=\"1483\">Zamek STEP 90 mo\u017cna zamontowa\u0107 zar\u00f3wno do drzwi prawych, jak i lewych. Pasuje do obud\u00f3w zamk\u00f3w z serii Connect, Modul i Narrow Profile z zamkami z pojedynczym lub podw\u00f3jnym zatrzaskiem.<\/p>\n<p class=\"\" data-start=\"1255\" data-end=\"1483\">Produkt jest r\u00f3wnie\u017c zabezpieczony przed manipulacj\u0105 i posiada otwory na \u015bruby u\u0142atwiaj\u0105ce monta\u017c.<\/p>\n<p class=\"\" data-start=\"1485\" data-end=\"1511\"><strong>Cechy i korzy\u015bci:<\/strong><\/p>\n<ul data-start=\"1512\" data-end=\"1822\">\n<li class=\"\" data-start=\"1512\" data-end=\"1548\">\n<p class=\"\" data-start=\"1514\" data-end=\"1548\">Funkcja cofania \u2013 odblokowana bez zasilania<\/p>\n<\/li>\n<li class=\"\" data-start=\"1549\" data-end=\"1596\">\n<p class=\"\" data-start=\"1551\" data-end=\"1596\">Technologia HPR\u00ae: wytrzymuje nacisk formowania do 250 kg<\/p>\n<\/li>\n<li class=\"\" data-start=\"1597\" data-end=\"1628\">\n<p class=\"\" data-start=\"1599\" data-end=\"1628\">Ognioodporno\u015b\u0107 do E\/EI120<\/p>\n<\/li>\n<li class=\"\" data-start=\"1629\" data-end=\"1664\">\n<p class=\"\" data-start=\"1631\" data-end=\"1664\">Kompaktowa konstrukcja \u2013 wysoko\u015b\u0107 zaledwie 90 mm<\/p>\n<\/li>\n<li class=\"\" data-start=\"1665\" data-end=\"1693\">\n<p class=\"\" data-start=\"1667\" data-end=\"1693\">Prze\u0142\u0105cznik t\u0142okowy stanu drzwi<\/p>\n<\/li>\n<li class=\"\" data-start=\"1694\" data-end=\"1719\">\n<p class=\"\" data-start=\"1696\" data-end=\"1719\">Mo\u017cliwo\u015b\u0107 odwr\u00f3cenia (lewo\/prawo)<\/p>\n<\/li>\n<li class=\"\" data-start=\"1720\" data-end=\"1746\">\n<p class=\"\" data-start=\"1722\" data-end=\"1746\">Wytrzyma\u0142o\u015b\u0107 na zerwanie: 1200 kg<\/p>\n<\/li>\n<li class=\"\" data-start=\"1747\" data-end=\"1776\">\n<p class=\"\" data-start=\"1749\" data-end=\"1776\">Dioda ochronna i zabezpieczenie przeciwprzepi\u0119ciowe<\/p>\n<\/li>\n<li class=\"\" data-start=\"1777\" data-end=\"1822\">\n<p class=\"\" data-start=\"1779\" data-end=\"1822\">Pasuje do obud\u00f3w zamk\u00f3w Connect, Modul i Narrow Profile<\/p>\n<\/li>\n<\/ul>\n<p class=\"\" data-start=\"1824\" data-end=\"1995\"><strong>Obszary zastosowania:<\/strong><br data-start=\"1847\" data-end=\"1850\" \/>Doskonale nadaje si\u0119 do stosowania wewn\u0105trz pomieszcze\u0144 i na drogach ewakuacyjnych, na przyk\u0142ad w szko\u0142ach, biurach i budynkach u\u017cyteczno\u015bci publicznej, gdzie bezpiecze\u0144stwo i p\u0142ynne funkcjonowanie s\u0105 priorytetem.<\/p>\n<p class=\"\" data-start=\"1997\" data-end=\"2026\"><strong>Dane techniczne:<\/strong><\/p>\n<ul data-start=\"2027\" data-end=\"2400\">\n<li class=\"\" data-start=\"2027\" data-end=\"2065\">\n<p class=\"\" data-start=\"2029\" data-end=\"2065\">Napi\u0119cie robocze: 24 V DC (21,6-27,6 V)<\/p>\n<\/li>\n<li class=\"\" data-start=\"2066\" data-end=\"2112\">\n<p class=\"\" data-start=\"2068\" data-end=\"2112\">Pob\u00f3r pr\u0105du: 110 mA (odblokowany), maks. 300 mA<\/p>\n<\/li>\n<li class=\"\" data-start=\"2113\" data-end=\"2160\">\n<p class=\"\" data-start=\"2115\" data-end=\"2160\">Styk t\u0142oka: Mikrowy\u0142\u0105cznik, maks. 30V pr\u0105du sta\u0142ego \/ 1A<\/p>\n<\/li>\n<li class=\"\" data-start=\"2161\" data-end=\"2200\">\n<p class=\"\" data-start=\"2163\" data-end=\"2200\">Zawiasy drzwi: Prawe\/Lewe (odwracalne)<\/p>\n<\/li>\n<li class=\"\" data-start=\"2201\" data-end=\"2232\">\n<p class=\"\" data-start=\"2203\" data-end=\"2232\">Wymiary (szer. x g\u0142. x wys.): 25 x 28 x 90 mm<\/p>\n<\/li>\n<li class=\"\" data-start=\"2233\" data-end=\"2259\">\n<p class=\"\" data-start=\"2235\" data-end=\"2259\">Wytrzyma\u0142o\u015b\u0107 na zerwanie: 1200 kg<\/p>\n<\/li>\n<li class=\"\" data-start=\"2260\" data-end=\"2279\">\n<p class=\"\" data-start=\"2262\" data-end=\"2279\">Nacisk ta\u015bmy: 250 kg<\/p>\n<\/li>\n<li class=\"\" data-start=\"2280\" data-end=\"2313\">\n<p class=\"\" data-start=\"2282\" data-end=\"2313\">Typ zamka: Zamek jedno- i dwuryglowy<\/p>\n<\/li>\n<li class=\"\" data-start=\"2314\" data-end=\"2331\">\n<p class=\"\" data-start=\"2316\" data-end=\"2331\">Kabel: Nie do\u0142\u0105czony<\/p>\n<\/li>\n<li class=\"\" data-start=\"2332\" data-end=\"2360\">\n<p class=\"\" data-start=\"2334\" data-end=\"2360\">Kolor\/Wyko\u0144czenie: Stal nierdzewna<\/p>\n<\/li>\n<li class=\"\" data-start=\"2361\" data-end=\"2400\">\n<p class=\"\" data-start=\"2363\" data-end=\"2400\">Oceny: SundaHus, Ocena materia\u0142\u00f3w budowlanych<\/p>\n<\/li>\n<\/ul>","protected":false},"excerpt":{"rendered":"<p>Tutaj mo\u017cesz zobaczy\u0107, kt\u00f3re s\u0142upki i modele pasuj\u0105 do siebie z asortymentu elektrycznych ogranicznik\u00f3w drzwi STEP.<\/p>\n<h5><strong><a href=\"https:\/\/steplock.com\/sv\/stolpguide\/#!?lang=sv&amp;blog_id=1&amp;paged=1&amp;number=50\" target=\"_blank\" rel=\"noopener\">Przewodnik po STEP Post\u00a0<\/a><\/strong><\/h5>\n<h5><strong><a href=\"https:\/\/steplock.com\/sv\/projekteringsguide\/#!?lang=sv&amp;blog_id=1&amp;paged=1&amp;number=999\" target=\"_blank\" rel=\"noopener\">Przewodnik projektowy STEP<\/a><\/strong><\/h5>","protected":false},"featured_media":147409,"template":"","meta":{"_acf_changed":false},"product_brand":[],"product_cat":[3355],"product_tag":[4197,4201],"class_list":{"0":"post-147415","1":"product","2":"type-product","3":"status-publish","4":"has-post-thumbnail","6":"product_cat-elslutbleck","7":"product_tag-24v","8":"product_tag-omvand","9":"product_shipping_class-tunga-paket","10":"pa_brands-step","11":"tm-no-options","13":"first","14":"instock","15":"sale","16":"taxable","17":"shipping-taxable","18":"purchasable","19":"product-type-simple"},"acf":[],"_links":{"self":[{"href":"https:\/\/secureus.se\/pl\/wp-json\/wp\/v2\/product\/147415","targetHints":{"allow":["GET"]}}],"collection":[{"href":"https:\/\/secureus.se\/pl\/wp-json\/wp\/v2\/product"}],"about":[{"href":"https:\/\/secureus.se\/pl\/wp-json\/wp\/v2\/types\/product"}],"wp:featuredmedia":[{"embeddable":true,"href":"https:\/\/secureus.se\/pl\/wp-json\/wp\/v2\/media\/147409"}],"wp:attachment":[{"href":"https:\/\/secureus.se\/pl\/wp-json\/wp\/v2\/media?parent=147415"}],"wp:term":[{"taxonomy":"product_brand","embeddable":true,"href":"https:\/\/secureus.se\/pl\/wp-json\/wp\/v2\/product_brand?post=147415"},{"taxonomy":"product_cat","embeddable":true,"href":"https:\/\/secureus.se\/pl\/wp-json\/wp\/v2\/product_cat?post=147415"},{"taxonomy":"product_tag","embeddable":true,"href":"https:\/\/secureus.se\/pl\/wp-json\/wp\/v2\/product_tag?post=147415"}],"curies":[{"name":"wp","href":"https:\/\/api.w.org\/{rel}","templated":true}]}}