{"id":147434,"date":"2023-09-26T13:10:04","date_gmt":"2023-09-26T11:10:04","guid":{"rendered":"https:\/\/secureus.se\/elslutbleck-step-90-omvand-24v\/"},"modified":"2026-04-23T12:33:42","modified_gmt":"2026-04-23T10:33:42","slug":"elslutbleck-step-90-omvand-24v","status":"publish","type":"product","link":"https:\/\/secureus.se\/pl\/elslutbleck-step-90-omvand-24v\/","title":{"rendered":"Elektryczny zamek STEP 90 Reverse 24V"},"content":{"rendered":"<h1>Elektryczny zamek STEP 90 Reverse 24V<\/h1>\n<p>STEP 90 Preload to kompaktowy elektrozaczep z funkcj\u0105 cofania i technologi\u0105 HPR. Klasa ognioodporno\u015bci E\/EI120 i konstrukcja przystosowana do cz\u0119stego otwierania. Pasuje do obud\u00f3w zamk\u00f3w Connect, Modul i Narrow Profile.<\/p>\n<p>Elektrozaczep STEP 90 Preload to kompaktowy i mocny elektrozaczep z funkcj\u0105 rewersyjn\u0105 \u2013 oznacza to, \u017ce zamek jest odblokowany w pozycji bez zasilania, co jest wa\u017cn\u0105 cech\u0105 na drogach ewakuacyjnych lub w miejscach, w kt\u00f3rych konieczne jest zagwarantowanie bezpiecznego przej\u015bcia nawet w przypadku zaniku zasilania.<\/p>\n<p class=\"\" data-start=\"731\" data-end=\"1059\">Zaczep elektryczny posiada atest ognioodporno\u015bci do E\/EI120 zgodnie z norm\u0105 SS-EN 14846:2008 i jest wyposa\u017cony w opatentowan\u0105 technologi\u0119 HPR\u00ae firmy STEP, kt\u00f3ra gwarantuje otwarcie zamka nawet przy nacisku ta\u015bmy do 250 kg.<\/p>\n<p class=\"\" data-start=\"731\" data-end=\"1059\">Wysoka wytrzyma\u0142o\u015b\u0107 na zerwanie wynosz\u0105ca 1200 kg i kompaktowa konstrukcja sprawiaj\u0105, \u017ce STEP 90 jest niezawodnym wyborem w przypadku drzwi o du\u017cej cz\u0119stotliwo\u015bci otwierania.<\/p>\n<p class=\"\" data-start=\"1061\" data-end=\"1386\">Dzi\u0119ki swojej elastyczno\u015bci STEP 90 mo\u017cna stosowa\u0107 zar\u00f3wno w drzwiach prawo-, jak i lewoskr\u0119tnych. Pasuje do obud\u00f3w zamk\u00f3w z pojedynczym i podw\u00f3jnym zatrzaskiem z serii Connect, Modul i Narrow Profile.<\/p>\n<p class=\"\" data-start=\"1061\" data-end=\"1386\">Jest on tak\u017ce zabezpieczony przed manipulacj\u0105, ma wbudowan\u0105 diod\u0119 zabezpieczaj\u0105c\u0105 i jest \u0142atwy w monta\u017cu dzi\u0119ki otworom na \u015bruby na tylnej kraw\u0119dzi, umo\u017cliwiaj\u0105cym przykr\u0119canie \u015brub pod k\u0105tem.<\/p>\n<p class=\"\" data-start=\"1388\" data-end=\"1414\">Cechy i korzy\u015bci:<\/p>\n<ul data-start=\"1415\" data-end=\"1678\">\n<li class=\"\" data-start=\"1415\" data-end=\"1451\">\n<p class=\"\" data-start=\"1417\" data-end=\"1451\">Funkcja cofania \u2013 odblokowana bez zasilania<\/p>\n<\/li>\n<li class=\"\" data-start=\"1452\" data-end=\"1474\">\n<p class=\"\" data-start=\"1454\" data-end=\"1474\">Klasa ognioodporno\u015bci E\/EI120<\/p>\n<\/li>\n<li class=\"\" data-start=\"1475\" data-end=\"1509\">\n<p class=\"\" data-start=\"1477\" data-end=\"1509\">Wytrzymuje nacisk formowania do 250 kg<\/p>\n<\/li>\n<li class=\"\" data-start=\"1510\" data-end=\"1535\">\n<p class=\"\" data-start=\"1512\" data-end=\"1535\">Wytrzyma\u0142o\u015b\u0107 na zerwanie 1200 kg<\/p>\n<\/li>\n<li class=\"\" data-start=\"1536\" data-end=\"1568\">\n<p class=\"\" data-start=\"1538\" data-end=\"1568\">Kompaktowe wymiary: wysoko\u015b\u0107 zaledwie 90 mm<\/p>\n<\/li>\n<li class=\"\" data-start=\"1569\" data-end=\"1603\">\n<p class=\"\" data-start=\"1571\" data-end=\"1603\">Mo\u017cliwo\u015b\u0107 zmiany stron drzwi na prawe i lewe<\/p>\n<\/li>\n<li class=\"\" data-start=\"1604\" data-end=\"1642\">\n<p class=\"\" data-start=\"1606\" data-end=\"1642\">Pasuje do Connect, Module i Narrow Profile<\/p>\n<\/li>\n<li class=\"\" data-start=\"1643\" data-end=\"1678\">\n<p class=\"\" data-start=\"1645\" data-end=\"1678\">W zestawie dioda zabezpieczaj\u0105ca i zabezpieczenie przeciwprzepi\u0119ciowe<\/p>\n<\/li>\n<\/ul>\n<p class=\"\" data-start=\"1680\" data-end=\"1866\"><strong data-start=\"1680\" data-end=\"1703\">Obszary zastosowania:<\/strong><br data-start=\"1703\" data-end=\"1706\" \/>Nadaj\u0105 si\u0119 do stosowania na drogach ewakuacyjnych, drzwiach biurowych, w pomieszczeniach technicznych i obiektach u\u017cyteczno\u015bci publicznej, gdzie niezawodna funkcjonalno\u015b\u0107 i wysoki poziom bezpiecze\u0144stwa \u0142\u0105cz\u0105 si\u0119 z potrzeb\u0105 zachowania kompaktowych rozmiar\u00f3w.<\/p>\n<p class=\"\" data-start=\"1868\" data-end=\"1897\"><strong data-start=\"1868\" data-end=\"1897\">Dane techniczne:<\/strong><\/p>\n<ul data-start=\"1898\" data-end=\"2240\">\n<li class=\"\" data-start=\"1898\" data-end=\"1936\">\n<p class=\"\" data-start=\"1900\" data-end=\"1936\">Napi\u0119cie robocze: 24 V DC (21,6-27,6 V)<\/p>\n<\/li>\n<li class=\"\" data-start=\"1937\" data-end=\"1981\">\n<p class=\"\" data-start=\"1939\" data-end=\"1981\">Pob\u00f3r pr\u0105du: 110 mA odblokowany, maks. 300 mA<\/p>\n<\/li>\n<li class=\"\" data-start=\"1982\" data-end=\"2021\">\n<p class=\"\" data-start=\"1984\" data-end=\"2021\">Zawiasy drzwi: Prawe\/Lewe (odwracalne)<\/p>\n<\/li>\n<li class=\"\" data-start=\"2022\" data-end=\"2053\">\n<p class=\"\" data-start=\"2024\" data-end=\"2053\">Wymiary (szer. x g\u0142. x wys.): 25 x 28 x 90 mm<\/p>\n<\/li>\n<li class=\"\" data-start=\"2054\" data-end=\"2080\">\n<p class=\"\" data-start=\"2056\" data-end=\"2080\">Wytrzyma\u0142o\u015b\u0107 na zerwanie: 1200 kg<\/p>\n<\/li>\n<li class=\"\" data-start=\"2081\" data-end=\"2100\">\n<p class=\"\" data-start=\"2083\" data-end=\"2100\">Nacisk ta\u015bmy: 250 kg<\/p>\n<\/li>\n<li class=\"\" data-start=\"2101\" data-end=\"2119\">\n<p class=\"\" data-start=\"2103\" data-end=\"2119\">Styk t\u0142oka: Nie<\/p>\n<\/li>\n<li class=\"\" data-start=\"2120\" data-end=\"2137\">\n<p class=\"\" data-start=\"2122\" data-end=\"2137\">Kabel: Nie do\u0142\u0105czony<\/p>\n<\/li>\n<li class=\"\" data-start=\"2138\" data-end=\"2171\">\n<p class=\"\" data-start=\"2140\" data-end=\"2171\">Typ zamka: Zamek jedno- i dwuryglowy<\/p>\n<\/li>\n<li class=\"\" data-start=\"2172\" data-end=\"2200\">\n<p class=\"\" data-start=\"2174\" data-end=\"2200\">Kolor\/Wyko\u0144czenie: Stal nierdzewna<\/p>\n<\/li>\n<li class=\"\" data-start=\"2201\" data-end=\"2240\">\n<p class=\"\" data-start=\"2203\" data-end=\"2240\">Oceny: SundaHus, Ocena materia\u0142\u00f3w budowlanych<\/p>\n<\/li>\n<\/ul>","protected":false},"excerpt":{"rendered":"<p>Tutaj mo\u017cesz zobaczy\u0107, kt\u00f3re s\u0142upki i modele pasuj\u0105 do siebie z asortymentu elektrycznych ogranicznik\u00f3w drzwi STEP.<\/p>\n<h5><strong><a href=\"https:\/\/steplock.com\/sv\/stolpguide\/#!?lang=sv&amp;blog_id=1&amp;paged=1&amp;number=50\" target=\"_blank\" rel=\"noopener\">Przewodnik po STEP Post\u00a0<\/a><\/strong><\/h5>\n<h5><strong><a href=\"https:\/\/steplock.com\/sv\/projekteringsguide\/#!?lang=sv&amp;blog_id=1&amp;paged=1&amp;number=999\" target=\"_blank\" rel=\"noopener\">Przewodnik projektowy STEP<\/a><\/strong><\/h5>","protected":false},"featured_media":147429,"template":"","meta":{"_acf_changed":false},"product_brand":[],"product_cat":[3355],"product_tag":[4197,4201],"class_list":{"0":"post-147434","1":"product","2":"type-product","3":"status-publish","4":"has-post-thumbnail","6":"product_cat-elslutbleck","7":"product_tag-24v","8":"product_tag-omvand","9":"product_shipping_class-tunga-paket","10":"pa_brands-step","11":"tm-no-options","13":"first","14":"instock","15":"sale","16":"taxable","17":"shipping-taxable","18":"purchasable","19":"product-type-simple"},"acf":[],"_links":{"self":[{"href":"https:\/\/secureus.se\/pl\/wp-json\/wp\/v2\/product\/147434","targetHints":{"allow":["GET"]}}],"collection":[{"href":"https:\/\/secureus.se\/pl\/wp-json\/wp\/v2\/product"}],"about":[{"href":"https:\/\/secureus.se\/pl\/wp-json\/wp\/v2\/types\/product"}],"wp:featuredmedia":[{"embeddable":true,"href":"https:\/\/secureus.se\/pl\/wp-json\/wp\/v2\/media\/147429"}],"wp:attachment":[{"href":"https:\/\/secureus.se\/pl\/wp-json\/wp\/v2\/media?parent=147434"}],"wp:term":[{"taxonomy":"product_brand","embeddable":true,"href":"https:\/\/secureus.se\/pl\/wp-json\/wp\/v2\/product_brand?post=147434"},{"taxonomy":"product_cat","embeddable":true,"href":"https:\/\/secureus.se\/pl\/wp-json\/wp\/v2\/product_cat?post=147434"},{"taxonomy":"product_tag","embeddable":true,"href":"https:\/\/secureus.se\/pl\/wp-json\/wp\/v2\/product_tag?post=147434"}],"curies":[{"name":"wp","href":"https:\/\/api.w.org\/{rel}","templated":true}]}}