{"id":147454,"date":"2023-09-26T13:08:10","date_gmt":"2023-09-26T11:08:10","guid":{"rendered":"https:\/\/secureus.se\/elslutbleck-step-90-omvand-12v-kolvkontakt\/"},"modified":"2026-04-08T16:05:55","modified_gmt":"2026-04-08T14:05:55","slug":"elslutbleck-step-90-omvand-12v-kolvkontakt","status":"publish","type":"product","link":"https:\/\/secureus.se\/pl\/elslutbleck-step-90-omvand-12v-kolvkontakt\/","title":{"rendered":"Elektryczny zamek b\u0142yskawiczny STEP 90 Odwrotny 12V Styk t\u0142okowy"},"content":{"rendered":"<h1>Elektryczny zamek b\u0142yskawiczny STEP 90 Odwrotny 12V Styk t\u0142okowy<\/h1>\n<p>STEP 90 Preload to elektrozaczep z funkcj\u0105 rewersyjn\u0105 i zasilaniem 12 V. Kompaktowe, ognioodporne do E\/EI120 z technologi\u0105 styku t\u0142okowego, technologi\u0105 nacisku ta\u015bmy i wysok\u0105 niezawodno\u015bci\u0105 dzia\u0142ania.<\/p>\n<p class=\"\" data-start=\"246\" data-end=\"602\">Elektrozaczep STEP 90 Preload z serii Preload firmy STEP to kompaktowy i niezawodny elektrozaczep, opracowany z my\u015bl\u0105 o profesjonalnych zastosowaniach, w kt\u00f3rych wymagania dotycz\u0105ce przestrzeni i wysoka cz\u0119stotliwo\u015b\u0107 otwierania spe\u0142niaj\u0105 wymogi bezpiecze\u0144stwa.<\/p>\n<p class=\"\" data-start=\"246\" data-end=\"602\">Dzi\u0119ki funkcji rewersu, STEP 90 zostaje odblokowany w przypadku zaniku zasilania \u2013 jest to wa\u017cna cecha na drogach ewakuacyjnych i w zastosowaniach zapewniaj\u0105cych bezpiecze\u0144stwo.<\/p>\n<p class=\"\" data-start=\"604\" data-end=\"904\">Opatentowana technologia HPR\u00ae oznacza, \u017ce zamek elektryczny mo\u017cna odblokowa\u0107 nawet przy du\u017cym nacisku ta\u015bmy wynosz\u0105cym do 250 kg.<\/p>\n<p class=\"\" data-start=\"604\" data-end=\"904\">Dzi\u0119ki wytrzyma\u0142o\u015bci na rozerwanie wynosz\u0105cej 1200 kg i certyfikacji zgodnie z klas\u0105 ogniow\u0105 E\/EI120 (120 min) zgodnie z norm\u0105 SS-EN 14846:2008, produkt spe\u0142nia wymagania dotycz\u0105ce zar\u00f3wno bezpiecze\u0144stwa, jak i niezawodno\u015bci.<\/p>\n<p class=\"\" data-start=\"906\" data-end=\"1165\">STEP 90 wyposa\u017cony jest w prze\u0142\u0105cznik t\u0142okowy, kt\u00f3ry wyra\u017anie wskazuje stan drzwi (otwarte lub zamkni\u0119te), dzi\u0119ki czemu jest kompatybilny z systemami kontroli dost\u0119pu i alarmami.<\/p>\n<p class=\"\" data-start=\"906\" data-end=\"1165\">Kompaktowa konstrukcja nadaje si\u0119 zar\u00f3wno do nowych instalacji, jak i modernizacji istniej\u0105cych sekcji drzwi.<\/p>\n<p class=\"\" data-start=\"1167\" data-end=\"1355\">Dioda ochronna, zabezpieczenie przed uderzeniami i mo\u017cliwo\u015b\u0107 odwr\u00f3cenia monta\u017cu zar\u00f3wno do drzwi prawo-, jak i lewoskrzyd\u0142owych sprawiaj\u0105, \u017ce ten elektrozaczep jest uniwersalnym i trwa\u0142ym wyborem do miejsc publicznych, biur i wej\u015b\u0107.<\/p>\n<p class=\"\" data-start=\"1357\" data-end=\"1385\"><strong data-start=\"1357\" data-end=\"1383\">Cechy i korzy\u015bci:<\/strong><\/p>\n<ul data-start=\"1386\" data-end=\"1714\">\n<li class=\"\" data-start=\"1386\" data-end=\"1431\">\n<p class=\"\" data-start=\"1388\" data-end=\"1431\">Funkcja cofania \u2013 odblokowywana w przypadku zaniku zasilania<\/p>\n<\/li>\n<li class=\"\" data-start=\"1432\" data-end=\"1473\">\n<p class=\"\" data-start=\"1434\" data-end=\"1473\">Kompaktowy format u\u0142atwiaj\u0105cy instalacj\u0119<\/p>\n<\/li>\n<li class=\"\" data-start=\"1474\" data-end=\"1515\">\n<p class=\"\" data-start=\"1476\" data-end=\"1515\">Klasa ogniowa E\/EI120 zgodnie z norm\u0105 SS-EN 14846<\/p>\n<\/li>\n<li class=\"\" data-start=\"1516\" data-end=\"1560\">\n<p class=\"\" data-start=\"1518\" data-end=\"1560\">Styk t\u0142okowy do wskazywania stanu drzwi<\/p>\n<\/li>\n<li class=\"\" data-start=\"1561\" data-end=\"1608\">\n<p class=\"\" data-start=\"1563\" data-end=\"1608\">Technologia HPR\u00ae \u2013 otwiera si\u0119 pomimo nacisku ta\u015bmy wynosz\u0105cego 250 kg<\/p>\n<\/li>\n<li class=\"\" data-start=\"1609\" data-end=\"1636\">\n<p class=\"\" data-start=\"1611\" data-end=\"1636\">Wytrzyma\u0142o\u015b\u0107 na zerwanie 1200 kg<\/p>\n<\/li>\n<li class=\"\" data-start=\"1637\" data-end=\"1679\">\n<p class=\"\" data-start=\"1639\" data-end=\"1679\">Mo\u017cliwo\u015b\u0107 odwr\u00f3cenia do drzwi otwieranych na praw\u0105\/lew\u0105 stron\u0119<\/p>\n<\/li>\n<li class=\"\" data-start=\"1680\" data-end=\"1714\">\n<p class=\"\" data-start=\"1682\" data-end=\"1714\">Odporne na uderzenia i z diod\u0105 zabezpieczaj\u0105c\u0105<\/p>\n<\/li>\n<\/ul>\n<p class=\"\" data-start=\"1716\" data-end=\"1856\"><strong data-start=\"1716\" data-end=\"1739\">Obszary zastosowania:<\/strong><br data-start=\"1739\" data-end=\"1742\" \/>Idealne do drzwi ewakuacyjnych, budynk\u00f3w u\u017cyteczno\u015bci publicznej, wej\u015b\u0107 i drzwi o wysokich wymaganiach bezpiecze\u0144stwa i odporno\u015bci ogniowej.<\/p>\n<p class=\"\" data-start=\"1858\" data-end=\"2261\"><strong data-start=\"1858\" data-end=\"1887\">Dane techniczne:<\/strong><br data-start=\"1887\" data-end=\"1890\" \/>Napi\u0119cie robocze: 12 V DC (10,8-13,8 V)<br data-start=\"1926\" data-end=\"1929\" \/>Pob\u00f3r pr\u0105du: 220 mA odblokowany \/ maks. 600 mA<br data-start=\"1972\" data-end=\"1975\" \/>Styk t\u0142okowy: Mikroprze\u0142\u0105cznik, 30 V DC \/ 1 A<br data-start=\"2015\" data-end=\"2018\" \/>Zawiasy drzwi: Prawe\/Lewe (odwracalne)<br data-start=\"2055\" data-end=\"2058\" \/>D\u0142ugo\u015b\u0107 kabla: Nie do\u0142\u0105czona<br data-start=\"2078\" data-end=\"2081\" \/>Wytrzyma\u0142o\u015b\u0107 na zerwanie: 1200 kg<br data-start=\"2105\" data-end=\"2108\" \/>Nacisk ta\u015bmy: 250 kg<br data-start=\"2125\" data-end=\"2128\" data-is-only-node=\"\" \/>Typ zamka: Zamek z pojedynczym zatrzaskiem, Zamek z podw\u00f3jnym zatrzaskiem<br data-start=\"2161\" data-end=\"2164\" \/>Wymiary (szer. x g\u0142. x wys.): 25 x 28 x 90 mm<br data-start=\"2193\" data-end=\"2196\" \/>Obr\u00f3bka powierzchni: Stal nierdzewna<br data-start=\"2217\" data-end=\"2220\" \/>Oceniony produkt budowlany: Tak<br data-start=\"2238\" data-end=\"2241\" \/>SundaHouse oceni\u0142(a): Tak<\/p>","protected":false},"excerpt":{"rendered":"<p>Tutaj mo\u017cesz zobaczy\u0107, kt\u00f3re s\u0142upki i modele pasuj\u0105 do siebie z asortymentu elektrycznych ogranicznik\u00f3w drzwi STEP.<\/p>\n<h5><strong><a href=\"https:\/\/steplock.com\/sv\/stolpguide\/#!?lang=sv&amp;blog_id=1&amp;paged=1&amp;number=50\" target=\"_blank\" rel=\"noopener\">Przewodnik po STEP Post\u00a0<\/a><\/strong><\/h5>\n<h5><strong><a href=\"https:\/\/steplock.com\/sv\/projekteringsguide\/#!?lang=sv&amp;blog_id=1&amp;paged=1&amp;number=999\" target=\"_blank\" rel=\"noopener\">Przewodnik projektowy STEP<\/a><\/strong><\/h5>","protected":false},"featured_media":147449,"template":"","meta":{"_acf_changed":false},"product_brand":[],"product_cat":[3355],"product_tag":[4196,4201],"class_list":{"0":"post-147454","1":"product","2":"type-product","3":"status-publish","4":"has-post-thumbnail","6":"product_cat-elslutbleck","7":"product_tag-12-24v","8":"product_tag-omvand","9":"product_shipping_class-tunga-paket","10":"pa_brands-step","11":"tm-no-options","13":"first","14":"onbackorder","15":"sale","16":"taxable","17":"shipping-taxable","18":"purchasable","19":"product-type-simple"},"acf":[],"_links":{"self":[{"href":"https:\/\/secureus.se\/pl\/wp-json\/wp\/v2\/product\/147454","targetHints":{"allow":["GET"]}}],"collection":[{"href":"https:\/\/secureus.se\/pl\/wp-json\/wp\/v2\/product"}],"about":[{"href":"https:\/\/secureus.se\/pl\/wp-json\/wp\/v2\/types\/product"}],"wp:featuredmedia":[{"embeddable":true,"href":"https:\/\/secureus.se\/pl\/wp-json\/wp\/v2\/media\/147449"}],"wp:attachment":[{"href":"https:\/\/secureus.se\/pl\/wp-json\/wp\/v2\/media?parent=147454"}],"wp:term":[{"taxonomy":"product_brand","embeddable":true,"href":"https:\/\/secureus.se\/pl\/wp-json\/wp\/v2\/product_brand?post=147454"},{"taxonomy":"product_cat","embeddable":true,"href":"https:\/\/secureus.se\/pl\/wp-json\/wp\/v2\/product_cat?post=147454"},{"taxonomy":"product_tag","embeddable":true,"href":"https:\/\/secureus.se\/pl\/wp-json\/wp\/v2\/product_tag?post=147454"}],"curies":[{"name":"wp","href":"https:\/\/api.w.org\/{rel}","templated":true}]}}