{"id":147456,"date":"2023-09-26T13:08:35","date_gmt":"2023-09-26T11:08:35","guid":{"rendered":"https:\/\/secureus.se\/elslutbleck-step-18-vanster-omvand-24v-9mm-regel-connect\/"},"modified":"2026-04-23T12:34:17","modified_gmt":"2026-04-23T10:34:17","slug":"elslutbleck-step-18-vanster-omvand-24v-9mm-regel-connect","status":"publish","type":"product","link":"https:\/\/secureus.se\/pl\/elslutbleck-step-18-vanster-omvand-24v-9mm-regel-connect\/","title":{"rendered":"Elektryczny zamek b\u0142yskawiczny KROK 18 Lewy wsteczny 24V 9mm Rule Connect"},"content":{"rendered":"<h1>Elektryczny zamek b\u0142yskawiczny KROK 18 Lewy wsteczny 24V 9mm Rule Connect<\/h1>\n<p>STEP 18 Secure to elektrozaczep o wysokim poziomie bezpiecze\u0144stwa z funkcj\u0105 rewersyjn\u0105 do drzwi lewoskr\u0119tnych. Dostosowany do zamk\u00f3w ryglowych 9 mm z serii Connect. W zestawie klasa ogniowa E\/EI60 i 5-metrowy kabel bezhalogenowy.<\/p>\n<p>Elektrozaczep STEP 18 Secure to zaawansowany elektrozaczep z serii Secure firmy STEP, przeznaczony do drzwi, w kt\u00f3rych wymagany jest zar\u00f3wno wysoki poziom bezpiecze\u0144stwa, jak i szybkie przej\u015bcie.<\/p>\n<p>Model ten zosta\u0142 specjalnie przystosowany do drzwi lewoskr\u0119tnych z zamkami zasuwkowymi z t\u0142okiem 9 mm z serii Connect.<\/p>\n<p class=\"\" data-start=\"795\" data-end=\"1072\">Dzi\u0119ki funkcji rewersyjnej drzwi pozostaj\u0105 odblokowane w przypadku zaniku zasilania \u2013 jest to cecha niezb\u0119dna na drogach ewakuacyjnych oraz w drzwiach o wysokich wymaganiach bezpiecze\u0144stwa.<\/p>\n<p class=\"\" data-start=\"795\" data-end=\"1072\">Produkt posiada klas\u0119 odporno\u015bci ogniowej E\/EI60 zgodnie z norm\u0105 SS-EN 14846:2008 i jest dopuszczony do stosowania w drzwiach antyw\u0142amaniowych o klasie odporno\u015bci do RC4.<\/p>\n<p class=\"\" data-start=\"1074\" data-end=\"1410\">Elektrozaczep wyposa\u017cony jest w styk t\u0142okowy i styk blokuj\u0105cy, co umo\u017cliwia integracj\u0119 monitoringu stanu z systemami kontroli dost\u0119pu oraz systemami alarmowymi.<\/p>\n<p class=\"\" data-start=\"1074\" data-end=\"1410\">Dzi\u0119ki wytrzyma\u0142o\u015bci na zerwanie wynosz\u0105cej 15 kN (ok. 1500 kg) i mo\u017cliwo\u015bci otwierania pomimo nacisku ta\u015bmy do 500 kg, STEP 18 zapewnia niezawodne dzia\u0142anie nawet w najbardziej wymagaj\u0105cych \u015brodowiskach drzwiowych.<\/p>\n<p class=\"\" data-start=\"1412\" data-end=\"1521\">Jest zabezpieczony przed manipulacj\u0105, ma wbudowan\u0105 diod\u0119 zabezpieczaj\u0105c\u0105 i jest dostarczany z 5-metrowym kablem po\u0142\u0105czeniowym bezhalogenowym.<\/p>\n<p class=\"\" data-start=\"1523\" data-end=\"1549\"><strong data-start=\"1523\" data-end=\"1549\">Cechy i korzy\u015bci:<\/strong><\/p>\n<ul data-start=\"1550\" data-end=\"1869\">\n<li class=\"\" data-start=\"1550\" data-end=\"1593\">\n<p class=\"\" data-start=\"1552\" data-end=\"1593\">Funkcja cofania \u2013 odblokowywana w przypadku zaniku zasilania<\/p>\n<\/li>\n<li class=\"\" data-start=\"1594\" data-end=\"1652\">\n<p class=\"\" data-start=\"1596\" data-end=\"1652\">Do drzwi lewoskr\u0119tnych z ryglem 9 mm (seria Connect)<\/p>\n<\/li>\n<li class=\"\" data-start=\"1653\" data-end=\"1705\">\n<p class=\"\" data-start=\"1655\" data-end=\"1705\">Kontakt t\u0142okowy i kontakt zatrzaskowy do monitorowania stanu<\/p>\n<\/li>\n<li class=\"\" data-start=\"1706\" data-end=\"1736\">\n<p class=\"\" data-start=\"1708\" data-end=\"1736\">Ognioodporno\u015b\u0107 do E\/EI60<\/p>\n<\/li>\n<li class=\"\" data-start=\"1737\" data-end=\"1771\">\n<p class=\"\" data-start=\"1739\" data-end=\"1771\">Wytrzyma\u0142o\u015b\u0107 na zerwanie: 15 kN (1500 kg)<\/p>\n<\/li>\n<li class=\"\" data-start=\"1772\" data-end=\"1806\">\n<p class=\"\" data-start=\"1774\" data-end=\"1806\">Wytrzymuje nacisk formowania do 500 kg<\/p>\n<\/li>\n<li class=\"\" data-start=\"1807\" data-end=\"1836\">\n<p class=\"\" data-start=\"1809\" data-end=\"1836\">Dioda ochronna i zabezpieczenie przeciwprzepi\u0119ciowe<\/p>\n<\/li>\n<li class=\"\" data-start=\"1837\" data-end=\"1869\">\n<p class=\"\" data-start=\"1839\" data-end=\"1869\">W zestawie 5-metrowy kabel bezhalogenowy<\/p>\n<\/li>\n<\/ul>\n<p class=\"\" data-start=\"1871\" data-end=\"2056\"><strong data-start=\"1871\" data-end=\"1894\">Obszary zastosowania:<\/strong><br data-start=\"1894\" data-end=\"1897\" \/>Doskonale nadaje si\u0119 do miejsc o klauzulach bezpiecze\u0144stwa, takich jak banki, agencje rz\u0105dowe, wi\u0119zienia i drogi ewakuacyjne, gdzie wymagana jest zar\u00f3wno wysoka odporno\u015b\u0107 na w\u0142amania, jak i szybkie, bezpieczne odblokowywanie.<\/p>\n<p class=\"\" data-start=\"2058\" data-end=\"2087\"><strong data-start=\"2058\" data-end=\"2087\">Dane techniczne:<\/strong><\/p>\n<ul data-start=\"2088\" data-end=\"2434\">\n<li class=\"\" data-start=\"2088\" data-end=\"2126\">\n<p class=\"\" data-start=\"2090\" data-end=\"2126\">Napi\u0119cie robocze: 24 V DC (21,6-27,6 V)<\/p>\n<\/li>\n<li class=\"\" data-start=\"2127\" data-end=\"2159\">\n<p class=\"\" data-start=\"2129\" data-end=\"2159\">Pob\u00f3r pr\u0105du: 313 mA odblokowany<\/p>\n<\/li>\n<li class=\"\" data-start=\"2160\" data-end=\"2183\">\n<p class=\"\" data-start=\"2162\" data-end=\"2183\">Zawias drzwi: Lewy<\/p>\n<\/li>\n<li class=\"\" data-start=\"2184\" data-end=\"2205\">\n<p class=\"\" data-start=\"2186\" data-end=\"2205\">D\u0142ugo\u015b\u0107 kabla: 5 metr\u00f3w<\/p>\n<\/li>\n<li class=\"\" data-start=\"2206\" data-end=\"2232\">\n<p class=\"\" data-start=\"2208\" data-end=\"2232\">Wytrzyma\u0142o\u015b\u0107 na zerwanie: 1500 kg<\/p>\n<\/li>\n<li class=\"\" data-start=\"2233\" data-end=\"2252\">\n<p class=\"\" data-start=\"2235\" data-end=\"2252\">Nacisk listwy: 500 kg<\/p>\n<\/li>\n<li class=\"\" data-start=\"2253\" data-end=\"2285\">\n<p class=\"\" data-start=\"2255\" data-end=\"2285\">Wymiary (szer. x g\u0142. x wys.): 35 x 40 x 230 mm<\/p>\n<\/li>\n<li class=\"\" data-start=\"2286\" data-end=\"2317\">\n<p class=\"\" data-start=\"2288\" data-end=\"2317\">Typ zamka: Zamek zatrzaskowy, Zamek zatrzaskowy<\/p>\n<\/li>\n<li class=\"\" data-start=\"2318\" data-end=\"2365\">\n<p class=\"\" data-start=\"2320\" data-end=\"2365\">Styk t\u0142oka: Mikrowy\u0142\u0105cznik, maks. 30V pr\u0105du sta\u0142ego \/ 1A<\/p>\n<\/li>\n<li class=\"\" data-start=\"2366\" data-end=\"2394\">\n<p class=\"\" data-start=\"2368\" data-end=\"2394\">Kolor\/Wyko\u0144czenie: Stal nierdzewna<\/p>\n<\/li>\n<li class=\"\" data-start=\"2395\" data-end=\"2434\">\n<p class=\"\" data-start=\"2397\" data-end=\"2434\">Oceny: SundaHus, Ocena materia\u0142\u00f3w budowlanych<\/p>\n<\/li>\n<\/ul>","protected":false},"excerpt":{"rendered":"<p>Tutaj mo\u017cesz zobaczy\u0107, kt\u00f3re s\u0142upki i modele pasuj\u0105 do siebie z asortymentu elektrycznych ogranicznik\u00f3w drzwi STEP.<\/p>\n<h5><strong><a href=\"https:\/\/steplock.com\/sv\/stolpguide\/#!?lang=sv&amp;blog_id=1&amp;paged=1&amp;number=50\" target=\"_blank\" rel=\"noopener\">Przewodnik po STEP Post\u00a0<\/a><\/strong><\/h5>\n<h5><strong><a href=\"https:\/\/steplock.com\/sv\/projekteringsguide\/#!?lang=sv&amp;blog_id=1&amp;paged=1&amp;number=999\" target=\"_blank\" rel=\"noopener\">Przewodnik projektowy STEP<\/a><\/strong><\/h5>","protected":false},"featured_media":147448,"template":"","meta":{"_acf_changed":false},"product_brand":[],"product_cat":[3355],"product_tag":[4197,4201],"class_list":{"0":"post-147456","1":"product","2":"type-product","3":"status-publish","4":"has-post-thumbnail","6":"product_cat-elslutbleck","7":"product_tag-24v","8":"product_tag-omvand","9":"product_shipping_class-tunga-paket","10":"pa_brands-step","11":"tm-no-options","13":"first","14":"instock","15":"sale","16":"taxable","17":"shipping-taxable","18":"purchasable","19":"product-type-simple"},"acf":[],"_links":{"self":[{"href":"https:\/\/secureus.se\/pl\/wp-json\/wp\/v2\/product\/147456","targetHints":{"allow":["GET"]}}],"collection":[{"href":"https:\/\/secureus.se\/pl\/wp-json\/wp\/v2\/product"}],"about":[{"href":"https:\/\/secureus.se\/pl\/wp-json\/wp\/v2\/types\/product"}],"wp:featuredmedia":[{"embeddable":true,"href":"https:\/\/secureus.se\/pl\/wp-json\/wp\/v2\/media\/147448"}],"wp:attachment":[{"href":"https:\/\/secureus.se\/pl\/wp-json\/wp\/v2\/media?parent=147456"}],"wp:term":[{"taxonomy":"product_brand","embeddable":true,"href":"https:\/\/secureus.se\/pl\/wp-json\/wp\/v2\/product_brand?post=147456"},{"taxonomy":"product_cat","embeddable":true,"href":"https:\/\/secureus.se\/pl\/wp-json\/wp\/v2\/product_cat?post=147456"},{"taxonomy":"product_tag","embeddable":true,"href":"https:\/\/secureus.se\/pl\/wp-json\/wp\/v2\/product_tag?post=147456"}],"curies":[{"name":"wp","href":"https:\/\/api.w.org\/{rel}","templated":true}]}}