{"id":147458,"date":"2023-09-26T13:08:33","date_gmt":"2023-09-26T11:08:33","guid":{"rendered":"https:\/\/secureus.se\/elslutbleck-step-48-rattvand-24v-kolvkontakt\/"},"modified":"2026-04-08T16:05:34","modified_gmt":"2026-04-08T14:05:34","slug":"elslutbleck-step-48-rattvand-24v-kolvkontakt","status":"publish","type":"product","link":"https:\/\/secureus.se\/pl\/elslutbleck-step-48-rattvand-24v-kolvkontakt\/","title":{"rendered":"P\u0142yta zaczepowa elektryczna KROK 48 Styk t\u0142okowy 24V skierowany w prawo"},"content":{"rendered":"<h1>P\u0142yta zaczepowa elektryczna KROK 48 Styk t\u0142okowy 24V skierowany w prawo<\/h1>\n<p>STEP 48 Preload to kompaktowy zamek elektryczny z funkcj\u0105 do przodu i stykiem t\u0142okowym. Dzi\u0119ki technologii docisku ta\u015bmy, zasilaniu 24 V i obs\u0142udze wska\u017anika zamkni\u0119cia doskonale nadaje si\u0119 do bezpiecznych i cichych instalacji z zamkami pokr\u0119t\u0142owymi lub kluczowymi.<\/p>\n<p>Elektrozaczep STEP 48 Preload to elektrozaczep \u0142\u0105cz\u0105cy w sobie wysokie bezpiecze\u0144stwo z kompaktow\u0105 konstrukcj\u0105, idealny do drzwi zamykanych na ga\u0142k\u0119 lub klucz.<\/p>\n<p>Wyposa\u017cono je w opatentowan\u0105 technologi\u0119 docisku paska STEP, kt\u00f3ra umo\u017cliwia otwarcie drzwi nawet przy nara\u017ceniu na nacisk paska o sile do 40 kg, zapewniaj\u0105c bezpieczne i niezawodne funkcjonowanie w codziennym u\u017cytkowaniu.<\/p>\n<p class=\"\" data-start=\"921\" data-end=\"1244\">Dzi\u0119ki funkcji prawostronnej (blokada w pozycji beznapi\u0119ciowej) i napi\u0119ciu roboczemu 24 V, STEP 48 spe\u0142nia wymagania bezpiecze\u0144stwa np. w wej\u015bciach do mieszka\u0144, drzwiach wewn\u0119trznych, drzwiach przej\u015bciowych lub pomieszczeniach technicznych.<\/p>\n<p class=\"\" data-start=\"921\" data-end=\"1244\">Jest on odwracalny, dzi\u0119ki czemu pasuje zar\u00f3wno do drzwi prawo-, jak i lewoskr\u0119tnych i mo\u017cna go u\u017cywa\u0107 do odblokowywania zar\u00f3wno rygli hakowych, jak i prostych.<\/p>\n<p class=\"\" data-start=\"1246\" data-end=\"1623\">Elektrozaczep wyposa\u017cony jest w styk t\u0142okowy, kt\u00f3ry informuje o stanie drzwi (otwarte\/zamkni\u0119te), co u\u0142atwia pod\u0142\u0105czenie go do systemu kontroli dost\u0119pu lub alarmu.<\/p>\n<p class=\"\" data-start=\"1246\" data-end=\"1623\">Jest on tak\u017ce zabezpieczony przed manipulacj\u0105, ma wbudowan\u0105 diod\u0119 zabezpieczaj\u0105c\u0105 i jest kompatybilny z opcjonalnym wska\u017anikiem zamkni\u0119cia ST4880, kt\u00f3ry umo\u017cliwia automatyczne blokowanie automatyki drzwi lub zamk\u00f3w kodowych po zablokowaniu mechanicznym.<\/p>\n<p class=\"\" data-start=\"1625\" data-end=\"1651\"><strong data-start=\"1625\" data-end=\"1651\">Cechy i korzy\u015bci:<\/strong><\/p>\n<ul data-start=\"1652\" data-end=\"1965\">\n<li class=\"\" data-start=\"1652\" data-end=\"1695\">\n<p class=\"\" data-start=\"1654\" data-end=\"1695\">Prawid\u0142owa funkcja \u2013 zablokowana w pozycji od\u0142\u0105czonej od zasilania<\/p>\n<\/li>\n<li class=\"\" data-start=\"1696\" data-end=\"1731\">\n<p class=\"\" data-start=\"1698\" data-end=\"1731\">Kontakt t\u0142okowy do monitorowania stanu<\/p>\n<\/li>\n<li class=\"\" data-start=\"1732\" data-end=\"1765\">\n<p class=\"\" data-start=\"1734\" data-end=\"1765\">Wytrzymuje nacisk do 40 kg<\/p>\n<\/li>\n<li class=\"\" data-start=\"1766\" data-end=\"1790\">\n<p class=\"\" data-start=\"1768\" data-end=\"1790\">Si\u0142a zrywaj\u0105ca 900 kg<\/p>\n<\/li>\n<li class=\"\" data-start=\"1791\" data-end=\"1826\">\n<p class=\"\" data-start=\"1793\" data-end=\"1826\">Kompaktowa konstrukcja \u2013 wysoko\u015b\u0107 zaledwie 90 mm<\/p>\n<\/li>\n<li class=\"\" data-start=\"1827\" data-end=\"1856\">\n<p class=\"\" data-start=\"1829\" data-end=\"1856\">Dioda ochronna i zabezpieczenie przeciwprzepi\u0119ciowe<\/p>\n<\/li>\n<li class=\"\" data-start=\"1857\" data-end=\"1896\">\n<p class=\"\" data-start=\"1859\" data-end=\"1896\">Rewersyjny \u2013 pasuje do drzwi prawych\/lewych<\/p>\n<\/li>\n<li class=\"\" data-start=\"1897\" data-end=\"1925\">\n<p class=\"\" data-start=\"1899\" data-end=\"1925\">Do haka i prostej linijki<\/p>\n<\/li>\n<li class=\"\" data-start=\"1926\" data-end=\"1965\">\n<p class=\"\" data-start=\"1928\" data-end=\"1965\">Kompatybilny ze wska\u017anikiem regu\u0142 ST4880<\/p>\n<\/li>\n<\/ul>\n<p class=\"\" data-start=\"1967\" data-end=\"2145\"><strong data-start=\"1967\" data-end=\"1990\">Obszary zastosowania:<\/strong><br data-start=\"1990\" data-end=\"1993\" \/>Nadaje si\u0119 do drzwi z zamkami ga\u0142kowymi lub na klucz w domach, pomieszczeniach technicznych, drzwiach wewn\u0119trznych i innych pomieszczeniach, w kt\u00f3rych wymagana jest niezawodno\u015b\u0107 dzia\u0142ania i kompaktowa instalacja.<\/p>\n<p class=\"\" data-start=\"2147\" data-end=\"2176\"><strong data-start=\"2147\" data-end=\"2176\">Dane techniczne:<\/strong><\/p>\n<ul data-start=\"2177\" data-end=\"2546\">\n<li class=\"\" data-start=\"2177\" data-end=\"2215\">\n<p class=\"\" data-start=\"2179\" data-end=\"2215\">Napi\u0119cie robocze: 24 V DC (21,6-27,6 V)<\/p>\n<\/li>\n<li class=\"\" data-start=\"2216\" data-end=\"2260\">\n<p class=\"\" data-start=\"2218\" data-end=\"2260\">Pob\u00f3r pr\u0105du: 110 mA odblokowany, maks. 300 mA<\/p>\n<\/li>\n<li class=\"\" data-start=\"2261\" data-end=\"2308\">\n<p class=\"\" data-start=\"2263\" data-end=\"2308\">Styk t\u0142oka: Mikrowy\u0142\u0105cznik, maks. 30V pr\u0105du sta\u0142ego \/ 1A<\/p>\n<\/li>\n<li class=\"\" data-start=\"2309\" data-end=\"2348\">\n<p class=\"\" data-start=\"2311\" data-end=\"2348\">Zawiasy drzwi: Prawe\/Lewe (odwracalne)<\/p>\n<\/li>\n<li class=\"\" data-start=\"2349\" data-end=\"2380\">\n<p class=\"\" data-start=\"2351\" data-end=\"2380\">Wymiary (szer. x g\u0142. x wys.): 25 x 35 x 90 mm<\/p>\n<\/li>\n<li class=\"\" data-start=\"2381\" data-end=\"2406\">\n<p class=\"\" data-start=\"2383\" data-end=\"2406\">Si\u0142a zrywaj\u0105ca: 900 kg<\/p>\n<\/li>\n<li class=\"\" data-start=\"2407\" data-end=\"2425\">\n<p class=\"\" data-start=\"2409\" data-end=\"2425\">Nacisk ta\u015bmy: 40 kg<\/p>\n<\/li>\n<li class=\"\" data-start=\"2426\" data-end=\"2443\">\n<p class=\"\" data-start=\"2428\" data-end=\"2443\">Kabel: Nie do\u0142\u0105czony<\/p>\n<\/li>\n<li class=\"\" data-start=\"2444\" data-end=\"2477\">\n<p class=\"\" data-start=\"2446\" data-end=\"2477\">Typ zamka: Zamek jedno- i dwuryglowy<\/p>\n<\/li>\n<li class=\"\" data-start=\"2478\" data-end=\"2506\">\n<p class=\"\" data-start=\"2480\" data-end=\"2506\">Kolor\/Wyko\u0144czenie: Stal nierdzewna<\/p>\n<\/li>\n<li class=\"\" data-start=\"2507\" data-end=\"2546\">\n<p class=\"\" data-start=\"2509\" data-end=\"2546\">Oceny: SundaHus, Ocena materia\u0142\u00f3w budowlanych<\/p>\n<\/li>\n<\/ul>","protected":false},"excerpt":{"rendered":"<p>Tutaj mo\u017cesz zobaczy\u0107, kt\u00f3re s\u0142upki i modele pasuj\u0105 do siebie z asortymentu elektrycznych ogranicznik\u00f3w drzwi STEP.<\/p>\n<h5><strong><a href=\"https:\/\/steplock.com\/sv\/stolpguide\/#!?lang=sv&amp;blog_id=1&amp;paged=1&amp;number=50\" target=\"_blank\" rel=\"noopener\">Przewodnik po STEP Post\u00a0<\/a><\/strong><\/h5>\n<h5><strong><a href=\"https:\/\/steplock.com\/sv\/projekteringsguide\/#!?lang=sv&amp;blog_id=1&amp;paged=1&amp;number=999\" target=\"_blank\" rel=\"noopener\">Przewodnik projektowy STEP<\/a><\/strong><\/h5>","protected":false},"featured_media":147457,"template":"","meta":{"_acf_changed":false},"product_brand":[],"product_cat":[3355],"product_tag":[4197,4200],"class_list":{"0":"post-147458","1":"product","2":"type-product","3":"status-publish","4":"has-post-thumbnail","6":"product_cat-elslutbleck","7":"product_tag-24v","8":"product_tag-rattvand","9":"product_shipping_class-tunga-paket","10":"pa_brands-step","11":"tm-no-options","13":"first","14":"outofstock","15":"sale","16":"taxable","17":"shipping-taxable","18":"purchasable","19":"product-type-simple"},"acf":[],"_links":{"self":[{"href":"https:\/\/secureus.se\/pl\/wp-json\/wp\/v2\/product\/147458","targetHints":{"allow":["GET"]}}],"collection":[{"href":"https:\/\/secureus.se\/pl\/wp-json\/wp\/v2\/product"}],"about":[{"href":"https:\/\/secureus.se\/pl\/wp-json\/wp\/v2\/types\/product"}],"wp:featuredmedia":[{"embeddable":true,"href":"https:\/\/secureus.se\/pl\/wp-json\/wp\/v2\/media\/147457"}],"wp:attachment":[{"href":"https:\/\/secureus.se\/pl\/wp-json\/wp\/v2\/media?parent=147458"}],"wp:term":[{"taxonomy":"product_brand","embeddable":true,"href":"https:\/\/secureus.se\/pl\/wp-json\/wp\/v2\/product_brand?post=147458"},{"taxonomy":"product_cat","embeddable":true,"href":"https:\/\/secureus.se\/pl\/wp-json\/wp\/v2\/product_cat?post=147458"},{"taxonomy":"product_tag","embeddable":true,"href":"https:\/\/secureus.se\/pl\/wp-json\/wp\/v2\/product_tag?post=147458"}],"curies":[{"name":"wp","href":"https:\/\/api.w.org\/{rel}","templated":true}]}}