{"id":147466,"date":"2023-09-26T13:08:24","date_gmt":"2023-09-26T11:08:24","guid":{"rendered":"https:\/\/secureus.se\/elslutbleck-step-40-omstallbar-12v\/"},"modified":"2026-03-26T09:46:32","modified_gmt":"2026-03-26T08:46:32","slug":"elslutbleck-step-40-omstallbar-12v","status":"publish","type":"product","link":"https:\/\/secureus.se\/pl\/elslutbleck-step-40-omstallbar-12v\/","title":{"rendered":"Elektryczny zamek STEP 40 Regulowany 12V"},"content":{"rendered":"<h1>Elektryczny zamek STEP 40 Regulowany 12V<\/h1>\n<p>STEP 40 Preload to kompaktowy i regulowany zamek elektryczny zasilany napi\u0119ciem 12 V, wyposa\u017cony w technologi\u0119 HPR i cechuj\u0105cy si\u0119 du\u017c\u0105 wytrzyma\u0142o\u015bci\u0105 na rozerwanie. Elastyczna funkcja, kt\u00f3r\u0105 mo\u017cna ustawi\u0107 do przodu lub do ty\u0142u. Idealne do drzwi o wysokich wymaganiach dotycz\u0105cych niezawodno\u015bci dzia\u0142ania.<\/p>\n<p>Elektrozaczep STEP 40 Preload to wszechstronny i niezawodny elektrozaczep z serii Preload firmy STEP, zaprojektowany do pracy w wymagaj\u0105cych \u015brodowiskach, w kt\u00f3rych wa\u017cna jest wysoka cz\u0119stotliwo\u015b\u0107 otwierania i bezpieczne dzia\u0142anie.<\/p>\n<p>Wersja ta umo\u017cliwia prze\u0142\u0105czanie mi\u0119dzy trybem ruchu do przodu i do ty\u0142u, co oznacza, \u017ce mo\u017cesz \u0142atwo wybra\u0107, czy zamek ma zosta\u0107 zablokowany czy odblokowany w przypadku awarii zasilania - bez konieczno\u015bci zmiany produktu.<\/p>\n<p data-start=\"910\" data-end=\"1301\">STEP 40 jest wyposa\u017cony w opatentowan\u0105 technologi\u0119 HPR\u00ae, kt\u00f3ra umo\u017cliwia odblokowanie nawet wtedy, gdy drzwi zostan\u0105 poddane naciskowi ta\u015bmy o sile do 250 kg. Dzi\u0119ki wytrzyma\u0142o\u015bci na zerwanie wynosz\u0105cej 1200 kg zamek elektryczny jest zaprojektowany tak, aby zapewni\u0107 d\u0142ugotrwa\u0142e i bezpieczne dzia\u0142anie nawet przy intensywnym u\u017cytkowaniu.<\/p>\n<p data-start=\"910\" data-end=\"1301\">Produkt jest testowany fabrycznie przez 1 500 000 cykli, dzi\u0119ki czemu idealnie nadaje si\u0119 do bram o du\u017cym nat\u0119\u017ceniu ruchu.<\/p>\n<p data-start=\"1303\" data-end=\"1529\">Kompaktowy format i odwracalna konstrukcja u\u0142atwiaj\u0105 monta\u017c zar\u00f3wno w drzwiach prawo-, jak i lewoskrzyd\u0142owych.<\/p>\n<p data-start=\"1303\" data-end=\"1529\">Zaczep elektryczny jest r\u00f3wnie\u017c zabezpieczony przed manipulacj\u0105, ma wbudowan\u0105 diod\u0119 zabezpieczaj\u0105c\u0105 i pasuje zar\u00f3wno do zamk\u00f3w jedno-, jak i dwuskrzyd\u0142owych.<\/p>\n<p class=\"\" data-start=\"1531\" data-end=\"1557\"><strong data-start=\"1531\" data-end=\"1557\">Cechy i korzy\u015bci:<\/strong><\/p>\n<ul data-start=\"1558\" data-end=\"1875\">\n<li class=\"\" data-start=\"1558\" data-end=\"1608\">\n<p class=\"\" data-start=\"1560\" data-end=\"1608\">Funkcja odwracalna \u2013 wybierz do przodu lub do ty\u0142u<\/p>\n<\/li>\n<li class=\"\" data-start=\"1609\" data-end=\"1654\">\n<p class=\"\" data-start=\"1611\" data-end=\"1654\">Kompaktowy i odwracalny do drzwi prawych\/lewych<\/p>\n<\/li>\n<li class=\"\" data-start=\"1655\" data-end=\"1674\">\n<p class=\"\" data-start=\"1657\" data-end=\"1674\">Napi\u0119cie robocze 12V<\/p>\n<\/li>\n<li class=\"\" data-start=\"1675\" data-end=\"1709\">\n<p class=\"\" data-start=\"1677\" data-end=\"1709\">Wytrzymuje nacisk formowania do 250 kg<\/p>\n<\/li>\n<li class=\"\" data-start=\"1710\" data-end=\"1736\">\n<p class=\"\" data-start=\"1712\" data-end=\"1736\">Wytrzyma\u0142o\u015b\u0107 na zerwanie 1200 kg<\/p>\n<\/li>\n<li class=\"\" data-start=\"1737\" data-end=\"1782\">\n<p class=\"\" data-start=\"1739\" data-end=\"1782\">Technologia HPR\u00ae \u2013 niezawodna praca nawet pod presj\u0105<\/p>\n<\/li>\n<li class=\"\" data-start=\"1783\" data-end=\"1812\">\n<p class=\"\" data-start=\"1785\" data-end=\"1812\">Przetestowano przez 1 500 000 cykli<\/p>\n<\/li>\n<li class=\"\" data-start=\"1813\" data-end=\"1842\">\n<p class=\"\" data-start=\"1815\" data-end=\"1842\">Dioda ochronna i zabezpieczenie przeciwprzepi\u0119ciowe<\/p>\n<\/li>\n<li class=\"\" data-start=\"1843\" data-end=\"1875\">\n<p class=\"\" data-start=\"1845\" data-end=\"1875\">Pasuje do zamk\u00f3w jedno- i dwuskrzyd\u0142owych<\/p>\n<\/li>\n<\/ul>\n<p class=\"\" data-start=\"1877\" data-end=\"2078\"><strong data-start=\"1877\" data-end=\"1900\">Obszary zastosowania:<\/strong><br data-start=\"1900\" data-end=\"1903\" \/>Idealny do biur, obiekt\u00f3w u\u017cyteczno\u015bci publicznej i budynk\u00f3w mieszkalnych, gdzie wymagany jest kompaktowy, elastyczny i niezawodny zamek elektryczny. Proste rozwi\u0105zanie zar\u00f3wno dla nowych instalacji, jak i modernizacji.<\/p>\n<p class=\"\" data-start=\"2080\" data-end=\"2109\"><strong data-start=\"2080\" data-end=\"2109\">Dane techniczne:<\/strong><\/p>\n<ul data-start=\"2110\" data-end=\"2453\">\n<li class=\"\" data-start=\"2110\" data-end=\"2148\">\n<p class=\"\" data-start=\"2112\" data-end=\"2148\">Napi\u0119cie robocze: 12 V DC (10,8-13,8 V)<\/p>\n<\/li>\n<li class=\"\" data-start=\"2149\" data-end=\"2193\">\n<p class=\"\" data-start=\"2151\" data-end=\"2193\">Pob\u00f3r pr\u0105du: 220 mA odblokowany, maks. 600 mA<\/p>\n<\/li>\n<li class=\"\" data-start=\"2194\" data-end=\"2233\">\n<p class=\"\" data-start=\"2196\" data-end=\"2233\">Zawiasy drzwi: Prawe\/Lewe (odwracalne)<\/p>\n<\/li>\n<li class=\"\" data-start=\"2234\" data-end=\"2265\">\n<p class=\"\" data-start=\"2236\" data-end=\"2265\">Wymiary (szer. x g\u0142. x wys.): 25 x 28 x 90 mm<\/p>\n<\/li>\n<li class=\"\" data-start=\"2266\" data-end=\"2293\">\n<p class=\"\" data-start=\"2268\" data-end=\"2293\">Wytrzyma\u0142o\u015b\u0107 na zerwanie: 1200 kg<\/p>\n<\/li>\n<li class=\"\" data-start=\"2294\" data-end=\"2313\">\n<p class=\"\" data-start=\"2296\" data-end=\"2313\">Nacisk ta\u015bmy: 250 kg<\/p>\n<\/li>\n<li class=\"\" data-start=\"2314\" data-end=\"2331\">\n<p class=\"\" data-start=\"2316\" data-end=\"2331\">Kabel: Nie do\u0142\u0105czony<\/p>\n<\/li>\n<li class=\"\" data-start=\"2332\" data-end=\"2350\">\n<p class=\"\" data-start=\"2334\" data-end=\"2350\">Styk t\u0142oka: Nie<\/p>\n<\/li>\n<li class=\"\" data-start=\"2351\" data-end=\"2384\">\n<p class=\"\" data-start=\"2353\" data-end=\"2384\">Typ zamka: Zamek jedno- i dwuryglowy<\/p>\n<\/li>\n<li class=\"\" data-start=\"2385\" data-end=\"2413\">\n<p class=\"\" data-start=\"2387\" data-end=\"2413\">Kolor\/Wyko\u0144czenie: Stal nierdzewna<\/p>\n<\/li>\n<li class=\"\" data-start=\"2414\" data-end=\"2453\">\n<p class=\"\" data-start=\"2416\" data-end=\"2453\">Oceny: SundaHus, Ocena materia\u0142\u00f3w budowlanych<\/p>\n<\/li>\n<\/ul>","protected":false},"excerpt":{"rendered":"<p>Tutaj mo\u017cesz zobaczy\u0107, kt\u00f3re s\u0142upki i modele pasuj\u0105 do siebie z asortymentu elektrycznych ogranicznik\u00f3w drzwi STEP.<\/p>\n<h5><strong><a href=\"https:\/\/steplock.com\/sv\/stolpguide\/#!?lang=sv&amp;blog_id=1&amp;paged=1&amp;number=50\" target=\"_blank\" rel=\"noopener\">Przewodnik po STEP Post\u00a0<\/a><\/strong><\/h5>\n<h5><strong><a href=\"https:\/\/steplock.com\/sv\/projekteringsguide\/#!?lang=sv&amp;blog_id=1&amp;paged=1&amp;number=999\" target=\"_blank\" rel=\"noopener\">Przewodnik projektowy STEP<\/a><\/strong><\/h5>","protected":false},"featured_media":147463,"template":"","meta":{"_acf_changed":false},"product_brand":[],"product_cat":[3355],"product_tag":[4198,4202],"class_list":{"0":"post-147466","1":"product","2":"type-product","3":"status-publish","4":"has-post-thumbnail","6":"product_cat-elslutbleck","7":"product_tag-12v","8":"product_tag-omstallbar-rattvand-omvand","9":"product_shipping_class-tunga-paket","10":"pa_brands-step","11":"tm-no-options","13":"first","14":"instock","15":"sale","16":"taxable","17":"shipping-taxable","18":"purchasable","19":"product-type-simple"},"acf":[],"_links":{"self":[{"href":"https:\/\/secureus.se\/pl\/wp-json\/wp\/v2\/product\/147466","targetHints":{"allow":["GET"]}}],"collection":[{"href":"https:\/\/secureus.se\/pl\/wp-json\/wp\/v2\/product"}],"about":[{"href":"https:\/\/secureus.se\/pl\/wp-json\/wp\/v2\/types\/product"}],"wp:featuredmedia":[{"embeddable":true,"href":"https:\/\/secureus.se\/pl\/wp-json\/wp\/v2\/media\/147463"}],"wp:attachment":[{"href":"https:\/\/secureus.se\/pl\/wp-json\/wp\/v2\/media?parent=147466"}],"wp:term":[{"taxonomy":"product_brand","embeddable":true,"href":"https:\/\/secureus.se\/pl\/wp-json\/wp\/v2\/product_brand?post=147466"},{"taxonomy":"product_cat","embeddable":true,"href":"https:\/\/secureus.se\/pl\/wp-json\/wp\/v2\/product_cat?post=147466"},{"taxonomy":"product_tag","embeddable":true,"href":"https:\/\/secureus.se\/pl\/wp-json\/wp\/v2\/product_tag?post=147466"}],"curies":[{"name":"wp","href":"https:\/\/api.w.org\/{rel}","templated":true}]}}