{"id":147471,"date":"2023-09-26T13:08:21","date_gmt":"2023-09-26T11:08:21","guid":{"rendered":"https:\/\/secureus.se\/elslutbleck-step-18-vanster-rattvand-24v-7mm-regel-connect\/"},"modified":"2026-04-08T16:18:00","modified_gmt":"2026-04-08T14:18:00","slug":"elslutbleck-step-18-vanster-rattvand-24v-7mm-regel-connect","status":"publish","type":"product","link":"https:\/\/secureus.se\/pl\/elslutbleck-step-18-vanster-rattvand-24v-7mm-regel-connect\/","title":{"rendered":"Elektryczny zamek b\u0142yskawiczny KROK 18 Lewy Prawy 24V 7mm Rule Connect"},"content":{"rendered":"<h1>Elektryczny zamek b\u0142yskawiczny KROK 18 Lewy Prawy 24V 7mm Rule Connect<\/h1>\n<p>STEP 18 Secure to elektrozaczep o wysokim poziomie bezpiecze\u0144stwa przeznaczony do drzwi lewoskrzyd\u0142owych z ryglem Connect o \u015brednicy 7 mm. Funkcja skierowana w prawo, klasa ogniowa E\/EI60, styk t\u0142oka i kabel 5 m. Wytrzymuje obci\u0105\u017cenie zrywaj\u0105ce o warto\u015bci 1500 kg.<\/p>\n<p>Elektrozaczep STEP 18 Secure z serii Secure firmy STEP oferuje najwy\u017cszy poziom bezpiecze\u0144stwa na rynku w \u015brodowiskach drzwiowych o intensywnym ruchu.<\/p>\n<p>Ten wariant jest przystosowany do drzwi lewoskr\u0119tnych z t\u0142okiem 7 mm z serii Connect i zapewnia doskona\u0142\u0105 ochron\u0119 przed w\u0142amaniem w po\u0142\u0105czeniu z szybkim i niezawodnym dzia\u0142aniem.<\/p>\n<p class=\"\" data-start=\"852\" data-end=\"1134\">Dzi\u0119ki funkcji prawostronnej (zablokowanej w pozycji od\u0142\u0105czonej od zasilania) elektrozaczep idealnie nadaje si\u0119 do drzwi o podwy\u017cszonej odporno\u015bci na ogie\u0144, w kt\u00f3rych przej\u015bcie jest dozwolone wy\u0142\u0105cznie przy w\u0142\u0105czonym zasilaniu.<\/p>\n<p class=\"\" data-start=\"852\" data-end=\"1134\">Produkt posiada atest ognioodporno\u015bci do E\/EI60 zgodnie z norm\u0105 SS-EN 14846 i jest dopuszczony do zamykania drzwi w klasie bezpiecze\u0144stwa RC4.<\/p>\n<p class=\"\" data-start=\"1136\" data-end=\"1504\">STEP 18 jest wyposa\u017cony zar\u00f3wno w wy\u0142\u0105cznik popychaczowy, jak i wy\u0142\u0105cznik zatrzaskowy, co zapewnia czyteln\u0105 informacj\u0119 o stanie (otwarte\/zamkni\u0119te, zablokowane\/odblokowane) i umo\u017cliwia bezproblemow\u0105 integracj\u0119 z systemami kontroli dost\u0119pu i rozwi\u0105zaniami alarmowymi.<\/p>\n<p class=\"\" data-start=\"1136\" data-end=\"1504\">Materia\u0142 ten wytrzymuje nacisk ta\u015bmy do 5 kN (500 kg) i charakteryzuje si\u0119 wytrzyma\u0142o\u015bci\u0105 na zerwanie 15 kN (1500 kg), co czyni go idealnym rozwi\u0105zaniem w \u015brodowiskach, w kt\u00f3rych wymagana jest zar\u00f3wno wytrzyma\u0142o\u015b\u0107, jak i wydajno\u015b\u0107.<\/p>\n<p class=\"\" data-start=\"1506\" data-end=\"1640\">W komplecie znajduje si\u0119 5-metrowy kabel bezhalogenowy, wbudowana dioda zabezpieczaj\u0105ca i zabezpieczenie przed ingerencj\u0105 z zewn\u0105trz.<\/p>\n<p class=\"\" data-start=\"1642\" data-end=\"1668\"><strong data-start=\"1642\" data-end=\"1668\">Cechy i korzy\u015bci:<\/strong><\/p>\n<ul data-start=\"1669\" data-end=\"1952\">\n<li class=\"\" data-start=\"1669\" data-end=\"1702\">\n<p class=\"\" data-start=\"1671\" data-end=\"1702\">Do ko\u0142k\u00f3w 7 mm w serii Connect<\/p>\n<\/li>\n<li class=\"\" data-start=\"1703\" data-end=\"1747\">\n<p class=\"\" data-start=\"1705\" data-end=\"1747\">Funkcja rewersyjna \u2013 blokowana w przypadku zaniku zasilania<\/p>\n<\/li>\n<li class=\"\" data-start=\"1748\" data-end=\"1767\">\n<p class=\"\" data-start=\"1750\" data-end=\"1767\">Drzwi z zawiasami po lewej stronie<\/p>\n<\/li>\n<li class=\"\" data-start=\"1768\" data-end=\"1807\">\n<p class=\"\" data-start=\"1770\" data-end=\"1807\">Klasa ogniowa E\/EI60 \u2013 testowane 60 minut<\/p>\n<\/li>\n<li class=\"\" data-start=\"1808\" data-end=\"1838\">\n<p class=\"\" data-start=\"1810\" data-end=\"1838\">Kontakt t\u0142okowy i kontakt zatrzaskowy<\/p>\n<\/li>\n<li class=\"\" data-start=\"1839\" data-end=\"1889\">\n<p class=\"\" data-start=\"1841\" data-end=\"1889\">Wytrzymuje nacisk ta\u015bmy 500 kg, wytrzyma\u0142o\u015b\u0107 na zerwanie 1500 kg<\/p>\n<\/li>\n<li class=\"\" data-start=\"1890\" data-end=\"1919\">\n<p class=\"\" data-start=\"1892\" data-end=\"1919\">Dioda ochronna i zabezpieczenie przeciwprzepi\u0119ciowe<\/p>\n<\/li>\n<li class=\"\" data-start=\"1920\" data-end=\"1952\">\n<p class=\"\" data-start=\"1922\" data-end=\"1952\">W zestawie 5-metrowy kabel bezhalogenowy<\/p>\n<\/li>\n<\/ul>\n<p class=\"\" data-start=\"1954\" data-end=\"2110\"><strong data-start=\"1954\" data-end=\"1977\">Obszary zastosowania:<\/strong><br data-start=\"1977\" data-end=\"1980\" \/>Nadaje si\u0119 do drzwi antyw\u0142amaniowych w agencjach rz\u0105dowych, wi\u0119zieniach, bankach i innych miejscach, w kt\u00f3rych norm\u0105 jest wysoki poziom bezpiecze\u0144stwa i codzienny stres.<\/p>\n<p class=\"\" data-start=\"2112\" data-end=\"2141\"><strong data-start=\"2112\" data-end=\"2141\">Dane techniczne:<\/strong><\/p>\n<ul data-start=\"2142\" data-end=\"2488\">\n<li class=\"\" data-start=\"2142\" data-end=\"2180\">\n<p class=\"\" data-start=\"2144\" data-end=\"2180\">Napi\u0119cie robocze: 24 V DC (21,6-27,6 V)<\/p>\n<\/li>\n<li class=\"\" data-start=\"2181\" data-end=\"2213\">\n<p class=\"\" data-start=\"2183\" data-end=\"2213\">Pob\u00f3r pr\u0105du: 313 mA odblokowany<\/p>\n<\/li>\n<li class=\"\" data-start=\"2214\" data-end=\"2237\">\n<p class=\"\" data-start=\"2216\" data-end=\"2237\">Zawias drzwi: Lewy<\/p>\n<\/li>\n<li class=\"\" data-start=\"2238\" data-end=\"2259\">\n<p class=\"\" data-start=\"2240\" data-end=\"2259\">D\u0142ugo\u015b\u0107 kabla: 5 metr\u00f3w<\/p>\n<\/li>\n<li class=\"\" data-start=\"2260\" data-end=\"2286\">\n<p class=\"\" data-start=\"2262\" data-end=\"2286\">Wytrzyma\u0142o\u015b\u0107 na zerwanie: 1500 kg<\/p>\n<\/li>\n<li class=\"\" data-start=\"2287\" data-end=\"2306\">\n<p class=\"\" data-start=\"2289\" data-end=\"2306\">Nacisk listwy: 500 kg<\/p>\n<\/li>\n<li class=\"\" data-start=\"2307\" data-end=\"2339\">\n<p class=\"\" data-start=\"2309\" data-end=\"2339\">Wymiary (szer. x g\u0142. x wys.): 35 x 40 x 230 mm<\/p>\n<\/li>\n<li class=\"\" data-start=\"2340\" data-end=\"2371\">\n<p class=\"\" data-start=\"2342\" data-end=\"2371\">Typ zamka: Zamek zatrzaskowy, Zamek zatrzaskowy<\/p>\n<\/li>\n<li class=\"\" data-start=\"2372\" data-end=\"2419\">\n<p class=\"\" data-start=\"2374\" data-end=\"2419\">Styk t\u0142oka: Mikrowy\u0142\u0105cznik, maks. 30V pr\u0105du sta\u0142ego \/ 1A<\/p>\n<\/li>\n<li class=\"\" data-start=\"2420\" data-end=\"2448\">\n<p class=\"\" data-start=\"2422\" data-end=\"2448\">Kolor\/Wyko\u0144czenie: Stal nierdzewna<\/p>\n<\/li>\n<li class=\"\" data-start=\"2449\" data-end=\"2488\">\n<p class=\"\" data-start=\"2451\" data-end=\"2488\">Oceny: SundaHus, Ocena materia\u0142\u00f3w budowlanych<\/p>\n<\/li>\n<\/ul>","protected":false},"excerpt":{"rendered":"<p>Tutaj mo\u017cesz zobaczy\u0107, kt\u00f3re s\u0142upki i modele pasuj\u0105 do siebie z asortymentu elektrycznych ogranicznik\u00f3w drzwi STEP.<\/p>\n<h5><strong><a href=\"https:\/\/steplock.com\/sv\/stolpguide\/#!?lang=sv&amp;blog_id=1&amp;paged=1&amp;number=50\" target=\"_blank\" rel=\"noopener\">Przewodnik po STEP Post\u00a0<\/a><\/strong><\/h5>\n<h5><strong><a href=\"https:\/\/steplock.com\/sv\/projekteringsguide\/#!?lang=sv&amp;blog_id=1&amp;paged=1&amp;number=999\" target=\"_blank\" rel=\"noopener\">Przewodnik projektowy STEP<\/a><\/strong><\/h5>","protected":false},"featured_media":147467,"template":"","meta":{"_acf_changed":false},"product_brand":[],"product_cat":[3355],"product_tag":[4197,4200],"class_list":{"0":"post-147471","1":"product","2":"type-product","3":"status-publish","4":"has-post-thumbnail","6":"product_cat-elslutbleck","7":"product_tag-24v","8":"product_tag-rattvand","9":"product_shipping_class-tunga-paket","10":"pa_brands-step","11":"tm-no-options","13":"first","14":"onbackorder","15":"sale","16":"taxable","17":"shipping-taxable","18":"purchasable","19":"product-type-simple"},"acf":[],"_links":{"self":[{"href":"https:\/\/secureus.se\/pl\/wp-json\/wp\/v2\/product\/147471","targetHints":{"allow":["GET"]}}],"collection":[{"href":"https:\/\/secureus.se\/pl\/wp-json\/wp\/v2\/product"}],"about":[{"href":"https:\/\/secureus.se\/pl\/wp-json\/wp\/v2\/types\/product"}],"wp:featuredmedia":[{"embeddable":true,"href":"https:\/\/secureus.se\/pl\/wp-json\/wp\/v2\/media\/147467"}],"wp:attachment":[{"href":"https:\/\/secureus.se\/pl\/wp-json\/wp\/v2\/media?parent=147471"}],"wp:term":[{"taxonomy":"product_brand","embeddable":true,"href":"https:\/\/secureus.se\/pl\/wp-json\/wp\/v2\/product_brand?post=147471"},{"taxonomy":"product_cat","embeddable":true,"href":"https:\/\/secureus.se\/pl\/wp-json\/wp\/v2\/product_cat?post=147471"},{"taxonomy":"product_tag","embeddable":true,"href":"https:\/\/secureus.se\/pl\/wp-json\/wp\/v2\/product_tag?post=147471"}],"curies":[{"name":"wp","href":"https:\/\/api.w.org\/{rel}","templated":true}]}}