{"id":147473,"date":"2023-09-26T13:08:15","date_gmt":"2023-09-26T11:08:15","guid":{"rendered":"https:\/\/secureus.se\/elslutbleck-step-98-omstallbar-12v-kolvkontakt\/"},"modified":"2026-04-08T16:10:57","modified_gmt":"2026-04-08T14:10:57","slug":"elslutbleck-step-98-omstallbar-12v-kolvkontakt","status":"publish","type":"product","link":"https:\/\/secureus.se\/pl\/elslutbleck-step-98-omstallbar-12v-kolvkontakt\/","title":{"rendered":"Elektryczny zamek STEP 98 Regulowany 12V Styk t\u0142okowy"},"content":{"rendered":"<h1>Elektryczny zamek STEP 98 Regulowany 12V Styk t\u0142okowy<\/h1>\n<p>Elektrozaczep STEP 98Preload to wysokiej jako\u015bci elektrozaczep z serii Preload firmy STEP, zaprojektowany po to, aby zapewni\u0107 elastyczno\u015b\u0107, bezpiecze\u0144stwo i niezawodno\u015b\u0107 dzia\u0142ania w \u015brodowiskach, w kt\u00f3rych do zamykania drzwi stosuje si\u0119 ga\u0142k\u0119 lub klucz.<\/p>\n<p>Funkcja prze\u0142\u0105czania umo\u017cliwia \u0142atwe prze\u0142\u0105czanie mi\u0119dzy trybem jazdy do przodu (zablokowanym w przypadku awarii zasilania) i do ty\u0142u (odblokowanym w przypadku awarii zasilania) \u2013 idealne rozwi\u0105zanie w przypadku zmieniaj\u0105cych si\u0119 potrzeb bezpiecze\u0144stwa lub \u015brodowisk pracy.<\/p>\n<p class=\"\" data-start=\"986\" data-end=\"1275\">Dzi\u0119ki wbudowanemu stykowi t\u0142okowemu elektrozaczep mo\u017ce wskazywa\u0107 stan drzwi (otwarte\/zamkni\u0119te), co umo\u017cliwia pod\u0142\u0105czenie do systemu kontroli dost\u0119pu lub systemu alarmowego.<\/p>\n<p class=\"\" data-start=\"986\" data-end=\"1275\">Drzwi STEP 98 posiadaj\u0105 klas\u0119 odporno\u015bci ogniowej E\/EI 120, co sprawia, \u017ce nadaj\u0105 si\u0119 do stosowania w \u015brodowiskach, w kt\u00f3rych musz\u0105 by\u0107 spe\u0142nione zar\u00f3wno wymagania bezpiecze\u0144stwa, jak i wymagania ewakuacyjne.<\/p>\n<p class=\"\" data-start=\"1277\" data-end=\"1577\">Elektrozaczep wyposa\u017cony jest w opatentowan\u0105 technologi\u0119 docisku listwy STEP, kt\u00f3ra gwarantuje, \u017ce drzwi b\u0119dzie mo\u017cna otworzy\u0107 mimo nacisku listwy do 40 kg.<\/p>\n<p class=\"\" data-start=\"1277\" data-end=\"1577\">Kompaktowa konstrukcja, mo\u017cliwo\u015b\u0107 odwr\u00f3cenia kierunku otwierania i obs\u0142uga zamk\u00f3w zar\u00f3wno jedno-, jak i dwuskrzyd\u0142owych sprawiaj\u0105, \u017ce STEP 98 to elastyczny i trwa\u0142y wyb\u00f3r.<\/p>\n<p class=\"\" data-start=\"1584\" data-end=\"1610\"><strong data-start=\"1584\" data-end=\"1610\">Cechy i korzy\u015bci:<\/strong><\/p>\n<ul data-start=\"1611\" data-end=\"1947\">\n<li class=\"\" data-start=\"1611\" data-end=\"1656\">\n<p class=\"\" data-start=\"1613\" data-end=\"1656\">Funkcja odwracalna \u2013 do przodu lub do ty\u0142u<\/p>\n<\/li>\n<li class=\"\" data-start=\"1657\" data-end=\"1676\">\n<p class=\"\" data-start=\"1659\" data-end=\"1676\">Napi\u0119cie robocze 12V<\/p>\n<\/li>\n<li class=\"\" data-start=\"1677\" data-end=\"1712\">\n<p class=\"\" data-start=\"1679\" data-end=\"1712\">Kontakt t\u0142okowy do monitorowania stanu<\/p>\n<\/li>\n<li class=\"\" data-start=\"1713\" data-end=\"1751\">\n<p class=\"\" data-start=\"1715\" data-end=\"1751\">Klasa ogniowa E\/EI 120 (testowana 120 min)<\/p>\n<\/li>\n<li class=\"\" data-start=\"1752\" data-end=\"1777\">\n<p class=\"\" data-start=\"1754\" data-end=\"1777\">Si\u0142a zrywaj\u0105ca: 900 kg<\/p>\n<\/li>\n<li class=\"\" data-start=\"1778\" data-end=\"1811\">\n<p class=\"\" data-start=\"1780\" data-end=\"1811\">Wytrzymuje nacisk do 40 kg<\/p>\n<\/li>\n<li class=\"\" data-start=\"1812\" data-end=\"1841\">\n<p class=\"\" data-start=\"1814\" data-end=\"1841\">Dioda ochronna i zabezpieczenie przeciwprzepi\u0119ciowe<\/p>\n<\/li>\n<li class=\"\" data-start=\"1842\" data-end=\"1879\">\n<p class=\"\" data-start=\"1844\" data-end=\"1879\">Kompaktowa konstrukcja \u2013 \u0142atwa instalacja<\/p>\n<\/li>\n<li class=\"\" data-start=\"1880\" data-end=\"1912\">\n<p class=\"\" data-start=\"1882\" data-end=\"1912\">Pasuje do zamk\u00f3w jedno- i dwuskrzyd\u0142owych<\/p>\n<\/li>\n<li class=\"\" data-start=\"1913\" data-end=\"1947\">\n<p class=\"\" data-start=\"1915\" data-end=\"1947\">Mo\u017cliwo\u015b\u0107 zmiany stron drzwi na prawe i lewe<\/p>\n<\/li>\n<\/ul>\n<p><strong data-start=\"1954\" data-end=\"1977\">Obszary zastosowania:<\/strong><br data-start=\"1977\" data-end=\"1980\" \/>Drzwi nadaj\u0105 si\u0119 do biur, szk\u00f3\u0142, wsp\u00f3lnot mieszkaniowych i miejsc publicznych, w kt\u00f3rych drzwi musz\u0105 by\u0107 bezpieczne, a jednocze\u015bnie dostosowane do r\u00f3\u017cnych typ\u00f3w przej\u015b\u0107 i wymaga\u0144 przeciwpo\u017carowych.<\/p>\n<p class=\"\" data-start=\"2147\" data-end=\"2176\"><strong data-start=\"2147\" data-end=\"2176\">Dane techniczne:<\/strong><\/p>\n<ul data-start=\"2177\" data-end=\"2548\">\n<li class=\"\" data-start=\"2177\" data-end=\"2215\">\n<p class=\"\" data-start=\"2179\" data-end=\"2215\">Napi\u0119cie robocze: 12 V DC (10,8-13,8 V)<\/p>\n<\/li>\n<li class=\"\" data-start=\"2216\" data-end=\"2260\">\n<p class=\"\" data-start=\"2218\" data-end=\"2260\">Pob\u00f3r pr\u0105du: 220 mA odblokowany, maks. 600 mA<\/p>\n<\/li>\n<li class=\"\" data-start=\"2261\" data-end=\"2300\">\n<p class=\"\" data-start=\"2263\" data-end=\"2300\">Zawiasy drzwi: Prawe\/Lewe (odwracalne)<\/p>\n<\/li>\n<li class=\"\" data-start=\"2301\" data-end=\"2326\">\n<p class=\"\" data-start=\"2303\" data-end=\"2326\">Si\u0142a zrywaj\u0105ca: 900 kg<\/p>\n<\/li>\n<li class=\"\" data-start=\"2327\" data-end=\"2345\">\n<p class=\"\" data-start=\"2329\" data-end=\"2345\">Nacisk ta\u015bmy: 40 kg<\/p>\n<\/li>\n<li class=\"\" data-start=\"2346\" data-end=\"2381\">\n<p class=\"\" data-start=\"2348\" data-end=\"2381\">Typ zamka: Zamek z pojedynczym zatrzaskiem, Zamek z podw\u00f3jnym zatrzaskiem<\/p>\n<\/li>\n<li class=\"\" data-start=\"2382\" data-end=\"2429\">\n<p class=\"\" data-start=\"2384\" data-end=\"2429\">Styk t\u0142oka: Mikrowy\u0142\u0105cznik, maks. 30V pr\u0105du sta\u0142ego \/ 1A<\/p>\n<\/li>\n<li class=\"\" data-start=\"2430\" data-end=\"2461\">\n<p class=\"\" data-start=\"2432\" data-end=\"2461\">Wymiary (szer. x g\u0142. x wys.): 25 x 35 x 90 mm<\/p>\n<\/li>\n<li class=\"\" data-start=\"2462\" data-end=\"2490\">\n<p class=\"\" data-start=\"2464\" data-end=\"2490\">Kolor\/Wyko\u0144czenie: Stal nierdzewna<\/p>\n<\/li>\n<li class=\"\" data-start=\"2491\" data-end=\"2508\">\n<p class=\"\" data-start=\"2493\" data-end=\"2508\">Kabel: Nie do\u0142\u0105czony<\/p>\n<\/li>\n<li class=\"\" data-start=\"2509\" data-end=\"2548\">\n<p class=\"\" data-start=\"2511\" data-end=\"2548\">Oceny: SundaHus, Ocena materia\u0142\u00f3w budowlanych<\/p>\n<\/li>\n<\/ul>","protected":false},"excerpt":{"rendered":"<p>Tutaj mo\u017cesz zobaczy\u0107, kt\u00f3re s\u0142upki i modele pasuj\u0105 do siebie z asortymentu elektrycznych ogranicznik\u00f3w drzwi STEP.<\/p>\n<h5><strong><a href=\"https:\/\/steplock.com\/sv\/stolpguide\/#!?lang=sv&amp;blog_id=1&amp;paged=1&amp;number=50\" target=\"_blank\" rel=\"noopener\">Przewodnik po STEP Post\u00a0<\/a><\/strong><\/h5>\n<h5><strong><a href=\"https:\/\/steplock.com\/sv\/projekteringsguide\/#!?lang=sv&amp;blog_id=1&amp;paged=1&amp;number=999\" target=\"_blank\" rel=\"noopener\">Przewodnik projektowy STEP<\/a><\/strong><\/h5>","protected":false},"featured_media":147472,"template":"","meta":{"_acf_changed":false},"product_brand":[],"product_cat":[3355],"product_tag":[4198,4202],"class_list":{"0":"post-147473","1":"product","2":"type-product","3":"status-publish","4":"has-post-thumbnail","6":"product_cat-elslutbleck","7":"product_tag-12v","8":"product_tag-omstallbar-rattvand-omvand","9":"product_shipping_class-tunga-paket","10":"pa_brands-step","11":"tm-no-options","13":"first","14":"onbackorder","15":"sale","16":"taxable","17":"shipping-taxable","18":"purchasable","19":"product-type-simple"},"acf":[],"_links":{"self":[{"href":"https:\/\/secureus.se\/pl\/wp-json\/wp\/v2\/product\/147473","targetHints":{"allow":["GET"]}}],"collection":[{"href":"https:\/\/secureus.se\/pl\/wp-json\/wp\/v2\/product"}],"about":[{"href":"https:\/\/secureus.se\/pl\/wp-json\/wp\/v2\/types\/product"}],"wp:featuredmedia":[{"embeddable":true,"href":"https:\/\/secureus.se\/pl\/wp-json\/wp\/v2\/media\/147472"}],"wp:attachment":[{"href":"https:\/\/secureus.se\/pl\/wp-json\/wp\/v2\/media?parent=147473"}],"wp:term":[{"taxonomy":"product_brand","embeddable":true,"href":"https:\/\/secureus.se\/pl\/wp-json\/wp\/v2\/product_brand?post=147473"},{"taxonomy":"product_cat","embeddable":true,"href":"https:\/\/secureus.se\/pl\/wp-json\/wp\/v2\/product_cat?post=147473"},{"taxonomy":"product_tag","embeddable":true,"href":"https:\/\/secureus.se\/pl\/wp-json\/wp\/v2\/product_tag?post=147473"}],"curies":[{"name":"wp","href":"https:\/\/api.w.org\/{rel}","templated":true}]}}