{"id":147476,"date":"2023-09-26T13:08:14","date_gmt":"2023-09-26T11:08:14","guid":{"rendered":"https:\/\/secureus.se\/elslutbleck-step-18-hoger-rattvand-24v-7mm-regel-connect\/"},"modified":"2026-04-08T16:11:14","modified_gmt":"2026-04-08T14:11:14","slug":"elslutbleck-step-18-hoger-rattvand-24v-7mm-regel-connect","status":"publish","type":"product","link":"https:\/\/secureus.se\/pl\/elslutbleck-step-18-hoger-rattvand-24v-7mm-regel-connect\/","title":{"rendered":"Elektryczna p\u0142ytka zaczepowa KROK 18 Prawa prosta 24V 7mm Rule Connect"},"content":{"rendered":"<h1 data-start=\"402\" data-end=\"830\">Elektryczna p\u0142ytka zaczepowa KROK 18 Prawa prosta 24V 7mm Rule Connect<\/h1>\n<p class=\"\" data-start=\"402\" data-end=\"830\">STEP 18 Secure z serii Secure marki STEP to elektrozaczep przeznaczony do drzwi w \u015brodowiskach, w kt\u00f3rych obowi\u0105zuj\u0105 wyj\u0105tkowo wysokie wymagania bezpiecze\u0144stwa.<\/p>\n<p class=\"\" data-start=\"402\" data-end=\"830\">Szczeg\u00f3lnie nadaje si\u0119 do drzwi prawoskrzyd\u0142owych z t\u0142okiem 7 mm z serii Connect i jest u\u017cywany w miejscach, w kt\u00f3rych drzwi powinny m\u00f3c by\u0107 cz\u0119sto otwierane, ale z zachowaniem odporno\u015bci na w\u0142amanie.<\/p>\n<p class=\"\" data-start=\"832\" data-end=\"1116\">Funkcja dla os\u00f3b prawor\u0119cznych \u2013 kt\u00f3ra blokuje arkusz bez zasilania \u2013 zapewnia niezawodn\u0105 ochron\u0119 nawet w przypadku zaniku zasilania.<\/p>\n<p class=\"\" data-start=\"832\" data-end=\"1116\">Produkt posiada klas\u0119 odporno\u015bci ogniowej do E\/EI60 i zosta\u0142 przetestowany zgodnie z norm\u0105 SS-EN 14846, co oznacza, \u017ce mo\u017ce by\u0107 montowany w drzwiach antyw\u0142amaniowych do klasy RC4.<\/p>\n<p class=\"\" data-start=\"1118\" data-end=\"1437\">STEP 18 wyposa\u017cony jest we wbudowany wy\u0142\u0105cznik popychaj\u0105cy i wy\u0142\u0105cznik zatrzaskowy, co umo\u017cliwia precyzyjny monitoring stanu drzwi (otwarte\/zamkni\u0119te, zablokowane\/odblokowane) i zapewnia pe\u0142n\u0105 kompatybilno\u015b\u0107 z systemami kontroli dost\u0119pu i alarmami.<\/p>\n<p class=\"\" data-start=\"1118\" data-end=\"1437\">Zaczep elektryczny ma wytrzyma\u0142o\u015b\u0107 na zerwanie 15 kN (1500 kg) i mo\u017cna go otworzy\u0107 przy nacisku ta\u015bmy do 500 kg.<\/p>\n<p class=\"\" data-start=\"1439\" data-end=\"1595\">Do\u0142\u0105czony 5-metrowy kabel po\u0142\u0105czeniowy bezhalogenowy, wbudowana dioda zabezpieczaj\u0105ca i zabezpieczenie przed uderzeniami sprawiaj\u0105, \u017ce STEP 18 to solidny, bezpieczny i przysz\u0142o\u015bciowy wyb\u00f3r.<\/p>\n<p class=\"\" data-start=\"1602\" data-end=\"1628\"><strong data-start=\"1602\" data-end=\"1628\">Cechy i korzy\u015bci:<\/strong><\/p>\n<ul data-start=\"1629\" data-end=\"1968\">\n<li class=\"\" data-start=\"1629\" data-end=\"1670\">\n<p class=\"\" data-start=\"1631\" data-end=\"1670\">Przystosowany do t\u0142oka 7 mm w serii Connect<\/p>\n<\/li>\n<li class=\"\" data-start=\"1671\" data-end=\"1714\">\n<p class=\"\" data-start=\"1673\" data-end=\"1714\">Prawid\u0142owa funkcja \u2013 zablokowana w pozycji od\u0142\u0105czonej od zasilania<\/p>\n<\/li>\n<li class=\"\" data-start=\"1715\" data-end=\"1732\">\n<p class=\"\" data-start=\"1717\" data-end=\"1732\">Drzwi prawe<\/p>\n<\/li>\n<li class=\"\" data-start=\"1733\" data-end=\"1772\">\n<p class=\"\" data-start=\"1735\" data-end=\"1772\">Ognioodporno\u015b\u0107 do E\/EI60 (60 min)<\/p>\n<\/li>\n<li class=\"\" data-start=\"1773\" data-end=\"1831\">\n<p class=\"\" data-start=\"1775\" data-end=\"1831\">Styk t\u0142okowy i styk zatrzaskowy \u2013 do system\u00f3w kontroli dost\u0119pu i alarm\u00f3w<\/p>\n<\/li>\n<li class=\"\" data-start=\"1832\" data-end=\"1869\">\n<p class=\"\" data-start=\"1834\" data-end=\"1869\">Wytrzyma\u0142o\u015b\u0107 na zerwanie: 15 kN (oko\u0142o 1500 kg)<\/p>\n<\/li>\n<li class=\"\" data-start=\"1870\" data-end=\"1906\">\n<p class=\"\" data-start=\"1872\" data-end=\"1906\">Wytrzymuje nacisk ta\u015bmy: 5 kN (ok. 500 kg)<\/p>\n<\/li>\n<li class=\"\" data-start=\"1907\" data-end=\"1935\">\n<p class=\"\" data-start=\"1909\" data-end=\"1935\">Dioda ochronna i zabezpieczenie przeciwwstrz\u0105sowe<\/p>\n<\/li>\n<li class=\"\" data-start=\"1936\" data-end=\"1968\">\n<p class=\"\" data-start=\"1938\" data-end=\"1968\">W zestawie 5-metrowy kabel bezhalogenowy<\/p>\n<\/li>\n<\/ul>\n<p class=\"\" data-start=\"1938\" data-end=\"1968\"><strong data-start=\"1975\" data-end=\"1998\">Obszary zastosowania:<\/strong><br data-start=\"1998\" data-end=\"2001\" \/>Doskonale nadaje si\u0119 do miejsc o wysokim poziomie bezpiecze\u0144stwa, takich jak banki, wi\u0119zienia, agencje rz\u0105dowe i budynki publiczne, w kt\u00f3rych wymagany jest zar\u00f3wno wysoki wska\u017anik przej\u015b\u0107, jak i ochrona przed w\u0142amaniami.<\/p>\n<p class=\"\" data-start=\"2158\" data-end=\"2187\"><strong data-start=\"2158\" data-end=\"2187\">Dane techniczne:<\/strong><\/p>\n<ul data-start=\"2188\" data-end=\"2527\">\n<li class=\"\" data-start=\"2188\" data-end=\"2226\">\n<p class=\"\" data-start=\"2190\" data-end=\"2226\">Napi\u0119cie robocze: 24 V DC (21,6-27,6 V)<\/p>\n<\/li>\n<li class=\"\" data-start=\"2227\" data-end=\"2259\">\n<p class=\"\" data-start=\"2229\" data-end=\"2259\">Pob\u00f3r pr\u0105du: 313 mA odblokowany<\/p>\n<\/li>\n<li class=\"\" data-start=\"2260\" data-end=\"2281\">\n<p class=\"\" data-start=\"2262\" data-end=\"2281\">Zawias drzwi: prawy<\/p>\n<\/li>\n<li class=\"\" data-start=\"2282\" data-end=\"2303\">\n<p class=\"\" data-start=\"2284\" data-end=\"2303\">D\u0142ugo\u015b\u0107 kabla: 5 metr\u00f3w<\/p>\n<\/li>\n<li class=\"\" data-start=\"2304\" data-end=\"2330\">\n<p class=\"\" data-start=\"2306\" data-end=\"2330\">Wytrzyma\u0142o\u015b\u0107 na zerwanie: 1500 kg<\/p>\n<\/li>\n<li class=\"\" data-start=\"2331\" data-end=\"2350\">\n<p class=\"\" data-start=\"2333\" data-end=\"2350\">Nacisk listwy: 500 kg<\/p>\n<\/li>\n<li class=\"\" data-start=\"2351\" data-end=\"2382\">\n<p class=\"\" data-start=\"2353\" data-end=\"2382\">Typ zamka: Zamek zatrzaskowy, Zamek zatrzaskowy<\/p>\n<\/li>\n<li class=\"\" data-start=\"2383\" data-end=\"2430\">\n<p class=\"\" data-start=\"2385\" data-end=\"2430\">Styk t\u0142oka: Mikrowy\u0142\u0105cznik, maks. 30V pr\u0105du sta\u0142ego \/ 1A<\/p>\n<\/li>\n<li class=\"\" data-start=\"2431\" data-end=\"2463\">\n<p class=\"\" data-start=\"2433\" data-end=\"2463\">Wymiary (szer. x g\u0142. x wys.): 35 x 40 x 230 mm<\/p>\n<\/li>\n<li class=\"\" data-start=\"2464\" data-end=\"2487\">\n<p class=\"\" data-start=\"2466\" data-end=\"2487\">Obr\u00f3bka powierzchni: Stal nierdzewna<\/p>\n<\/li>\n<li class=\"\" data-start=\"2488\" data-end=\"2527\">\n<p class=\"\" data-start=\"2490\" data-end=\"2527\">Oceny: SundaHus, Ocena materia\u0142\u00f3w budowlanych<\/p>\n<\/li>\n<\/ul>","protected":false},"excerpt":{"rendered":"<p>Tutaj mo\u017cesz zobaczy\u0107, kt\u00f3re s\u0142upki i modele pasuj\u0105 do siebie z asortymentu elektrycznych ogranicznik\u00f3w drzwi STEP.<\/p>\n<h5><strong><a href=\"https:\/\/steplock.com\/sv\/stolpguide\/#!?lang=sv&amp;blog_id=1&amp;paged=1&amp;number=50\" target=\"_blank\" rel=\"noopener\">Przewodnik po STEP Post\u00a0<\/a><\/strong><\/h5>\n<h5><strong><a href=\"https:\/\/steplock.com\/sv\/projekteringsguide\/#!?lang=sv&amp;blog_id=1&amp;paged=1&amp;number=999\" target=\"_blank\" rel=\"noopener\">Przewodnik projektowy STEP<\/a><\/strong><\/h5>","protected":false},"featured_media":147474,"template":"","meta":{"_acf_changed":false},"product_brand":[],"product_cat":[3355],"product_tag":[4197,4200],"class_list":{"0":"post-147476","1":"product","2":"type-product","3":"status-publish","4":"has-post-thumbnail","6":"product_cat-elslutbleck","7":"product_tag-24v","8":"product_tag-rattvand","9":"product_shipping_class-tunga-paket","10":"pa_brands-step","11":"tm-no-options","13":"first","14":"onbackorder","15":"sale","16":"taxable","17":"shipping-taxable","18":"purchasable","19":"product-type-simple"},"acf":[],"_links":{"self":[{"href":"https:\/\/secureus.se\/pl\/wp-json\/wp\/v2\/product\/147476","targetHints":{"allow":["GET"]}}],"collection":[{"href":"https:\/\/secureus.se\/pl\/wp-json\/wp\/v2\/product"}],"about":[{"href":"https:\/\/secureus.se\/pl\/wp-json\/wp\/v2\/types\/product"}],"wp:featuredmedia":[{"embeddable":true,"href":"https:\/\/secureus.se\/pl\/wp-json\/wp\/v2\/media\/147474"}],"wp:attachment":[{"href":"https:\/\/secureus.se\/pl\/wp-json\/wp\/v2\/media?parent=147476"}],"wp:term":[{"taxonomy":"product_brand","embeddable":true,"href":"https:\/\/secureus.se\/pl\/wp-json\/wp\/v2\/product_brand?post=147476"},{"taxonomy":"product_cat","embeddable":true,"href":"https:\/\/secureus.se\/pl\/wp-json\/wp\/v2\/product_cat?post=147476"},{"taxonomy":"product_tag","embeddable":true,"href":"https:\/\/secureus.se\/pl\/wp-json\/wp\/v2\/product_tag?post=147476"}],"curies":[{"name":"wp","href":"https:\/\/api.w.org\/{rel}","templated":true}]}}