{"id":147479,"date":"2023-09-26T13:08:12","date_gmt":"2023-09-26T11:08:12","guid":{"rendered":"https:\/\/secureus.se\/elslutbleck-step-28e-hoger-rattvand-24v-7mm-regel\/"},"modified":"2026-04-08T16:04:49","modified_gmt":"2026-04-08T14:04:49","slug":"elslutbleck-step-28e-hoger-rattvand-24v-7mm-regel","status":"publish","type":"product","link":"https:\/\/secureus.se\/pl\/elslutbleck-step-28e-hoger-rattvand-24v-7mm-regel\/","title":{"rendered":"Elektryczny zamek STEP 28E Prawy Prosty 24V 7mm Linia"},"content":{"rendered":"<h1>Elektryczny zamek STEP 28E Prawy Prosty 24V 7mm Linia<\/h1>\n<p>STEP 28E Secure to elektrozaczep z funkcj\u0105 prawostronn\u0105, przystosowany do drzwi prawoskrzyd\u0142owych i rygla Connect o \u015brednicy 7 mm.<\/p>\n<p>Wysoki poziom bezpiecze\u0144stwa, klasa ogniowa E\/EI60, styk t\u0142okowy i 5-metrowy kabel bezhalogenowy.<\/p>\n<p class=\"\" data-start=\"277\" data-end=\"676\">STEP 28E Secure to zaawansowany zamek elektryczny \u0142\u0105cz\u0105cy w sobie wysokie bezpiecze\u0144stwo z odporno\u015bci\u0105 ogniow\u0105 i funkcj\u0105 ewakuacyjn\u0105.<\/p>\n<p class=\"\" data-start=\"277\" data-end=\"676\">Jest on specjalnie zaprojektowany do drzwi z automatycznymi nap\u0119dami drzwiowymi lub klamkami i jest stosowany w po\u0142\u0105czeniu z zamkiem zasuwkowym lub zamkiem zasuwkowym.<\/p>\n<p class=\"\" data-start=\"277\" data-end=\"676\">Poniewa\u017c zatrzaski ci\u015bnieniowe utrzymuj\u0105 funkcj\u0119 zamykania drzwi, zawsze zapewnione jest bezpieczne trzymanie.<\/p>\n<p class=\"\" data-start=\"678\" data-end=\"968\">Wersja ta jest dostosowana do drzwi prawoskrzyd\u0142owych z t\u0142okiem 7 mm z serii Connect i posiada funkcj\u0119 prawostronn\u0105 - blokowan\u0105 w pozycji bez zasilania.<\/p>\n<p class=\"\" data-start=\"678\" data-end=\"968\">Posiada atest ognioodporno\u015bci E\/EI 60 i jest cz\u0119sto instalowany razem z zamkami ewakuacyjnymi zgodnymi z norm\u0105 SS-EN 179, w kt\u00f3rej okre\u015blono zar\u00f3wno wymagania bezpiecze\u0144stwa, jak i wymagania ewakuacyjne.<\/p>\n<p class=\"\" data-start=\"970\" data-end=\"1256\">Wbudowany styk t\u0142okowy i styk zapadki umo\u017cliwiaj\u0105 wyra\u017ane wskazanie stanu drzwi, co u\u0142atwia integracj\u0119 z systemami kontroli dost\u0119pu, automatyzacj\u0105 drzwi lub alarmami.<\/p>\n<p class=\"\" data-start=\"970\" data-end=\"1256\">Produkt jest zabezpieczony przed manipulacj\u0105, ma wbudowan\u0105 diod\u0119 zabezpieczaj\u0105c\u0105 i wytrzymuje nacisk ta\u015bmy do 500 kg oraz si\u0142\u0119 zrywaj\u0105c\u0105 ponad 15 kN.<\/p>\n<p class=\"\" data-start=\"1258\" data-end=\"1341\">W zestawie znajduje si\u0119 5-metrowy kabel bezhalogenowy, umo\u017cliwiaj\u0105cy \u0142atw\u0105 instalacj\u0119 w \u015brodowiskach profesjonalnych.<\/p>\n<p class=\"\" data-start=\"1343\" data-end=\"1371\"><strong data-start=\"1343\" data-end=\"1369\">Cechy i korzy\u015bci:<\/strong><\/p>\n<ul data-start=\"1372\" data-end=\"1715\">\n<li class=\"\" data-start=\"1372\" data-end=\"1419\">\n<p class=\"\" data-start=\"1374\" data-end=\"1419\">Do zamka steruj\u0105cego z t\u0142okiem 7 mm w serii Connect<\/p>\n<\/li>\n<li class=\"\" data-start=\"1420\" data-end=\"1459\">\n<p class=\"\" data-start=\"1422\" data-end=\"1459\">Prawid\u0142owa funkcja \u2013 zablokowana bez zasilania<\/p>\n<\/li>\n<li class=\"\" data-start=\"1460\" data-end=\"1492\">\n<p class=\"\" data-start=\"1462\" data-end=\"1492\">Ognioodporno\u015b\u0107 do E\/EI60<\/p>\n<\/li>\n<li class=\"\" data-start=\"1493\" data-end=\"1519\">\n<p class=\"\" data-start=\"1495\" data-end=\"1519\">Do drzwi prawych<\/p>\n<\/li>\n<li class=\"\" data-start=\"1520\" data-end=\"1575\">\n<p class=\"\" data-start=\"1522\" data-end=\"1575\">Styk t\u0142oka i zatrzasku do wskazywania stanu drzwi<\/p>\n<\/li>\n<li class=\"\" data-start=\"1576\" data-end=\"1606\">\n<p class=\"\" data-start=\"1578\" data-end=\"1606\">Wytrzymuje nacisk ta\u015bmy 500 kg<\/p>\n<\/li>\n<li class=\"\" data-start=\"1607\" data-end=\"1637\">\n<p class=\"\" data-start=\"1609\" data-end=\"1637\">Wytrzyma\u0142o\u015b\u0107 na zerwanie powy\u017cej 15 kN<\/p>\n<\/li>\n<li class=\"\" data-start=\"1638\" data-end=\"1669\">\n<p class=\"\" data-start=\"1640\" data-end=\"1669\">Dioda ochronna i zabezpieczenie przeciwprzepi\u0119ciowe<\/p>\n<\/li>\n<li class=\"\" data-start=\"1670\" data-end=\"1715\">\n<p class=\"\" data-start=\"1672\" data-end=\"1715\">W zestawie 5-metrowy kabel po\u0142\u0105czeniowy bezhalogenowy<\/p>\n<\/li>\n<\/ul>\n<p class=\"\" data-start=\"1717\" data-end=\"1928\"><strong data-start=\"1717\" data-end=\"1740\">Obszary zastosowania:<\/strong><br data-start=\"1740\" data-end=\"1743\" \/>Doskonale nadaj\u0105 si\u0119 do stosowania w obiektach u\u017cyteczno\u015bci publicznej, szko\u0142ach, plac\u00f3wkach s\u0142u\u017cby zdrowia i innych obiektach, w kt\u00f3rych wymagane jest po\u0142\u0105czenie wysokiego poziomu bezpiecze\u0144stwa, funkcji ewakuacyjnej i automatyzacji drzwi.<\/p>\n<p class=\"\" data-start=\"1930\" data-end=\"2339\"><strong data-start=\"1930\" data-end=\"1959\">Dane techniczne:<\/strong><br data-start=\"1959\" data-end=\"1962\" \/>Napi\u0119cie robocze: 24 V DC (21,6-27,6 V)<br data-start=\"1998\" data-end=\"2001\" \/>Pob\u00f3r pr\u0105du: 500 mA odblokowany<br data-start=\"2031\" data-end=\"2034\" \/>Kontakt t\u0142okowy: Tak, mikrowy\u0142\u0105cznik maks. 30V pr\u0105du sta\u0142ego \/ 1A<br data-start=\"2082\" data-end=\"2085\" \/>Wytrzyma\u0142o\u015b\u0107 na zerwanie: 1500 kg<br data-start=\"2109\" data-end=\"2112\" \/>Nacisk listwy: 500 kg<br data-start=\"2129\" data-end=\"2132\" \/>Typ zamka: Zamek zatrzaskowy, Zamek zatrzaskowy<br data-start=\"2161\" data-end=\"2164\" \/>Zawias drzwi: prawy<br data-start=\"2183\" data-end=\"2186\" data-is-only-node=\"\" \/>Podw\u00f3jny skr\u0119t drop: Tak<br data-start=\"2205\" data-end=\"2208\" \/>Kabel: 5 metr\u00f3w bezhalogenowy<br data-start=\"2233\" data-end=\"2236\" \/>Wymiary (szer. x g\u0142. x wys.): 35 x 40 x 230 mm<br data-start=\"2266\" data-end=\"2269\" \/>Kolor\/Wyko\u0144czenie: Stal nierdzewna<br data-start=\"2295\" data-end=\"2298\" \/>Oceniony produkt budowlany: Tak<br data-start=\"2316\" data-end=\"2319\" \/>SundaHouse oceni\u0142(a): Tak<\/p>","protected":false},"excerpt":{"rendered":"<p>Tutaj mo\u017cesz zobaczy\u0107, kt\u00f3re s\u0142upki i modele pasuj\u0105 do siebie z asortymentu elektrycznych ogranicznik\u00f3w drzwi STEP.<\/p>\n<h5><strong><a href=\"https:\/\/steplock.com\/sv\/stolpguide\/#!?lang=sv&amp;blog_id=1&amp;paged=1&amp;number=50\" target=\"_blank\" rel=\"noopener\">Przewodnik po STEP Post\u00a0<\/a><\/strong><\/h5>\n<h5><strong><a href=\"https:\/\/steplock.com\/sv\/projekteringsguide\/#!?lang=sv&amp;blog_id=1&amp;paged=1&amp;number=999\" target=\"_blank\" rel=\"noopener\">Przewodnik projektowy STEP<\/a><\/strong><\/h5>","protected":false},"featured_media":147477,"template":"","meta":{"_acf_changed":false},"product_brand":[],"product_cat":[3355],"product_tag":[4197,4200],"class_list":{"0":"post-147479","1":"product","2":"type-product","3":"status-publish","4":"has-post-thumbnail","6":"product_cat-elslutbleck","7":"product_tag-24v","8":"product_tag-rattvand","9":"product_shipping_class-tunga-paket","10":"pa_brands-step","11":"tm-no-options","13":"first","14":"onbackorder","15":"sale","16":"taxable","17":"shipping-taxable","18":"purchasable","19":"product-type-simple"},"acf":[],"_links":{"self":[{"href":"https:\/\/secureus.se\/pl\/wp-json\/wp\/v2\/product\/147479","targetHints":{"allow":["GET"]}}],"collection":[{"href":"https:\/\/secureus.se\/pl\/wp-json\/wp\/v2\/product"}],"about":[{"href":"https:\/\/secureus.se\/pl\/wp-json\/wp\/v2\/types\/product"}],"wp:featuredmedia":[{"embeddable":true,"href":"https:\/\/secureus.se\/pl\/wp-json\/wp\/v2\/media\/147477"}],"wp:attachment":[{"href":"https:\/\/secureus.se\/pl\/wp-json\/wp\/v2\/media?parent=147479"}],"wp:term":[{"taxonomy":"product_brand","embeddable":true,"href":"https:\/\/secureus.se\/pl\/wp-json\/wp\/v2\/product_brand?post=147479"},{"taxonomy":"product_cat","embeddable":true,"href":"https:\/\/secureus.se\/pl\/wp-json\/wp\/v2\/product_cat?post=147479"},{"taxonomy":"product_tag","embeddable":true,"href":"https:\/\/secureus.se\/pl\/wp-json\/wp\/v2\/product_tag?post=147479"}],"curies":[{"name":"wp","href":"https:\/\/api.w.org\/{rel}","templated":true}]}}