{"id":147484,"date":"2023-09-26T13:08:09","date_gmt":"2023-09-26T11:08:09","guid":{"rendered":"https:\/\/secureus.se\/elslutbleck-step-28e-vanster-rattvand-24v-7mm-regel\/"},"modified":"2026-04-08T16:06:04","modified_gmt":"2026-04-08T14:06:04","slug":"elslutbleck-step-28e-vanster-rattvand-24v-7mm-regel","status":"publish","type":"product","link":"https:\/\/secureus.se\/pl\/elslutbleck-step-28e-vanster-rattvand-24v-7mm-regel\/","title":{"rendered":"Elektryczny zamek STEP 28E Lewy Prawy 24V Linia 7mm"},"content":{"rendered":"<h1>Elektryczny zamek STEP 28E Lewy Prawy 24V Linia 7mm<\/h1>\n<p>KROK 28E Bezpieczny elektrozaczep z funkcj\u0105 prawostronn\u0105 do drzwi lewoskr\u0119tnych. Do \u015bruby Connect 7 mm, klasa ogniowa E\/EI60, styk t\u0142okowy i 5-metrowy kabel bezhalogenowy.<\/p>\n<p class=\"\" data-start=\"247\" data-end=\"625\">Elektrozaczep STEP 28E Secure to zaawansowany elektrozaczep \u0142\u0105cz\u0105cy w sobie wysokie bezpiecze\u0144stwo z funkcjonalno\u015bci\u0105 drzwi ewakuacyjnych i automatyzacj\u0105 drzwi.<\/p>\n<p class=\"\" data-start=\"247\" data-end=\"625\">Produkt nale\u017cy stosowa\u0107 w po\u0142\u0105czeniu z zamkiem zasuwkowym lub zamkiem zasuwkowym, w kt\u00f3rym zatrzask zapewnia, \u017ce drzwi pozostan\u0105 zawsze zamkni\u0119te.<\/p>\n<p class=\"\" data-start=\"247\" data-end=\"625\">Jest on specjalnie przystosowany do drzwi lewoskr\u0119tnych z ryglem 7 mm z serii Connect.<\/p>\n<p class=\"\" data-start=\"627\" data-end=\"896\">W przypadku funkcji dla prawor\u0119cznych, elektrozaczep blokuje si\u0119 w pozycji bezpr\u0105dowej, co gwarantuje wysoki poziom bezpiecze\u0144stwa przed w\u0142amaniem nawet w przypadku zaniku zasilania.<\/p>\n<p class=\"\" data-start=\"627\" data-end=\"896\">STEP 28E posiada atest zgodnie z klas\u0105 ogniow\u0105 E\/EI60 i jest cz\u0119sto instalowany razem z zamkami ewakuacyjnymi zgodnymi z norm\u0105 SS-EN 179 \u2013 jest to wym\u00f3g w wielu nowoczesnych \u015brodowiskach drzwiowych.<\/p>\n<p class=\"\" data-start=\"898\" data-end=\"1181\">Wbudowany styk t\u0142okowy i styk zapadki umo\u017cliwiaj\u0105 monitorowanie po\u0142o\u017cenia drzwi i stanu zamka, co u\u0142atwia integracj\u0119 z systemami kontroli dost\u0119pu i systemami alarmowymi.<\/p>\n<p class=\"\" data-start=\"898\" data-end=\"1181\">Produkt charakteryzuje si\u0119 wytrzyma\u0142o\u015bci\u0105 na zerwanie powy\u017cej 15 kN i wytrzymuje nacisk ta\u015bmy o warto\u015bci 500 kg zar\u00f3wno przy ruchu do przodu, jak i do ty\u0142u.<\/p>\n<p class=\"\" data-start=\"1183\" data-end=\"1332\">Zabezpieczenie przed uderzeniami, dioda zabezpieczaj\u0105ca i do\u0142\u0105czony 5-metrowy kabel bezhalogenowy sprawiaj\u0105, \u017ce STEP 28E Secure jest profesjonalnym wyborem w instalacjach wymagaj\u0105cych wysokiego poziomu bezpiecze\u0144stwa.<\/p>\n<p class=\"\" data-start=\"1334\" data-end=\"1362\"><strong data-start=\"1334\" data-end=\"1360\">Cechy i korzy\u015bci:<\/strong><\/p>\n<ul data-start=\"1363\" data-end=\"1682\">\n<li class=\"\" data-start=\"1363\" data-end=\"1398\">\n<p class=\"\" data-start=\"1365\" data-end=\"1398\">Do ko\u0142k\u00f3w 7 mm w serii Connect<\/p>\n<\/li>\n<li class=\"\" data-start=\"1399\" data-end=\"1438\">\n<p class=\"\" data-start=\"1401\" data-end=\"1438\">Prawid\u0142owa funkcja \u2013 zablokowana bez zasilania<\/p>\n<\/li>\n<li class=\"\" data-start=\"1439\" data-end=\"1460\">\n<p class=\"\" data-start=\"1441\" data-end=\"1460\">Drzwi z zawiasami po lewej stronie<\/p>\n<\/li>\n<li class=\"\" data-start=\"1461\" data-end=\"1493\">\n<p class=\"\" data-start=\"1463\" data-end=\"1493\">Ognioodporno\u015b\u0107 do E\/EI60<\/p>\n<\/li>\n<li class=\"\" data-start=\"1494\" data-end=\"1550\">\n<p class=\"\" data-start=\"1496\" data-end=\"1550\">Wbudowany t\u0142ok i styk zatrzaskowy do kontroli dost\u0119pu\/alarmu<\/p>\n<\/li>\n<li class=\"\" data-start=\"1551\" data-end=\"1581\">\n<p class=\"\" data-start=\"1553\" data-end=\"1581\">Wytrzymuje nacisk ta\u015bmy 500 kg<\/p>\n<\/li>\n<li class=\"\" data-start=\"1582\" data-end=\"1612\">\n<p class=\"\" data-start=\"1584\" data-end=\"1612\">Wytrzyma\u0142o\u015b\u0107 na zerwanie powy\u017cej 15 kN<\/p>\n<\/li>\n<li class=\"\" data-start=\"1613\" data-end=\"1647\">\n<p class=\"\" data-start=\"1615\" data-end=\"1647\">Odporne na uderzenia i z diod\u0105 zabezpieczaj\u0105c\u0105<\/p>\n<\/li>\n<li class=\"\" data-start=\"1648\" data-end=\"1682\">\n<p class=\"\" data-start=\"1650\" data-end=\"1682\">W zestawie 5-metrowy kabel bezhalogenowy<\/p>\n<\/li>\n<\/ul>\n<p class=\"\" data-start=\"1684\" data-end=\"1858\"><strong data-start=\"1684\" data-end=\"1707\">Obszary zastosowania:<\/strong><br data-start=\"1707\" data-end=\"1710\" \/>Idealne do zastosowa\u0144 w \u015brodowiskach takich jak szpitale, szko\u0142y, biura i budynki rz\u0105dowe, gdzie wymagane s\u0105 wymagania przeciwpo\u017carowe, funkcja ewakuacji i wysoka niezawodno\u015b\u0107 dzia\u0142ania.<\/p>\n<p class=\"\" data-start=\"1860\" data-end=\"2268\"><strong data-start=\"1860\" data-end=\"1889\">Dane techniczne:<\/strong><br data-start=\"1889\" data-end=\"1892\" \/>Napi\u0119cie robocze: 24 V DC (21,6-27,6 V)<br data-start=\"1928\" data-end=\"1931\" \/>Pob\u00f3r pr\u0105du: 500 mA odblokowany<br data-start=\"1961\" data-end=\"1964\" \/>Styk t\u0142oka: Mikrowy\u0142\u0105cznik, maks. 30V pr\u0105du sta\u0142ego \/ 1A<br data-start=\"2009\" data-end=\"2012\" \/>Zawias drzwi: Lewy<br data-start=\"2033\" data-end=\"2036\" \/>D\u0142ugo\u015b\u0107 kabla: 5 metr\u00f3w bezhalogenowy<br data-start=\"2066\" data-end=\"2069\" \/>Wytrzyma\u0142o\u015b\u0107 na zerwanie: 1500 kg<br data-start=\"2093\" data-end=\"2096\" \/>Nacisk listwy: 500 kg<br data-start=\"2113\" data-end=\"2116\" data-is-only-node=\"\" \/>Typ zamka: Zamek zatrzaskowy, Zamek zatrzaskowy<br data-start=\"2145\" data-end=\"2148\" \/>Podw\u00f3jny skr\u0119t drop: Tak<br data-start=\"2167\" data-end=\"2170\" \/>Wymiary (szer. x g\u0142. x wys.): 35 x 40 x 230 mm<br data-start=\"2200\" data-end=\"2203\" \/>Obr\u00f3bka powierzchni: Stal nierdzewna<br data-start=\"2224\" data-end=\"2227\" \/>Oceniony produkt budowlany: Tak<br data-start=\"2245\" data-end=\"2248\" \/>SundaHouse oceni\u0142(a): Tak<\/p>","protected":false},"excerpt":{"rendered":"<p>Tutaj mo\u017cesz zobaczy\u0107, kt\u00f3re s\u0142upki i modele pasuj\u0105 do siebie z asortymentu elektrycznych ogranicznik\u00f3w drzwi STEP.<\/p>\n<h5><strong><a href=\"https:\/\/steplock.com\/sv\/stolpguide\/#!?lang=sv&amp;blog_id=1&amp;paged=1&amp;number=50\" target=\"_blank\" rel=\"noopener\">Przewodnik po STEP Post\u00a0<\/a><\/strong><\/h5>\n<h5><strong><a href=\"https:\/\/steplock.com\/sv\/projekteringsguide\/#!?lang=sv&amp;blog_id=1&amp;paged=1&amp;number=999\" target=\"_blank\" rel=\"noopener\">Przewodnik projektowy STEP<\/a><\/strong><\/h5>","protected":false},"featured_media":147480,"template":"","meta":{"_acf_changed":false},"product_brand":[],"product_cat":[3355],"product_tag":[4197,4200],"class_list":{"0":"post-147484","1":"product","2":"type-product","3":"status-publish","4":"has-post-thumbnail","6":"product_cat-elslutbleck","7":"product_tag-24v","8":"product_tag-rattvand","9":"product_shipping_class-tunga-paket","10":"pa_brands-step","11":"tm-no-options","13":"first","14":"instock","15":"sale","16":"taxable","17":"shipping-taxable","18":"purchasable","19":"product-type-simple"},"acf":[],"_links":{"self":[{"href":"https:\/\/secureus.se\/pl\/wp-json\/wp\/v2\/product\/147484","targetHints":{"allow":["GET"]}}],"collection":[{"href":"https:\/\/secureus.se\/pl\/wp-json\/wp\/v2\/product"}],"about":[{"href":"https:\/\/secureus.se\/pl\/wp-json\/wp\/v2\/types\/product"}],"wp:featuredmedia":[{"embeddable":true,"href":"https:\/\/secureus.se\/pl\/wp-json\/wp\/v2\/media\/147480"}],"wp:attachment":[{"href":"https:\/\/secureus.se\/pl\/wp-json\/wp\/v2\/media?parent=147484"}],"wp:term":[{"taxonomy":"product_brand","embeddable":true,"href":"https:\/\/secureus.se\/pl\/wp-json\/wp\/v2\/product_brand?post=147484"},{"taxonomy":"product_cat","embeddable":true,"href":"https:\/\/secureus.se\/pl\/wp-json\/wp\/v2\/product_cat?post=147484"},{"taxonomy":"product_tag","embeddable":true,"href":"https:\/\/secureus.se\/pl\/wp-json\/wp\/v2\/product_tag?post=147484"}],"curies":[{"name":"wp","href":"https:\/\/api.w.org\/{rel}","templated":true}]}}