{"id":147711,"date":"2025-02-10T10:33:26","date_gmt":"2025-02-10T09:33:26","guid":{"rendered":"https:\/\/secureus.se\/mifare-desfire-4k-ev3-kort-1000p-2\/"},"modified":"2026-01-06T21:11:42","modified_gmt":"2026-01-06T20:11:42","slug":"mifare-desfire-4k-ev3-kort-1000p-2","status":"publish","type":"product","link":"https:\/\/secureus.se\/pl\/mifare-desfire-4k-ev3-kort-1000p-2\/","title":{"rendered":"Karta Mifare DESFire 4K NXP EV3 \u2013 (opakowanie 1000 sztuk)"},"content":{"rendered":"<h1>Karta Mifare DESFire 4K NXP EV3 - Bezdotykowy RFID<\/h1>\n<p><span style=\"text-decoration: underline\"><strong>Produkt ten jest dost\u0119pny w paczkach po 1000 kart w wyj\u0105tkowo niskiej cenie.<\/strong><\/span><\/p>\n<p>Karty Mifare DESFire 4K NXP EV3 oferuj\u0105 bezpieczne i wydajne rozwi\u0105zanie do bezdotykowego przechowywania i przesy\u0142ania danych. Wyposa\u017cone w oryginalny chip NXP i pojemno\u015b\u0107 pami\u0119ci 4 KB, karty te doskonale nadaj\u0105 si\u0119 do r\u00f3\u017cnych zastosowa\u0144, takich jak zarz\u0105dzanie to\u017csamo\u015bci\u0105, kontrola dost\u0119pu i mikrop\u0142atno\u015bci.<\/p>\n<p>Karty maj\u0105 standardowy rozmiar CR80 (86 mm x 54 mm), dzi\u0119ki czemu s\u0105 \u0142atwe w u\u017cyciu i integracji z istniej\u0105cymi systemami. Pracuj\u0105 na cz\u0119stotliwo\u015bci 13,56 MHz, co gwarantuje szybk\u0105 i bezpieczn\u0105 komunikacj\u0119. Niezale\u017cnie od tego, czy zarz\u0105dzasz aktywami w budynku, czy dokonujesz p\u0142atno\u015bci, karty Mifare DESFire 4K oferuj\u0105 niezawodne i elastyczne rozwi\u0105zanie.<\/p>\n<p>Ka\u017cde opakowanie zawiera 100 kart, co czyni je op\u0142acaln\u0105 opcj\u0105 zar\u00f3wno dla ma\u0142ych, jak i du\u017cych firm, kt\u00f3re potrzebuj\u0105 wysokiego bezpiecze\u0144stwa i \u0142atwo\u015bci obs\u0142ugi w swoich systemach.<\/p>\n<p><strong>Funkcje i zalety<\/strong>:<\/p>\n<ul>\n<li>Karty zbli\u017ceniowe z oryginalnym chipem NXP<\/li>\n<li>Pojemno\u015b\u0107 pami\u0119ci 4 KB do obszernego przechowywania<\/li>\n<li>Standardowy rozmiar CR80 dla \u0142atwo\u015bci u\u017cytkowania<\/li>\n<li>Dzia\u0142a z cz\u0119stotliwo\u015bci\u0105 13,56 MHz, zapewniaj\u0105c szybk\u0105 komunikacj\u0119<\/li>\n<li>Idealny do identyfikacji, kontroli dost\u0119pu i mikrop\u0142atno\u015bci<\/li>\n<\/ul>\n<p><strong>Specyfikacja techniczna<\/strong>:<\/p>\n<ul>\n<li><strong>Pojemno\u015b\u0107 pami\u0119ci<\/strong>: 4 KB<\/li>\n<li><strong>Cz\u0119stotliwo\u015b\u0107<\/strong>: 13,56 MHz<\/li>\n<li><strong>Rozmiar<\/strong>: Standardowy CR80 (86 mm x 54 mm)<\/li>\n<li><strong>Waga (opakowanie)<\/strong>: 2500 gram\u00f3w<\/li>\n<\/ul>","protected":false},"excerpt":{"rendered":"<p>Karta Mifare DESFire 4K NXP EV3 \u2013 RFID bezkontaktowy Produkt dostarczany jest w paczkach po 1000 kart w wyj\u0105tkowo niskiej cenie. Karty Mifare DESFire 4K NXP EV3 zapewniaj\u0105 bezpieczne i<\/p>","protected":false},"featured_media":147710,"template":"","meta":{"_acf_changed":false},"product_brand":[],"product_cat":[4233],"product_tag":[3143,3077,2958],"class_list":{"0":"post-147711","1":"product","2":"type-product","3":"status-publish","4":"has-post-thumbnail","6":"product_cat-rfid-kort-desfire","7":"product_tag-desfire-ev3-4k","8":"product_tag-rfid-desfire","9":"product_tag-stonehouse-produkt","10":"pa_brands-stonehouse-security","11":"pa_farg-vit","12":"pa_plastkort-teknik-desfire","13":"tm-has-options","15":"first","16":"onbackorder","17":"sale","18":"taxable","19":"shipping-taxable","20":"purchasable","21":"product-type-simple"},"acf":[],"_links":{"self":[{"href":"https:\/\/secureus.se\/pl\/wp-json\/wp\/v2\/product\/147711","targetHints":{"allow":["GET"]}}],"collection":[{"href":"https:\/\/secureus.se\/pl\/wp-json\/wp\/v2\/product"}],"about":[{"href":"https:\/\/secureus.se\/pl\/wp-json\/wp\/v2\/types\/product"}],"wp:featuredmedia":[{"embeddable":true,"href":"https:\/\/secureus.se\/pl\/wp-json\/wp\/v2\/media\/147710"}],"wp:attachment":[{"href":"https:\/\/secureus.se\/pl\/wp-json\/wp\/v2\/media?parent=147711"}],"wp:term":[{"taxonomy":"product_brand","embeddable":true,"href":"https:\/\/secureus.se\/pl\/wp-json\/wp\/v2\/product_brand?post=147711"},{"taxonomy":"product_cat","embeddable":true,"href":"https:\/\/secureus.se\/pl\/wp-json\/wp\/v2\/product_cat?post=147711"},{"taxonomy":"product_tag","embeddable":true,"href":"https:\/\/secureus.se\/pl\/wp-json\/wp\/v2\/product_tag?post=147711"}],"curies":[{"name":"wp","href":"https:\/\/api.w.org\/{rel}","templated":true}]}}