{"id":147751,"date":"2025-02-11T13:27:30","date_gmt":"2025-02-11T12:27:30","guid":{"rendered":"https:\/\/secureus.se\/kodlas-v44duo\/"},"modified":"2026-04-23T10:19:36","modified_gmt":"2026-04-23T08:19:36","slug":"kodlas-v44duo","status":"publish","type":"product","link":"https:\/\/secureus.se\/pl\/kodlas-v44duo\/","title":{"rendered":"ZAMEK SZYFROWY V44DUO"},"content":{"rendered":"<h1 data-start=\"227\" data-end=\"777\">ZAMEK SZYFROWY V44DUO to wszechstronny i \u0142atwy w programowaniu zamek szyfrowy, umo\u017cliwiaj\u0105cy sterowanie dwoma drzwiami za pomoc\u0105 jednej klawiatury.<\/h1>\n<p data-start=\"227\" data-end=\"777\">Ka\u017cdy kod mo\u017cna zaprogramowa\u0107 tak, aby otwiera\u0142 jeden lub oba przeka\u017aniki.<\/p>\n<p data-start=\"227\" data-end=\"777\">Dla zwi\u0119kszenia bezpiecze\u0144stwa posiada funkcj\u0119 blokady, co oznacza, \u017ce drzwi 2 nie mog\u0105 zosta\u0107 otwarte, dop\u00f3ki drzwi 1 nie zostan\u0105 zamkni\u0119te.<\/p>\n<p data-start=\"227\" data-end=\"777\">Dost\u0119pne s\u0105 r\u00f3wnie\u017c opcje sterowania drzwiami i wyj\u015bcia alarmowego z regulowanym czasem ostrze\u017cenia, a tak\u017ce zintegrowana funkcja dzwonka do drzwi.<\/p>\n<p data-start=\"227\" data-end=\"777\">Kody mog\u0105 by\u0107 sterowane czasowo za pomoc\u0105 dw\u00f3ch wej\u015b\u0107 zewn\u0119trznych, a system mo\u017cna skonfigurowa\u0107 do pracy w ci\u0105gu dnia.<\/p>\n<p data-start=\"779\" data-end=\"1208\">Dzi\u0119ki stopniowi ochrony IP54 i wykonaniu z odlewu metalowego z przyciskami ze stali nierdzewnej, V44DUO nadaje si\u0119 do u\u017cytku zar\u00f3wno wewn\u0105trz, jak i na zewn\u0105trz, przy temperaturze pracy od -35\u00b0C do +55\u00b0C.<\/p>\n<p data-start=\"779\" data-end=\"1208\">W przypadku monta\u017cu na zewn\u0105trz, w miejscach nara\u017conych na dzia\u0142anie deszczu, zaleca si\u0119 stosowanie os\u0142on przeciwdeszczowych, np. SH1 lub SH2.<\/p>\n<p data-start=\"779\" data-end=\"1208\">Ten zamek szyfrowy jest szczeg\u00f3lnie przydatny w rozwi\u0105zaniach zabezpieczaj\u0105cych, w kt\u00f3rych trzeba kontrolowa\u0107 wiele drzwi, a zarz\u0105dzanie kodami jest wymagane dla \u0142atwego i bezpiecznego u\u017cytkowania.<\/p>\n<p data-start=\"1210\" data-end=\"1239\"><strong data-start=\"1210\" data-end=\"1239\">Dane techniczne:<\/strong><\/p>\n<ul data-start=\"1240\" data-end=\"1739\">\n<li data-start=\"1256\" data-end=\"1282\"><strong data-start=\"1258\" data-end=\"1277\">Klasa ochrony:<\/strong> IP54<\/li>\n<li data-start=\"1283\" data-end=\"1352\"><strong data-start=\"1285\" data-end=\"1306\">Materia\u0142 obudowy:<\/strong> Odlew metalowy, przyciski ze stali nierdzewnej, blokada bezpiecze\u0144stwa<\/li>\n<li data-start=\"1353\" data-end=\"1372\"><strong data-start=\"1355\" data-end=\"1364\">Waga:<\/strong> 0,75kg<\/li>\n<li data-start=\"1373\" data-end=\"1426\"><strong data-start=\"1375\" data-end=\"1385\">\u015arodowisko:<\/strong> Do u\u017cytku wewn\u0105trz i na zewn\u0105trz (konstrukcja IP54)<\/li>\n<li data-start=\"1427\" data-end=\"1466\"><strong data-start=\"1429\" data-end=\"1450\">Temperatura pracy:<\/strong> -35 do +55\u00b0C<\/li>\n<li data-start=\"1467\" data-end=\"1529\"><strong data-start=\"1469\" data-end=\"1486\">Pojemno\u015b\u0107 kodu:<\/strong> 20 kod\u00f3w czterocyfrowych, 10 kod\u00f3w sze\u015bciocyfrowych<\/li>\n<li data-start=\"1530\" data-end=\"1547\"><strong data-start=\"1532\" data-end=\"1543\">Drzwi:<\/strong> Dwa<\/li>\n<li data-start=\"1548\" data-end=\"1595\"><strong data-start=\"1550\" data-end=\"1566\">Godziny otwarcia:<\/strong> 1-99 sekund, programowalne<\/li>\n<li data-start=\"1596\" data-end=\"1646\"><strong data-start=\"1598\" data-end=\"1611\">Wyj\u015bcia:<\/strong> Dwa styki przeka\u017anika, maks. 2 A, 28 VDC<\/li>\n<li data-start=\"1647\" data-end=\"1688\"><strong data-start=\"1649\" data-end=\"1670\">Pob\u00f3r mocy:<\/strong> 75 mA w trybie czuwania<\/li>\n<li data-start=\"1689\" data-end=\"1739\"><strong data-start=\"1691\" data-end=\"1709\">Napi\u0119cie robocze:<\/strong> 10 do 35 V DC, 8 do 24 V AC<\/li>\n<\/ul>\n<p data-start=\"1741\" data-end=\"1835\">","protected":false},"excerpt":{"rendered":"<p data-start=\"25\" data-end=\"225\">ZAMEK SZYFROWY V44DUO to programowalny zamek szyfrowy z dwoma przeka\u017anikami, umo\u017cliwiaj\u0105cy sterowanie dwoma drzwiami z tej samej klawiatury.<\/p>\n<p data-start=\"25\" data-end=\"225\">Wbudowana funkcja blokady i kontroli drzwi sprawiaj\u0105, \u017ce jest to rozwi\u0105zanie elastyczne i bezpieczne.<\/p>\n<p data-start=\"227\" data-end=\"777\">","protected":false},"featured_media":147750,"template":"","meta":{"_acf_changed":false},"product_brand":[],"product_cat":[1481],"product_tag":[],"class_list":{"0":"post-147751","1":"product","2":"type-product","3":"status-publish","4":"has-post-thumbnail","6":"product_cat-kodlas-kodlas","7":"pa_brands-6vanderbilt","8":"tm-no-options","10":"first","11":"instock","12":"sale","13":"taxable","14":"shipping-taxable","15":"purchasable","16":"product-type-simple"},"acf":[],"_links":{"self":[{"href":"https:\/\/secureus.se\/pl\/wp-json\/wp\/v2\/product\/147751","targetHints":{"allow":["GET"]}}],"collection":[{"href":"https:\/\/secureus.se\/pl\/wp-json\/wp\/v2\/product"}],"about":[{"href":"https:\/\/secureus.se\/pl\/wp-json\/wp\/v2\/types\/product"}],"wp:featuredmedia":[{"embeddable":true,"href":"https:\/\/secureus.se\/pl\/wp-json\/wp\/v2\/media\/147750"}],"wp:attachment":[{"href":"https:\/\/secureus.se\/pl\/wp-json\/wp\/v2\/media?parent=147751"}],"wp:term":[{"taxonomy":"product_brand","embeddable":true,"href":"https:\/\/secureus.se\/pl\/wp-json\/wp\/v2\/product_brand?post=147751"},{"taxonomy":"product_cat","embeddable":true,"href":"https:\/\/secureus.se\/pl\/wp-json\/wp\/v2\/product_cat?post=147751"},{"taxonomy":"product_tag","embeddable":true,"href":"https:\/\/secureus.se\/pl\/wp-json\/wp\/v2\/product_tag?post=147751"}],"curies":[{"name":"wp","href":"https:\/\/api.w.org\/{rel}","templated":true}]}}