{"id":147753,"date":"2025-02-11T13:27:34","date_gmt":"2025-02-11T12:27:34","guid":{"rendered":"https:\/\/secureus.se\/kodlas-22cl-svart\/"},"modified":"2026-04-23T10:19:36","modified_gmt":"2026-04-23T08:19:36","slug":"kodlas-22cl-svart","status":"publish","type":"product","link":"https:\/\/secureus.se\/pl\/kodlas-22cl-svart\/","title":{"rendered":"ZAMEK SZYFROWY 22CL CZARNY"},"content":{"rendered":"<h1 data-start=\"0\" data-end=\"62\">ZAMEK SZYFROWY 22CL CZARNY \u2013 ELASTYCZNY I BEZPIECZNY ZAMEK SZYFROWY DO DRZWI<\/h1>\n<p data-start=\"64\" data-end=\"469\">Dzi\u0119ki trwa\u0142ej konstrukcji i klasie ochrony IP54 zamek szyfrowy mo\u017ce by\u0107 stosowany zar\u00f3wno wewn\u0105trz, jak i na zewn\u0105trz, co czyni go elastycznym rozwi\u0105zaniem dla r\u00f3\u017cnych \u015brodowisk.<\/p>\n<p data-start=\"471\" data-end=\"782\">Zamek szyfrowy wyposa\u017cony jest w przyciski o wyra\u017anym odczuciu si\u0142y nacisku i niebieskim pod\u015bwietleniu, dzi\u0119ki czemu jest \u0142atwy w u\u017cyciu nawet w ciemnych miejscach.<\/p>\n<p data-start=\"471\" data-end=\"782\">Po pod\u0142\u0105czeniu do elektrozaczepu ze stykiem t\u0142okowym drzwi zostaj\u0105 automatycznie zablokowane po zamkni\u0119ciu, dzi\u0119ki wbudowanej funkcji awaryjnego wy\u0142\u0105czania wyj\u015bcia przeka\u017anika drzwi.<\/p>\n<h3 data-start=\"784\" data-end=\"800\">Charakterystyka<\/h3>\n<ul data-start=\"802\" data-end=\"1636\">\n<li data-start=\"802\" data-end=\"923\"><strong data-start=\"804\" data-end=\"826\">Obszar zastosowania:<\/strong> Nadaje si\u0119 do pomieszcze\u0144 o ograniczonych wymaganiach bezpiecze\u0144stwa, takich jak pomieszczenia magazynowe, wej\u015bcia i cz\u0119\u015bci wsp\u00f3lne.<\/li>\n<li data-start=\"924\" data-end=\"1021\"><strong data-start=\"926\" data-end=\"954\">Zastosowanie wewn\u0105trz i na zewn\u0105trz:<\/strong> Konstrukcja o stopniu ochrony IP54 odporna na kurz i zachlapanie wod\u0105.<\/li>\n<li data-start=\"1022\" data-end=\"1131\"><strong data-start=\"1024\" data-end=\"1047\">Automatyczne blokowanie:<\/strong> Je\u017celi pod\u0142\u0105czony jest elektrozaczep ze stykiem t\u0142okowym, drzwi zostan\u0105 natychmiast zablokowane po zamkni\u0119ciu.<\/li>\n<li data-start=\"1132\" data-end=\"1224\"><strong data-start=\"1134\" data-end=\"1154\">Pod\u015bwietlane przyciski:<\/strong> Cyfry maj\u0105 niebieski odcie\u0144, dzi\u0119ki czemu s\u0105 dobrze widoczne nawet w ciemnym otoczeniu.<\/li>\n<li data-start=\"1225\" data-end=\"1304\"><strong data-start=\"1227\" data-end=\"1251\">\u0141atwe programowanie:<\/strong> Ustawienia mo\u017cna zmienia\u0107 bezpo\u015brednio za pomoc\u0105 klawiatury.<\/li>\n<li data-start=\"1305\" data-end=\"1389\"><strong data-start=\"1307\" data-end=\"1330\">Bezpieczne zarz\u0105dzanie kodem:<\/strong> Mo\u017cliwo\u015b\u0107 wyboru has\u0142a 4- lub 6-cyfrowego.<\/li>\n<li data-start=\"1390\" data-end=\"1511\"><strong data-start=\"1392\" data-end=\"1415\">Niezale\u017cna pami\u0119\u0107 kodu:<\/strong> Zachowuje zaprogramowane kody nawet podczas przerw w dostawie pr\u0105du, umo\u017cliwiaj\u0105c zasilanie za pomoc\u0105 timera.<\/li>\n<li data-start=\"1512\" data-end=\"1636\"><strong data-start=\"1514\" data-end=\"1535\">Funkcja przeka\u017anika AUX:<\/strong> Mo\u017ce sterowa\u0107 dodatkowymi drzwiami za pomoc\u0105 w\u0142asnego lub wsp\u00f3\u0142dzielonego kodu, a tak\u017ce s\u0142u\u017cy\u0107 jako wyj\u015bcie alarmu paniki.<\/li>\n<\/ul>\n<h3 data-start=\"1638\" data-end=\"1654\">Funkcje<\/h3>\n<p data-start=\"1656\" data-end=\"2046\">Zamek kodowy ma przeka\u017anik AUX, kt\u00f3ry mo\u017ce s\u0142u\u017cy\u0107 do sterowania drugimi drzwiami za pomoc\u0105 w\u0142asnego kodu lub wsp\u00f3lnego kodu dla obu drzwi. Funkcj\u0119 t\u0119 mo\u017cna \u0142atwo ustawi\u0107 podczas programowania kod\u00f3w i dostosowa\u0107 j\u0105 zale\u017cnie od potrzeb.<\/p>\n<p data-start=\"1656\" data-end=\"2046\">Przeka\u017anik AUX mo\u017cna r\u00f3wnie\u017c skonfigurowa\u0107 tak, aby prze\u0142\u0105cza\u0142 si\u0119 mi\u0119dzy pozycjami zablokowan\u0105 i odblokowan\u0105 przy u\u017cyciu okre\u015blonego kodu, dzi\u0119ki czemu drzwi pozostan\u0105 otwarte do momentu ponownego wprowadzenia kodu.<\/p>\n<p data-start=\"2048\" data-end=\"2350\">Je\u015bli potrzebne jest dodatkowe zabezpieczenie, wyj\u015bcie AUX mo\u017cna wykorzysta\u0107 jako wyj\u015bcie alarmu panikowego. Oznacza to, \u017ce je\u015bli pierwsza cyfra kodu zostanie podniesiona, przeka\u017anik AUX zostanie aktywowany w tym samym czasie, co zwyk\u0142y przeka\u017anik drzwi.<\/p>\n<p data-start=\"2048\" data-end=\"2350\">Funkcja ta umo\u017cliwia pod\u0142\u0105czenie zamka szyfrowego do nadajnika alarmowego w celu zapewnienia dodatkowego bezpiecze\u0144stwa.<\/p>\n<h3 data-start=\"2352\" data-end=\"2382\">Specyfikacje techniczne<\/h3>\n<ul data-start=\"2384\" data-end=\"2562\">\n<li data-start=\"2384\" data-end=\"2423\"><strong data-start=\"2386\" data-end=\"2407\">Napi\u0119cie zasilania:<\/strong> 12-24 V AC\/DC<\/li>\n<li data-start=\"2424\" data-end=\"2459\"><strong data-start=\"2426\" data-end=\"2451\">Maksymalny pob\u00f3r mocy:<\/strong> 85mA<\/li>\n<li data-start=\"2460\" data-end=\"2519\"><strong data-start=\"2462\" data-end=\"2506\">Wyj\u015bcie, napi\u0119cie lub zamkni\u0119cie przeka\u017anika swobodnego:<\/strong> Maksymalnie 24 V\/1 A<\/li>\n<li data-start=\"2520\" data-end=\"2539\"><strong data-start=\"2522\" data-end=\"2531\">Farba:<\/strong> Czarny<\/li>\n<li data-start=\"2540\" data-end=\"2562\"><strong data-start=\"2542\" data-end=\"2555\">Klasa IP:<\/strong> IP54<\/li>\n<\/ul>\n<h3 data-start=\"2564\" data-end=\"2588\">Obszary zastosowa\u0144<\/h3>\n<p data-start=\"2590\" data-end=\"2816\">Zamek kodowy 22CL idealnie nadaje si\u0119 do instalacji, w kt\u00f3rych wymagana jest prosta i bezpieczna kontrola dost\u0119pu. System ten nadaje si\u0119 do budynk\u00f3w mieszkalnych, lokali u\u017cytkowych, magazyn\u00f3w i innych obiekt\u00f3w, w kt\u00f3rych wymagana jest niezawodna i p\u0142ynna kontrola dost\u0119pu.<\/p>\n<p data-start=\"2818\" data-end=\"2950\" data-is-last-node=\"\">Dzi\u0119ki solidnej konstrukcji, inteligentnym funkcjom i \u0142atwo\u015bci u\u017cytkowania zamek szyfrowy 22CL jest doskona\u0142ym rozwi\u0105zaniem do stosowania zar\u00f3wno wewn\u0105trz, jak i na zewn\u0105trz.<\/p>","protected":false},"excerpt":{"rendered":"<p>22CL to kompaktowy i uniwersalny zamek szyfrowy, \u0142atwy w monta\u017cu i przyjazny dla u\u017cytkownika.<\/p>\n<p>Przeznaczony jest do kontrolowania dost\u0119pu do pomieszcze\u0144, w kt\u00f3rych nie jest wymagany najwy\u017cszy poziom bezpiecze\u0144stwa, takich jak szatnie, wewn\u0119trzne pomieszczenia magazynowe i wej\u015bcia do budynk\u00f3w mieszkalnych.<\/p>","protected":false},"featured_media":147752,"template":"","meta":{"_acf_changed":false},"product_brand":[],"product_cat":[1481],"product_tag":[],"class_list":{"0":"post-147753","1":"product","2":"type-product","3":"status-publish","4":"has-post-thumbnail","6":"product_cat-kodlas-kodlas","7":"product_shipping_class-tunga-paket","8":"pa_brands-abloy","9":"pa_farg-svart","10":"tm-no-options","12":"first","13":"instock","14":"sale","15":"taxable","16":"shipping-taxable","17":"purchasable","18":"product-type-simple"},"acf":[],"_links":{"self":[{"href":"https:\/\/secureus.se\/pl\/wp-json\/wp\/v2\/product\/147753","targetHints":{"allow":["GET"]}}],"collection":[{"href":"https:\/\/secureus.se\/pl\/wp-json\/wp\/v2\/product"}],"about":[{"href":"https:\/\/secureus.se\/pl\/wp-json\/wp\/v2\/types\/product"}],"wp:featuredmedia":[{"embeddable":true,"href":"https:\/\/secureus.se\/pl\/wp-json\/wp\/v2\/media\/147752"}],"wp:attachment":[{"href":"https:\/\/secureus.se\/pl\/wp-json\/wp\/v2\/media?parent=147753"}],"wp:term":[{"taxonomy":"product_brand","embeddable":true,"href":"https:\/\/secureus.se\/pl\/wp-json\/wp\/v2\/product_brand?post=147753"},{"taxonomy":"product_cat","embeddable":true,"href":"https:\/\/secureus.se\/pl\/wp-json\/wp\/v2\/product_cat?post=147753"},{"taxonomy":"product_tag","embeddable":true,"href":"https:\/\/secureus.se\/pl\/wp-json\/wp\/v2\/product_tag?post=147753"}],"curies":[{"name":"wp","href":"https:\/\/api.w.org\/{rel}","templated":true}]}}