{"id":147755,"date":"2025-02-11T13:27:27","date_gmt":"2025-02-11T12:27:27","guid":{"rendered":"https:\/\/secureus.se\/beror-fri-lasare-pp500em\/"},"modified":"2026-03-26T11:08:14","modified_gmt":"2026-03-26T10:08:14","slug":"beror-fri-lasare-pp500em","status":"publish","type":"product","link":"https:\/\/secureus.se\/pl\/beror-fri-lasare-pp500em\/","title":{"rendered":"CZYTNIK BEZDOTYKOWY PP500EM"},"content":{"rendered":"<h1 data-start=\"481\" data-end=\"1024\">PP500EM to wysokiej jako\u015bci, niewielki czytnik kart bezstykowych, przeznaczony do paneli sterowania drzwiami Bewator Entro DC12, DC22 i Entro Lite DC800.<\/h1>\n<p data-start=\"481\" data-end=\"1024\">Posiada pod\u015bwietlan\u0105 klawiatur\u0119, dzi\u0119ki czemu korzystanie z niego jest \u0142atwe nawet w warunkach s\u0142abego o\u015bwietlenia.<\/p>\n<p data-start=\"481\" data-end=\"1024\">Dzi\u0119ki obudowie z szarego metalu, przyciskom ze stali nierdzewnej i blokadzie bezpiecze\u0144stwa jest on trwa\u0142y i bezpieczny.<\/p>\n<p data-start=\"481\" data-end=\"1024\">D\u0142ugo\u015b\u0107, szeroko\u015b\u0107 i g\u0142\u0119boko\u015b\u0107 jednostki wynosz\u0105 80 x 140 x 40 mm, co u\u0142atwia monta\u017c zar\u00f3wno wewn\u0105trz, jak i na zewn\u0105trz, dzi\u0119ki klasie ochrony IP54 zapewniaj\u0105cej odporno\u015b\u0107 na warunki atmosferyczne.<\/p>\n<p data-start=\"1026\" data-end=\"1419\">Odleg\u0142o\u015b\u0107 odczytu wynosz\u0105ca oko\u0142o 3 cm sprawia, \u017ce system idealnie nadaje si\u0119 do stosowania z kartami pasywnymi. Pod\u0142\u0105czenie do systemu mo\u017cliwe jest zar\u00f3wno przez port Clock\/Data, jak i BCLINK w Entro Lite DC800.<\/p>\n<p data-start=\"1026\" data-end=\"1419\">Zasilanie pr\u0105dem sta\u0142ym o napi\u0119ciu od 12 do 24 V u\u0142atwia instalacj\u0119, poniewa\u017c urz\u0105dzenie jest zasilane z jednostki drzwiowej.<\/p>\n<p data-start=\"1026\" data-end=\"1419\">Do monta\u017cu natynkowego zaleca si\u0119 u\u017cycie os\u0142ony ochronnej SH1 lub SH2, natomiast do monta\u017cu wpuszczanego mo\u017cna zastosowa\u0107 puszk\u0119 podtynkow\u0105 BB3.<\/p>\n<p data-start=\"1421\" data-end=\"1451\"><strong data-start=\"1421\" data-end=\"1449\">Funkcje i zalety:<\/strong><\/p>\n<ul data-start=\"1452\" data-end=\"1630\">\n<li data-start=\"1452\" data-end=\"1505\">Kompatybilny z panelami sterowania drzwiami Entro i Entro Lite<\/li>\n<li data-start=\"1506\" data-end=\"1550\">\u0141atwy w u\u017cyciu dzi\u0119ki pod\u015bwietlanej klawiaturze<\/li>\n<li data-start=\"1551\" data-end=\"1593\">W\u0142a\u015bciwo\u015bci wytrzyma\u0142e i odporne na warunki atmosferyczne<\/li>\n<li data-start=\"1594\" data-end=\"1630\">Bezpieczna i niezawodna kontrola dost\u0119pu<\/li>\n<\/ul>\n<p data-start=\"1637\" data-end=\"1668\"><strong data-start=\"1637\" data-end=\"1666\">Dane techniczne:<\/strong><\/p>\n<ul data-start=\"1669\" data-end=\"2138\">\n<li data-start=\"1669\" data-end=\"1743\">Interfejs: Zegar\/Dane (Entro DC12\/22) lub BCLINK (Entro Lite DC800)<\/li>\n<li data-start=\"1744\" data-end=\"1811\">Obudowa: Odlew metalowy, przyciski ze stali nierdzewnej, blokada bezpiecze\u0144stwa<\/li>\n<li data-start=\"1812\" data-end=\"1825\">Kolor: Szary<\/li>\n<li data-start=\"1826\" data-end=\"1860\">\u015arodowisko: Do u\u017cytku wewn\u0105trz\/na zewn\u0105trz<\/li>\n<li data-start=\"1861\" data-end=\"1877\">Klasa IP: 54<\/li>\n<li data-start=\"1878\" data-end=\"1908\">Temperatura: -30 do +50\u00b0C<\/li>\n<li data-start=\"1909\" data-end=\"1970\">Zasilanie: 12 do 24 VDC (z jednostki centralnej\/drzwiowej)<\/li>\n<li data-start=\"1971\" data-end=\"1998\">Pob\u00f3r pr\u0105du: 60 mA<\/li>\n<li data-start=\"1999\" data-end=\"2044\">Wymiary (szer. x wys. x g\u0142.): 80 x 140 x 40 mm<\/li>\n<li data-start=\"2045\" data-end=\"2085\">Odleg\u0142o\u015b\u0107 odczytu: oko\u0142o 3 cm w przypadku kart pasywnych<\/li>\n<li data-start=\"2086\" data-end=\"2138\">Wej\u015bcia: styk sabota\u017cowy do alarmu wewn\u0119trznego\/zewn\u0119trznego<\/li>\n<\/ul>","protected":false},"excerpt":{"rendered":"<p>PP500EM to ma\u0142y i wytrzyma\u0142y czytnik kart bezstykowych, kt\u00f3ry jest kompatybilny z panelami sterowania drzwiami Bewator Entro DC12 i DC22, a tak\u017ce Bewator Entro Lite DC800.<\/p>\n<p>Dzi\u0119ki pod\u015bwietlanej klawiaturze i szarej metalowej obudowie urz\u0105dzenie doskonale nadaje si\u0119 do stosowania zar\u00f3wno wewn\u0105trz, jak i na zewn\u0105trz.<\/p>\n<p>Odporny na zamykanie i trwa\u0142y (stopie\u0144 ochrony IP54) jest niezawodnym wyborem w zakresie bezpiecznej kontroli dost\u0119pu.<\/p>","protected":false},"featured_media":147754,"template":"","meta":{"_acf_changed":false},"product_brand":[],"product_cat":[1481],"product_tag":[],"class_list":{"0":"post-147755","1":"product","2":"type-product","3":"status-publish","4":"has-post-thumbnail","6":"product_cat-kodlas-kodlas","7":"product_shipping_class-tunga-paket","8":"pa_brands-6vanderbilt","9":"pa_farg-gra","10":"tm-no-options","12":"first","13":"instock","14":"sale","15":"taxable","16":"shipping-taxable","17":"purchasable","18":"product-type-simple"},"acf":[],"_links":{"self":[{"href":"https:\/\/secureus.se\/pl\/wp-json\/wp\/v2\/product\/147755","targetHints":{"allow":["GET"]}}],"collection":[{"href":"https:\/\/secureus.se\/pl\/wp-json\/wp\/v2\/product"}],"about":[{"href":"https:\/\/secureus.se\/pl\/wp-json\/wp\/v2\/types\/product"}],"wp:featuredmedia":[{"embeddable":true,"href":"https:\/\/secureus.se\/pl\/wp-json\/wp\/v2\/media\/147754"}],"wp:attachment":[{"href":"https:\/\/secureus.se\/pl\/wp-json\/wp\/v2\/media?parent=147755"}],"wp:term":[{"taxonomy":"product_brand","embeddable":true,"href":"https:\/\/secureus.se\/pl\/wp-json\/wp\/v2\/product_brand?post=147755"},{"taxonomy":"product_cat","embeddable":true,"href":"https:\/\/secureus.se\/pl\/wp-json\/wp\/v2\/product_cat?post=147755"},{"taxonomy":"product_tag","embeddable":true,"href":"https:\/\/secureus.se\/pl\/wp-json\/wp\/v2\/product_tag?post=147755"}],"curies":[{"name":"wp","href":"https:\/\/api.w.org\/{rel}","templated":true}]}}