{"id":147757,"date":"2025-02-11T13:27:27","date_gmt":"2025-02-11T12:27:27","guid":{"rendered":"https:\/\/secureus.se\/kodlas-v42\/"},"modified":"2026-04-23T10:19:48","modified_gmt":"2026-04-23T08:19:48","slug":"kodlas-v42","status":"publish","type":"product","link":"https:\/\/secureus.se\/pl\/kodlas-v42\/","title":{"rendered":"Zamek szyfrowy V42"},"content":{"rendered":"<h1 data-start=\"529\" data-end=\"935\">Zamek szyfrowy V42 to jeden z najch\u0119tniej kupowanych na \u015bwiecie zamk\u00f3w szyfrowych i niezawodne rozwi\u0105zanie zapewniaj\u0105ce bezpieczn\u0105 kontrol\u0119 dost\u0119pu.<\/h1>\n<p data-start=\"529\" data-end=\"935\">Stylowy i nowoczesny design sprawia, \u017ce urz\u0105dzenie nadaje si\u0119 do u\u017cytku zar\u00f3wno wewn\u0105trz, jak i na zewn\u0105trz, a solidna konstrukcja gwarantuje odporno\u015b\u0107 na trudne warunki atmosferyczne, dzi\u0119ki ochronie IP54.<\/p>\n<p data-start=\"529\" data-end=\"935\">Zamek kodowy posiada pod\u015bwietlan\u0105 klawiatur\u0119, dzi\u0119ki czemu mo\u017cna go \u0142atwo u\u017cywa\u0107 nawet w ciemno\u015bci.<\/p>\n<p data-start=\"937\" data-end=\"1227\">Zamek oferuje dwa 4-cyfrowe kody, co pozwala r\u00f3\u017cnym u\u017cytkownikom, takim jak rzemie\u015blnicy, zarz\u0105dcy nieruchomo\u015bci lub listonosze, u\u017cywa\u0107 zamka za pomoc\u0105 w\u0142asnych kod\u00f3w.<\/p>\n<p data-start=\"937\" data-end=\"1227\">P\u00f3\u0142sekundowe op\u00f3\u017anienie sprawia, \u017ce odgadni\u0119cie prawid\u0142owego kodu jest praktycznie niemo\u017cliwe, co zwi\u0119ksza bezpiecze\u0144stwo.<\/p>\n<p data-start=\"1229\" data-end=\"1582\">Zamek szyfrowy V42 zaprojektowano z my\u015bl\u0105 o \u0142atwej instalacji i u\u017cytkowaniu.<\/p>\n<p data-start=\"1229\" data-end=\"1582\">Zasilany jest pr\u0105dem przemiennym\/sta\u0142ym o napi\u0119ciu od 12 do 24 V, a pob\u00f3r pr\u0105du w stanie spoczynku wynosi zaledwie 8 mA.<\/p>\n<p data-start=\"1229\" data-end=\"1582\">Posiada r\u00f3wnie\u017c funkcj\u0119 zdalnego otwierania z op\u00f3\u017anieniem i dwa oddzielne wej\u015bcia do sterowania czasowego kodami.<\/p>\n<p data-start=\"1229\" data-end=\"1582\">Przeka\u017anik prze\u0142\u0105czny o maksymalnym nat\u0119\u017ceniu pr\u0105du 1 A i napi\u0119ciu wyj\u015bciowym 28 V DC sprawia, \u017ce mo\u017cna go elastycznie stosowa\u0107 w r\u00f3\u017cnych typach instalacji.<\/p>\n<p data-start=\"1584\" data-end=\"1614\"><strong data-start=\"1584\" data-end=\"1612\">Funkcje i zalety:<\/strong><\/p>\n<ul data-start=\"1615\" data-end=\"1834\">\n<li data-start=\"1615\" data-end=\"1663\">Dwa 4-cyfrowe kody do elastycznego u\u017cytkowania<\/li>\n<li data-start=\"1664\" data-end=\"1697\">Op\u00f3\u017anienie w celu zwi\u0119kszenia bezpiecze\u0144stwa<\/li>\n<li data-start=\"1698\" data-end=\"1748\">Pod\u015bwietlana klawiatura u\u0142atwiaj\u0105ca u\u017cytkowanie<\/li>\n<li data-start=\"1749\" data-end=\"1798\">Solidna i odporna na warunki atmosferyczne konstrukcja (IP54)<\/li>\n<li data-start=\"1799\" data-end=\"1834\">\u0141atwa instalacja i u\u017cytkowanie<\/li>\n<\/ul>\n<p data-start=\"1841\" data-end=\"1872\"><strong data-start=\"1841\" data-end=\"1870\">Dane techniczne:<\/strong><\/p>\n<ul data-start=\"1873\" data-end=\"2378\">\n<li data-start=\"1873\" data-end=\"1909\">Napi\u0119cie robocze: 12 do 24 VAC\/DC<\/li>\n<li data-start=\"1910\" data-end=\"1943\">Pob\u00f3r mocy: 8 mA w stanie spoczynku<\/li>\n<li data-start=\"1944\" data-end=\"2026\">Wej\u015bcia: Zdalne otwieranie z op\u00f3\u017anieniem, dwa wej\u015bcia do sterowania czasowego kodami<\/li>\n<li data-start=\"2027\" data-end=\"2071\">Wyj\u015bcia: Przeka\u017anik prze\u0142\u0105czaj\u0105cy (maks. 1A, 28V DC)<\/li>\n<li data-start=\"2072\" data-end=\"2102\">Czas otwarcia: 1\u201330 sekund<\/li>\n<li data-start=\"2103\" data-end=\"2141\">Pojemno\u015b\u0107 kodu: Dwa kody 4-cyfrowe<\/li>\n<li data-start=\"2142\" data-end=\"2177\">\u015arodowisko: Do u\u017cytku wewn\u0105trz i na zewn\u0105trz<\/li>\n<li data-start=\"2178\" data-end=\"2202\">Klasa obudowy: IP54<\/li>\n<li data-start=\"2203\" data-end=\"2265\">Obudowa: Odlew metalowy, przyciski ze stali nierdzewnej i blokada bezpiecze\u0144stwa<\/li>\n<li data-start=\"2266\" data-end=\"2279\">Kolor: Szary<\/li>\n<li data-start=\"2280\" data-end=\"2325\">Wymiary (szer. x wys. x g\u0142.): 80 x 140 x 40 mm<\/li>\n<li data-start=\"2326\" data-end=\"2343\">Waga: 0,72 kg<\/li>\n<li data-start=\"2344\" data-end=\"2378\">Temperatura pracy: -35 do +55\u00b0C<\/li>\n<\/ul>","protected":false},"excerpt":{"rendered":"<p>Zamek szyfrowy V42 to kompaktowy i wytrzyma\u0142y zamek szyfrowy o nowoczesnym wzornictwie, idealny do u\u017cytku na zewn\u0105trz.<\/p>\n<p>Dzi\u0119ki dw\u00f3m 4-cyfrowym kodom mo\u017ce by\u0107 u\u017cywany przez r\u00f3\u017cne osoby, np. rzemie\u015blnik\u00f3w lub listonoszy.<\/p>\n<p>Pod\u015bwietlana klawiatura i wbudowane p\u00f3\u0142sekundowe op\u00f3\u017anienie sprawiaj\u0105, \u017ce jest to urz\u0105dzenie bezpieczne i \u0142atwe w obs\u0142udze.<\/p>\n<p>Posiada klas\u0119 ochrony IP54 i jest odporny na trudne warunki \u015brodowiskowe, dzi\u0119ki czemu idealnie nadaje si\u0119 do instalacji zar\u00f3wno wewn\u0105trz, jak i na zewn\u0105trz.<\/p>","protected":false},"featured_media":147756,"template":"","meta":{"_acf_changed":false},"product_brand":[],"product_cat":[1481],"product_tag":[],"class_list":{"0":"post-147757","1":"product","2":"type-product","3":"status-publish","4":"has-post-thumbnail","6":"product_cat-kodlas-kodlas","7":"pa_brands-6vanderbilt","8":"pa_farg-gra","9":"tm-no-options","11":"first","12":"instock","13":"sale","14":"taxable","15":"shipping-taxable","16":"purchasable","17":"product-type-simple"},"acf":[],"_links":{"self":[{"href":"https:\/\/secureus.se\/pl\/wp-json\/wp\/v2\/product\/147757","targetHints":{"allow":["GET"]}}],"collection":[{"href":"https:\/\/secureus.se\/pl\/wp-json\/wp\/v2\/product"}],"about":[{"href":"https:\/\/secureus.se\/pl\/wp-json\/wp\/v2\/types\/product"}],"wp:featuredmedia":[{"embeddable":true,"href":"https:\/\/secureus.se\/pl\/wp-json\/wp\/v2\/media\/147756"}],"wp:attachment":[{"href":"https:\/\/secureus.se\/pl\/wp-json\/wp\/v2\/media?parent=147757"}],"wp:term":[{"taxonomy":"product_brand","embeddable":true,"href":"https:\/\/secureus.se\/pl\/wp-json\/wp\/v2\/product_brand?post=147757"},{"taxonomy":"product_cat","embeddable":true,"href":"https:\/\/secureus.se\/pl\/wp-json\/wp\/v2\/product_cat?post=147757"},{"taxonomy":"product_tag","embeddable":true,"href":"https:\/\/secureus.se\/pl\/wp-json\/wp\/v2\/product_tag?post=147757"}],"curies":[{"name":"wp","href":"https:\/\/api.w.org\/{rel}","templated":true}]}}